{"id":42419,"date":"2023-06-14T11:12:34","date_gmt":"2023-06-14T09:12:34","guid":{"rendered":"https:\/\/aritco.kumpan.dev\/forarchitects\/"},"modified":"2025-06-12T13:15:26","modified_gmt":"2025-06-12T11:15:26","slug":"forarkitekter","status":"publish","type":"page","link":"https:\/\/www.aritco.com\/sv\/forarkitekter\/","title":{"rendered":"F\u00f6r arkitekter"},"content":{"rendered":"","protected":false},"excerpt":{"rendered":"","protected":false},"author":12,"featured_media":58910,"parent":0,"menu_order":0,"comment_status":"closed","ping_status":"closed","template":"","meta":{"_acf_changed":false,"footnotes":""},"class_list":["post-42419","page","type-page","status-publish","has-post-thumbnail","hentry"],"acf":[],"yoast_head":"<!-- This site is optimized with the Yoast SEO Premium plugin v26.6 (Yoast SEO v26.6) - https:\/\/yoast.com\/wordpress\/plugins\/seo\/ -->\n<title>F\u00f6r arkitekter - Aritco<\/title>\n<meta name=\"description\" content=\"Kontakta oss om du har fr\u00e5gor eller beh\u00f6ver hj\u00e4lp med din hiss. Aritco-teamet svarar snart p\u00e5 dina fr\u00e5gor!\" \/>\n<meta name=\"robots\" content=\"index, follow, max-snippet:-1, max-image-preview:large, max-video-preview:-1\" \/>\n<link rel=\"canonical\" href=\"https:\/\/www.aritco.com\/sv\/forarkitekter\/\" \/>\n<meta property=\"og:locale\" content=\"sv_SE\" \/>\n<meta property=\"og:type\" content=\"article\" \/>\n<meta property=\"og:title\" content=\"For Architects - Aritco\" \/>\n<meta property=\"og:description\" content=\"Reach out if you have questions for us or need assistance regarding your elevator. The Aritco team will repsond swiftly to your queries!\" \/>\n<meta property=\"og:url\" content=\"https:\/\/www.aritco.com\/sv\/forarkitekter\/\" \/>\n<meta property=\"og:site_name\" content=\"Aritco\" \/>\n<meta property=\"article:modified_time\" content=\"2025-06-12T11:15:26+00:00\" \/>\n<meta property=\"og:image\" content=\"https:\/\/www.aritco.com\/wp-content\/uploads\/2025\/02\/LiftGuide-configurator.jpg\" \/>\n\t<meta property=\"og:image:width\" content=\"1400\" \/>\n\t<meta property=\"og:image:height\" content=\"933\" \/>\n\t<meta property=\"og:image:type\" content=\"image\/jpeg\" \/>\n<meta name=\"twitter:card\" content=\"summary_large_image\" \/>\n<meta name=\"twitter:title\" content=\"For Architects - Aritco\" \/>\n<meta name=\"twitter:description\" content=\"Reach out if you have questions for us or need assistance regarding your elevator. The Aritco team will repsond swiftly to your queries!\" \/>\n<meta name=\"twitter:image\" content=\"https:\/\/www.aritco.com\/wp-content\/uploads\/2025\/02\/LiftGuide-configurator.jpg\" \/>\n<meta name=\"twitter:label1\" content=\"Ber\u00e4knad l\u00e4stid\" \/>\n\t<meta name=\"twitter:data1\" content=\"1 minut\" \/>\n<script type=\"application\/ld+json\" class=\"yoast-schema-graph\">{\"@context\":\"https:\/\/schema.org\",\"@graph\":[{\"@type\":\"WebPage\",\"@id\":\"https:\/\/www.aritco.com\/sv\/forarkitekter\/\",\"url\":\"https:\/\/www.aritco.com\/sv\/forarkitekter\/\",\"name\":\"F\u00f6r arkitekter - Aritco\",\"isPartOf\":{\"@id\":\"https:\/\/www.aritco.com\/sv\/#website\"},\"primaryImageOfPage\":{\"@id\":\"https:\/\/www.aritco.com\/sv\/forarkitekter\/#primaryimage\"},\"image\":{\"@id\":\"https:\/\/www.aritco.com\/sv\/forarkitekter\/#primaryimage\"},\"thumbnailUrl\":\"https:\/\/www.aritco.com\/wp-content\/uploads\/2025\/02\/LiftGuide-configurator.jpg\",\"datePublished\":\"2023-06-14T09:12:34+00:00\",\"dateModified\":\"2025-06-12T11:15:26+00:00\",\"description\":\"Kontakta oss om du har fr\u00e5gor eller beh\u00f6ver hj\u00e4lp med din hiss. Aritco-teamet svarar snart p\u00e5 dina fr\u00e5gor!\",\"inLanguage\":\"sv-SE\",\"potentialAction\":[{\"@type\":\"ReadAction\",\"target\":[\"https:\/\/www.aritco.com\/sv\/forarkitekter\/\"]}]},{\"@type\":\"ImageObject\",\"inLanguage\":\"sv-SE\",\"@id\":\"https:\/\/www.aritco.com\/sv\/forarkitekter\/#primaryimage\",\"url\":\"https:\/\/www.aritco.com\/wp-content\/uploads\/2025\/02\/LiftGuide-configurator.jpg\",\"contentUrl\":\"https:\/\/www.aritco.com\/wp-content\/uploads\/2025\/02\/LiftGuide-configurator.jpg\",\"width\":1400,\"height\":933},{\"@type\":\"WebSite\",\"@id\":\"https:\/\/www.aritco.com\/sv\/#website\",\"url\":\"https:\/\/www.aritco.com\/sv\/\",\"name\":\"Aritco\",\"description\":\"Award-winning lifts for homes and public and commercial use\",\"publisher\":{\"@id\":\"https:\/\/www.aritco.com\/sv\/#organization\"},\"potentialAction\":[{\"@type\":\"SearchAction\",\"target\":{\"@type\":\"EntryPoint\",\"urlTemplate\":\"https:\/\/www.aritco.com\/sv\/?s={search_term_string}\"},\"query-input\":{\"@type\":\"PropertyValueSpecification\",\"valueRequired\":true,\"valueName\":\"search_term_string\"}}],\"inLanguage\":\"sv-SE\"},{\"@type\":\"Organization\",\"@id\":\"https:\/\/www.aritco.com\/sv\/#organization\",\"name\":\"Aritco\",\"url\":\"https:\/\/www.aritco.com\/sv\/\",\"logo\":{\"@type\":\"ImageObject\",\"inLanguage\":\"sv-SE\",\"@id\":\"https:\/\/www.aritco.com\/sv\/#\/schema\/logo\/image\/\",\"url\":\"https:\/\/www.aritco.com\/wp-content\/uploads\/2019\/05\/vertical-3.svg\",\"contentUrl\":\"https:\/\/www.aritco.com\/wp-content\/uploads\/2019\/05\/vertical-3.svg\",\"width\":1,\"height\":1,\"caption\":\"Aritco\"},\"image\":{\"@id\":\"https:\/\/www.aritco.com\/sv\/#\/schema\/logo\/image\/\"},\"publishingPrinciples\":\"https:\/\/www.aritco.com\/about-aritco\/\"}]}<\/script>\n<!-- \/ Yoast SEO Premium plugin. -->","yoast_head_json":{"title":"F\u00f6r arkitekter - Aritco","description":"Kontakta oss om du har fr\u00e5gor eller beh\u00f6ver hj\u00e4lp med din hiss. Aritco-teamet svarar snart p\u00e5 dina fr\u00e5gor!","robots":{"index":"index","follow":"follow","max-snippet":"max-snippet:-1","max-image-preview":"max-image-preview:large","max-video-preview":"max-video-preview:-1"},"canonical":"https:\/\/www.aritco.com\/sv\/forarkitekter\/","og_locale":"sv_SE","og_type":"article","og_title":"For Architects - Aritco","og_description":"Reach out if you have questions for us or need assistance regarding your elevator. The Aritco team will repsond swiftly to your queries!","og_url":"https:\/\/www.aritco.com\/sv\/forarkitekter\/","og_site_name":"Aritco","article_modified_time":"2025-06-12T11:15:26+00:00","og_image":[{"width":1400,"height":933,"url":"https:\/\/www.aritco.com\/wp-content\/uploads\/2025\/02\/LiftGuide-configurator.jpg","type":"image\/jpeg"}],"twitter_card":"summary_large_image","twitter_title":"For Architects - Aritco","twitter_description":"Reach out if you have questions for us or need assistance regarding your elevator. The Aritco team will repsond swiftly to your queries!","twitter_image":"https:\/\/www.aritco.com\/wp-content\/uploads\/2025\/02\/LiftGuide-configurator.jpg","twitter_misc":{"Ber\u00e4knad l\u00e4stid":"1 minut"},"schema":{"@context":"https:\/\/schema.org","@graph":[{"@type":"WebPage","@id":"https:\/\/www.aritco.com\/sv\/forarkitekter\/","url":"https:\/\/www.aritco.com\/sv\/forarkitekter\/","name":"F\u00f6r arkitekter - Aritco","isPartOf":{"@id":"https:\/\/www.aritco.com\/sv\/#website"},"primaryImageOfPage":{"@id":"https:\/\/www.aritco.com\/sv\/forarkitekter\/#primaryimage"},"image":{"@id":"https:\/\/www.aritco.com\/sv\/forarkitekter\/#primaryimage"},"thumbnailUrl":"https:\/\/www.aritco.com\/wp-content\/uploads\/2025\/02\/LiftGuide-configurator.jpg","datePublished":"2023-06-14T09:12:34+00:00","dateModified":"2025-06-12T11:15:26+00:00","description":"Kontakta oss om du har fr\u00e5gor eller beh\u00f6ver hj\u00e4lp med din hiss. Aritco-teamet svarar snart p\u00e5 dina fr\u00e5gor!","inLanguage":"sv-SE","potentialAction":[{"@type":"ReadAction","target":["https:\/\/www.aritco.com\/sv\/forarkitekter\/"]}]},{"@type":"ImageObject","inLanguage":"sv-SE","@id":"https:\/\/www.aritco.com\/sv\/forarkitekter\/#primaryimage","url":"https:\/\/www.aritco.com\/wp-content\/uploads\/2025\/02\/LiftGuide-configurator.jpg","contentUrl":"https:\/\/www.aritco.com\/wp-content\/uploads\/2025\/02\/LiftGuide-configurator.jpg","width":1400,"height":933},{"@type":"WebSite","@id":"https:\/\/www.aritco.com\/sv\/#website","url":"https:\/\/www.aritco.com\/sv\/","name":"Aritco","description":"Award-winning lifts for homes and public and commercial use","publisher":{"@id":"https:\/\/www.aritco.com\/sv\/#organization"},"potentialAction":[{"@type":"SearchAction","target":{"@type":"EntryPoint","urlTemplate":"https:\/\/www.aritco.com\/sv\/?s={search_term_string}"},"query-input":{"@type":"PropertyValueSpecification","valueRequired":true,"valueName":"search_term_string"}}],"inLanguage":"sv-SE"},{"@type":"Organization","@id":"https:\/\/www.aritco.com\/sv\/#organization","name":"Aritco","url":"https:\/\/www.aritco.com\/sv\/","logo":{"@type":"ImageObject","inLanguage":"sv-SE","@id":"https:\/\/www.aritco.com\/sv\/#\/schema\/logo\/image\/","url":"https:\/\/www.aritco.com\/wp-content\/uploads\/2019\/05\/vertical-3.svg","contentUrl":"https:\/\/www.aritco.com\/wp-content\/uploads\/2019\/05\/vertical-3.svg","width":1,"height":1,"caption":"Aritco"},"image":{"@id":"https:\/\/www.aritco.com\/sv\/#\/schema\/logo\/image\/"},"publishingPrinciples":"https:\/\/www.aritco.com\/about-aritco\/"}]}},"_links":{"self":[{"href":"https:\/\/www.aritco.com\/sv\/wp-json\/wp\/v2\/pages\/42419","targetHints":{"allow":["GET"]}}],"collection":[{"href":"https:\/\/www.aritco.com\/sv\/wp-json\/wp\/v2\/pages"}],"about":[{"href":"https:\/\/www.aritco.com\/sv\/wp-json\/wp\/v2\/types\/page"}],"author":[{"embeddable":true,"href":"https:\/\/www.aritco.com\/sv\/wp-json\/wp\/v2\/users\/12"}],"replies":[{"embeddable":true,"href":"https:\/\/www.aritco.com\/sv\/wp-json\/wp\/v2\/comments?post=42419"}],"version-history":[{"count":12,"href":"https:\/\/www.aritco.com\/sv\/wp-json\/wp\/v2\/pages\/42419\/revisions"}],"predecessor-version":[{"id":60893,"href":"https:\/\/www.aritco.com\/sv\/wp-json\/wp\/v2\/pages\/42419\/revisions\/60893"}],"wp:featuredmedia":[{"embeddable":true,"href":"https:\/\/www.aritco.com\/sv\/wp-json\/wp\/v2\/media\/58910"}],"wp:attachment":[{"href":"https:\/\/www.aritco.com\/sv\/wp-json\/wp\/v2\/media?parent=42419"}],"curies":[{"name":"wp","href":"https:\/\/api.w.org\/{rel}","templated":true}]}}