{"id":27483,"date":"2021-02-18T09:14:09","date_gmt":"2021-02-18T08:14:09","guid":{"rendered":"https:\/\/aritco.kumpan.dev\/ongoingupcoming\/talks\/"},"modified":"2025-08-20T15:48:41","modified_gmt":"2025-08-20T13:48:41","slug":"talks","status":"publish","type":"page","link":"https:\/\/www.aritco.com\/sv\/talks\/","title":{"rendered":"Aritco Talks"},"content":{"rendered":"","protected":false},"excerpt":{"rendered":"","protected":false},"author":12,"featured_media":12397,"parent":0,"menu_order":0,"comment_status":"closed","ping_status":"closed","template":"","meta":{"_acf_changed":false,"footnotes":""},"class_list":["post-27483","page","type-page","status-publish","has-post-thumbnail","hentry"],"acf":[],"yoast_head":"<!-- This site is optimized with the Yoast SEO Premium plugin v26.6 (Yoast SEO v26.6) - https:\/\/yoast.com\/wordpress\/plugins\/seo\/ -->\n<title>Talks | Arkitektur- och designsamtal | Presenterat av Aritco Lifts<\/title>\n<meta name=\"description\" content=\"Tillsammans med intressanta intressenter s\u00e4tter vi fokus p\u00e5 hur teknik och design f\u00f6r\u00e4ndrar v\u00e5ra framtida levnadss\u00e4tt. Se v\u00e5ra senaste f\u00f6redrag h\u00e4r.\" \/>\n<meta name=\"robots\" content=\"index, follow, max-snippet:-1, max-image-preview:large, max-video-preview:-1\" \/>\n<link rel=\"canonical\" href=\"https:\/\/www.aritco.com\/sv\/talks\/\" \/>\n<meta property=\"og:locale\" content=\"sv_SE\" \/>\n<meta property=\"og:type\" content=\"article\" \/>\n<meta property=\"og:title\" content=\"Talks | Arkitektur- och designsamtal | Presenterat av Aritco Lifts\" \/>\n<meta property=\"og:description\" content=\"Tillsammans med intressanta intressenter s\u00e4tter vi fokus p\u00e5 hur teknik och design f\u00f6r\u00e4ndrar v\u00e5ra framtida levnadss\u00e4tt. Se v\u00e5ra senaste f\u00f6redrag h\u00e4r.\" \/>\n<meta property=\"og:url\" content=\"https:\/\/www.aritco.com\/sv\/talks\/\" \/>\n<meta property=\"og:site_name\" content=\"Aritco\" \/>\n<meta property=\"article:modified_time\" content=\"2025-08-20T13:48:41+00:00\" \/>\n<meta name=\"twitter:card\" content=\"summary_large_image\" \/>\n<meta name=\"twitter:title\" content=\"Talks | Architecture and design talks | Presented by Aritco Lifts\" \/>\n<meta name=\"twitter:description\" content=\"Together with interesting speakers we put the spotlight on how technology and design are changing our future ways of living. Watch our recent talks here.\" \/>\n<meta name=\"twitter:label1\" content=\"Ber\u00e4knad l\u00e4stid\" \/>\n\t<meta name=\"twitter:data1\" content=\"1 minut\" \/>\n<script type=\"application\/ld+json\" class=\"yoast-schema-graph\">{\"@context\":\"https:\/\/schema.org\",\"@graph\":[{\"@type\":\"WebPage\",\"@id\":\"https:\/\/www.aritco.com\/sv\/talks\/\",\"url\":\"https:\/\/www.aritco.com\/sv\/talks\/\",\"name\":\"Talks | Arkitektur- och designsamtal | Presenterat av Aritco Lifts\",\"isPartOf\":{\"@id\":\"https:\/\/www.aritco.com\/sv\/#website\"},\"primaryImageOfPage\":{\"@id\":\"https:\/\/www.aritco.com\/sv\/talks\/#primaryimage\"},\"image\":{\"@id\":\"https:\/\/www.aritco.com\/sv\/talks\/#primaryimage\"},\"thumbnailUrl\":\"https:\/\/www.aritco.com\/wp-content\/uploads\/2021\/01\/iStock-930055472.jpg\",\"datePublished\":\"2021-02-18T08:14:09+00:00\",\"dateModified\":\"2025-08-20T13:48:41+00:00\",\"description\":\"Tillsammans med intressanta intressenter s\u00e4tter vi fokus p\u00e5 hur teknik och design f\u00f6r\u00e4ndrar v\u00e5ra framtida levnadss\u00e4tt. Se v\u00e5ra senaste f\u00f6redrag h\u00e4r.\",\"inLanguage\":\"sv-SE\",\"potentialAction\":[{\"@type\":\"ReadAction\",\"target\":[\"https:\/\/www.aritco.com\/sv\/talks\/\"]}]},{\"@type\":\"ImageObject\",\"inLanguage\":\"sv-SE\",\"@id\":\"https:\/\/www.aritco.com\/sv\/talks\/#primaryimage\",\"url\":\"https:\/\/www.aritco.com\/wp-content\/uploads\/2021\/01\/iStock-930055472.jpg\",\"contentUrl\":\"https:\/\/www.aritco.com\/wp-content\/uploads\/2021\/01\/iStock-930055472.jpg\",\"width\":2048,\"height\":1367,\"caption\":\"Television camera at a press conference\"},{\"@type\":\"WebSite\",\"@id\":\"https:\/\/www.aritco.com\/sv\/#website\",\"url\":\"https:\/\/www.aritco.com\/sv\/\",\"name\":\"Aritco\",\"description\":\"Award-winning lifts for homes and public and commercial use\",\"publisher\":{\"@id\":\"https:\/\/www.aritco.com\/sv\/#organization\"},\"potentialAction\":[{\"@type\":\"SearchAction\",\"target\":{\"@type\":\"EntryPoint\",\"urlTemplate\":\"https:\/\/www.aritco.com\/sv\/?s={search_term_string}\"},\"query-input\":{\"@type\":\"PropertyValueSpecification\",\"valueRequired\":true,\"valueName\":\"search_term_string\"}}],\"inLanguage\":\"sv-SE\"},{\"@type\":\"Organization\",\"@id\":\"https:\/\/www.aritco.com\/sv\/#organization\",\"name\":\"Aritco\",\"url\":\"https:\/\/www.aritco.com\/sv\/\",\"logo\":{\"@type\":\"ImageObject\",\"inLanguage\":\"sv-SE\",\"@id\":\"https:\/\/www.aritco.com\/sv\/#\/schema\/logo\/image\/\",\"url\":\"https:\/\/www.aritco.com\/wp-content\/uploads\/2019\/05\/vertical-3.svg\",\"contentUrl\":\"https:\/\/www.aritco.com\/wp-content\/uploads\/2019\/05\/vertical-3.svg\",\"width\":1,\"height\":1,\"caption\":\"Aritco\"},\"image\":{\"@id\":\"https:\/\/www.aritco.com\/sv\/#\/schema\/logo\/image\/\"},\"publishingPrinciples\":\"https:\/\/www.aritco.com\/about-aritco\/\"}]}<\/script>\n<!-- \/ Yoast SEO Premium plugin. -->","yoast_head_json":{"title":"Talks | Arkitektur- och designsamtal | Presenterat av Aritco Lifts","description":"Tillsammans med intressanta intressenter s\u00e4tter vi fokus p\u00e5 hur teknik och design f\u00f6r\u00e4ndrar v\u00e5ra framtida levnadss\u00e4tt. Se v\u00e5ra senaste f\u00f6redrag h\u00e4r.","robots":{"index":"index","follow":"follow","max-snippet":"max-snippet:-1","max-image-preview":"max-image-preview:large","max-video-preview":"max-video-preview:-1"},"canonical":"https:\/\/www.aritco.com\/sv\/talks\/","og_locale":"sv_SE","og_type":"article","og_title":"Talks | Arkitektur- och designsamtal | Presenterat av Aritco Lifts","og_description":"Tillsammans med intressanta intressenter s\u00e4tter vi fokus p\u00e5 hur teknik och design f\u00f6r\u00e4ndrar v\u00e5ra framtida levnadss\u00e4tt. Se v\u00e5ra senaste f\u00f6redrag h\u00e4r.","og_url":"https:\/\/www.aritco.com\/sv\/talks\/","og_site_name":"Aritco","article_modified_time":"2025-08-20T13:48:41+00:00","twitter_card":"summary_large_image","twitter_title":"Talks | Architecture and design talks | Presented by Aritco Lifts","twitter_description":"Together with interesting speakers we put the spotlight on how technology and design are changing our future ways of living. Watch our recent talks here.","twitter_misc":{"Ber\u00e4knad l\u00e4stid":"1 minut"},"schema":{"@context":"https:\/\/schema.org","@graph":[{"@type":"WebPage","@id":"https:\/\/www.aritco.com\/sv\/talks\/","url":"https:\/\/www.aritco.com\/sv\/talks\/","name":"Talks | Arkitektur- och designsamtal | Presenterat av Aritco Lifts","isPartOf":{"@id":"https:\/\/www.aritco.com\/sv\/#website"},"primaryImageOfPage":{"@id":"https:\/\/www.aritco.com\/sv\/talks\/#primaryimage"},"image":{"@id":"https:\/\/www.aritco.com\/sv\/talks\/#primaryimage"},"thumbnailUrl":"https:\/\/www.aritco.com\/wp-content\/uploads\/2021\/01\/iStock-930055472.jpg","datePublished":"2021-02-18T08:14:09+00:00","dateModified":"2025-08-20T13:48:41+00:00","description":"Tillsammans med intressanta intressenter s\u00e4tter vi fokus p\u00e5 hur teknik och design f\u00f6r\u00e4ndrar v\u00e5ra framtida levnadss\u00e4tt. Se v\u00e5ra senaste f\u00f6redrag h\u00e4r.","inLanguage":"sv-SE","potentialAction":[{"@type":"ReadAction","target":["https:\/\/www.aritco.com\/sv\/talks\/"]}]},{"@type":"ImageObject","inLanguage":"sv-SE","@id":"https:\/\/www.aritco.com\/sv\/talks\/#primaryimage","url":"https:\/\/www.aritco.com\/wp-content\/uploads\/2021\/01\/iStock-930055472.jpg","contentUrl":"https:\/\/www.aritco.com\/wp-content\/uploads\/2021\/01\/iStock-930055472.jpg","width":2048,"height":1367,"caption":"Television camera at a press conference"},{"@type":"WebSite","@id":"https:\/\/www.aritco.com\/sv\/#website","url":"https:\/\/www.aritco.com\/sv\/","name":"Aritco","description":"Award-winning lifts for homes and public and commercial use","publisher":{"@id":"https:\/\/www.aritco.com\/sv\/#organization"},"potentialAction":[{"@type":"SearchAction","target":{"@type":"EntryPoint","urlTemplate":"https:\/\/www.aritco.com\/sv\/?s={search_term_string}"},"query-input":{"@type":"PropertyValueSpecification","valueRequired":true,"valueName":"search_term_string"}}],"inLanguage":"sv-SE"},{"@type":"Organization","@id":"https:\/\/www.aritco.com\/sv\/#organization","name":"Aritco","url":"https:\/\/www.aritco.com\/sv\/","logo":{"@type":"ImageObject","inLanguage":"sv-SE","@id":"https:\/\/www.aritco.com\/sv\/#\/schema\/logo\/image\/","url":"https:\/\/www.aritco.com\/wp-content\/uploads\/2019\/05\/vertical-3.svg","contentUrl":"https:\/\/www.aritco.com\/wp-content\/uploads\/2019\/05\/vertical-3.svg","width":1,"height":1,"caption":"Aritco"},"image":{"@id":"https:\/\/www.aritco.com\/sv\/#\/schema\/logo\/image\/"},"publishingPrinciples":"https:\/\/www.aritco.com\/about-aritco\/"}]}},"_links":{"self":[{"href":"https:\/\/www.aritco.com\/sv\/wp-json\/wp\/v2\/pages\/27483","targetHints":{"allow":["GET"]}}],"collection":[{"href":"https:\/\/www.aritco.com\/sv\/wp-json\/wp\/v2\/pages"}],"about":[{"href":"https:\/\/www.aritco.com\/sv\/wp-json\/wp\/v2\/types\/page"}],"author":[{"embeddable":true,"href":"https:\/\/www.aritco.com\/sv\/wp-json\/wp\/v2\/users\/12"}],"replies":[{"embeddable":true,"href":"https:\/\/www.aritco.com\/sv\/wp-json\/wp\/v2\/comments?post=27483"}],"version-history":[{"count":1,"href":"https:\/\/www.aritco.com\/sv\/wp-json\/wp\/v2\/pages\/27483\/revisions"}],"predecessor-version":[{"id":61868,"href":"https:\/\/www.aritco.com\/sv\/wp-json\/wp\/v2\/pages\/27483\/revisions\/61868"}],"wp:featuredmedia":[{"embeddable":true,"href":"https:\/\/www.aritco.com\/sv\/wp-json\/wp\/v2\/media\/12397"}],"wp:attachment":[{"href":"https:\/\/www.aritco.com\/sv\/wp-json\/wp\/v2\/media?parent=27483"}],"curies":[{"name":"wp","href":"https:\/\/api.w.org\/{rel}","templated":true}]}}