{"id":27383,"date":"2020-12-23T10:24:03","date_gmt":"2020-12-23T09:24:03","guid":{"rendered":"https:\/\/aritco.kumpan.dev\/trendreports\/"},"modified":"2025-04-14T18:41:19","modified_gmt":"2025-04-14T16:41:19","slug":"trendrapporter","status":"publish","type":"page","link":"https:\/\/www.aritco.com\/sv\/trendrapporter\/","title":{"rendered":"Trendrapporter"},"content":{"rendered":"","protected":false},"excerpt":{"rendered":"","protected":false},"author":12,"featured_media":57973,"parent":0,"menu_order":0,"comment_status":"closed","ping_status":"closed","template":"","meta":{"_acf_changed":false,"footnotes":""},"class_list":["post-27383","page","type-page","status-publish","has-post-thumbnail","hentry"],"acf":[],"yoast_head":"<!-- This site is optimized with the Yoast SEO Premium plugin v26.6 (Yoast SEO v26.6) - https:\/\/yoast.com\/wordpress\/plugins\/seo\/ -->\n<title>Trendrapport\u00a0\u2013 Bygger 100-\u00e5rshemmet - Aritco &amp; Springwise<\/title>\n<meta name=\"description\" content=\"Aritco Report 2023\u00a0\u2013 Med stigande energir\u00e4kningar och extremt v\u00e4der orsakat av klimatf\u00f6r\u00e4ndringar, hur kan vi eftermontera v\u00e5ra bost\u00e4der, l\u00e4genheter och kontor f\u00f6r att spara och producera el och bli mer motst\u00e5ndskraftiga? Visa och ladda ned rapporten gratis.\" \/>\n<meta name=\"robots\" content=\"index, follow, max-snippet:-1, max-image-preview:large, max-video-preview:-1\" \/>\n<link rel=\"canonical\" href=\"https:\/\/www.aritco.com\/sv\/trendrapporter\/\" \/>\n<meta property=\"og:locale\" content=\"sv_SE\" \/>\n<meta property=\"og:type\" content=\"article\" \/>\n<meta property=\"og:title\" content=\"Bygger 100-\u00e5rshemmet\" \/>\n<meta property=\"og:description\" content=\"Aritco Report 2023\u00a0\u2013 Med stigande energir\u00e4kningar och extremt v\u00e4der orsakat av klimatf\u00f6r\u00e4ndringar, hur kan vi eftermontera v\u00e5ra bost\u00e4der, l\u00e4genheter och kontor f\u00f6r att spara och producera el och bli mer motst\u00e5ndskraftiga? Visa och ladda ned rapporten gratis.\" \/>\n<meta property=\"og:url\" content=\"https:\/\/www.aritco.com\/sv\/trendrapporter\/\" \/>\n<meta property=\"og:site_name\" content=\"Aritco\" \/>\n<meta property=\"article:modified_time\" content=\"2025-04-14T16:41:19+00:00\" \/>\n<meta property=\"og:image\" content=\"https:\/\/www.aritco.com\/wp-content\/uploads\/2023\/01\/100-year-home-cover-4x3-1.jpg\" \/>\n\t<meta property=\"og:image:width\" content=\"1671\" \/>\n\t<meta property=\"og:image:height\" content=\"1254\" \/>\n\t<meta property=\"og:image:type\" content=\"image\/jpeg\" \/>\n<meta name=\"twitter:card\" content=\"summary_large_image\" \/>\n<meta name=\"twitter:title\" content=\"Bygger 100-\u00e5rshemmet\" \/>\n<meta name=\"twitter:description\" content=\"Aritco Report 2023\u00a0\u2013 Med stigande energir\u00e4kningar och extremt v\u00e4der orsakat av klimatf\u00f6r\u00e4ndringar, hur kan vi eftermontera v\u00e5ra bost\u00e4der, l\u00e4genheter och kontor f\u00f6r att spara och producera el och bli mer motst\u00e5ndskraftiga? Visa och ladda ned rapporten gratis.\" \/>\n<meta name=\"twitter:image\" content=\"https:\/\/www.aritco.com\/wp-content\/uploads\/2023\/01\/100-year-home-cover-4x3-1.jpg\" \/>\n<meta name=\"twitter:label1\" content=\"Ber\u00e4knad l\u00e4stid\" \/>\n\t<meta name=\"twitter:data1\" content=\"1 minut\" \/>\n<script type=\"application\/ld+json\" class=\"yoast-schema-graph\">{\"@context\":\"https:\/\/schema.org\",\"@graph\":[{\"@type\":\"WebPage\",\"@id\":\"https:\/\/www.aritco.com\/sv\/trendrapporter\/\",\"url\":\"https:\/\/www.aritco.com\/sv\/trendrapporter\/\",\"name\":\"Trendrapport\u00a0\u2013 Bygger 100-\u00e5rshemmet - Aritco & Springwise\",\"isPartOf\":{\"@id\":\"https:\/\/www.aritco.com\/sv\/#website\"},\"primaryImageOfPage\":{\"@id\":\"https:\/\/www.aritco.com\/sv\/trendrapporter\/#primaryimage\"},\"image\":{\"@id\":\"https:\/\/www.aritco.com\/sv\/trendrapporter\/#primaryimage\"},\"thumbnailUrl\":\"https:\/\/www.aritco.com\/wp-content\/uploads\/2024\/12\/Trend-report-2025.jpg\",\"datePublished\":\"2020-12-23T09:24:03+00:00\",\"dateModified\":\"2025-04-14T16:41:19+00:00\",\"description\":\"Aritco Report 2023\u00a0\u2013 Med stigande energir\u00e4kningar och extremt v\u00e4der orsakat av klimatf\u00f6r\u00e4ndringar, hur kan vi eftermontera v\u00e5ra bost\u00e4der, l\u00e4genheter och kontor f\u00f6r att spara och producera el och bli mer motst\u00e5ndskraftiga? Visa och ladda ned rapporten gratis.\",\"inLanguage\":\"sv-SE\",\"potentialAction\":[{\"@type\":\"ReadAction\",\"target\":[\"https:\/\/www.aritco.com\/sv\/trendrapporter\/\"]}]},{\"@type\":\"ImageObject\",\"inLanguage\":\"sv-SE\",\"@id\":\"https:\/\/www.aritco.com\/sv\/trendrapporter\/#primaryimage\",\"url\":\"https:\/\/www.aritco.com\/wp-content\/uploads\/2024\/12\/Trend-report-2025.jpg\",\"contentUrl\":\"https:\/\/www.aritco.com\/wp-content\/uploads\/2024\/12\/Trend-report-2025.jpg\",\"width\":598,\"height\":473},{\"@type\":\"WebSite\",\"@id\":\"https:\/\/www.aritco.com\/sv\/#website\",\"url\":\"https:\/\/www.aritco.com\/sv\/\",\"name\":\"Aritco\",\"description\":\"Award-winning lifts for homes and public and commercial use\",\"publisher\":{\"@id\":\"https:\/\/www.aritco.com\/sv\/#organization\"},\"potentialAction\":[{\"@type\":\"SearchAction\",\"target\":{\"@type\":\"EntryPoint\",\"urlTemplate\":\"https:\/\/www.aritco.com\/sv\/?s={search_term_string}\"},\"query-input\":{\"@type\":\"PropertyValueSpecification\",\"valueRequired\":true,\"valueName\":\"search_term_string\"}}],\"inLanguage\":\"sv-SE\"},{\"@type\":\"Organization\",\"@id\":\"https:\/\/www.aritco.com\/sv\/#organization\",\"name\":\"Aritco\",\"url\":\"https:\/\/www.aritco.com\/sv\/\",\"logo\":{\"@type\":\"ImageObject\",\"inLanguage\":\"sv-SE\",\"@id\":\"https:\/\/www.aritco.com\/sv\/#\/schema\/logo\/image\/\",\"url\":\"https:\/\/www.aritco.com\/wp-content\/uploads\/2019\/05\/vertical-3.svg\",\"contentUrl\":\"https:\/\/www.aritco.com\/wp-content\/uploads\/2019\/05\/vertical-3.svg\",\"width\":1,\"height\":1,\"caption\":\"Aritco\"},\"image\":{\"@id\":\"https:\/\/www.aritco.com\/sv\/#\/schema\/logo\/image\/\"},\"publishingPrinciples\":\"https:\/\/www.aritco.com\/about-aritco\/\"}]}<\/script>\n<!-- \/ Yoast SEO Premium plugin. -->","yoast_head_json":{"title":"Trendrapport\u00a0\u2013 Bygger 100-\u00e5rshemmet - Aritco & Springwise","description":"Aritco Report 2023\u00a0\u2013 Med stigande energir\u00e4kningar och extremt v\u00e4der orsakat av klimatf\u00f6r\u00e4ndringar, hur kan vi eftermontera v\u00e5ra bost\u00e4der, l\u00e4genheter och kontor f\u00f6r att spara och producera el och bli mer motst\u00e5ndskraftiga? Visa och ladda ned rapporten gratis.","robots":{"index":"index","follow":"follow","max-snippet":"max-snippet:-1","max-image-preview":"max-image-preview:large","max-video-preview":"max-video-preview:-1"},"canonical":"https:\/\/www.aritco.com\/sv\/trendrapporter\/","og_locale":"sv_SE","og_type":"article","og_title":"Bygger 100-\u00e5rshemmet","og_description":"Aritco Report 2023\u00a0\u2013 Med stigande energir\u00e4kningar och extremt v\u00e4der orsakat av klimatf\u00f6r\u00e4ndringar, hur kan vi eftermontera v\u00e5ra bost\u00e4der, l\u00e4genheter och kontor f\u00f6r att spara och producera el och bli mer motst\u00e5ndskraftiga? Visa och ladda ned rapporten gratis.","og_url":"https:\/\/www.aritco.com\/sv\/trendrapporter\/","og_site_name":"Aritco","article_modified_time":"2025-04-14T16:41:19+00:00","og_image":[{"width":1671,"height":1254,"url":"https:\/\/www.aritco.com\/wp-content\/uploads\/2023\/01\/100-year-home-cover-4x3-1.jpg","type":"image\/jpeg"}],"twitter_card":"summary_large_image","twitter_title":"Bygger 100-\u00e5rshemmet","twitter_description":"Aritco Report 2023\u00a0\u2013 Med stigande energir\u00e4kningar och extremt v\u00e4der orsakat av klimatf\u00f6r\u00e4ndringar, hur kan vi eftermontera v\u00e5ra bost\u00e4der, l\u00e4genheter och kontor f\u00f6r att spara och producera el och bli mer motst\u00e5ndskraftiga? Visa och ladda ned rapporten gratis.","twitter_image":"https:\/\/www.aritco.com\/wp-content\/uploads\/2023\/01\/100-year-home-cover-4x3-1.jpg","twitter_misc":{"Ber\u00e4knad l\u00e4stid":"1 minut"},"schema":{"@context":"https:\/\/schema.org","@graph":[{"@type":"WebPage","@id":"https:\/\/www.aritco.com\/sv\/trendrapporter\/","url":"https:\/\/www.aritco.com\/sv\/trendrapporter\/","name":"Trendrapport\u00a0\u2013 Bygger 100-\u00e5rshemmet - Aritco & Springwise","isPartOf":{"@id":"https:\/\/www.aritco.com\/sv\/#website"},"primaryImageOfPage":{"@id":"https:\/\/www.aritco.com\/sv\/trendrapporter\/#primaryimage"},"image":{"@id":"https:\/\/www.aritco.com\/sv\/trendrapporter\/#primaryimage"},"thumbnailUrl":"https:\/\/www.aritco.com\/wp-content\/uploads\/2024\/12\/Trend-report-2025.jpg","datePublished":"2020-12-23T09:24:03+00:00","dateModified":"2025-04-14T16:41:19+00:00","description":"Aritco Report 2023\u00a0\u2013 Med stigande energir\u00e4kningar och extremt v\u00e4der orsakat av klimatf\u00f6r\u00e4ndringar, hur kan vi eftermontera v\u00e5ra bost\u00e4der, l\u00e4genheter och kontor f\u00f6r att spara och producera el och bli mer motst\u00e5ndskraftiga? Visa och ladda ned rapporten gratis.","inLanguage":"sv-SE","potentialAction":[{"@type":"ReadAction","target":["https:\/\/www.aritco.com\/sv\/trendrapporter\/"]}]},{"@type":"ImageObject","inLanguage":"sv-SE","@id":"https:\/\/www.aritco.com\/sv\/trendrapporter\/#primaryimage","url":"https:\/\/www.aritco.com\/wp-content\/uploads\/2024\/12\/Trend-report-2025.jpg","contentUrl":"https:\/\/www.aritco.com\/wp-content\/uploads\/2024\/12\/Trend-report-2025.jpg","width":598,"height":473},{"@type":"WebSite","@id":"https:\/\/www.aritco.com\/sv\/#website","url":"https:\/\/www.aritco.com\/sv\/","name":"Aritco","description":"Award-winning lifts for homes and public and commercial use","publisher":{"@id":"https:\/\/www.aritco.com\/sv\/#organization"},"potentialAction":[{"@type":"SearchAction","target":{"@type":"EntryPoint","urlTemplate":"https:\/\/www.aritco.com\/sv\/?s={search_term_string}"},"query-input":{"@type":"PropertyValueSpecification","valueRequired":true,"valueName":"search_term_string"}}],"inLanguage":"sv-SE"},{"@type":"Organization","@id":"https:\/\/www.aritco.com\/sv\/#organization","name":"Aritco","url":"https:\/\/www.aritco.com\/sv\/","logo":{"@type":"ImageObject","inLanguage":"sv-SE","@id":"https:\/\/www.aritco.com\/sv\/#\/schema\/logo\/image\/","url":"https:\/\/www.aritco.com\/wp-content\/uploads\/2019\/05\/vertical-3.svg","contentUrl":"https:\/\/www.aritco.com\/wp-content\/uploads\/2019\/05\/vertical-3.svg","width":1,"height":1,"caption":"Aritco"},"image":{"@id":"https:\/\/www.aritco.com\/sv\/#\/schema\/logo\/image\/"},"publishingPrinciples":"https:\/\/www.aritco.com\/about-aritco\/"}]}},"_links":{"self":[{"href":"https:\/\/www.aritco.com\/sv\/wp-json\/wp\/v2\/pages\/27383","targetHints":{"allow":["GET"]}}],"collection":[{"href":"https:\/\/www.aritco.com\/sv\/wp-json\/wp\/v2\/pages"}],"about":[{"href":"https:\/\/www.aritco.com\/sv\/wp-json\/wp\/v2\/types\/page"}],"author":[{"embeddable":true,"href":"https:\/\/www.aritco.com\/sv\/wp-json\/wp\/v2\/users\/12"}],"replies":[{"embeddable":true,"href":"https:\/\/www.aritco.com\/sv\/wp-json\/wp\/v2\/comments?post=27383"}],"version-history":[{"count":3,"href":"https:\/\/www.aritco.com\/sv\/wp-json\/wp\/v2\/pages\/27383\/revisions"}],"predecessor-version":[{"id":59533,"href":"https:\/\/www.aritco.com\/sv\/wp-json\/wp\/v2\/pages\/27383\/revisions\/59533"}],"wp:featuredmedia":[{"embeddable":true,"href":"https:\/\/www.aritco.com\/sv\/wp-json\/wp\/v2\/media\/57973"}],"wp:attachment":[{"href":"https:\/\/www.aritco.com\/sv\/wp-json\/wp\/v2\/media?parent=27383"}],"curies":[{"name":"wp","href":"https:\/\/api.w.org\/{rel}","templated":true}]}}