{"id":24768,"date":"2020-06-11T16:25:41","date_gmt":"2020-06-11T14:25:41","guid":{"rendered":"https:\/\/aritco.kumpan.dev\/produkter\/home-lifts\/order-homekit\/"},"modified":"2024-10-15T16:40:16","modified_gmt":"2024-10-15T14:40:16","slug":"bestall-ett-homekit","status":"publish","type":"page","link":"https:\/\/www.aritco.com\/sv\/produkter\/villahiss\/bestall-ett-homekit\/","title":{"rendered":"Best\u00e4ll ett Digitalt HomeKit"},"content":{"rendered":"","protected":false},"excerpt":{"rendered":"","protected":false},"author":12,"featured_media":0,"parent":6672,"menu_order":0,"comment_status":"closed","ping_status":"closed","template":"","meta":{"_acf_changed":false,"footnotes":""},"class_list":["post-24768","page","type-page","status-publish","hentry"],"acf":[],"yoast_head":"<!-- This site is optimized with the Yoast SEO Premium plugin v26.6 (Yoast SEO v26.6) - https:\/\/yoast.com\/wordpress\/plugins\/seo\/ -->\n<title>Best\u00e4ll ett HomeKit och planera din villahiss | Aritco<\/title>\n<meta name=\"description\" content=\"F\u00e5 en digital HomeKit som g\u00f6r det enklare att planera f\u00f6r din nya hiss. Best\u00e4ll v\u00e5r digitala HomeKit redan idag!\" \/>\n<meta name=\"robots\" content=\"index, follow, max-snippet:-1, max-image-preview:large, max-video-preview:-1\" \/>\n<link rel=\"canonical\" href=\"https:\/\/www.aritco.com\/sv\/produkter\/villahiss\/bestall-ett-homekit\/\" \/>\n<meta property=\"og:locale\" content=\"sv_SE\" \/>\n<meta property=\"og:type\" content=\"article\" \/>\n<meta property=\"og:title\" content=\"Best\u00e4ll ett HomeKit och planera din villahiss | Aritco\" \/>\n<meta property=\"og:description\" content=\"Best\u00e4ll Aritco HomeKit! F\u00e5 en digital HomeKit som g\u00f6r det enklare att planera f\u00f6r din nya hiss. Best\u00e4ll v\u00e5r digitala HomeKit redan idag!\" \/>\n<meta property=\"og:url\" content=\"https:\/\/www.aritco.com\/sv\/produkter\/villahiss\/bestall-ett-homekit\/\" \/>\n<meta property=\"og:site_name\" content=\"Aritco\" \/>\n<meta property=\"article:modified_time\" content=\"2024-10-15T14:40:16+00:00\" \/>\n<meta property=\"og:image\" content=\"https:\/\/www.aritco.com\/wp-content\/uploads\/2020\/02\/AHL-Sollentuna-kitchen-entrance-2.jpg\" \/>\n\t<meta property=\"og:image:width\" content=\"2048\" \/>\n\t<meta property=\"og:image:height\" content=\"1535\" \/>\n\t<meta property=\"og:image:type\" content=\"image\/jpeg\" \/>\n<meta name=\"twitter:card\" content=\"summary_large_image\" \/>\n<meta name=\"twitter:title\" content=\"Best\u00e4ll ett HomeKit och planera din villahiss | Aritco\" \/>\n<meta name=\"twitter:description\" content=\"Best\u00e4ll Aritco HomeKit! F\u00e5 en digital HomeKit som g\u00f6r det enklare att planera f\u00f6r din nya hiss. Best\u00e4ll v\u00e5r digitala HomeKit redan idag!\" \/>\n<meta name=\"twitter:image\" content=\"https:\/\/www.aritco.com\/wp-content\/uploads\/2020\/02\/AHL-Sollentuna-kitchen-entrance-2.jpg\" \/>\n<script type=\"application\/ld+json\" class=\"yoast-schema-graph\">{\"@context\":\"https:\/\/schema.org\",\"@graph\":[{\"@type\":\"WebPage\",\"@id\":\"https:\/\/www.aritco.com\/sv\/produkter\/villahiss\/bestall-ett-homekit\/\",\"url\":\"https:\/\/www.aritco.com\/sv\/produkter\/villahiss\/bestall-ett-homekit\/\",\"name\":\"Best\u00e4ll ett HomeKit och planera din villahiss | Aritco\",\"isPartOf\":{\"@id\":\"https:\/\/www.aritco.com\/sv\/#website\"},\"datePublished\":\"2020-06-11T14:25:41+00:00\",\"dateModified\":\"2024-10-15T14:40:16+00:00\",\"description\":\"F\u00e5 en digital HomeKit som g\u00f6r det enklare att planera f\u00f6r din nya hiss. Best\u00e4ll v\u00e5r digitala HomeKit redan idag!\",\"breadcrumb\":{\"@id\":\"https:\/\/www.aritco.com\/sv\/produkter\/villahiss\/bestall-ett-homekit\/#breadcrumb\"},\"inLanguage\":\"sv-SE\",\"potentialAction\":[{\"@type\":\"ReadAction\",\"target\":[\"https:\/\/www.aritco.com\/sv\/produkter\/villahiss\/bestall-ett-homekit\/\"]}]},{\"@type\":\"BreadcrumbList\",\"@id\":\"https:\/\/www.aritco.com\/sv\/produkter\/villahiss\/bestall-ett-homekit\/#breadcrumb\",\"itemListElement\":[{\"@type\":\"ListItem\",\"position\":1,\"name\":\"Produkter\",\"item\":\"https:\/\/www.aritco.com\/sv\/produkter\/\"},{\"@type\":\"ListItem\",\"position\":2,\"name\":\"Villahissar\",\"item\":\"https:\/\/www.aritco.com\/sv\/produkter\/villahiss\/\"},{\"@type\":\"ListItem\",\"position\":3,\"name\":\"Best\u00e4ll ett Digitalt HomeKit\"}]},{\"@type\":\"WebSite\",\"@id\":\"https:\/\/www.aritco.com\/sv\/#website\",\"url\":\"https:\/\/www.aritco.com\/sv\/\",\"name\":\"Aritco\",\"description\":\"Award-winning lifts for homes and public and commercial use\",\"publisher\":{\"@id\":\"https:\/\/www.aritco.com\/sv\/#organization\"},\"potentialAction\":[{\"@type\":\"SearchAction\",\"target\":{\"@type\":\"EntryPoint\",\"urlTemplate\":\"https:\/\/www.aritco.com\/sv\/?s={search_term_string}\"},\"query-input\":{\"@type\":\"PropertyValueSpecification\",\"valueRequired\":true,\"valueName\":\"search_term_string\"}}],\"inLanguage\":\"sv-SE\"},{\"@type\":\"Organization\",\"@id\":\"https:\/\/www.aritco.com\/sv\/#organization\",\"name\":\"Aritco\",\"url\":\"https:\/\/www.aritco.com\/sv\/\",\"logo\":{\"@type\":\"ImageObject\",\"inLanguage\":\"sv-SE\",\"@id\":\"https:\/\/www.aritco.com\/sv\/#\/schema\/logo\/image\/\",\"url\":\"https:\/\/www.aritco.com\/wp-content\/uploads\/2019\/05\/vertical-3.svg\",\"contentUrl\":\"https:\/\/www.aritco.com\/wp-content\/uploads\/2019\/05\/vertical-3.svg\",\"width\":1,\"height\":1,\"caption\":\"Aritco\"},\"image\":{\"@id\":\"https:\/\/www.aritco.com\/sv\/#\/schema\/logo\/image\/\"},\"publishingPrinciples\":\"https:\/\/www.aritco.com\/about-aritco\/\"}]}<\/script>\n<!-- \/ Yoast SEO Premium plugin. -->","yoast_head_json":{"title":"Best\u00e4ll ett HomeKit och planera din villahiss | Aritco","description":"F\u00e5 en digital HomeKit som g\u00f6r det enklare att planera f\u00f6r din nya hiss. Best\u00e4ll v\u00e5r digitala HomeKit redan idag!","robots":{"index":"index","follow":"follow","max-snippet":"max-snippet:-1","max-image-preview":"max-image-preview:large","max-video-preview":"max-video-preview:-1"},"canonical":"https:\/\/www.aritco.com\/sv\/produkter\/villahiss\/bestall-ett-homekit\/","og_locale":"sv_SE","og_type":"article","og_title":"Best\u00e4ll ett HomeKit och planera din villahiss | Aritco","og_description":"Best\u00e4ll Aritco HomeKit! F\u00e5 en digital HomeKit som g\u00f6r det enklare att planera f\u00f6r din nya hiss. Best\u00e4ll v\u00e5r digitala HomeKit redan idag!","og_url":"https:\/\/www.aritco.com\/sv\/produkter\/villahiss\/bestall-ett-homekit\/","og_site_name":"Aritco","article_modified_time":"2024-10-15T14:40:16+00:00","og_image":[{"width":2048,"height":1535,"url":"https:\/\/www.aritco.com\/wp-content\/uploads\/2020\/02\/AHL-Sollentuna-kitchen-entrance-2.jpg","type":"image\/jpeg"}],"twitter_card":"summary_large_image","twitter_title":"Best\u00e4ll ett HomeKit och planera din villahiss | Aritco","twitter_description":"Best\u00e4ll Aritco HomeKit! F\u00e5 en digital HomeKit som g\u00f6r det enklare att planera f\u00f6r din nya hiss. Best\u00e4ll v\u00e5r digitala HomeKit redan idag!","twitter_image":"https:\/\/www.aritco.com\/wp-content\/uploads\/2020\/02\/AHL-Sollentuna-kitchen-entrance-2.jpg","schema":{"@context":"https:\/\/schema.org","@graph":[{"@type":"WebPage","@id":"https:\/\/www.aritco.com\/sv\/produkter\/villahiss\/bestall-ett-homekit\/","url":"https:\/\/www.aritco.com\/sv\/produkter\/villahiss\/bestall-ett-homekit\/","name":"Best\u00e4ll ett HomeKit och planera din villahiss | Aritco","isPartOf":{"@id":"https:\/\/www.aritco.com\/sv\/#website"},"datePublished":"2020-06-11T14:25:41+00:00","dateModified":"2024-10-15T14:40:16+00:00","description":"F\u00e5 en digital HomeKit som g\u00f6r det enklare att planera f\u00f6r din nya hiss. Best\u00e4ll v\u00e5r digitala HomeKit redan idag!","breadcrumb":{"@id":"https:\/\/www.aritco.com\/sv\/produkter\/villahiss\/bestall-ett-homekit\/#breadcrumb"},"inLanguage":"sv-SE","potentialAction":[{"@type":"ReadAction","target":["https:\/\/www.aritco.com\/sv\/produkter\/villahiss\/bestall-ett-homekit\/"]}]},{"@type":"BreadcrumbList","@id":"https:\/\/www.aritco.com\/sv\/produkter\/villahiss\/bestall-ett-homekit\/#breadcrumb","itemListElement":[{"@type":"ListItem","position":1,"name":"Produkter","item":"https:\/\/www.aritco.com\/sv\/produkter\/"},{"@type":"ListItem","position":2,"name":"Villahissar","item":"https:\/\/www.aritco.com\/sv\/produkter\/villahiss\/"},{"@type":"ListItem","position":3,"name":"Best\u00e4ll ett Digitalt HomeKit"}]},{"@type":"WebSite","@id":"https:\/\/www.aritco.com\/sv\/#website","url":"https:\/\/www.aritco.com\/sv\/","name":"Aritco","description":"Award-winning lifts for homes and public and commercial use","publisher":{"@id":"https:\/\/www.aritco.com\/sv\/#organization"},"potentialAction":[{"@type":"SearchAction","target":{"@type":"EntryPoint","urlTemplate":"https:\/\/www.aritco.com\/sv\/?s={search_term_string}"},"query-input":{"@type":"PropertyValueSpecification","valueRequired":true,"valueName":"search_term_string"}}],"inLanguage":"sv-SE"},{"@type":"Organization","@id":"https:\/\/www.aritco.com\/sv\/#organization","name":"Aritco","url":"https:\/\/www.aritco.com\/sv\/","logo":{"@type":"ImageObject","inLanguage":"sv-SE","@id":"https:\/\/www.aritco.com\/sv\/#\/schema\/logo\/image\/","url":"https:\/\/www.aritco.com\/wp-content\/uploads\/2019\/05\/vertical-3.svg","contentUrl":"https:\/\/www.aritco.com\/wp-content\/uploads\/2019\/05\/vertical-3.svg","width":1,"height":1,"caption":"Aritco"},"image":{"@id":"https:\/\/www.aritco.com\/sv\/#\/schema\/logo\/image\/"},"publishingPrinciples":"https:\/\/www.aritco.com\/about-aritco\/"}]}},"_links":{"self":[{"href":"https:\/\/www.aritco.com\/sv\/wp-json\/wp\/v2\/pages\/24768","targetHints":{"allow":["GET"]}}],"collection":[{"href":"https:\/\/www.aritco.com\/sv\/wp-json\/wp\/v2\/pages"}],"about":[{"href":"https:\/\/www.aritco.com\/sv\/wp-json\/wp\/v2\/types\/page"}],"author":[{"embeddable":true,"href":"https:\/\/www.aritco.com\/sv\/wp-json\/wp\/v2\/users\/12"}],"replies":[{"embeddable":true,"href":"https:\/\/www.aritco.com\/sv\/wp-json\/wp\/v2\/comments?post=24768"}],"version-history":[{"count":3,"href":"https:\/\/www.aritco.com\/sv\/wp-json\/wp\/v2\/pages\/24768\/revisions"}],"predecessor-version":[{"id":56434,"href":"https:\/\/www.aritco.com\/sv\/wp-json\/wp\/v2\/pages\/24768\/revisions\/56434"}],"up":[{"embeddable":true,"href":"https:\/\/www.aritco.com\/sv\/wp-json\/wp\/v2\/pages\/6672"}],"wp:attachment":[{"href":"https:\/\/www.aritco.com\/sv\/wp-json\/wp\/v2\/media?parent=24768"}],"curies":[{"name":"wp","href":"https:\/\/api.w.org\/{rel}","templated":true}]}}