{"id":24230,"date":"2021-01-11T13:29:36","date_gmt":"2021-01-11T12:29:36","guid":{"rendered":"https:\/\/aritco.kumpan.dev\/ongoingupcoming\/stockholm-design-week-2022\/"},"modified":"2023-11-28T12:45:03","modified_gmt":"2023-11-28T11:45:03","slug":"stockholm-design-week-2023","status":"publish","type":"page","link":"https:\/\/www.aritco.com\/sv\/massor-och-evenemang\/stockholm-design-week-2023\/","title":{"rendered":"Stockholm Design Week 2023"},"content":{"rendered":"","protected":false},"excerpt":{"rendered":"","protected":false},"author":12,"featured_media":5690,"parent":6733,"menu_order":0,"comment_status":"closed","ping_status":"closed","template":"","meta":{"_acf_changed":false,"footnotes":""},"class_list":["post-24230","page","type-page","status-publish","has-post-thumbnail","hentry"],"acf":[],"yoast_head":"<!-- This site is optimized with the Yoast SEO Premium plugin v26.6 (Yoast SEO v26.6) - https:\/\/yoast.com\/wordpress\/plugins\/seo\/ -->\n<title>Stockholm Design Week 2023 - M\u00f6t Aritco i Stockholm - Aritco<\/title>\n<meta name=\"description\" content=\"Aritco st\u00e4ller ut p\u00e5 v\u00e4rldens ledande event f\u00f6r skandinavisk design 6-12 februari 2023. Bes\u00f6k oss p\u00e5 Design Week Stockholm!\" \/>\n<meta name=\"robots\" content=\"index, follow, max-snippet:-1, max-image-preview:large, max-video-preview:-1\" \/>\n<link rel=\"canonical\" href=\"https:\/\/www.aritco.com\/sv\/massor-och-evenemang\/stockholm-design-week-2023\/\" \/>\n<meta property=\"og:locale\" content=\"sv_SE\" \/>\n<meta property=\"og:type\" content=\"article\" \/>\n<meta property=\"og:title\" content=\"Stockholm Design Week 2023\" \/>\n<meta property=\"og:description\" content=\"Aritco st\u00e4ller ut p\u00e5 v\u00e4rldens ledande event f\u00f6r skandinavisk design 6-12 februari 2023. Bes\u00f6k oss p\u00e5 Design Week Stockholm!\" \/>\n<meta property=\"og:url\" content=\"https:\/\/www.aritco.com\/sv\/massor-och-evenemang\/stockholm-design-week-2023\/\" \/>\n<meta property=\"og:site_name\" content=\"Aritco\" \/>\n<meta property=\"article:modified_time\" content=\"2023-11-28T11:45:03+00:00\" \/>\n<meta property=\"og:image\" content=\"https:\/\/www.aritco.com\/wp-content\/uploads\/2020\/01\/Stockholm-view.jpg\" \/>\n\t<meta property=\"og:image:width\" content=\"2048\" \/>\n\t<meta property=\"og:image:height\" content=\"2048\" \/>\n\t<meta property=\"og:image:type\" content=\"image\/jpeg\" \/>\n<meta name=\"twitter:card\" content=\"summary_large_image\" \/>\n<script type=\"application\/ld+json\" class=\"yoast-schema-graph\">{\"@context\":\"https:\/\/schema.org\",\"@graph\":[{\"@type\":\"WebPage\",\"@id\":\"https:\/\/www.aritco.com\/sv\/massor-och-evenemang\/stockholm-design-week-2023\/\",\"url\":\"https:\/\/www.aritco.com\/sv\/massor-och-evenemang\/stockholm-design-week-2023\/\",\"name\":\"Stockholm Design Week 2023 - M\u00f6t Aritco i Stockholm - Aritco\",\"isPartOf\":{\"@id\":\"https:\/\/www.aritco.com\/sv\/#website\"},\"primaryImageOfPage\":{\"@id\":\"https:\/\/www.aritco.com\/sv\/massor-och-evenemang\/stockholm-design-week-2023\/#primaryimage\"},\"image\":{\"@id\":\"https:\/\/www.aritco.com\/sv\/massor-och-evenemang\/stockholm-design-week-2023\/#primaryimage\"},\"thumbnailUrl\":\"https:\/\/www.aritco.com\/wp-content\/uploads\/2020\/01\/Stockholm-view.jpg\",\"datePublished\":\"2021-01-11T12:29:36+00:00\",\"dateModified\":\"2023-11-28T11:45:03+00:00\",\"description\":\"Aritco st\u00e4ller ut p\u00e5 v\u00e4rldens ledande event f\u00f6r skandinavisk design 6-12 februari 2023. Bes\u00f6k oss p\u00e5 Design Week Stockholm!\",\"breadcrumb\":{\"@id\":\"https:\/\/www.aritco.com\/sv\/massor-och-evenemang\/stockholm-design-week-2023\/#breadcrumb\"},\"inLanguage\":\"sv-SE\",\"potentialAction\":[{\"@type\":\"ReadAction\",\"target\":[\"https:\/\/www.aritco.com\/sv\/massor-och-evenemang\/stockholm-design-week-2023\/\"]}]},{\"@type\":\"ImageObject\",\"inLanguage\":\"sv-SE\",\"@id\":\"https:\/\/www.aritco.com\/sv\/massor-och-evenemang\/stockholm-design-week-2023\/#primaryimage\",\"url\":\"https:\/\/www.aritco.com\/wp-content\/uploads\/2020\/01\/Stockholm-view.jpg\",\"contentUrl\":\"https:\/\/www.aritco.com\/wp-content\/uploads\/2020\/01\/Stockholm-view.jpg\",\"width\":2048,\"height\":2048,\"caption\":\"View over Stockholm, Sweden\"},{\"@type\":\"BreadcrumbList\",\"@id\":\"https:\/\/www.aritco.com\/sv\/massor-och-evenemang\/stockholm-design-week-2023\/#breadcrumb\",\"itemListElement\":[{\"@type\":\"ListItem\",\"position\":1,\"name\":\"M\u00e4ssor &#038; Evenemang\",\"item\":\"https:\/\/www.aritco.com\/sv\/massor-och-evenemang\/\"},{\"@type\":\"ListItem\",\"position\":2,\"name\":\"Stockholm Design Week 2023\"}]},{\"@type\":\"WebSite\",\"@id\":\"https:\/\/www.aritco.com\/sv\/#website\",\"url\":\"https:\/\/www.aritco.com\/sv\/\",\"name\":\"Aritco\",\"description\":\"Award-winning lifts for homes and public and commercial use\",\"publisher\":{\"@id\":\"https:\/\/www.aritco.com\/sv\/#organization\"},\"potentialAction\":[{\"@type\":\"SearchAction\",\"target\":{\"@type\":\"EntryPoint\",\"urlTemplate\":\"https:\/\/www.aritco.com\/sv\/?s={search_term_string}\"},\"query-input\":{\"@type\":\"PropertyValueSpecification\",\"valueRequired\":true,\"valueName\":\"search_term_string\"}}],\"inLanguage\":\"sv-SE\"},{\"@type\":\"Organization\",\"@id\":\"https:\/\/www.aritco.com\/sv\/#organization\",\"name\":\"Aritco\",\"url\":\"https:\/\/www.aritco.com\/sv\/\",\"logo\":{\"@type\":\"ImageObject\",\"inLanguage\":\"sv-SE\",\"@id\":\"https:\/\/www.aritco.com\/sv\/#\/schema\/logo\/image\/\",\"url\":\"https:\/\/www.aritco.com\/wp-content\/uploads\/2019\/05\/vertical-3.svg\",\"contentUrl\":\"https:\/\/www.aritco.com\/wp-content\/uploads\/2019\/05\/vertical-3.svg\",\"width\":1,\"height\":1,\"caption\":\"Aritco\"},\"image\":{\"@id\":\"https:\/\/www.aritco.com\/sv\/#\/schema\/logo\/image\/\"},\"publishingPrinciples\":\"https:\/\/www.aritco.com\/about-aritco\/\"}]}<\/script>\n<!-- \/ Yoast SEO Premium plugin. -->","yoast_head_json":{"title":"Stockholm Design Week 2023 - M\u00f6t Aritco i Stockholm - Aritco","description":"Aritco st\u00e4ller ut p\u00e5 v\u00e4rldens ledande event f\u00f6r skandinavisk design 6-12 februari 2023. Bes\u00f6k oss p\u00e5 Design Week Stockholm!","robots":{"index":"index","follow":"follow","max-snippet":"max-snippet:-1","max-image-preview":"max-image-preview:large","max-video-preview":"max-video-preview:-1"},"canonical":"https:\/\/www.aritco.com\/sv\/massor-och-evenemang\/stockholm-design-week-2023\/","og_locale":"sv_SE","og_type":"article","og_title":"Stockholm Design Week 2023","og_description":"Aritco st\u00e4ller ut p\u00e5 v\u00e4rldens ledande event f\u00f6r skandinavisk design 6-12 februari 2023. Bes\u00f6k oss p\u00e5 Design Week Stockholm!","og_url":"https:\/\/www.aritco.com\/sv\/massor-och-evenemang\/stockholm-design-week-2023\/","og_site_name":"Aritco","article_modified_time":"2023-11-28T11:45:03+00:00","og_image":[{"width":2048,"height":2048,"url":"https:\/\/www.aritco.com\/wp-content\/uploads\/2020\/01\/Stockholm-view.jpg","type":"image\/jpeg"}],"twitter_card":"summary_large_image","schema":{"@context":"https:\/\/schema.org","@graph":[{"@type":"WebPage","@id":"https:\/\/www.aritco.com\/sv\/massor-och-evenemang\/stockholm-design-week-2023\/","url":"https:\/\/www.aritco.com\/sv\/massor-och-evenemang\/stockholm-design-week-2023\/","name":"Stockholm Design Week 2023 - M\u00f6t Aritco i Stockholm - Aritco","isPartOf":{"@id":"https:\/\/www.aritco.com\/sv\/#website"},"primaryImageOfPage":{"@id":"https:\/\/www.aritco.com\/sv\/massor-och-evenemang\/stockholm-design-week-2023\/#primaryimage"},"image":{"@id":"https:\/\/www.aritco.com\/sv\/massor-och-evenemang\/stockholm-design-week-2023\/#primaryimage"},"thumbnailUrl":"https:\/\/www.aritco.com\/wp-content\/uploads\/2020\/01\/Stockholm-view.jpg","datePublished":"2021-01-11T12:29:36+00:00","dateModified":"2023-11-28T11:45:03+00:00","description":"Aritco st\u00e4ller ut p\u00e5 v\u00e4rldens ledande event f\u00f6r skandinavisk design 6-12 februari 2023. Bes\u00f6k oss p\u00e5 Design Week Stockholm!","breadcrumb":{"@id":"https:\/\/www.aritco.com\/sv\/massor-och-evenemang\/stockholm-design-week-2023\/#breadcrumb"},"inLanguage":"sv-SE","potentialAction":[{"@type":"ReadAction","target":["https:\/\/www.aritco.com\/sv\/massor-och-evenemang\/stockholm-design-week-2023\/"]}]},{"@type":"ImageObject","inLanguage":"sv-SE","@id":"https:\/\/www.aritco.com\/sv\/massor-och-evenemang\/stockholm-design-week-2023\/#primaryimage","url":"https:\/\/www.aritco.com\/wp-content\/uploads\/2020\/01\/Stockholm-view.jpg","contentUrl":"https:\/\/www.aritco.com\/wp-content\/uploads\/2020\/01\/Stockholm-view.jpg","width":2048,"height":2048,"caption":"View over Stockholm, Sweden"},{"@type":"BreadcrumbList","@id":"https:\/\/www.aritco.com\/sv\/massor-och-evenemang\/stockholm-design-week-2023\/#breadcrumb","itemListElement":[{"@type":"ListItem","position":1,"name":"M\u00e4ssor &#038; Evenemang","item":"https:\/\/www.aritco.com\/sv\/massor-och-evenemang\/"},{"@type":"ListItem","position":2,"name":"Stockholm Design Week 2023"}]},{"@type":"WebSite","@id":"https:\/\/www.aritco.com\/sv\/#website","url":"https:\/\/www.aritco.com\/sv\/","name":"Aritco","description":"Award-winning lifts for homes and public and commercial use","publisher":{"@id":"https:\/\/www.aritco.com\/sv\/#organization"},"potentialAction":[{"@type":"SearchAction","target":{"@type":"EntryPoint","urlTemplate":"https:\/\/www.aritco.com\/sv\/?s={search_term_string}"},"query-input":{"@type":"PropertyValueSpecification","valueRequired":true,"valueName":"search_term_string"}}],"inLanguage":"sv-SE"},{"@type":"Organization","@id":"https:\/\/www.aritco.com\/sv\/#organization","name":"Aritco","url":"https:\/\/www.aritco.com\/sv\/","logo":{"@type":"ImageObject","inLanguage":"sv-SE","@id":"https:\/\/www.aritco.com\/sv\/#\/schema\/logo\/image\/","url":"https:\/\/www.aritco.com\/wp-content\/uploads\/2019\/05\/vertical-3.svg","contentUrl":"https:\/\/www.aritco.com\/wp-content\/uploads\/2019\/05\/vertical-3.svg","width":1,"height":1,"caption":"Aritco"},"image":{"@id":"https:\/\/www.aritco.com\/sv\/#\/schema\/logo\/image\/"},"publishingPrinciples":"https:\/\/www.aritco.com\/about-aritco\/"}]}},"_links":{"self":[{"href":"https:\/\/www.aritco.com\/sv\/wp-json\/wp\/v2\/pages\/24230","targetHints":{"allow":["GET"]}}],"collection":[{"href":"https:\/\/www.aritco.com\/sv\/wp-json\/wp\/v2\/pages"}],"about":[{"href":"https:\/\/www.aritco.com\/sv\/wp-json\/wp\/v2\/types\/page"}],"author":[{"embeddable":true,"href":"https:\/\/www.aritco.com\/sv\/wp-json\/wp\/v2\/users\/12"}],"replies":[{"embeddable":true,"href":"https:\/\/www.aritco.com\/sv\/wp-json\/wp\/v2\/comments?post=24230"}],"version-history":[{"count":1,"href":"https:\/\/www.aritco.com\/sv\/wp-json\/wp\/v2\/pages\/24230\/revisions"}],"predecessor-version":[{"id":44983,"href":"https:\/\/www.aritco.com\/sv\/wp-json\/wp\/v2\/pages\/24230\/revisions\/44983"}],"up":[{"embeddable":true,"href":"https:\/\/www.aritco.com\/sv\/wp-json\/wp\/v2\/pages\/6733"}],"wp:featuredmedia":[{"embeddable":true,"href":"https:\/\/www.aritco.com\/sv\/wp-json\/wp\/v2\/media\/5690"}],"wp:attachment":[{"href":"https:\/\/www.aritco.com\/sv\/wp-json\/wp\/v2\/media?parent=24230"}],"curies":[{"name":"wp","href":"https:\/\/api.w.org\/{rel}","templated":true}]}}