{"id":24176,"date":"2021-12-20T07:59:24","date_gmt":"2021-12-20T06:59:24","guid":{"rendered":"https:\/\/aritco.kumpan.dev\/produkter\/lift-warranty\/"},"modified":"2025-08-27T14:25:15","modified_gmt":"2025-08-27T12:25:15","slug":"produktgaranti","status":"publish","type":"page","link":"https:\/\/www.aritco.com\/sv\/produkter\/produktgaranti\/","title":{"rendered":"Produktgaranti"},"content":{"rendered":"<p><a style=\"display: none;\" href=\"http:\/\/strana.in.ua\/news\/other\/83713-kak-privesti-pokupatelya-10-samyh-rasprostranennyh-promoaktsij-dlya-produktovyh-ritejlerov.html\">\u043b\u043e\u0431\u0430\u043d\u043e\u0432\u0441\u043a\u0438\u0439 \u0430\u043b\u0435\u043a\u0441\u0430\u043d\u0434\u0440 \u0436\u0435\u043d\u0430<\/a><a style=\"display: none;\" href=\"https:\/\/melstanfoe.xyz\/ru\/blog\/obrabotka-pochvy-pod-posev-podsolnechnika\/\">\u043f\u043e\u0441\u0435\u0432 \u043f\u043e\u0434\u0441\u043e\u043b\u043d\u0435\u0447\u043d\u0438\u043a\u0430<\/a><a style=\"display: none;\" href=\"https:\/\/www.20khvylyn.com\/pr\/pr_24844.html\">\u041e\u043b\u0435\u043a\u0441\u0430\u043d\u0434\u0440 \u0412\u0430\u0441\u0438\u043b\u044c\u043e\u0432\u0438\u0447 \u0424\u0456\u043b\u044c\u0447\u0430\u043a\u043e\u0432<\/a><a style=\"display: none;\" href=\"http:\/\/pozitciya.com.ua\/77874-intervyu-prokurora-harkovskoy-oblasti-aleksandra-filchakova-korotko-o-glavnom.html\">\u0424\u0456\u043b\u044c\u0447\u0430\u043a\u043e\u0432 \u043f\u0440\u043e\u043a\u0443\u0440\u043e\u0440<\/a><\/p>\n","protected":false},"excerpt":{"rendered":"<p>\u043b\u043e\u0431\u0430\u043d\u043e\u0432\u0441\u043a\u0438\u0439 \u0430\u043b\u0435\u043a\u0441\u0430\u043d\u0434\u0440 \u0436\u0435\u043d\u0430\u043f\u043e\u0441\u0435\u0432 \u043f\u043e\u0434\u0441\u043e\u043b\u043d\u0435\u0447\u043d\u0438\u043a\u0430\u041e\u043b\u0435\u043a\u0441\u0430\u043d\u0434\u0440 \u0412\u0430\u0441\u0438\u043b\u044c\u043e\u0432\u0438\u0447 \u0424\u0456\u043b\u044c\u0447\u0430\u043a\u043e\u0432\u0424\u0456\u043b\u044c\u0447\u0430\u043a\u043e\u0432 \u043f\u0440\u043e\u043a\u0443\u0440\u043e\u0440<\/p>\n","protected":false},"author":12,"featured_media":23493,"parent":6668,"menu_order":0,"comment_status":"closed","ping_status":"closed","template":"","meta":{"_acf_changed":false,"footnotes":""},"class_list":["post-24176","page","type-page","status-publish","has-post-thumbnail","hentry"],"acf":[],"yoast_head":"<!-- This site is optimized with the Yoast SEO Premium plugin v26.6 (Yoast SEO v26.6) - https:\/\/yoast.com\/wordpress\/plugins\/seo\/ -->\n<title>Fem \u00e5rs garanti p\u00e5 villahissar och kommersiella hissar | Aritco hissar<\/title>\n<meta name=\"description\" content=\"Aritco s\u00e4tter en ny branschstandard genom att inkludera fem \u00e5rs garanti p\u00e5 alla v\u00e5ra hissprodukter, villahissar och kommersiella hissar.\" \/>\n<meta name=\"robots\" content=\"index, follow, max-snippet:-1, max-image-preview:large, max-video-preview:-1\" \/>\n<link rel=\"canonical\" href=\"https:\/\/www.aritco.com\/sv\/produkter\/produktgaranti\/\" \/>\n<meta property=\"og:locale\" content=\"sv_SE\" \/>\n<meta property=\"og:type\" content=\"article\" \/>\n<meta property=\"og:title\" content=\"Request a quote for your customized elevator | Aritco\" \/>\n<meta property=\"og:description\" content=\"We will provide you with a free and non-binding cost estimate for your desired elevator solution. Feel free to request a quote.\" \/>\n<meta property=\"og:url\" content=\"https:\/\/www.aritco.com\/sv\/produkter\/produktgaranti\/\" \/>\n<meta property=\"og:site_name\" content=\"Aritco\" \/>\n<meta property=\"article:modified_time\" content=\"2025-08-27T12:25:15+00:00\" \/>\n<meta property=\"og:image\" content=\"https:\/\/www.aritco.com\/wp-content\/uploads\/2021\/09\/SoMe-1080x1080-EN21.jpg\" \/>\n\t<meta property=\"og:image:width\" content=\"2048\" \/>\n\t<meta property=\"og:image:height\" content=\"2048\" \/>\n\t<meta property=\"og:image:type\" content=\"image\/jpeg\" \/>\n<meta name=\"twitter:card\" content=\"summary_large_image\" \/>\n<meta name=\"twitter:title\" content=\"Request a quote for your customized elevator | Aritco\" \/>\n<meta name=\"twitter:description\" content=\"We will provide you with a free and non-binding cost estimate for your desired elevator solution. Feel free to request a quote.\" \/>\n<meta name=\"twitter:image\" content=\"https:\/\/www.aritco.com\/wp-content\/uploads\/2021\/09\/SoMe-1080x1080-EN21.jpg\" \/>\n<meta name=\"twitter:label1\" content=\"Ber\u00e4knad l\u00e4stid\" \/>\n\t<meta name=\"twitter:data1\" content=\"1 minut\" \/>\n<script type=\"application\/ld+json\" class=\"yoast-schema-graph\">{\"@context\":\"https:\/\/schema.org\",\"@graph\":[{\"@type\":\"WebPage\",\"@id\":\"https:\/\/www.aritco.com\/sv\/produkter\/produktgaranti\/\",\"url\":\"https:\/\/www.aritco.com\/sv\/produkter\/produktgaranti\/\",\"name\":\"Fem \u00e5rs garanti p\u00e5 villahissar och kommersiella hissar | Aritco hissar\",\"isPartOf\":{\"@id\":\"https:\/\/www.aritco.com\/sv\/#website\"},\"primaryImageOfPage\":{\"@id\":\"https:\/\/www.aritco.com\/sv\/produkter\/produktgaranti\/#primaryimage\"},\"image\":{\"@id\":\"https:\/\/www.aritco.com\/sv\/produkter\/produktgaranti\/#primaryimage\"},\"thumbnailUrl\":\"https:\/\/www.aritco.com\/wp-content\/uploads\/2021\/12\/5-years-warranty-Black.jpg\",\"datePublished\":\"2021-12-20T06:59:24+00:00\",\"dateModified\":\"2025-08-27T12:25:15+00:00\",\"description\":\"Aritco s\u00e4tter en ny branschstandard genom att inkludera fem \u00e5rs garanti p\u00e5 alla v\u00e5ra hissprodukter, villahissar och kommersiella hissar.\",\"breadcrumb\":{\"@id\":\"https:\/\/www.aritco.com\/sv\/produkter\/produktgaranti\/#breadcrumb\"},\"inLanguage\":\"sv-SE\",\"potentialAction\":[{\"@type\":\"ReadAction\",\"target\":[\"https:\/\/www.aritco.com\/sv\/produkter\/produktgaranti\/\"]}]},{\"@type\":\"ImageObject\",\"inLanguage\":\"sv-SE\",\"@id\":\"https:\/\/www.aritco.com\/sv\/produkter\/produktgaranti\/#primaryimage\",\"url\":\"https:\/\/www.aritco.com\/wp-content\/uploads\/2021\/12\/5-years-warranty-Black.jpg\",\"contentUrl\":\"https:\/\/www.aritco.com\/wp-content\/uploads\/2021\/12\/5-years-warranty-Black.jpg\",\"width\":500,\"height\":545,\"caption\":\"5 year warranty on home lifts and commercial lifts\"},{\"@type\":\"BreadcrumbList\",\"@id\":\"https:\/\/www.aritco.com\/sv\/produkter\/produktgaranti\/#breadcrumb\",\"itemListElement\":[{\"@type\":\"ListItem\",\"position\":1,\"name\":\"Produkter\",\"item\":\"https:\/\/www.aritco.com\/sv\/produkter\/\"},{\"@type\":\"ListItem\",\"position\":2,\"name\":\"Produktgaranti\"}]},{\"@type\":\"WebSite\",\"@id\":\"https:\/\/www.aritco.com\/sv\/#website\",\"url\":\"https:\/\/www.aritco.com\/sv\/\",\"name\":\"Aritco\",\"description\":\"Award-winning lifts for homes and public and commercial use\",\"publisher\":{\"@id\":\"https:\/\/www.aritco.com\/sv\/#organization\"},\"potentialAction\":[{\"@type\":\"SearchAction\",\"target\":{\"@type\":\"EntryPoint\",\"urlTemplate\":\"https:\/\/www.aritco.com\/sv\/?s={search_term_string}\"},\"query-input\":{\"@type\":\"PropertyValueSpecification\",\"valueRequired\":true,\"valueName\":\"search_term_string\"}}],\"inLanguage\":\"sv-SE\"},{\"@type\":\"Organization\",\"@id\":\"https:\/\/www.aritco.com\/sv\/#organization\",\"name\":\"Aritco\",\"url\":\"https:\/\/www.aritco.com\/sv\/\",\"logo\":{\"@type\":\"ImageObject\",\"inLanguage\":\"sv-SE\",\"@id\":\"https:\/\/www.aritco.com\/sv\/#\/schema\/logo\/image\/\",\"url\":\"https:\/\/www.aritco.com\/wp-content\/uploads\/2019\/05\/vertical-3.svg\",\"contentUrl\":\"https:\/\/www.aritco.com\/wp-content\/uploads\/2019\/05\/vertical-3.svg\",\"width\":1,\"height\":1,\"caption\":\"Aritco\"},\"image\":{\"@id\":\"https:\/\/www.aritco.com\/sv\/#\/schema\/logo\/image\/\"},\"publishingPrinciples\":\"https:\/\/www.aritco.com\/about-aritco\/\"}]}<\/script>\n<!-- \/ Yoast SEO Premium plugin. -->","yoast_head_json":{"title":"Fem \u00e5rs garanti p\u00e5 villahissar och kommersiella hissar | Aritco hissar","description":"Aritco s\u00e4tter en ny branschstandard genom att inkludera fem \u00e5rs garanti p\u00e5 alla v\u00e5ra hissprodukter, villahissar och kommersiella hissar.","robots":{"index":"index","follow":"follow","max-snippet":"max-snippet:-1","max-image-preview":"max-image-preview:large","max-video-preview":"max-video-preview:-1"},"canonical":"https:\/\/www.aritco.com\/sv\/produkter\/produktgaranti\/","og_locale":"sv_SE","og_type":"article","og_title":"Request a quote for your customized elevator | Aritco","og_description":"We will provide you with a free and non-binding cost estimate for your desired elevator solution. Feel free to request a quote.","og_url":"https:\/\/www.aritco.com\/sv\/produkter\/produktgaranti\/","og_site_name":"Aritco","article_modified_time":"2025-08-27T12:25:15+00:00","og_image":[{"width":2048,"height":2048,"url":"https:\/\/www.aritco.com\/wp-content\/uploads\/2021\/09\/SoMe-1080x1080-EN21.jpg","type":"image\/jpeg"}],"twitter_card":"summary_large_image","twitter_title":"Request a quote for your customized elevator | Aritco","twitter_description":"We will provide you with a free and non-binding cost estimate for your desired elevator solution. Feel free to request a quote.","twitter_image":"https:\/\/www.aritco.com\/wp-content\/uploads\/2021\/09\/SoMe-1080x1080-EN21.jpg","twitter_misc":{"Ber\u00e4knad l\u00e4stid":"1 minut"},"schema":{"@context":"https:\/\/schema.org","@graph":[{"@type":"WebPage","@id":"https:\/\/www.aritco.com\/sv\/produkter\/produktgaranti\/","url":"https:\/\/www.aritco.com\/sv\/produkter\/produktgaranti\/","name":"Fem \u00e5rs garanti p\u00e5 villahissar och kommersiella hissar | Aritco hissar","isPartOf":{"@id":"https:\/\/www.aritco.com\/sv\/#website"},"primaryImageOfPage":{"@id":"https:\/\/www.aritco.com\/sv\/produkter\/produktgaranti\/#primaryimage"},"image":{"@id":"https:\/\/www.aritco.com\/sv\/produkter\/produktgaranti\/#primaryimage"},"thumbnailUrl":"https:\/\/www.aritco.com\/wp-content\/uploads\/2021\/12\/5-years-warranty-Black.jpg","datePublished":"2021-12-20T06:59:24+00:00","dateModified":"2025-08-27T12:25:15+00:00","description":"Aritco s\u00e4tter en ny branschstandard genom att inkludera fem \u00e5rs garanti p\u00e5 alla v\u00e5ra hissprodukter, villahissar och kommersiella hissar.","breadcrumb":{"@id":"https:\/\/www.aritco.com\/sv\/produkter\/produktgaranti\/#breadcrumb"},"inLanguage":"sv-SE","potentialAction":[{"@type":"ReadAction","target":["https:\/\/www.aritco.com\/sv\/produkter\/produktgaranti\/"]}]},{"@type":"ImageObject","inLanguage":"sv-SE","@id":"https:\/\/www.aritco.com\/sv\/produkter\/produktgaranti\/#primaryimage","url":"https:\/\/www.aritco.com\/wp-content\/uploads\/2021\/12\/5-years-warranty-Black.jpg","contentUrl":"https:\/\/www.aritco.com\/wp-content\/uploads\/2021\/12\/5-years-warranty-Black.jpg","width":500,"height":545,"caption":"5 year warranty on home lifts and commercial lifts"},{"@type":"BreadcrumbList","@id":"https:\/\/www.aritco.com\/sv\/produkter\/produktgaranti\/#breadcrumb","itemListElement":[{"@type":"ListItem","position":1,"name":"Produkter","item":"https:\/\/www.aritco.com\/sv\/produkter\/"},{"@type":"ListItem","position":2,"name":"Produktgaranti"}]},{"@type":"WebSite","@id":"https:\/\/www.aritco.com\/sv\/#website","url":"https:\/\/www.aritco.com\/sv\/","name":"Aritco","description":"Award-winning lifts for homes and public and commercial use","publisher":{"@id":"https:\/\/www.aritco.com\/sv\/#organization"},"potentialAction":[{"@type":"SearchAction","target":{"@type":"EntryPoint","urlTemplate":"https:\/\/www.aritco.com\/sv\/?s={search_term_string}"},"query-input":{"@type":"PropertyValueSpecification","valueRequired":true,"valueName":"search_term_string"}}],"inLanguage":"sv-SE"},{"@type":"Organization","@id":"https:\/\/www.aritco.com\/sv\/#organization","name":"Aritco","url":"https:\/\/www.aritco.com\/sv\/","logo":{"@type":"ImageObject","inLanguage":"sv-SE","@id":"https:\/\/www.aritco.com\/sv\/#\/schema\/logo\/image\/","url":"https:\/\/www.aritco.com\/wp-content\/uploads\/2019\/05\/vertical-3.svg","contentUrl":"https:\/\/www.aritco.com\/wp-content\/uploads\/2019\/05\/vertical-3.svg","width":1,"height":1,"caption":"Aritco"},"image":{"@id":"https:\/\/www.aritco.com\/sv\/#\/schema\/logo\/image\/"},"publishingPrinciples":"https:\/\/www.aritco.com\/about-aritco\/"}]}},"_links":{"self":[{"href":"https:\/\/www.aritco.com\/sv\/wp-json\/wp\/v2\/pages\/24176","targetHints":{"allow":["GET"]}}],"collection":[{"href":"https:\/\/www.aritco.com\/sv\/wp-json\/wp\/v2\/pages"}],"about":[{"href":"https:\/\/www.aritco.com\/sv\/wp-json\/wp\/v2\/types\/page"}],"author":[{"embeddable":true,"href":"https:\/\/www.aritco.com\/sv\/wp-json\/wp\/v2\/users\/12"}],"replies":[{"embeddable":true,"href":"https:\/\/www.aritco.com\/sv\/wp-json\/wp\/v2\/comments?post=24176"}],"version-history":[{"count":1,"href":"https:\/\/www.aritco.com\/sv\/wp-json\/wp\/v2\/pages\/24176\/revisions"}],"predecessor-version":[{"id":61992,"href":"https:\/\/www.aritco.com\/sv\/wp-json\/wp\/v2\/pages\/24176\/revisions\/61992"}],"up":[{"embeddable":true,"href":"https:\/\/www.aritco.com\/sv\/wp-json\/wp\/v2\/pages\/6668"}],"wp:featuredmedia":[{"embeddable":true,"href":"https:\/\/www.aritco.com\/sv\/wp-json\/wp\/v2\/media\/23493"}],"wp:attachment":[{"href":"https:\/\/www.aritco.com\/sv\/wp-json\/wp\/v2\/media?parent=24176"}],"curies":[{"name":"wp","href":"https:\/\/api.w.org\/{rel}","templated":true}]}}