{"id":22720,"date":"2021-05-21T13:55:24","date_gmt":"2021-05-21T11:55:24","guid":{"rendered":"https:\/\/aritco.kumpan.dev\/get-in-touch-with-us\/"},"modified":"2025-12-03T09:15:34","modified_gmt":"2025-12-03T08:15:34","slug":"kontakta-oss-har","status":"publish","type":"page","link":"https:\/\/www.aritco.com\/sv\/kontakta-oss-har\/","title":{"rendered":"Kontakta oss h\u00e4r"},"content":{"rendered":"","protected":false},"excerpt":{"rendered":"","protected":false},"author":12,"featured_media":0,"parent":0,"menu_order":0,"comment_status":"closed","ping_status":"closed","template":"","meta":{"_acf_changed":false,"footnotes":""},"class_list":["post-22720","page","type-page","status-publish","hentry"],"acf":[],"yoast_head":"<!-- This site is optimized with the Yoast SEO Premium plugin v26.6 (Yoast SEO v26.6) - https:\/\/yoast.com\/wordpress\/plugins\/seo\/ -->\n<title>Kontakta Aritco h\u00e4r - F\u00e5 en offert - Aritco Plattformshissar<\/title>\n<meta name=\"description\" content=\"Har du fr\u00e5gor om v\u00e5ra hissl\u00f6sningar eller vill f\u00e5 en prisuppskattning? Det \u00e4r helt kostnadsfritt och inte bindande. Kontakta oss h\u00e4r.\" \/>\n<meta name=\"robots\" content=\"index, follow, max-snippet:-1, max-image-preview:large, max-video-preview:-1\" \/>\n<link rel=\"canonical\" href=\"https:\/\/www.aritco.com\/sv\/kontakta-oss-har\/\" \/>\n<meta property=\"og:locale\" content=\"sv_SE\" \/>\n<meta property=\"og:type\" content=\"article\" \/>\n<meta property=\"og:title\" content=\"Get in touch with us about buying a elevator | Aritco\" \/>\n<meta property=\"og:description\" content=\"Reach out if you have questions for us or need assistance regarding your elevator. The Aritco team will repsond swiftly to your queries!\" \/>\n<meta property=\"og:url\" content=\"https:\/\/www.aritco.com\/sv\/kontakta-oss-har\/\" \/>\n<meta property=\"og:site_name\" content=\"Aritco\" \/>\n<meta property=\"article:modified_time\" content=\"2025-12-03T08:15:34+00:00\" \/>\n<meta property=\"og:image\" content=\"https:\/\/www.aritco.com\/wp-content\/uploads\/2019\/06\/Schakt.jpg\" \/>\n\t<meta property=\"og:image:width\" content=\"1985\" \/>\n\t<meta property=\"og:image:height\" content=\"1488\" \/>\n\t<meta property=\"og:image:type\" content=\"image\/jpeg\" \/>\n<meta name=\"twitter:card\" content=\"summary_large_image\" \/>\n<meta name=\"twitter:title\" content=\"Get in touch with us about buying a elevator | Aritco\" \/>\n<meta name=\"twitter:description\" content=\"Reach out if you have questions for us or need assistance regarding your elevator. The Aritco team will repsond swiftly to your queries!\" \/>\n<meta name=\"twitter:image\" content=\"https:\/\/www.aritco.com\/wp-content\/uploads\/2019\/06\/Schakt.jpg\" \/>\n<script type=\"application\/ld+json\" class=\"yoast-schema-graph\">{\"@context\":\"https:\/\/schema.org\",\"@graph\":[{\"@type\":\"WebPage\",\"@id\":\"https:\/\/www.aritco.com\/sv\/kontakta-oss-har\/\",\"url\":\"https:\/\/www.aritco.com\/sv\/kontakta-oss-har\/\",\"name\":\"Kontakta Aritco h\u00e4r - F\u00e5 en offert - Aritco Plattformshissar\",\"isPartOf\":{\"@id\":\"https:\/\/www.aritco.com\/sv\/#website\"},\"datePublished\":\"2021-05-21T11:55:24+00:00\",\"dateModified\":\"2025-12-03T08:15:34+00:00\",\"description\":\"Har du fr\u00e5gor om v\u00e5ra hissl\u00f6sningar eller vill f\u00e5 en prisuppskattning? Det \u00e4r helt kostnadsfritt och inte bindande. Kontakta oss h\u00e4r.\",\"inLanguage\":\"sv-SE\",\"potentialAction\":[{\"@type\":\"ReadAction\",\"target\":[\"https:\/\/www.aritco.com\/sv\/kontakta-oss-har\/\"]}]},{\"@type\":\"WebSite\",\"@id\":\"https:\/\/www.aritco.com\/sv\/#website\",\"url\":\"https:\/\/www.aritco.com\/sv\/\",\"name\":\"Aritco\",\"description\":\"Award-winning lifts for homes and public and commercial use\",\"publisher\":{\"@id\":\"https:\/\/www.aritco.com\/sv\/#organization\"},\"potentialAction\":[{\"@type\":\"SearchAction\",\"target\":{\"@type\":\"EntryPoint\",\"urlTemplate\":\"https:\/\/www.aritco.com\/sv\/?s={search_term_string}\"},\"query-input\":{\"@type\":\"PropertyValueSpecification\",\"valueRequired\":true,\"valueName\":\"search_term_string\"}}],\"inLanguage\":\"sv-SE\"},{\"@type\":\"Organization\",\"@id\":\"https:\/\/www.aritco.com\/sv\/#organization\",\"name\":\"Aritco\",\"url\":\"https:\/\/www.aritco.com\/sv\/\",\"logo\":{\"@type\":\"ImageObject\",\"inLanguage\":\"sv-SE\",\"@id\":\"https:\/\/www.aritco.com\/sv\/#\/schema\/logo\/image\/\",\"url\":\"https:\/\/www.aritco.com\/wp-content\/uploads\/2019\/05\/vertical-3.svg\",\"contentUrl\":\"https:\/\/www.aritco.com\/wp-content\/uploads\/2019\/05\/vertical-3.svg\",\"width\":1,\"height\":1,\"caption\":\"Aritco\"},\"image\":{\"@id\":\"https:\/\/www.aritco.com\/sv\/#\/schema\/logo\/image\/\"},\"publishingPrinciples\":\"https:\/\/www.aritco.com\/about-aritco\/\"}]}<\/script>\n<!-- \/ Yoast SEO Premium plugin. -->","yoast_head_json":{"title":"Kontakta Aritco h\u00e4r - F\u00e5 en offert - Aritco Plattformshissar","description":"Har du fr\u00e5gor om v\u00e5ra hissl\u00f6sningar eller vill f\u00e5 en prisuppskattning? Det \u00e4r helt kostnadsfritt och inte bindande. Kontakta oss h\u00e4r.","robots":{"index":"index","follow":"follow","max-snippet":"max-snippet:-1","max-image-preview":"max-image-preview:large","max-video-preview":"max-video-preview:-1"},"canonical":"https:\/\/www.aritco.com\/sv\/kontakta-oss-har\/","og_locale":"sv_SE","og_type":"article","og_title":"Get in touch with us about buying a elevator | Aritco","og_description":"Reach out if you have questions for us or need assistance regarding your elevator. The Aritco team will repsond swiftly to your queries!","og_url":"https:\/\/www.aritco.com\/sv\/kontakta-oss-har\/","og_site_name":"Aritco","article_modified_time":"2025-12-03T08:15:34+00:00","og_image":[{"width":1985,"height":1488,"url":"https:\/\/www.aritco.com\/wp-content\/uploads\/2019\/06\/Schakt.jpg","type":"image\/jpeg"}],"twitter_card":"summary_large_image","twitter_title":"Get in touch with us about buying a elevator | Aritco","twitter_description":"Reach out if you have questions for us or need assistance regarding your elevator. The Aritco team will repsond swiftly to your queries!","twitter_image":"https:\/\/www.aritco.com\/wp-content\/uploads\/2019\/06\/Schakt.jpg","schema":{"@context":"https:\/\/schema.org","@graph":[{"@type":"WebPage","@id":"https:\/\/www.aritco.com\/sv\/kontakta-oss-har\/","url":"https:\/\/www.aritco.com\/sv\/kontakta-oss-har\/","name":"Kontakta Aritco h\u00e4r - F\u00e5 en offert - Aritco Plattformshissar","isPartOf":{"@id":"https:\/\/www.aritco.com\/sv\/#website"},"datePublished":"2021-05-21T11:55:24+00:00","dateModified":"2025-12-03T08:15:34+00:00","description":"Har du fr\u00e5gor om v\u00e5ra hissl\u00f6sningar eller vill f\u00e5 en prisuppskattning? Det \u00e4r helt kostnadsfritt och inte bindande. Kontakta oss h\u00e4r.","inLanguage":"sv-SE","potentialAction":[{"@type":"ReadAction","target":["https:\/\/www.aritco.com\/sv\/kontakta-oss-har\/"]}]},{"@type":"WebSite","@id":"https:\/\/www.aritco.com\/sv\/#website","url":"https:\/\/www.aritco.com\/sv\/","name":"Aritco","description":"Award-winning lifts for homes and public and commercial use","publisher":{"@id":"https:\/\/www.aritco.com\/sv\/#organization"},"potentialAction":[{"@type":"SearchAction","target":{"@type":"EntryPoint","urlTemplate":"https:\/\/www.aritco.com\/sv\/?s={search_term_string}"},"query-input":{"@type":"PropertyValueSpecification","valueRequired":true,"valueName":"search_term_string"}}],"inLanguage":"sv-SE"},{"@type":"Organization","@id":"https:\/\/www.aritco.com\/sv\/#organization","name":"Aritco","url":"https:\/\/www.aritco.com\/sv\/","logo":{"@type":"ImageObject","inLanguage":"sv-SE","@id":"https:\/\/www.aritco.com\/sv\/#\/schema\/logo\/image\/","url":"https:\/\/www.aritco.com\/wp-content\/uploads\/2019\/05\/vertical-3.svg","contentUrl":"https:\/\/www.aritco.com\/wp-content\/uploads\/2019\/05\/vertical-3.svg","width":1,"height":1,"caption":"Aritco"},"image":{"@id":"https:\/\/www.aritco.com\/sv\/#\/schema\/logo\/image\/"},"publishingPrinciples":"https:\/\/www.aritco.com\/about-aritco\/"}]}},"_links":{"self":[{"href":"https:\/\/www.aritco.com\/sv\/wp-json\/wp\/v2\/pages\/22720","targetHints":{"allow":["GET"]}}],"collection":[{"href":"https:\/\/www.aritco.com\/sv\/wp-json\/wp\/v2\/pages"}],"about":[{"href":"https:\/\/www.aritco.com\/sv\/wp-json\/wp\/v2\/types\/page"}],"author":[{"embeddable":true,"href":"https:\/\/www.aritco.com\/sv\/wp-json\/wp\/v2\/users\/12"}],"replies":[{"embeddable":true,"href":"https:\/\/www.aritco.com\/sv\/wp-json\/wp\/v2\/comments?post=22720"}],"version-history":[{"count":6,"href":"https:\/\/www.aritco.com\/sv\/wp-json\/wp\/v2\/pages\/22720\/revisions"}],"predecessor-version":[{"id":63789,"href":"https:\/\/www.aritco.com\/sv\/wp-json\/wp\/v2\/pages\/22720\/revisions\/63789"}],"wp:attachment":[{"href":"https:\/\/www.aritco.com\/sv\/wp-json\/wp\/v2\/media?parent=22720"}],"curies":[{"name":"wp","href":"https:\/\/api.w.org\/{rel}","templated":true}]}}