{"id":11819,"date":"2023-09-08T11:06:20","date_gmt":"2023-09-08T09:06:20","guid":{"rendered":"https:\/\/aritco.kumpan.dev\/produkter\/home-lifts\/buy-home-lift\/"},"modified":"2025-08-20T12:06:10","modified_gmt":"2025-08-20T10:06:10","slug":"sa-koper-du-en-villahiss","status":"publish","type":"page","link":"https:\/\/www.aritco.com\/sv\/produkter\/villahiss\/sa-koper-du-en-villahiss\/","title":{"rendered":"S\u00e5 k\u00f6per du en villahiss"},"content":{"rendered":"","protected":false},"excerpt":{"rendered":"","protected":false},"author":12,"featured_media":29685,"parent":6672,"menu_order":0,"comment_status":"closed","ping_status":"closed","template":"","meta":{"_acf_changed":false,"footnotes":""},"class_list":["post-11819","page","type-page","status-publish","has-post-thumbnail","hentry"],"acf":[],"yoast_head":"<!-- This site is optimized with the Yoast SEO Premium plugin v26.6 (Yoast SEO v26.6) - https:\/\/yoast.com\/wordpress\/plugins\/seo\/ -->\n<title>Hur k\u00f6per jag en villahiss? - Kolla in v\u00e5r guide - Aritco<\/title>\n<meta name=\"description\" content=\"Vi guidar dig genom varje steg p\u00e5 v\u00e4gen n\u00e4r du funderar p\u00e5 att k\u00f6pa en Aritco villahiss. B\u00f6rja med v\u00e5r guide h\u00e4r.\" \/>\n<meta name=\"robots\" content=\"index, follow, max-snippet:-1, max-image-preview:large, max-video-preview:-1\" \/>\n<link rel=\"canonical\" href=\"https:\/\/www.aritco.com\/sv\/produkter\/villahiss\/sa-koper-du-en-villahiss\/\" \/>\n<meta property=\"og:locale\" content=\"sv_SE\" \/>\n<meta property=\"og:type\" content=\"article\" \/>\n<meta property=\"og:title\" content=\"How to buy a home elevator - we are here to help you | Aritco\" \/>\n<meta property=\"og:description\" content=\"Become familiar with the simple steps of buying your very own home elevator. We are here to help you on your journey to a more convenient home!\" \/>\n<meta property=\"og:url\" content=\"https:\/\/www.aritco.com\/sv\/produkter\/villahiss\/sa-koper-du-en-villahiss\/\" \/>\n<meta property=\"og:site_name\" content=\"Aritco\" \/>\n<meta property=\"article:modified_time\" content=\"2025-08-20T10:06:10+00:00\" \/>\n<meta property=\"og:image\" content=\"https:\/\/www.aritco.com\/wp-content\/uploads\/2019\/04\/Photo-1-1018x1024.png\" \/>\n\t<meta property=\"og:image:width\" content=\"1018\" \/>\n\t<meta property=\"og:image:height\" content=\"1024\" \/>\n\t<meta property=\"og:image:type\" content=\"image\/png\" \/>\n<meta name=\"twitter:card\" content=\"summary_large_image\" \/>\n<meta name=\"twitter:title\" content=\"How to buy a home elevator - we are here to help you | Aritco\" \/>\n<meta name=\"twitter:description\" content=\"Become familiar with the simple steps of buying your very own home elevator. We are here to help you on your journey to a more convenient home!\" \/>\n<meta name=\"twitter:image\" content=\"https:\/\/www.aritco.com\/wp-content\/uploads\/2019\/04\/Photo-1.png\" \/>\n<meta name=\"twitter:label1\" content=\"Ber\u00e4knad l\u00e4stid\" \/>\n\t<meta name=\"twitter:data1\" content=\"1 minut\" \/>\n<script type=\"application\/ld+json\" class=\"yoast-schema-graph\">{\"@context\":\"https:\/\/schema.org\",\"@graph\":[{\"@type\":\"WebPage\",\"@id\":\"https:\/\/www.aritco.com\/sv\/produkter\/villahiss\/sa-koper-du-en-villahiss\/\",\"url\":\"https:\/\/www.aritco.com\/sv\/produkter\/villahiss\/sa-koper-du-en-villahiss\/\",\"name\":\"Hur k\u00f6per jag en villahiss? - Kolla in v\u00e5r guide - Aritco\",\"isPartOf\":{\"@id\":\"https:\/\/www.aritco.com\/sv\/#website\"},\"primaryImageOfPage\":{\"@id\":\"https:\/\/www.aritco.com\/sv\/produkter\/villahiss\/sa-koper-du-en-villahiss\/#primaryimage\"},\"image\":{\"@id\":\"https:\/\/www.aritco.com\/sv\/produkter\/villahiss\/sa-koper-du-en-villahiss\/#primaryimage\"},\"thumbnailUrl\":\"https:\/\/www.aritco.com\/wp-content\/uploads\/2022\/10\/SoMe-AHLCO-kitchen-large-1600x1200-1.jpg\",\"datePublished\":\"2023-09-08T09:06:20+00:00\",\"dateModified\":\"2025-08-20T10:06:10+00:00\",\"description\":\"Vi guidar dig genom varje steg p\u00e5 v\u00e4gen n\u00e4r du funderar p\u00e5 att k\u00f6pa en Aritco villahiss. B\u00f6rja med v\u00e5r guide h\u00e4r.\",\"breadcrumb\":{\"@id\":\"https:\/\/www.aritco.com\/sv\/produkter\/villahiss\/sa-koper-du-en-villahiss\/#breadcrumb\"},\"inLanguage\":\"sv-SE\",\"potentialAction\":[{\"@type\":\"ReadAction\",\"target\":[\"https:\/\/www.aritco.com\/sv\/produkter\/villahiss\/sa-koper-du-en-villahiss\/\"]}]},{\"@type\":\"ImageObject\",\"inLanguage\":\"sv-SE\",\"@id\":\"https:\/\/www.aritco.com\/sv\/produkter\/villahiss\/sa-koper-du-en-villahiss\/#primaryimage\",\"url\":\"https:\/\/www.aritco.com\/wp-content\/uploads\/2022\/10\/SoMe-AHLCO-kitchen-large-1600x1200-1.jpg\",\"contentUrl\":\"https:\/\/www.aritco.com\/wp-content\/uploads\/2022\/10\/SoMe-AHLCO-kitchen-large-1600x1200-1.jpg\",\"width\":1600,\"height\":1200,\"caption\":\"Aritco HomeLift Compact in kitchen\"},{\"@type\":\"BreadcrumbList\",\"@id\":\"https:\/\/www.aritco.com\/sv\/produkter\/villahiss\/sa-koper-du-en-villahiss\/#breadcrumb\",\"itemListElement\":[{\"@type\":\"ListItem\",\"position\":1,\"name\":\"Produkter\",\"item\":\"https:\/\/www.aritco.com\/sv\/produkter\/\"},{\"@type\":\"ListItem\",\"position\":2,\"name\":\"Villahissar\",\"item\":\"https:\/\/www.aritco.com\/sv\/produkter\/villahiss\/\"},{\"@type\":\"ListItem\",\"position\":3,\"name\":\"S\u00e5 k\u00f6per du en villahiss\"}]},{\"@type\":\"WebSite\",\"@id\":\"https:\/\/www.aritco.com\/sv\/#website\",\"url\":\"https:\/\/www.aritco.com\/sv\/\",\"name\":\"Aritco\",\"description\":\"Award-winning lifts for homes and public and commercial use\",\"publisher\":{\"@id\":\"https:\/\/www.aritco.com\/sv\/#organization\"},\"potentialAction\":[{\"@type\":\"SearchAction\",\"target\":{\"@type\":\"EntryPoint\",\"urlTemplate\":\"https:\/\/www.aritco.com\/sv\/?s={search_term_string}\"},\"query-input\":{\"@type\":\"PropertyValueSpecification\",\"valueRequired\":true,\"valueName\":\"search_term_string\"}}],\"inLanguage\":\"sv-SE\"},{\"@type\":\"Organization\",\"@id\":\"https:\/\/www.aritco.com\/sv\/#organization\",\"name\":\"Aritco\",\"url\":\"https:\/\/www.aritco.com\/sv\/\",\"logo\":{\"@type\":\"ImageObject\",\"inLanguage\":\"sv-SE\",\"@id\":\"https:\/\/www.aritco.com\/sv\/#\/schema\/logo\/image\/\",\"url\":\"https:\/\/www.aritco.com\/wp-content\/uploads\/2019\/05\/vertical-3.svg\",\"contentUrl\":\"https:\/\/www.aritco.com\/wp-content\/uploads\/2019\/05\/vertical-3.svg\",\"width\":1,\"height\":1,\"caption\":\"Aritco\"},\"image\":{\"@id\":\"https:\/\/www.aritco.com\/sv\/#\/schema\/logo\/image\/\"},\"publishingPrinciples\":\"https:\/\/www.aritco.com\/about-aritco\/\"}]}<\/script>\n<!-- \/ Yoast SEO Premium plugin. -->","yoast_head_json":{"title":"Hur k\u00f6per jag en villahiss? - Kolla in v\u00e5r guide - Aritco","description":"Vi guidar dig genom varje steg p\u00e5 v\u00e4gen n\u00e4r du funderar p\u00e5 att k\u00f6pa en Aritco villahiss. B\u00f6rja med v\u00e5r guide h\u00e4r.","robots":{"index":"index","follow":"follow","max-snippet":"max-snippet:-1","max-image-preview":"max-image-preview:large","max-video-preview":"max-video-preview:-1"},"canonical":"https:\/\/www.aritco.com\/sv\/produkter\/villahiss\/sa-koper-du-en-villahiss\/","og_locale":"sv_SE","og_type":"article","og_title":"How to buy a home elevator - we are here to help you | Aritco","og_description":"Become familiar with the simple steps of buying your very own home elevator. We are here to help you on your journey to a more convenient home!","og_url":"https:\/\/www.aritco.com\/sv\/produkter\/villahiss\/sa-koper-du-en-villahiss\/","og_site_name":"Aritco","article_modified_time":"2025-08-20T10:06:10+00:00","og_image":[{"width":1018,"height":1024,"url":"https:\/\/www.aritco.com\/wp-content\/uploads\/2019\/04\/Photo-1-1018x1024.png","type":"image\/png"}],"twitter_card":"summary_large_image","twitter_title":"How to buy a home elevator - we are here to help you | Aritco","twitter_description":"Become familiar with the simple steps of buying your very own home elevator. We are here to help you on your journey to a more convenient home!","twitter_image":"https:\/\/www.aritco.com\/wp-content\/uploads\/2019\/04\/Photo-1.png","twitter_misc":{"Ber\u00e4knad l\u00e4stid":"1 minut"},"schema":{"@context":"https:\/\/schema.org","@graph":[{"@type":"WebPage","@id":"https:\/\/www.aritco.com\/sv\/produkter\/villahiss\/sa-koper-du-en-villahiss\/","url":"https:\/\/www.aritco.com\/sv\/produkter\/villahiss\/sa-koper-du-en-villahiss\/","name":"Hur k\u00f6per jag en villahiss? - Kolla in v\u00e5r guide - Aritco","isPartOf":{"@id":"https:\/\/www.aritco.com\/sv\/#website"},"primaryImageOfPage":{"@id":"https:\/\/www.aritco.com\/sv\/produkter\/villahiss\/sa-koper-du-en-villahiss\/#primaryimage"},"image":{"@id":"https:\/\/www.aritco.com\/sv\/produkter\/villahiss\/sa-koper-du-en-villahiss\/#primaryimage"},"thumbnailUrl":"https:\/\/www.aritco.com\/wp-content\/uploads\/2022\/10\/SoMe-AHLCO-kitchen-large-1600x1200-1.jpg","datePublished":"2023-09-08T09:06:20+00:00","dateModified":"2025-08-20T10:06:10+00:00","description":"Vi guidar dig genom varje steg p\u00e5 v\u00e4gen n\u00e4r du funderar p\u00e5 att k\u00f6pa en Aritco villahiss. B\u00f6rja med v\u00e5r guide h\u00e4r.","breadcrumb":{"@id":"https:\/\/www.aritco.com\/sv\/produkter\/villahiss\/sa-koper-du-en-villahiss\/#breadcrumb"},"inLanguage":"sv-SE","potentialAction":[{"@type":"ReadAction","target":["https:\/\/www.aritco.com\/sv\/produkter\/villahiss\/sa-koper-du-en-villahiss\/"]}]},{"@type":"ImageObject","inLanguage":"sv-SE","@id":"https:\/\/www.aritco.com\/sv\/produkter\/villahiss\/sa-koper-du-en-villahiss\/#primaryimage","url":"https:\/\/www.aritco.com\/wp-content\/uploads\/2022\/10\/SoMe-AHLCO-kitchen-large-1600x1200-1.jpg","contentUrl":"https:\/\/www.aritco.com\/wp-content\/uploads\/2022\/10\/SoMe-AHLCO-kitchen-large-1600x1200-1.jpg","width":1600,"height":1200,"caption":"Aritco HomeLift Compact in kitchen"},{"@type":"BreadcrumbList","@id":"https:\/\/www.aritco.com\/sv\/produkter\/villahiss\/sa-koper-du-en-villahiss\/#breadcrumb","itemListElement":[{"@type":"ListItem","position":1,"name":"Produkter","item":"https:\/\/www.aritco.com\/sv\/produkter\/"},{"@type":"ListItem","position":2,"name":"Villahissar","item":"https:\/\/www.aritco.com\/sv\/produkter\/villahiss\/"},{"@type":"ListItem","position":3,"name":"S\u00e5 k\u00f6per du en villahiss"}]},{"@type":"WebSite","@id":"https:\/\/www.aritco.com\/sv\/#website","url":"https:\/\/www.aritco.com\/sv\/","name":"Aritco","description":"Award-winning lifts for homes and public and commercial use","publisher":{"@id":"https:\/\/www.aritco.com\/sv\/#organization"},"potentialAction":[{"@type":"SearchAction","target":{"@type":"EntryPoint","urlTemplate":"https:\/\/www.aritco.com\/sv\/?s={search_term_string}"},"query-input":{"@type":"PropertyValueSpecification","valueRequired":true,"valueName":"search_term_string"}}],"inLanguage":"sv-SE"},{"@type":"Organization","@id":"https:\/\/www.aritco.com\/sv\/#organization","name":"Aritco","url":"https:\/\/www.aritco.com\/sv\/","logo":{"@type":"ImageObject","inLanguage":"sv-SE","@id":"https:\/\/www.aritco.com\/sv\/#\/schema\/logo\/image\/","url":"https:\/\/www.aritco.com\/wp-content\/uploads\/2019\/05\/vertical-3.svg","contentUrl":"https:\/\/www.aritco.com\/wp-content\/uploads\/2019\/05\/vertical-3.svg","width":1,"height":1,"caption":"Aritco"},"image":{"@id":"https:\/\/www.aritco.com\/sv\/#\/schema\/logo\/image\/"},"publishingPrinciples":"https:\/\/www.aritco.com\/about-aritco\/"}]}},"_links":{"self":[{"href":"https:\/\/www.aritco.com\/sv\/wp-json\/wp\/v2\/pages\/11819","targetHints":{"allow":["GET"]}}],"collection":[{"href":"https:\/\/www.aritco.com\/sv\/wp-json\/wp\/v2\/pages"}],"about":[{"href":"https:\/\/www.aritco.com\/sv\/wp-json\/wp\/v2\/types\/page"}],"author":[{"embeddable":true,"href":"https:\/\/www.aritco.com\/sv\/wp-json\/wp\/v2\/users\/12"}],"replies":[{"embeddable":true,"href":"https:\/\/www.aritco.com\/sv\/wp-json\/wp\/v2\/comments?post=11819"}],"version-history":[{"count":7,"href":"https:\/\/www.aritco.com\/sv\/wp-json\/wp\/v2\/pages\/11819\/revisions"}],"predecessor-version":[{"id":61828,"href":"https:\/\/www.aritco.com\/sv\/wp-json\/wp\/v2\/pages\/11819\/revisions\/61828"}],"up":[{"embeddable":true,"href":"https:\/\/www.aritco.com\/sv\/wp-json\/wp\/v2\/pages\/6672"}],"wp:featuredmedia":[{"embeddable":true,"href":"https:\/\/www.aritco.com\/sv\/wp-json\/wp\/v2\/media\/29685"}],"wp:attachment":[{"href":"https:\/\/www.aritco.com\/sv\/wp-json\/wp\/v2\/media?parent=11819"}],"curies":[{"name":"wp","href":"https:\/\/api.w.org\/{rel}","templated":true}]}}