{"id":10656,"date":"2020-09-14T16:29:28","date_gmt":"2020-09-14T14:29:28","guid":{"rendered":"https:\/\/aritco.kumpan.dev\/produkter\/public-lifts\/aritco-publiclift-cabin\/"},"modified":"2025-05-14T12:58:16","modified_gmt":"2025-05-14T10:58:16","slug":"aritco-publiclift-cabin","status":"publish","type":"page","link":"https:\/\/www.aritco.com\/sv\/produkter\/hissar-for-publika-miljoer\/aritco-publiclift-cabin\/","title":{"rendered":"Aritco PublicLift Cabin"},"content":{"rendered":"","protected":false},"excerpt":{"rendered":"","protected":false},"author":12,"featured_media":59930,"parent":6677,"menu_order":0,"comment_status":"closed","ping_status":"closed","template":"","meta":{"_acf_changed":false,"footnotes":""},"class_list":["post-10656","page","type-page","status-publish","has-post-thumbnail","hentry"],"acf":[],"yoast_head":"<!-- This site is optimized with the Yoast SEO Premium plugin v26.6 (Yoast SEO v26.6) - https:\/\/yoast.com\/wordpress\/plugins\/seo\/ -->\n<title>Plattformshiss med kabin - Aritco PublicLift Cabin - Aritco<\/title>\n<meta name=\"description\" content=\"V\u00e5r korghiss f\u00f6r publika &amp; kommersiella byggnader. Hissen \u00e4r designad f\u00f6r att m\u00f6ta tillg\u00e4nglighetskrav f\u00f6r offentliga milj\u00f6er. L\u00e4s mer h\u00e4r.\" \/>\n<meta name=\"robots\" content=\"index, follow, max-snippet:-1, max-image-preview:large, max-video-preview:-1\" \/>\n<link rel=\"canonical\" href=\"https:\/\/www.aritco.com\/sv\/produkter\/hissar-for-publika-miljoer\/aritco-publiclift-cabin\/\" \/>\n<meta property=\"og:locale\" content=\"sv_SE\" \/>\n<meta property=\"og:type\" content=\"article\" \/>\n<meta property=\"og:title\" content=\"Aritco PublicLift Cabin\" \/>\n<meta property=\"og:description\" content=\"V\u00e5r korghiss f\u00f6r publika &amp; kommersiella byggnader. Hissen \u00e4r designad f\u00f6r att m\u00f6ta tillg\u00e4nglighetskrav f\u00f6r offentliga milj\u00f6er. L\u00e4s mer h\u00e4r.\" \/>\n<meta property=\"og:url\" content=\"https:\/\/www.aritco.com\/sv\/produkter\/hissar-for-publika-miljoer\/aritco-publiclift-cabin\/\" \/>\n<meta property=\"og:site_name\" content=\"Aritco\" \/>\n<meta property=\"article:modified_time\" content=\"2025-05-14T10:58:16+00:00\" \/>\n<meta property=\"og:image\" content=\"https:\/\/www.aritco.com\/wp-content\/uploads\/2025\/05\/APLCA-AdobeStock_1047947456_2-1-scaled.jpg\" \/>\n\t<meta property=\"og:image:width\" content=\"2064\" \/>\n\t<meta property=\"og:image:height\" content=\"2560\" \/>\n\t<meta property=\"og:image:type\" content=\"image\/jpeg\" \/>\n<meta name=\"twitter:card\" content=\"summary_large_image\" \/>\n<meta name=\"twitter:label1\" content=\"Ber\u00e4knad l\u00e4stid\" \/>\n\t<meta name=\"twitter:data1\" content=\"1 minut\" \/>\n<script type=\"application\/ld+json\" class=\"yoast-schema-graph\">{\"@context\":\"https:\/\/schema.org\",\"@graph\":[{\"@type\":\"WebPage\",\"@id\":\"https:\/\/www.aritco.com\/sv\/produkter\/hissar-for-publika-miljoer\/aritco-publiclift-cabin\/\",\"url\":\"https:\/\/www.aritco.com\/sv\/produkter\/hissar-for-publika-miljoer\/aritco-publiclift-cabin\/\",\"name\":\"Plattformshiss med kabin - Aritco PublicLift Cabin - Aritco\",\"isPartOf\":{\"@id\":\"https:\/\/www.aritco.com\/sv\/#website\"},\"primaryImageOfPage\":{\"@id\":\"https:\/\/www.aritco.com\/sv\/produkter\/hissar-for-publika-miljoer\/aritco-publiclift-cabin\/#primaryimage\"},\"image\":{\"@id\":\"https:\/\/www.aritco.com\/sv\/produkter\/hissar-for-publika-miljoer\/aritco-publiclift-cabin\/#primaryimage\"},\"thumbnailUrl\":\"https:\/\/www.aritco.com\/wp-content\/uploads\/2025\/05\/APLCA-AdobeStock_1047947456_2-1-scaled.jpg\",\"datePublished\":\"2020-09-14T14:29:28+00:00\",\"dateModified\":\"2025-05-14T10:58:16+00:00\",\"description\":\"V\u00e5r korghiss f\u00f6r publika & kommersiella byggnader. Hissen \u00e4r designad f\u00f6r att m\u00f6ta tillg\u00e4nglighetskrav f\u00f6r offentliga milj\u00f6er. L\u00e4s mer h\u00e4r.\",\"breadcrumb\":{\"@id\":\"https:\/\/www.aritco.com\/sv\/produkter\/hissar-for-publika-miljoer\/aritco-publiclift-cabin\/#breadcrumb\"},\"inLanguage\":\"sv-SE\",\"potentialAction\":[{\"@type\":\"ReadAction\",\"target\":[\"https:\/\/www.aritco.com\/sv\/produkter\/hissar-for-publika-miljoer\/aritco-publiclift-cabin\/\"]}]},{\"@type\":\"ImageObject\",\"inLanguage\":\"sv-SE\",\"@id\":\"https:\/\/www.aritco.com\/sv\/produkter\/hissar-for-publika-miljoer\/aritco-publiclift-cabin\/#primaryimage\",\"url\":\"https:\/\/www.aritco.com\/wp-content\/uploads\/2025\/05\/APLCA-AdobeStock_1047947456_2-1-scaled.jpg\",\"contentUrl\":\"https:\/\/www.aritco.com\/wp-content\/uploads\/2025\/05\/APLCA-AdobeStock_1047947456_2-1-scaled.jpg\",\"width\":2064,\"height\":2560},{\"@type\":\"BreadcrumbList\",\"@id\":\"https:\/\/www.aritco.com\/sv\/produkter\/hissar-for-publika-miljoer\/aritco-publiclift-cabin\/#breadcrumb\",\"itemListElement\":[{\"@type\":\"ListItem\",\"position\":1,\"name\":\"Produkter\",\"item\":\"https:\/\/www.aritco.com\/sv\/produkter\/\"},{\"@type\":\"ListItem\",\"position\":2,\"name\":\"Hissar f\u00f6r publika milj\u00f6er\",\"item\":\"https:\/\/www.aritco.com\/sv\/produkter\/hissar-for-publika-miljoer\/\"},{\"@type\":\"ListItem\",\"position\":3,\"name\":\"Aritco PublicLift Cabin\"}]},{\"@type\":\"WebSite\",\"@id\":\"https:\/\/www.aritco.com\/sv\/#website\",\"url\":\"https:\/\/www.aritco.com\/sv\/\",\"name\":\"Aritco\",\"description\":\"Award-winning lifts for homes and public and commercial use\",\"publisher\":{\"@id\":\"https:\/\/www.aritco.com\/sv\/#organization\"},\"potentialAction\":[{\"@type\":\"SearchAction\",\"target\":{\"@type\":\"EntryPoint\",\"urlTemplate\":\"https:\/\/www.aritco.com\/sv\/?s={search_term_string}\"},\"query-input\":{\"@type\":\"PropertyValueSpecification\",\"valueRequired\":true,\"valueName\":\"search_term_string\"}}],\"inLanguage\":\"sv-SE\"},{\"@type\":\"Organization\",\"@id\":\"https:\/\/www.aritco.com\/sv\/#organization\",\"name\":\"Aritco\",\"url\":\"https:\/\/www.aritco.com\/sv\/\",\"logo\":{\"@type\":\"ImageObject\",\"inLanguage\":\"sv-SE\",\"@id\":\"https:\/\/www.aritco.com\/sv\/#\/schema\/logo\/image\/\",\"url\":\"https:\/\/www.aritco.com\/wp-content\/uploads\/2019\/05\/vertical-3.svg\",\"contentUrl\":\"https:\/\/www.aritco.com\/wp-content\/uploads\/2019\/05\/vertical-3.svg\",\"width\":1,\"height\":1,\"caption\":\"Aritco\"},\"image\":{\"@id\":\"https:\/\/www.aritco.com\/sv\/#\/schema\/logo\/image\/\"},\"publishingPrinciples\":\"https:\/\/www.aritco.com\/about-aritco\/\"}]}<\/script>\n<!-- \/ Yoast SEO Premium plugin. -->","yoast_head_json":{"title":"Plattformshiss med kabin - Aritco PublicLift Cabin - Aritco","description":"V\u00e5r korghiss f\u00f6r publika & kommersiella byggnader. Hissen \u00e4r designad f\u00f6r att m\u00f6ta tillg\u00e4nglighetskrav f\u00f6r offentliga milj\u00f6er. L\u00e4s mer h\u00e4r.","robots":{"index":"index","follow":"follow","max-snippet":"max-snippet:-1","max-image-preview":"max-image-preview:large","max-video-preview":"max-video-preview:-1"},"canonical":"https:\/\/www.aritco.com\/sv\/produkter\/hissar-for-publika-miljoer\/aritco-publiclift-cabin\/","og_locale":"sv_SE","og_type":"article","og_title":"Aritco PublicLift Cabin","og_description":"V\u00e5r korghiss f\u00f6r publika & kommersiella byggnader. Hissen \u00e4r designad f\u00f6r att m\u00f6ta tillg\u00e4nglighetskrav f\u00f6r offentliga milj\u00f6er. L\u00e4s mer h\u00e4r.","og_url":"https:\/\/www.aritco.com\/sv\/produkter\/hissar-for-publika-miljoer\/aritco-publiclift-cabin\/","og_site_name":"Aritco","article_modified_time":"2025-05-14T10:58:16+00:00","og_image":[{"width":2064,"height":2560,"url":"https:\/\/www.aritco.com\/wp-content\/uploads\/2025\/05\/APLCA-AdobeStock_1047947456_2-1-scaled.jpg","type":"image\/jpeg"}],"twitter_card":"summary_large_image","twitter_misc":{"Ber\u00e4knad l\u00e4stid":"1 minut"},"schema":{"@context":"https:\/\/schema.org","@graph":[{"@type":"WebPage","@id":"https:\/\/www.aritco.com\/sv\/produkter\/hissar-for-publika-miljoer\/aritco-publiclift-cabin\/","url":"https:\/\/www.aritco.com\/sv\/produkter\/hissar-for-publika-miljoer\/aritco-publiclift-cabin\/","name":"Plattformshiss med kabin - Aritco PublicLift Cabin - Aritco","isPartOf":{"@id":"https:\/\/www.aritco.com\/sv\/#website"},"primaryImageOfPage":{"@id":"https:\/\/www.aritco.com\/sv\/produkter\/hissar-for-publika-miljoer\/aritco-publiclift-cabin\/#primaryimage"},"image":{"@id":"https:\/\/www.aritco.com\/sv\/produkter\/hissar-for-publika-miljoer\/aritco-publiclift-cabin\/#primaryimage"},"thumbnailUrl":"https:\/\/www.aritco.com\/wp-content\/uploads\/2025\/05\/APLCA-AdobeStock_1047947456_2-1-scaled.jpg","datePublished":"2020-09-14T14:29:28+00:00","dateModified":"2025-05-14T10:58:16+00:00","description":"V\u00e5r korghiss f\u00f6r publika & kommersiella byggnader. Hissen \u00e4r designad f\u00f6r att m\u00f6ta tillg\u00e4nglighetskrav f\u00f6r offentliga milj\u00f6er. L\u00e4s mer h\u00e4r.","breadcrumb":{"@id":"https:\/\/www.aritco.com\/sv\/produkter\/hissar-for-publika-miljoer\/aritco-publiclift-cabin\/#breadcrumb"},"inLanguage":"sv-SE","potentialAction":[{"@type":"ReadAction","target":["https:\/\/www.aritco.com\/sv\/produkter\/hissar-for-publika-miljoer\/aritco-publiclift-cabin\/"]}]},{"@type":"ImageObject","inLanguage":"sv-SE","@id":"https:\/\/www.aritco.com\/sv\/produkter\/hissar-for-publika-miljoer\/aritco-publiclift-cabin\/#primaryimage","url":"https:\/\/www.aritco.com\/wp-content\/uploads\/2025\/05\/APLCA-AdobeStock_1047947456_2-1-scaled.jpg","contentUrl":"https:\/\/www.aritco.com\/wp-content\/uploads\/2025\/05\/APLCA-AdobeStock_1047947456_2-1-scaled.jpg","width":2064,"height":2560},{"@type":"BreadcrumbList","@id":"https:\/\/www.aritco.com\/sv\/produkter\/hissar-for-publika-miljoer\/aritco-publiclift-cabin\/#breadcrumb","itemListElement":[{"@type":"ListItem","position":1,"name":"Produkter","item":"https:\/\/www.aritco.com\/sv\/produkter\/"},{"@type":"ListItem","position":2,"name":"Hissar f\u00f6r publika milj\u00f6er","item":"https:\/\/www.aritco.com\/sv\/produkter\/hissar-for-publika-miljoer\/"},{"@type":"ListItem","position":3,"name":"Aritco PublicLift Cabin"}]},{"@type":"WebSite","@id":"https:\/\/www.aritco.com\/sv\/#website","url":"https:\/\/www.aritco.com\/sv\/","name":"Aritco","description":"Award-winning lifts for homes and public and commercial use","publisher":{"@id":"https:\/\/www.aritco.com\/sv\/#organization"},"potentialAction":[{"@type":"SearchAction","target":{"@type":"EntryPoint","urlTemplate":"https:\/\/www.aritco.com\/sv\/?s={search_term_string}"},"query-input":{"@type":"PropertyValueSpecification","valueRequired":true,"valueName":"search_term_string"}}],"inLanguage":"sv-SE"},{"@type":"Organization","@id":"https:\/\/www.aritco.com\/sv\/#organization","name":"Aritco","url":"https:\/\/www.aritco.com\/sv\/","logo":{"@type":"ImageObject","inLanguage":"sv-SE","@id":"https:\/\/www.aritco.com\/sv\/#\/schema\/logo\/image\/","url":"https:\/\/www.aritco.com\/wp-content\/uploads\/2019\/05\/vertical-3.svg","contentUrl":"https:\/\/www.aritco.com\/wp-content\/uploads\/2019\/05\/vertical-3.svg","width":1,"height":1,"caption":"Aritco"},"image":{"@id":"https:\/\/www.aritco.com\/sv\/#\/schema\/logo\/image\/"},"publishingPrinciples":"https:\/\/www.aritco.com\/about-aritco\/"}]}},"_links":{"self":[{"href":"https:\/\/www.aritco.com\/sv\/wp-json\/wp\/v2\/pages\/10656","targetHints":{"allow":["GET"]}}],"collection":[{"href":"https:\/\/www.aritco.com\/sv\/wp-json\/wp\/v2\/pages"}],"about":[{"href":"https:\/\/www.aritco.com\/sv\/wp-json\/wp\/v2\/types\/page"}],"author":[{"embeddable":true,"href":"https:\/\/www.aritco.com\/sv\/wp-json\/wp\/v2\/users\/12"}],"replies":[{"embeddable":true,"href":"https:\/\/www.aritco.com\/sv\/wp-json\/wp\/v2\/comments?post=10656"}],"version-history":[{"count":7,"href":"https:\/\/www.aritco.com\/sv\/wp-json\/wp\/v2\/pages\/10656\/revisions"}],"predecessor-version":[{"id":60182,"href":"https:\/\/www.aritco.com\/sv\/wp-json\/wp\/v2\/pages\/10656\/revisions\/60182"}],"up":[{"embeddable":true,"href":"https:\/\/www.aritco.com\/sv\/wp-json\/wp\/v2\/pages\/6677"}],"wp:featuredmedia":[{"embeddable":true,"href":"https:\/\/www.aritco.com\/sv\/wp-json\/wp\/v2\/media\/59930"}],"wp:attachment":[{"href":"https:\/\/www.aritco.com\/sv\/wp-json\/wp\/v2\/media?parent=10656"}],"curies":[{"name":"wp","href":"https:\/\/api.w.org\/{rel}","templated":true}]}}