{"id":63753,"date":"2025-12-03T08:47:17","date_gmt":"2025-12-03T07:47:17","guid":{"rendered":"https:\/\/www.aritco.com\/?page_id=63753"},"modified":"2026-01-21T13:00:51","modified_gmt":"2026-01-21T12:00:51","slug":"quanto-custa-um-elevador-domestico","status":"publish","type":"page","link":"https:\/\/www.aritco.com\/pt\/produtos\/quanto-custa-um-elevador-domestico\/","title":{"rendered":"Quanto custa um elevador dom\u00e9stico?"},"content":{"rendered":"","protected":false},"excerpt":{"rendered":"","protected":false},"author":53,"featured_media":0,"parent":38083,"menu_order":0,"comment_status":"closed","ping_status":"closed","template":"","meta":{"_acf_changed":false,"footnotes":""},"class_list":["post-63753","page","type-page","status-publish","hentry"],"acf":[],"yoast_head":"<!-- This site is optimized with the Yoast SEO Premium plugin v26.6 (Yoast SEO v26.6) - https:\/\/yoast.com\/wordpress\/plugins\/seo\/ -->\n<title>Quanto custa um elevador dom\u00e9stico? - Aritco Aritco<\/title>\n<meta name=\"description\" content=\"Descubra os pre\u00e7os dos elevadores residenciais, os custos de instala\u00e7\u00e3o e os principais factores que influenciam o custo total dos elevadores residenciais. Quanto poder\u00e1 custar o seu elevador dom\u00e9stico?\" \/>\n<meta name=\"robots\" content=\"index, follow, max-snippet:-1, max-image-preview:large, max-video-preview:-1\" \/>\n<link rel=\"canonical\" href=\"https:\/\/www.aritco.com\/pt\/produtos\/quanto-custa-um-elevador-domestico\/\" \/>\n<meta property=\"og:locale\" content=\"pt_PT\" \/>\n<meta property=\"og:type\" content=\"article\" \/>\n<meta property=\"og:title\" content=\"Quanto custa um elevador dom\u00e9stico?\" \/>\n<meta property=\"og:description\" content=\"Descubra os pre\u00e7os dos elevadores residenciais, os custos de instala\u00e7\u00e3o e os principais factores que influenciam o custo total dos elevadores residenciais. Quanto poder\u00e1 custar o seu elevador dom\u00e9stico?\" \/>\n<meta property=\"og:url\" content=\"https:\/\/www.aritco.com\/pt\/produtos\/quanto-custa-um-elevador-domestico\/\" \/>\n<meta property=\"og:site_name\" content=\"Aritco\" \/>\n<meta property=\"article:modified_time\" content=\"2026-01-21T12:00:51+00:00\" \/>\n<meta name=\"twitter:card\" content=\"summary_large_image\" \/>\n<script type=\"application\/ld+json\" class=\"yoast-schema-graph\">{\"@context\":\"https:\/\/schema.org\",\"@graph\":[{\"@type\":\"WebPage\",\"@id\":\"https:\/\/www.aritco.com\/pt\/produtos\/quanto-custa-um-elevador-domestico\/\",\"url\":\"https:\/\/www.aritco.com\/pt\/produtos\/quanto-custa-um-elevador-domestico\/\",\"name\":\"Quanto custa um elevador dom\u00e9stico? - Aritco Aritco\",\"isPartOf\":{\"@id\":\"https:\/\/www.aritco.com\/pt\/#website\"},\"datePublished\":\"2025-12-03T07:47:17+00:00\",\"dateModified\":\"2026-01-21T12:00:51+00:00\",\"description\":\"Descubra os pre\u00e7os dos elevadores residenciais, os custos de instala\u00e7\u00e3o e os principais factores que influenciam o custo total dos elevadores residenciais. Quanto poder\u00e1 custar o seu elevador dom\u00e9stico?\",\"breadcrumb\":{\"@id\":\"https:\/\/www.aritco.com\/pt\/produtos\/quanto-custa-um-elevador-domestico\/#breadcrumb\"},\"inLanguage\":\"pt\",\"potentialAction\":[{\"@type\":\"ReadAction\",\"target\":[\"https:\/\/www.aritco.com\/pt\/produtos\/quanto-custa-um-elevador-domestico\/\"]}]},{\"@type\":\"BreadcrumbList\",\"@id\":\"https:\/\/www.aritco.com\/pt\/produtos\/quanto-custa-um-elevador-domestico\/#breadcrumb\",\"itemListElement\":[{\"@type\":\"ListItem\",\"position\":1,\"name\":\"Produtos\",\"item\":\"https:\/\/www.aritco.com\/pt\/produtos\/\"},{\"@type\":\"ListItem\",\"position\":2,\"name\":\"Quanto custa um elevador dom\u00e9stico?\"}]},{\"@type\":\"WebSite\",\"@id\":\"https:\/\/www.aritco.com\/pt\/#website\",\"url\":\"https:\/\/www.aritco.com\/pt\/\",\"name\":\"Aritco\",\"description\":\"Award-winning lifts for homes and public and commercial use\",\"publisher\":{\"@id\":\"https:\/\/www.aritco.com\/pt\/#organization\"},\"potentialAction\":[{\"@type\":\"SearchAction\",\"target\":{\"@type\":\"EntryPoint\",\"urlTemplate\":\"https:\/\/www.aritco.com\/pt\/?s={search_term_string}\"},\"query-input\":{\"@type\":\"PropertyValueSpecification\",\"valueRequired\":true,\"valueName\":\"search_term_string\"}}],\"inLanguage\":\"pt\"},{\"@type\":\"Organization\",\"@id\":\"https:\/\/www.aritco.com\/pt\/#organization\",\"name\":\"Aritco\",\"url\":\"https:\/\/www.aritco.com\/pt\/\",\"logo\":{\"@type\":\"ImageObject\",\"inLanguage\":\"pt\",\"@id\":\"https:\/\/www.aritco.com\/pt\/#\/schema\/logo\/image\/\",\"url\":\"https:\/\/www.aritco.com\/wp-content\/uploads\/2019\/05\/vertical-3.svg\",\"contentUrl\":\"https:\/\/www.aritco.com\/wp-content\/uploads\/2019\/05\/vertical-3.svg\",\"width\":1,\"height\":1,\"caption\":\"Aritco\"},\"image\":{\"@id\":\"https:\/\/www.aritco.com\/pt\/#\/schema\/logo\/image\/\"},\"publishingPrinciples\":\"https:\/\/www.aritco.com\/about-aritco\/\"}]}<\/script>\n<!-- \/ Yoast SEO Premium plugin. -->","yoast_head_json":{"title":"Quanto custa um elevador dom\u00e9stico? - Aritco Aritco","description":"Descubra os pre\u00e7os dos elevadores residenciais, os custos de instala\u00e7\u00e3o e os principais factores que influenciam o custo total dos elevadores residenciais. Quanto poder\u00e1 custar o seu elevador dom\u00e9stico?","robots":{"index":"index","follow":"follow","max-snippet":"max-snippet:-1","max-image-preview":"max-image-preview:large","max-video-preview":"max-video-preview:-1"},"canonical":"https:\/\/www.aritco.com\/pt\/produtos\/quanto-custa-um-elevador-domestico\/","og_locale":"pt_PT","og_type":"article","og_title":"Quanto custa um elevador dom\u00e9stico?","og_description":"Descubra os pre\u00e7os dos elevadores residenciais, os custos de instala\u00e7\u00e3o e os principais factores que influenciam o custo total dos elevadores residenciais. Quanto poder\u00e1 custar o seu elevador dom\u00e9stico?","og_url":"https:\/\/www.aritco.com\/pt\/produtos\/quanto-custa-um-elevador-domestico\/","og_site_name":"Aritco","article_modified_time":"2026-01-21T12:00:51+00:00","twitter_card":"summary_large_image","schema":{"@context":"https:\/\/schema.org","@graph":[{"@type":"WebPage","@id":"https:\/\/www.aritco.com\/pt\/produtos\/quanto-custa-um-elevador-domestico\/","url":"https:\/\/www.aritco.com\/pt\/produtos\/quanto-custa-um-elevador-domestico\/","name":"Quanto custa um elevador dom\u00e9stico? - Aritco Aritco","isPartOf":{"@id":"https:\/\/www.aritco.com\/pt\/#website"},"datePublished":"2025-12-03T07:47:17+00:00","dateModified":"2026-01-21T12:00:51+00:00","description":"Descubra os pre\u00e7os dos elevadores residenciais, os custos de instala\u00e7\u00e3o e os principais factores que influenciam o custo total dos elevadores residenciais. Quanto poder\u00e1 custar o seu elevador dom\u00e9stico?","breadcrumb":{"@id":"https:\/\/www.aritco.com\/pt\/produtos\/quanto-custa-um-elevador-domestico\/#breadcrumb"},"inLanguage":"pt","potentialAction":[{"@type":"ReadAction","target":["https:\/\/www.aritco.com\/pt\/produtos\/quanto-custa-um-elevador-domestico\/"]}]},{"@type":"BreadcrumbList","@id":"https:\/\/www.aritco.com\/pt\/produtos\/quanto-custa-um-elevador-domestico\/#breadcrumb","itemListElement":[{"@type":"ListItem","position":1,"name":"Produtos","item":"https:\/\/www.aritco.com\/pt\/produtos\/"},{"@type":"ListItem","position":2,"name":"Quanto custa um elevador dom\u00e9stico?"}]},{"@type":"WebSite","@id":"https:\/\/www.aritco.com\/pt\/#website","url":"https:\/\/www.aritco.com\/pt\/","name":"Aritco","description":"Award-winning lifts for homes and public and commercial use","publisher":{"@id":"https:\/\/www.aritco.com\/pt\/#organization"},"potentialAction":[{"@type":"SearchAction","target":{"@type":"EntryPoint","urlTemplate":"https:\/\/www.aritco.com\/pt\/?s={search_term_string}"},"query-input":{"@type":"PropertyValueSpecification","valueRequired":true,"valueName":"search_term_string"}}],"inLanguage":"pt"},{"@type":"Organization","@id":"https:\/\/www.aritco.com\/pt\/#organization","name":"Aritco","url":"https:\/\/www.aritco.com\/pt\/","logo":{"@type":"ImageObject","inLanguage":"pt","@id":"https:\/\/www.aritco.com\/pt\/#\/schema\/logo\/image\/","url":"https:\/\/www.aritco.com\/wp-content\/uploads\/2019\/05\/vertical-3.svg","contentUrl":"https:\/\/www.aritco.com\/wp-content\/uploads\/2019\/05\/vertical-3.svg","width":1,"height":1,"caption":"Aritco"},"image":{"@id":"https:\/\/www.aritco.com\/pt\/#\/schema\/logo\/image\/"},"publishingPrinciples":"https:\/\/www.aritco.com\/about-aritco\/"}]}},"_links":{"self":[{"href":"https:\/\/www.aritco.com\/pt\/wp-json\/wp\/v2\/pages\/63753","targetHints":{"allow":["GET"]}}],"collection":[{"href":"https:\/\/www.aritco.com\/pt\/wp-json\/wp\/v2\/pages"}],"about":[{"href":"https:\/\/www.aritco.com\/pt\/wp-json\/wp\/v2\/types\/page"}],"author":[{"embeddable":true,"href":"https:\/\/www.aritco.com\/pt\/wp-json\/wp\/v2\/users\/53"}],"replies":[{"embeddable":true,"href":"https:\/\/www.aritco.com\/pt\/wp-json\/wp\/v2\/comments?post=63753"}],"version-history":[{"count":3,"href":"https:\/\/www.aritco.com\/pt\/wp-json\/wp\/v2\/pages\/63753\/revisions"}],"predecessor-version":[{"id":64278,"href":"https:\/\/www.aritco.com\/pt\/wp-json\/wp\/v2\/pages\/63753\/revisions\/64278"}],"up":[{"embeddable":true,"href":"https:\/\/www.aritco.com\/pt\/wp-json\/wp\/v2\/pages\/38083"}],"wp:attachment":[{"href":"https:\/\/www.aritco.com\/pt\/wp-json\/wp\/v2\/media?parent=63753"}],"curies":[{"name":"wp","href":"https:\/\/api.w.org\/{rel}","templated":true}]}}