{"id":49141,"date":"2024-03-26T13:09:38","date_gmt":"2024-03-26T12:09:38","guid":{"rendered":"https:\/\/aritco.kumpan.dev\/?page_id=49141"},"modified":"2024-03-26T13:09:38","modified_gmt":"2024-03-26T12:09:38","slug":"sistema-de-seguranca-inteligente","status":"publish","type":"page","link":"https:\/\/www.aritco.com\/pt\/produtos\/tecnologia-e-seguranca\/sistema-de-seguranca-inteligente\/","title":{"rendered":"Sistema de seguran\u00e7a inteligente"},"content":{"rendered":"","protected":false},"excerpt":{"rendered":"","protected":false},"author":10,"featured_media":0,"parent":38132,"menu_order":0,"comment_status":"closed","ping_status":"closed","template":"","meta":{"_acf_changed":false,"footnotes":""},"class_list":["post-49141","page","type-page","status-publish","hentry"],"acf":[],"yoast_head":"<!-- This site is optimized with the Yoast SEO Premium plugin v26.6 (Yoast SEO v26.6) - https:\/\/yoast.com\/wordpress\/plugins\/seo\/ -->\n<title>Elevadores dom\u00e9sticos seguros com o sistema de seguran\u00e7a inteligente Aritco<\/title>\n<meta name=\"description\" content=\"A seguran\u00e7a tem sido uma prioridade fundamental no desenvolvimento das nossas plataformas elevat\u00f3rias. Por isso, desenvolvemos o sistema Aritco SmartSafety.\" \/>\n<meta name=\"robots\" content=\"index, follow, max-snippet:-1, max-image-preview:large, max-video-preview:-1\" \/>\n<link rel=\"canonical\" href=\"https:\/\/www.aritco.com\/pt\/produtos\/tecnologia-e-seguranca\/sistema-de-seguranca-inteligente\/\" \/>\n<meta property=\"og:locale\" content=\"pt_PT\" \/>\n<meta property=\"og:type\" content=\"article\" \/>\n<meta property=\"og:title\" content=\"Sistema de seguran\u00e7a inteligente\" \/>\n<meta property=\"og:description\" content=\"A seguran\u00e7a tem sido uma prioridade fundamental no desenvolvimento das nossas plataformas elevat\u00f3rias. Por isso, desenvolvemos o sistema Aritco SmartSafety.\" \/>\n<meta property=\"og:url\" content=\"https:\/\/www.aritco.com\/pt\/produtos\/tecnologia-e-seguranca\/sistema-de-seguranca-inteligente\/\" \/>\n<meta property=\"og:site_name\" content=\"Aritco\" \/>\n<meta name=\"twitter:card\" content=\"summary_large_image\" \/>\n<script type=\"application\/ld+json\" class=\"yoast-schema-graph\">{\"@context\":\"https:\/\/schema.org\",\"@graph\":[{\"@type\":\"WebPage\",\"@id\":\"https:\/\/www.aritco.com\/pt\/produtos\/tecnologia-e-seguranca\/sistema-de-seguranca-inteligente\/\",\"url\":\"https:\/\/www.aritco.com\/pt\/produtos\/tecnologia-e-seguranca\/sistema-de-seguranca-inteligente\/\",\"name\":\"Elevadores dom\u00e9sticos seguros com o sistema de seguran\u00e7a inteligente Aritco\",\"isPartOf\":{\"@id\":\"https:\/\/www.aritco.com\/pt\/#website\"},\"datePublished\":\"2024-03-26T12:09:38+00:00\",\"description\":\"A seguran\u00e7a tem sido uma prioridade fundamental no desenvolvimento das nossas plataformas elevat\u00f3rias. Por isso, desenvolvemos o sistema Aritco SmartSafety.\",\"breadcrumb\":{\"@id\":\"https:\/\/www.aritco.com\/pt\/produtos\/tecnologia-e-seguranca\/sistema-de-seguranca-inteligente\/#breadcrumb\"},\"inLanguage\":\"pt\",\"potentialAction\":[{\"@type\":\"ReadAction\",\"target\":[\"https:\/\/www.aritco.com\/pt\/produtos\/tecnologia-e-seguranca\/sistema-de-seguranca-inteligente\/\"]}]},{\"@type\":\"BreadcrumbList\",\"@id\":\"https:\/\/www.aritco.com\/pt\/produtos\/tecnologia-e-seguranca\/sistema-de-seguranca-inteligente\/#breadcrumb\",\"itemListElement\":[{\"@type\":\"ListItem\",\"position\":1,\"name\":\"Produtos\",\"item\":\"https:\/\/www.aritco.com\/pt\/produtos\/\"},{\"@type\":\"ListItem\",\"position\":2,\"name\":\"tecnologia e seguran\u00e7a\",\"item\":\"https:\/\/www.aritco.com\/pt\/produtos\/tecnologia-e-seguranca\/\"},{\"@type\":\"ListItem\",\"position\":3,\"name\":\"Sistema de seguran\u00e7a inteligente\"}]},{\"@type\":\"WebSite\",\"@id\":\"https:\/\/www.aritco.com\/pt\/#website\",\"url\":\"https:\/\/www.aritco.com\/pt\/\",\"name\":\"Aritco\",\"description\":\"Award-winning lifts for homes and public and commercial use\",\"publisher\":{\"@id\":\"https:\/\/www.aritco.com\/pt\/#organization\"},\"potentialAction\":[{\"@type\":\"SearchAction\",\"target\":{\"@type\":\"EntryPoint\",\"urlTemplate\":\"https:\/\/www.aritco.com\/pt\/?s={search_term_string}\"},\"query-input\":{\"@type\":\"PropertyValueSpecification\",\"valueRequired\":true,\"valueName\":\"search_term_string\"}}],\"inLanguage\":\"pt\"},{\"@type\":\"Organization\",\"@id\":\"https:\/\/www.aritco.com\/pt\/#organization\",\"name\":\"Aritco\",\"url\":\"https:\/\/www.aritco.com\/pt\/\",\"logo\":{\"@type\":\"ImageObject\",\"inLanguage\":\"pt\",\"@id\":\"https:\/\/www.aritco.com\/pt\/#\/schema\/logo\/image\/\",\"url\":\"https:\/\/www.aritco.com\/wp-content\/uploads\/2019\/05\/vertical-3.svg\",\"contentUrl\":\"https:\/\/www.aritco.com\/wp-content\/uploads\/2019\/05\/vertical-3.svg\",\"width\":1,\"height\":1,\"caption\":\"Aritco\"},\"image\":{\"@id\":\"https:\/\/www.aritco.com\/pt\/#\/schema\/logo\/image\/\"},\"publishingPrinciples\":\"https:\/\/www.aritco.com\/about-aritco\/\"}]}<\/script>\n<!-- \/ Yoast SEO Premium plugin. -->","yoast_head_json":{"title":"Elevadores dom\u00e9sticos seguros com o sistema de seguran\u00e7a inteligente Aritco","description":"A seguran\u00e7a tem sido uma prioridade fundamental no desenvolvimento das nossas plataformas elevat\u00f3rias. Por isso, desenvolvemos o sistema Aritco SmartSafety.","robots":{"index":"index","follow":"follow","max-snippet":"max-snippet:-1","max-image-preview":"max-image-preview:large","max-video-preview":"max-video-preview:-1"},"canonical":"https:\/\/www.aritco.com\/pt\/produtos\/tecnologia-e-seguranca\/sistema-de-seguranca-inteligente\/","og_locale":"pt_PT","og_type":"article","og_title":"Sistema de seguran\u00e7a inteligente","og_description":"A seguran\u00e7a tem sido uma prioridade fundamental no desenvolvimento das nossas plataformas elevat\u00f3rias. Por isso, desenvolvemos o sistema Aritco SmartSafety.","og_url":"https:\/\/www.aritco.com\/pt\/produtos\/tecnologia-e-seguranca\/sistema-de-seguranca-inteligente\/","og_site_name":"Aritco","twitter_card":"summary_large_image","schema":{"@context":"https:\/\/schema.org","@graph":[{"@type":"WebPage","@id":"https:\/\/www.aritco.com\/pt\/produtos\/tecnologia-e-seguranca\/sistema-de-seguranca-inteligente\/","url":"https:\/\/www.aritco.com\/pt\/produtos\/tecnologia-e-seguranca\/sistema-de-seguranca-inteligente\/","name":"Elevadores dom\u00e9sticos seguros com o sistema de seguran\u00e7a inteligente Aritco","isPartOf":{"@id":"https:\/\/www.aritco.com\/pt\/#website"},"datePublished":"2024-03-26T12:09:38+00:00","description":"A seguran\u00e7a tem sido uma prioridade fundamental no desenvolvimento das nossas plataformas elevat\u00f3rias. Por isso, desenvolvemos o sistema Aritco SmartSafety.","breadcrumb":{"@id":"https:\/\/www.aritco.com\/pt\/produtos\/tecnologia-e-seguranca\/sistema-de-seguranca-inteligente\/#breadcrumb"},"inLanguage":"pt","potentialAction":[{"@type":"ReadAction","target":["https:\/\/www.aritco.com\/pt\/produtos\/tecnologia-e-seguranca\/sistema-de-seguranca-inteligente\/"]}]},{"@type":"BreadcrumbList","@id":"https:\/\/www.aritco.com\/pt\/produtos\/tecnologia-e-seguranca\/sistema-de-seguranca-inteligente\/#breadcrumb","itemListElement":[{"@type":"ListItem","position":1,"name":"Produtos","item":"https:\/\/www.aritco.com\/pt\/produtos\/"},{"@type":"ListItem","position":2,"name":"tecnologia e seguran\u00e7a","item":"https:\/\/www.aritco.com\/pt\/produtos\/tecnologia-e-seguranca\/"},{"@type":"ListItem","position":3,"name":"Sistema de seguran\u00e7a inteligente"}]},{"@type":"WebSite","@id":"https:\/\/www.aritco.com\/pt\/#website","url":"https:\/\/www.aritco.com\/pt\/","name":"Aritco","description":"Award-winning lifts for homes and public and commercial use","publisher":{"@id":"https:\/\/www.aritco.com\/pt\/#organization"},"potentialAction":[{"@type":"SearchAction","target":{"@type":"EntryPoint","urlTemplate":"https:\/\/www.aritco.com\/pt\/?s={search_term_string}"},"query-input":{"@type":"PropertyValueSpecification","valueRequired":true,"valueName":"search_term_string"}}],"inLanguage":"pt"},{"@type":"Organization","@id":"https:\/\/www.aritco.com\/pt\/#organization","name":"Aritco","url":"https:\/\/www.aritco.com\/pt\/","logo":{"@type":"ImageObject","inLanguage":"pt","@id":"https:\/\/www.aritco.com\/pt\/#\/schema\/logo\/image\/","url":"https:\/\/www.aritco.com\/wp-content\/uploads\/2019\/05\/vertical-3.svg","contentUrl":"https:\/\/www.aritco.com\/wp-content\/uploads\/2019\/05\/vertical-3.svg","width":1,"height":1,"caption":"Aritco"},"image":{"@id":"https:\/\/www.aritco.com\/pt\/#\/schema\/logo\/image\/"},"publishingPrinciples":"https:\/\/www.aritco.com\/about-aritco\/"}]}},"_links":{"self":[{"href":"https:\/\/www.aritco.com\/pt\/wp-json\/wp\/v2\/pages\/49141","targetHints":{"allow":["GET"]}}],"collection":[{"href":"https:\/\/www.aritco.com\/pt\/wp-json\/wp\/v2\/pages"}],"about":[{"href":"https:\/\/www.aritco.com\/pt\/wp-json\/wp\/v2\/types\/page"}],"author":[{"embeddable":true,"href":"https:\/\/www.aritco.com\/pt\/wp-json\/wp\/v2\/users\/10"}],"replies":[{"embeddable":true,"href":"https:\/\/www.aritco.com\/pt\/wp-json\/wp\/v2\/comments?post=49141"}],"version-history":[{"count":2,"href":"https:\/\/www.aritco.com\/pt\/wp-json\/wp\/v2\/pages\/49141\/revisions"}],"predecessor-version":[{"id":49185,"href":"https:\/\/www.aritco.com\/pt\/wp-json\/wp\/v2\/pages\/49141\/revisions\/49185"}],"up":[{"embeddable":true,"href":"https:\/\/www.aritco.com\/pt\/wp-json\/wp\/v2\/pages\/38132"}],"wp:attachment":[{"href":"https:\/\/www.aritco.com\/pt\/wp-json\/wp\/v2\/media?parent=49141"}],"curies":[{"name":"wp","href":"https:\/\/api.w.org\/{rel}","templated":true}]}}