{"id":49113,"date":"2024-03-21T13:41:36","date_gmt":"2024-03-21T12:41:36","guid":{"rendered":"https:\/\/aritco.kumpan.dev\/?page_id=49113"},"modified":"2025-08-20T09:53:58","modified_gmt":"2025-08-20T07:53:58","slug":"salas-de-exposicao","status":"publish","type":"page","link":"https:\/\/www.aritco.com\/pt\/salas-de-exposicao\/","title":{"rendered":"Salas de exposi\u00e7\u00e3o"},"content":{"rendered":"","protected":false},"excerpt":{"rendered":"","protected":false},"author":12,"featured_media":0,"parent":0,"menu_order":0,"comment_status":"closed","ping_status":"closed","template":"","meta":{"_acf_changed":false,"footnotes":""},"class_list":["post-49113","page","type-page","status-publish","hentry"],"acf":[],"yoast_head":"<!-- This site is optimized with the Yoast SEO Premium plugin v26.6 (Yoast SEO v26.6) - https:\/\/yoast.com\/wordpress\/plugins\/seo\/ -->\n<title>Showrooms para elevadores dom\u00e9sticos - Experimente os elevadores Aritco na vida real - Aritco<\/title>\n<meta name=\"description\" content=\"Utilize o nosso mapa interativo para encontrar um showroom da Aritco perto de si, onde poder\u00e1 experimentar em primeira m\u00e3o como os nossos elevadores podem tornar os seus espa\u00e7os mais acess\u00edveis.\" \/>\n<meta name=\"robots\" content=\"index, follow, max-snippet:-1, max-image-preview:large, max-video-preview:-1\" \/>\n<link rel=\"canonical\" href=\"https:\/\/www.aritco.com\/pt\/salas-de-exposicao\/\" \/>\n<meta property=\"og:locale\" content=\"pt_PT\" \/>\n<meta property=\"og:type\" content=\"article\" \/>\n<meta property=\"og:title\" content=\"Salas de exposi\u00e7\u00e3o\" \/>\n<meta property=\"og:description\" content=\"Aqui est\u00e1 uma p\u00e1gina sobre os nossos showrooms. Leia mais sobre o que pode esperar encontrar quando visitar um e interaja com o nosso mapa abaixo para encontrar o mais pr\u00f3ximo de si.\" \/>\n<meta property=\"og:url\" content=\"https:\/\/www.aritco.com\/pt\/salas-de-exposicao\/\" \/>\n<meta property=\"og:site_name\" content=\"Aritco\" \/>\n<meta property=\"article:modified_time\" content=\"2025-08-20T07:53:58+00:00\" \/>\n<meta property=\"og:image\" content=\"https:\/\/www.aritco.com\/\/wp-content\/webpc-passthru.php?src=https:\/\/www.aritco.com\/wp-content\/uploads\/2024\/01\/Aritco_HomeLift_Geometric_DW_1200x900.jpg&nocache=1\" \/>\n<meta name=\"twitter:card\" content=\"summary_large_image\" \/>\n<script type=\"application\/ld+json\" class=\"yoast-schema-graph\">{\"@context\":\"https:\/\/schema.org\",\"@graph\":[{\"@type\":\"WebPage\",\"@id\":\"https:\/\/www.aritco.com\/pt\/salas-de-exposicao\/\",\"url\":\"https:\/\/www.aritco.com\/pt\/salas-de-exposicao\/\",\"name\":\"Showrooms para elevadores dom\u00e9sticos - Experimente os elevadores Aritco na vida real - Aritco\",\"isPartOf\":{\"@id\":\"https:\/\/www.aritco.com\/pt\/#website\"},\"datePublished\":\"2024-03-21T12:41:36+00:00\",\"dateModified\":\"2025-08-20T07:53:58+00:00\",\"description\":\"Utilize o nosso mapa interativo para encontrar um showroom da Aritco perto de si, onde poder\u00e1 experimentar em primeira m\u00e3o como os nossos elevadores podem tornar os seus espa\u00e7os mais acess\u00edveis.\",\"inLanguage\":\"pt\",\"potentialAction\":[{\"@type\":\"ReadAction\",\"target\":[\"https:\/\/www.aritco.com\/pt\/salas-de-exposicao\/\"]}]},{\"@type\":\"WebSite\",\"@id\":\"https:\/\/www.aritco.com\/pt\/#website\",\"url\":\"https:\/\/www.aritco.com\/pt\/\",\"name\":\"Aritco\",\"description\":\"Award-winning lifts for homes and public and commercial use\",\"publisher\":{\"@id\":\"https:\/\/www.aritco.com\/pt\/#organization\"},\"potentialAction\":[{\"@type\":\"SearchAction\",\"target\":{\"@type\":\"EntryPoint\",\"urlTemplate\":\"https:\/\/www.aritco.com\/pt\/?s={search_term_string}\"},\"query-input\":{\"@type\":\"PropertyValueSpecification\",\"valueRequired\":true,\"valueName\":\"search_term_string\"}}],\"inLanguage\":\"pt\"},{\"@type\":\"Organization\",\"@id\":\"https:\/\/www.aritco.com\/pt\/#organization\",\"name\":\"Aritco\",\"url\":\"https:\/\/www.aritco.com\/pt\/\",\"logo\":{\"@type\":\"ImageObject\",\"inLanguage\":\"pt\",\"@id\":\"https:\/\/www.aritco.com\/pt\/#\/schema\/logo\/image\/\",\"url\":\"https:\/\/www.aritco.com\/wp-content\/uploads\/2019\/05\/vertical-3.svg\",\"contentUrl\":\"https:\/\/www.aritco.com\/wp-content\/uploads\/2019\/05\/vertical-3.svg\",\"width\":1,\"height\":1,\"caption\":\"Aritco\"},\"image\":{\"@id\":\"https:\/\/www.aritco.com\/pt\/#\/schema\/logo\/image\/\"},\"publishingPrinciples\":\"https:\/\/www.aritco.com\/about-aritco\/\"}]}<\/script>\n<!-- \/ Yoast SEO Premium plugin. -->","yoast_head_json":{"title":"Showrooms para elevadores dom\u00e9sticos - Experimente os elevadores Aritco na vida real - Aritco","description":"Utilize o nosso mapa interativo para encontrar um showroom da Aritco perto de si, onde poder\u00e1 experimentar em primeira m\u00e3o como os nossos elevadores podem tornar os seus espa\u00e7os mais acess\u00edveis.","robots":{"index":"index","follow":"follow","max-snippet":"max-snippet:-1","max-image-preview":"max-image-preview:large","max-video-preview":"max-video-preview:-1"},"canonical":"https:\/\/www.aritco.com\/pt\/salas-de-exposicao\/","og_locale":"pt_PT","og_type":"article","og_title":"Salas de exposi\u00e7\u00e3o","og_description":"Aqui est\u00e1 uma p\u00e1gina sobre os nossos showrooms. Leia mais sobre o que pode esperar encontrar quando visitar um e interaja com o nosso mapa abaixo para encontrar o mais pr\u00f3ximo de si.","og_url":"https:\/\/www.aritco.com\/pt\/salas-de-exposicao\/","og_site_name":"Aritco","article_modified_time":"2025-08-20T07:53:58+00:00","og_image":[{"url":"https:\/\/www.aritco.com\/\/wp-content\/webpc-passthru.php?src=https:\/\/www.aritco.com\/wp-content\/uploads\/2024\/01\/Aritco_HomeLift_Geometric_DW_1200x900.jpg&nocache=1","type":"","width":"","height":""}],"twitter_card":"summary_large_image","schema":{"@context":"https:\/\/schema.org","@graph":[{"@type":"WebPage","@id":"https:\/\/www.aritco.com\/pt\/salas-de-exposicao\/","url":"https:\/\/www.aritco.com\/pt\/salas-de-exposicao\/","name":"Showrooms para elevadores dom\u00e9sticos - Experimente os elevadores Aritco na vida real - Aritco","isPartOf":{"@id":"https:\/\/www.aritco.com\/pt\/#website"},"datePublished":"2024-03-21T12:41:36+00:00","dateModified":"2025-08-20T07:53:58+00:00","description":"Utilize o nosso mapa interativo para encontrar um showroom da Aritco perto de si, onde poder\u00e1 experimentar em primeira m\u00e3o como os nossos elevadores podem tornar os seus espa\u00e7os mais acess\u00edveis.","inLanguage":"pt","potentialAction":[{"@type":"ReadAction","target":["https:\/\/www.aritco.com\/pt\/salas-de-exposicao\/"]}]},{"@type":"WebSite","@id":"https:\/\/www.aritco.com\/pt\/#website","url":"https:\/\/www.aritco.com\/pt\/","name":"Aritco","description":"Award-winning lifts for homes and public and commercial use","publisher":{"@id":"https:\/\/www.aritco.com\/pt\/#organization"},"potentialAction":[{"@type":"SearchAction","target":{"@type":"EntryPoint","urlTemplate":"https:\/\/www.aritco.com\/pt\/?s={search_term_string}"},"query-input":{"@type":"PropertyValueSpecification","valueRequired":true,"valueName":"search_term_string"}}],"inLanguage":"pt"},{"@type":"Organization","@id":"https:\/\/www.aritco.com\/pt\/#organization","name":"Aritco","url":"https:\/\/www.aritco.com\/pt\/","logo":{"@type":"ImageObject","inLanguage":"pt","@id":"https:\/\/www.aritco.com\/pt\/#\/schema\/logo\/image\/","url":"https:\/\/www.aritco.com\/wp-content\/uploads\/2019\/05\/vertical-3.svg","contentUrl":"https:\/\/www.aritco.com\/wp-content\/uploads\/2019\/05\/vertical-3.svg","width":1,"height":1,"caption":"Aritco"},"image":{"@id":"https:\/\/www.aritco.com\/pt\/#\/schema\/logo\/image\/"},"publishingPrinciples":"https:\/\/www.aritco.com\/about-aritco\/"}]}},"_links":{"self":[{"href":"https:\/\/www.aritco.com\/pt\/wp-json\/wp\/v2\/pages\/49113","targetHints":{"allow":["GET"]}}],"collection":[{"href":"https:\/\/www.aritco.com\/pt\/wp-json\/wp\/v2\/pages"}],"about":[{"href":"https:\/\/www.aritco.com\/pt\/wp-json\/wp\/v2\/types\/page"}],"author":[{"embeddable":true,"href":"https:\/\/www.aritco.com\/pt\/wp-json\/wp\/v2\/users\/12"}],"replies":[{"embeddable":true,"href":"https:\/\/www.aritco.com\/pt\/wp-json\/wp\/v2\/comments?post=49113"}],"version-history":[{"count":3,"href":"https:\/\/www.aritco.com\/pt\/wp-json\/wp\/v2\/pages\/49113\/revisions"}],"predecessor-version":[{"id":61804,"href":"https:\/\/www.aritco.com\/pt\/wp-json\/wp\/v2\/pages\/49113\/revisions\/61804"}],"wp:attachment":[{"href":"https:\/\/www.aritco.com\/pt\/wp-json\/wp\/v2\/media?parent=49113"}],"curies":[{"name":"wp","href":"https:\/\/api.w.org\/{rel}","templated":true}]}}