{"id":48335,"date":"2024-02-20T10:12:02","date_gmt":"2024-02-20T09:12:02","guid":{"rendered":"https:\/\/aritco.kumpan.dev\/concecao-e-opcoes\/"},"modified":"2025-08-20T11:54:52","modified_gmt":"2025-08-20T09:54:52","slug":"concecao-e-opcoes","status":"publish","type":"page","link":"https:\/\/www.aritco.com\/pt\/produtos\/elevadores-domesticos\/concecao-e-opcoes\/","title":{"rendered":"Conce\u00e7\u00e3o e op\u00e7\u00f5es"},"content":{"rendered":"","protected":false},"excerpt":{"rendered":"","protected":false},"author":10,"featured_media":58232,"parent":38088,"menu_order":0,"comment_status":"closed","ping_status":"closed","template":"","meta":{"_acf_changed":false,"footnotes":""},"class_list":["post-48335","page","type-page","status-publish","has-post-thumbnail","hentry"],"acf":[],"yoast_head":"<!-- This site is optimized with the Yoast SEO Premium plugin v26.6 (Yoast SEO v26.6) - https:\/\/yoast.com\/wordpress\/plugins\/seo\/ -->\n<title>Op\u00e7\u00f5es de personaliza\u00e7\u00e3o para elevadores Aritco<\/title>\n<meta name=\"description\" content=\"A variedade de op\u00e7\u00f5es de design d\u00e1-lhe a possibilidade de fazer com que o elevador se destaque na sua casa ou de o integrar no seu estilo e decora\u00e7\u00e3o.\" \/>\n<meta name=\"robots\" content=\"index, follow, max-snippet:-1, max-image-preview:large, max-video-preview:-1\" \/>\n<link rel=\"canonical\" href=\"https:\/\/www.aritco.com\/pt\/produtos\/elevadores-domesticos\/concecao-e-opcoes\/\" \/>\n<meta property=\"og:locale\" content=\"pt_PT\" \/>\n<meta property=\"og:type\" content=\"article\" \/>\n<meta property=\"og:title\" content=\"Crie o seu pr\u00f3prio elevador dom\u00e9stico - Op\u00e7\u00f5es de personaliza\u00e7\u00e3o para elevadores Aritco\" \/>\n<meta property=\"og:description\" content=\"A variedade de op\u00e7\u00f5es de design d\u00e1-lhe a possibilidade de fazer com que o elevador se destaque na sua casa ou de o integrar no seu estilo e decora\u00e7\u00e3o.\" \/>\n<meta property=\"og:url\" content=\"https:\/\/www.aritco.com\/pt\/produtos\/elevadores-domesticos\/concecao-e-opcoes\/\" \/>\n<meta property=\"og:site_name\" content=\"Aritco\" \/>\n<meta property=\"article:modified_time\" content=\"2025-08-20T09:54:52+00:00\" \/>\n<meta property=\"og:image\" content=\"https:\/\/www.aritco.com\/wp-content\/uploads\/2024\/09\/AHL-DW-Concept-16_9-1.jpg\" \/>\n\t<meta property=\"og:image:width\" content=\"1400\" \/>\n\t<meta property=\"og:image:height\" content=\"788\" \/>\n\t<meta property=\"og:image:type\" content=\"image\/jpeg\" \/>\n<meta name=\"twitter:card\" content=\"summary_large_image\" \/>\n<meta name=\"twitter:title\" content=\"Crie o seu pr\u00f3prio elevador dom\u00e9stico - Op\u00e7\u00f5es de personaliza\u00e7\u00e3o para elevadores Aritco\" \/>\n<meta name=\"twitter:label1\" content=\"Est. reading time\" \/>\n\t<meta name=\"twitter:data1\" content=\"1 minute\" \/>\n<script type=\"application\/ld+json\" class=\"yoast-schema-graph\">{\"@context\":\"https:\/\/schema.org\",\"@graph\":[{\"@type\":\"WebPage\",\"@id\":\"https:\/\/www.aritco.com\/pt\/produtos\/elevadores-domesticos\/concecao-e-opcoes\/\",\"url\":\"https:\/\/www.aritco.com\/pt\/produtos\/elevadores-domesticos\/concecao-e-opcoes\/\",\"name\":\"Op\u00e7\u00f5es de personaliza\u00e7\u00e3o para elevadores Aritco\",\"isPartOf\":{\"@id\":\"https:\/\/www.aritco.com\/pt\/#website\"},\"primaryImageOfPage\":{\"@id\":\"https:\/\/www.aritco.com\/pt\/produtos\/elevadores-domesticos\/concecao-e-opcoes\/#primaryimage\"},\"image\":{\"@id\":\"https:\/\/www.aritco.com\/pt\/produtos\/elevadores-domesticos\/concecao-e-opcoes\/#primaryimage\"},\"thumbnailUrl\":\"https:\/\/www.aritco.com\/wp-content\/uploads\/2024\/12\/AHL-DW-Concept-16_9-small.png\",\"datePublished\":\"2024-02-20T09:12:02+00:00\",\"dateModified\":\"2025-08-20T09:54:52+00:00\",\"description\":\"A variedade de op\u00e7\u00f5es de design d\u00e1-lhe a possibilidade de fazer com que o elevador se destaque na sua casa ou de o integrar no seu estilo e decora\u00e7\u00e3o.\",\"breadcrumb\":{\"@id\":\"https:\/\/www.aritco.com\/pt\/produtos\/elevadores-domesticos\/concecao-e-opcoes\/#breadcrumb\"},\"inLanguage\":\"pt\",\"potentialAction\":[{\"@type\":\"ReadAction\",\"target\":[\"https:\/\/www.aritco.com\/pt\/produtos\/elevadores-domesticos\/concecao-e-opcoes\/\"]}]},{\"@type\":\"ImageObject\",\"inLanguage\":\"pt\",\"@id\":\"https:\/\/www.aritco.com\/pt\/produtos\/elevadores-domesticos\/concecao-e-opcoes\/#primaryimage\",\"url\":\"https:\/\/www.aritco.com\/wp-content\/uploads\/2024\/12\/AHL-DW-Concept-16_9-small.png\",\"contentUrl\":\"https:\/\/www.aritco.com\/wp-content\/uploads\/2024\/12\/AHL-DW-Concept-16_9-small.png\",\"width\":1000,\"height\":563},{\"@type\":\"BreadcrumbList\",\"@id\":\"https:\/\/www.aritco.com\/pt\/produtos\/elevadores-domesticos\/concecao-e-opcoes\/#breadcrumb\",\"itemListElement\":[{\"@type\":\"ListItem\",\"position\":1,\"name\":\"Produtos\",\"item\":\"https:\/\/www.aritco.com\/pt\/produtos\/\"},{\"@type\":\"ListItem\",\"position\":2,\"name\":\"Elevadores dom\u00e9sticos\",\"item\":\"https:\/\/www.aritco.com\/pt\/produtos\/elevadores-domesticos\/\"},{\"@type\":\"ListItem\",\"position\":3,\"name\":\"Conce\u00e7\u00e3o e op\u00e7\u00f5es\"}]},{\"@type\":\"WebSite\",\"@id\":\"https:\/\/www.aritco.com\/pt\/#website\",\"url\":\"https:\/\/www.aritco.com\/pt\/\",\"name\":\"Aritco\",\"description\":\"Award-winning lifts for homes and public and commercial use\",\"publisher\":{\"@id\":\"https:\/\/www.aritco.com\/pt\/#organization\"},\"potentialAction\":[{\"@type\":\"SearchAction\",\"target\":{\"@type\":\"EntryPoint\",\"urlTemplate\":\"https:\/\/www.aritco.com\/pt\/?s={search_term_string}\"},\"query-input\":{\"@type\":\"PropertyValueSpecification\",\"valueRequired\":true,\"valueName\":\"search_term_string\"}}],\"inLanguage\":\"pt\"},{\"@type\":\"Organization\",\"@id\":\"https:\/\/www.aritco.com\/pt\/#organization\",\"name\":\"Aritco\",\"url\":\"https:\/\/www.aritco.com\/pt\/\",\"logo\":{\"@type\":\"ImageObject\",\"inLanguage\":\"pt\",\"@id\":\"https:\/\/www.aritco.com\/pt\/#\/schema\/logo\/image\/\",\"url\":\"https:\/\/www.aritco.com\/wp-content\/uploads\/2019\/05\/vertical-3.svg\",\"contentUrl\":\"https:\/\/www.aritco.com\/wp-content\/uploads\/2019\/05\/vertical-3.svg\",\"width\":1,\"height\":1,\"caption\":\"Aritco\"},\"image\":{\"@id\":\"https:\/\/www.aritco.com\/pt\/#\/schema\/logo\/image\/\"},\"publishingPrinciples\":\"https:\/\/www.aritco.com\/about-aritco\/\"}]}<\/script>\n<!-- \/ Yoast SEO Premium plugin. -->","yoast_head_json":{"title":"Op\u00e7\u00f5es de personaliza\u00e7\u00e3o para elevadores Aritco","description":"A variedade de op\u00e7\u00f5es de design d\u00e1-lhe a possibilidade de fazer com que o elevador se destaque na sua casa ou de o integrar no seu estilo e decora\u00e7\u00e3o.","robots":{"index":"index","follow":"follow","max-snippet":"max-snippet:-1","max-image-preview":"max-image-preview:large","max-video-preview":"max-video-preview:-1"},"canonical":"https:\/\/www.aritco.com\/pt\/produtos\/elevadores-domesticos\/concecao-e-opcoes\/","og_locale":"pt_PT","og_type":"article","og_title":"Crie o seu pr\u00f3prio elevador dom\u00e9stico - Op\u00e7\u00f5es de personaliza\u00e7\u00e3o para elevadores Aritco","og_description":"A variedade de op\u00e7\u00f5es de design d\u00e1-lhe a possibilidade de fazer com que o elevador se destaque na sua casa ou de o integrar no seu estilo e decora\u00e7\u00e3o.","og_url":"https:\/\/www.aritco.com\/pt\/produtos\/elevadores-domesticos\/concecao-e-opcoes\/","og_site_name":"Aritco","article_modified_time":"2025-08-20T09:54:52+00:00","og_image":[{"width":1400,"height":788,"url":"https:\/\/www.aritco.com\/wp-content\/uploads\/2024\/09\/AHL-DW-Concept-16_9-1.jpg","type":"image\/jpeg"}],"twitter_card":"summary_large_image","twitter_title":"Crie o seu pr\u00f3prio elevador dom\u00e9stico - Op\u00e7\u00f5es de personaliza\u00e7\u00e3o para elevadores Aritco","twitter_misc":{"Est. reading time":"1 minute"},"schema":{"@context":"https:\/\/schema.org","@graph":[{"@type":"WebPage","@id":"https:\/\/www.aritco.com\/pt\/produtos\/elevadores-domesticos\/concecao-e-opcoes\/","url":"https:\/\/www.aritco.com\/pt\/produtos\/elevadores-domesticos\/concecao-e-opcoes\/","name":"Op\u00e7\u00f5es de personaliza\u00e7\u00e3o para elevadores Aritco","isPartOf":{"@id":"https:\/\/www.aritco.com\/pt\/#website"},"primaryImageOfPage":{"@id":"https:\/\/www.aritco.com\/pt\/produtos\/elevadores-domesticos\/concecao-e-opcoes\/#primaryimage"},"image":{"@id":"https:\/\/www.aritco.com\/pt\/produtos\/elevadores-domesticos\/concecao-e-opcoes\/#primaryimage"},"thumbnailUrl":"https:\/\/www.aritco.com\/wp-content\/uploads\/2024\/12\/AHL-DW-Concept-16_9-small.png","datePublished":"2024-02-20T09:12:02+00:00","dateModified":"2025-08-20T09:54:52+00:00","description":"A variedade de op\u00e7\u00f5es de design d\u00e1-lhe a possibilidade de fazer com que o elevador se destaque na sua casa ou de o integrar no seu estilo e decora\u00e7\u00e3o.","breadcrumb":{"@id":"https:\/\/www.aritco.com\/pt\/produtos\/elevadores-domesticos\/concecao-e-opcoes\/#breadcrumb"},"inLanguage":"pt","potentialAction":[{"@type":"ReadAction","target":["https:\/\/www.aritco.com\/pt\/produtos\/elevadores-domesticos\/concecao-e-opcoes\/"]}]},{"@type":"ImageObject","inLanguage":"pt","@id":"https:\/\/www.aritco.com\/pt\/produtos\/elevadores-domesticos\/concecao-e-opcoes\/#primaryimage","url":"https:\/\/www.aritco.com\/wp-content\/uploads\/2024\/12\/AHL-DW-Concept-16_9-small.png","contentUrl":"https:\/\/www.aritco.com\/wp-content\/uploads\/2024\/12\/AHL-DW-Concept-16_9-small.png","width":1000,"height":563},{"@type":"BreadcrumbList","@id":"https:\/\/www.aritco.com\/pt\/produtos\/elevadores-domesticos\/concecao-e-opcoes\/#breadcrumb","itemListElement":[{"@type":"ListItem","position":1,"name":"Produtos","item":"https:\/\/www.aritco.com\/pt\/produtos\/"},{"@type":"ListItem","position":2,"name":"Elevadores dom\u00e9sticos","item":"https:\/\/www.aritco.com\/pt\/produtos\/elevadores-domesticos\/"},{"@type":"ListItem","position":3,"name":"Conce\u00e7\u00e3o e op\u00e7\u00f5es"}]},{"@type":"WebSite","@id":"https:\/\/www.aritco.com\/pt\/#website","url":"https:\/\/www.aritco.com\/pt\/","name":"Aritco","description":"Award-winning lifts for homes and public and commercial use","publisher":{"@id":"https:\/\/www.aritco.com\/pt\/#organization"},"potentialAction":[{"@type":"SearchAction","target":{"@type":"EntryPoint","urlTemplate":"https:\/\/www.aritco.com\/pt\/?s={search_term_string}"},"query-input":{"@type":"PropertyValueSpecification","valueRequired":true,"valueName":"search_term_string"}}],"inLanguage":"pt"},{"@type":"Organization","@id":"https:\/\/www.aritco.com\/pt\/#organization","name":"Aritco","url":"https:\/\/www.aritco.com\/pt\/","logo":{"@type":"ImageObject","inLanguage":"pt","@id":"https:\/\/www.aritco.com\/pt\/#\/schema\/logo\/image\/","url":"https:\/\/www.aritco.com\/wp-content\/uploads\/2019\/05\/vertical-3.svg","contentUrl":"https:\/\/www.aritco.com\/wp-content\/uploads\/2019\/05\/vertical-3.svg","width":1,"height":1,"caption":"Aritco"},"image":{"@id":"https:\/\/www.aritco.com\/pt\/#\/schema\/logo\/image\/"},"publishingPrinciples":"https:\/\/www.aritco.com\/about-aritco\/"}]}},"_links":{"self":[{"href":"https:\/\/www.aritco.com\/pt\/wp-json\/wp\/v2\/pages\/48335","targetHints":{"allow":["GET"]}}],"collection":[{"href":"https:\/\/www.aritco.com\/pt\/wp-json\/wp\/v2\/pages"}],"about":[{"href":"https:\/\/www.aritco.com\/pt\/wp-json\/wp\/v2\/types\/page"}],"author":[{"embeddable":true,"href":"https:\/\/www.aritco.com\/pt\/wp-json\/wp\/v2\/users\/10"}],"replies":[{"embeddable":true,"href":"https:\/\/www.aritco.com\/pt\/wp-json\/wp\/v2\/comments?post=48335"}],"version-history":[{"count":8,"href":"https:\/\/www.aritco.com\/pt\/wp-json\/wp\/v2\/pages\/48335\/revisions"}],"predecessor-version":[{"id":61819,"href":"https:\/\/www.aritco.com\/pt\/wp-json\/wp\/v2\/pages\/48335\/revisions\/61819"}],"up":[{"embeddable":true,"href":"https:\/\/www.aritco.com\/pt\/wp-json\/wp\/v2\/pages\/38088"}],"wp:featuredmedia":[{"embeddable":true,"href":"https:\/\/www.aritco.com\/pt\/wp-json\/wp\/v2\/media\/58232"}],"wp:attachment":[{"href":"https:\/\/www.aritco.com\/pt\/wp-json\/wp\/v2\/media?parent=48335"}],"curies":[{"name":"wp","href":"https:\/\/api.w.org\/{rel}","templated":true}]}}