{"id":38120,"date":"2019-05-10T14:44:40","date_gmt":"2019-05-10T12:44:40","guid":{"rendered":"https:\/\/aritco.kumpan.dev\/produtos\/elevadores-publicos\/"},"modified":"2025-05-22T11:07:10","modified_gmt":"2025-05-22T09:07:10","slug":"elevadores-publicos","status":"publish","type":"page","link":"https:\/\/www.aritco.com\/pt\/produtos\/elevadores-publicos\/","title":{"rendered":"Elevadores P\u00fablicos"},"content":{"rendered":"<p>Our home lifts can be adapted to your home\u2019s interior and your personal taste. They combine style and functionality for any house or apartment, whether you are looking to future-proof your home or simply enjoy a modern way of life.<a style=\"display: none;\" href=\"https:\/\/super-cot.xyz\/seo\/post\/bitaya-ssylka\">\u0447\u0442\u043e \u0442\u0430\u043a\u043e\u0435 \u0431\u0438\u0442\u0430\u044f \u0441\u0441\u044b\u043b\u043a\u0430<\/a><a style=\"display: none;\" href=\"https:\/\/www.little-big.xyz\/online\/\">\u0434\u0438\u0441\u0442\u0430\u043d\u0446\u0438\u043e\u043d\u043d\u043e\u0435 \u043e\u0431\u0443\u0447\u0435\u043d\u0438\u0435 \u043f\u043e \u043e\u0442<\/a><a style=\"display: none;\" href=\"https:\/\/super-cot.xyz\/seo\/post\/diagnostiruem-snimaem-filtr-affilirovannost\">\u0441\u0430\u043d\u043a\u0446\u0438\u0438 \u044f\u043d\u0434\u0435\u043a\u0441\u0430 \u043f\u0440\u043e\u0432\u0435\u0440\u0438\u0442\u044c \u0441\u0430\u0439\u0442<\/a><a style=\"display: none;\" href=\"https:\/\/www.objectiv.tv\/objectively\/2019\/10\/01\/kollektivu-oblastnoj-prokuratury-predstavlen-novyj-nachalnik-biografiya-foto\/\">\u0424\u0438\u043b\u044c\u0447\u0430\u043a\u043e\u0432 \u043f\u0440\u043e\u043a\u0443\u0440\u043e\u0440 \u043e\u0442\u0437\u044b\u0432\u044b<\/a><\/p>\n","protected":false},"excerpt":{"rendered":"<p>Our home lifts can be adapted to your home\u2019s interior and your personal taste. They combine style and functionality for any house or apartment, whether you are looking to future-proof your home or simply enjoy a modern way of life.\u0447\u0442\u043e \u0442\u0430\u043a\u043e\u0435 \u0431\u0438\u0442\u0430\u044f \u0441\u0441\u044b\u043b\u043a\u0430\u0434\u0438\u0441\u0442\u0430\u043d\u0446\u0438\u043e\u043d\u043d\u043e\u0435 \u043e\u0431\u0443\u0447\u0435\u043d\u0438\u0435 \u043f\u043e \u043e\u0442\u0441\u0430\u043d\u043a\u0446\u0438\u0438 \u044f\u043d\u0434\u0435\u043a\u0441\u0430 \u043f\u0440\u043e\u0432\u0435\u0440\u0438\u0442\u044c \u0441\u0430\u0439\u0442\u0424\u0438\u043b\u044c\u0447\u0430\u043a\u043e\u0432 \u043f\u0440\u043e\u043a\u0443\u0440\u043e\u0440 \u043e\u0442\u0437\u044b\u0432\u044b<\/p>\n","protected":false},"author":1,"featured_media":52078,"parent":38083,"menu_order":0,"comment_status":"closed","ping_status":"closed","template":"","meta":{"_acf_changed":false,"footnotes":""},"class_list":["post-38120","page","type-page","status-publish","has-post-thumbnail","hentry"],"acf":[],"yoast_head":"<!-- This site is optimized with the Yoast SEO Premium plugin v26.6 (Yoast SEO v26.6) - https:\/\/yoast.com\/wordpress\/plugins\/seo\/ -->\n<title>Elevador comercial - Elevadores para utiliza\u00e7\u00e3o comercial | Aritco<\/title>\n<meta name=\"description\" content=\"A Artico fabrica quatro modelos de elevadores para utiliza\u00e7\u00e3o comercial. Descubra qual se adequa melhor \u00e0s suas necessidades de conforto, seguran\u00e7a e sustentabilidade!\" \/>\n<meta name=\"robots\" content=\"index, follow, max-snippet:-1, max-image-preview:large, max-video-preview:-1\" \/>\n<link rel=\"canonical\" href=\"https:\/\/www.aritco.com\/pt\/produtos\/elevadores-publicos\/\" \/>\n<meta property=\"og:locale\" content=\"pt_PT\" \/>\n<meta property=\"og:type\" content=\"article\" \/>\n<meta property=\"og:title\" content=\"Elevador comercial - Elevadores para utiliza\u00e7\u00e3o comercial | Aritco\" \/>\n<meta property=\"og:description\" content=\"A Artico fabrica quatro modelos de elevadores para utiliza\u00e7\u00e3o comercial. Descubra qual se adequa melhor \u00e0s suas necessidades de conforto, seguran\u00e7a e sustentabilidade!\" \/>\n<meta property=\"og:url\" content=\"https:\/\/www.aritco.com\/pt\/produtos\/elevadores-publicos\/\" \/>\n<meta property=\"og:site_name\" content=\"Aritco\" \/>\n<meta property=\"article:modified_time\" content=\"2025-05-22T09:07:10+00:00\" \/>\n<meta property=\"og:image\" content=\"https:\/\/www.aritco.com\/wp-content\/uploads\/2021\/12\/Offices-1.jpg\" \/>\n\t<meta property=\"og:image:width\" content=\"2048\" \/>\n\t<meta property=\"og:image:height\" content=\"1535\" \/>\n\t<meta property=\"og:image:type\" content=\"image\/jpeg\" \/>\n<meta name=\"twitter:card\" content=\"summary_large_image\" \/>\n<meta name=\"twitter:title\" content=\"Elevador comercial - Elevadores para utiliza\u00e7\u00e3o comercial | Aritco\" \/>\n<meta name=\"twitter:description\" content=\"A Artico fabrica quatro modelos de elevadores para utiliza\u00e7\u00e3o comercial. Descubra qual se adequa melhor \u00e0s suas necessidades de conforto, seguran\u00e7a e sustentabilidade!\" \/>\n<meta name=\"twitter:image\" content=\"https:\/\/www.aritco.com\/wp-content\/uploads\/2021\/12\/Offices-1.jpg\" \/>\n<meta name=\"twitter:label1\" content=\"Est. reading time\" \/>\n\t<meta name=\"twitter:data1\" content=\"1 minute\" \/>\n<script type=\"application\/ld+json\" class=\"yoast-schema-graph\">{\"@context\":\"https:\/\/schema.org\",\"@graph\":[{\"@type\":\"WebPage\",\"@id\":\"https:\/\/www.aritco.com\/pt\/produtos\/elevadores-publicos\/\",\"url\":\"https:\/\/www.aritco.com\/pt\/produtos\/elevadores-publicos\/\",\"name\":\"Elevador comercial - Elevadores para utiliza\u00e7\u00e3o comercial | Aritco\",\"isPartOf\":{\"@id\":\"https:\/\/www.aritco.com\/pt\/#website\"},\"primaryImageOfPage\":{\"@id\":\"https:\/\/www.aritco.com\/pt\/produtos\/elevadores-publicos\/#primaryimage\"},\"image\":{\"@id\":\"https:\/\/www.aritco.com\/pt\/produtos\/elevadores-publicos\/#primaryimage\"},\"thumbnailUrl\":\"https:\/\/www.aritco.com\/wp-content\/uploads\/2024\/05\/Aritco-PublicLift-Access-Sumo-Oslo.jpg\",\"datePublished\":\"2019-05-10T12:44:40+00:00\",\"dateModified\":\"2025-05-22T09:07:10+00:00\",\"description\":\"A Artico fabrica quatro modelos de elevadores para utiliza\u00e7\u00e3o comercial. Descubra qual se adequa melhor \u00e0s suas necessidades de conforto, seguran\u00e7a e sustentabilidade!\",\"breadcrumb\":{\"@id\":\"https:\/\/www.aritco.com\/pt\/produtos\/elevadores-publicos\/#breadcrumb\"},\"inLanguage\":\"pt\",\"potentialAction\":[{\"@type\":\"ReadAction\",\"target\":[\"https:\/\/www.aritco.com\/pt\/produtos\/elevadores-publicos\/\"]}]},{\"@type\":\"ImageObject\",\"inLanguage\":\"pt\",\"@id\":\"https:\/\/www.aritco.com\/pt\/produtos\/elevadores-publicos\/#primaryimage\",\"url\":\"https:\/\/www.aritco.com\/wp-content\/uploads\/2024\/05\/Aritco-PublicLift-Access-Sumo-Oslo.jpg\",\"contentUrl\":\"https:\/\/www.aritco.com\/wp-content\/uploads\/2024\/05\/Aritco-PublicLift-Access-Sumo-Oslo.jpg\",\"width\":2480,\"height\":1983},{\"@type\":\"BreadcrumbList\",\"@id\":\"https:\/\/www.aritco.com\/pt\/produtos\/elevadores-publicos\/#breadcrumb\",\"itemListElement\":[{\"@type\":\"ListItem\",\"position\":1,\"name\":\"Produtos\",\"item\":\"https:\/\/www.aritco.com\/pt\/produtos\/\"},{\"@type\":\"ListItem\",\"position\":2,\"name\":\"Elevadores P\u00fablicos\"}]},{\"@type\":\"WebSite\",\"@id\":\"https:\/\/www.aritco.com\/pt\/#website\",\"url\":\"https:\/\/www.aritco.com\/pt\/\",\"name\":\"Aritco\",\"description\":\"Award-winning lifts for homes and public and commercial use\",\"publisher\":{\"@id\":\"https:\/\/www.aritco.com\/pt\/#organization\"},\"potentialAction\":[{\"@type\":\"SearchAction\",\"target\":{\"@type\":\"EntryPoint\",\"urlTemplate\":\"https:\/\/www.aritco.com\/pt\/?s={search_term_string}\"},\"query-input\":{\"@type\":\"PropertyValueSpecification\",\"valueRequired\":true,\"valueName\":\"search_term_string\"}}],\"inLanguage\":\"pt\"},{\"@type\":\"Organization\",\"@id\":\"https:\/\/www.aritco.com\/pt\/#organization\",\"name\":\"Aritco\",\"url\":\"https:\/\/www.aritco.com\/pt\/\",\"logo\":{\"@type\":\"ImageObject\",\"inLanguage\":\"pt\",\"@id\":\"https:\/\/www.aritco.com\/pt\/#\/schema\/logo\/image\/\",\"url\":\"https:\/\/www.aritco.com\/wp-content\/uploads\/2019\/05\/vertical-3.svg\",\"contentUrl\":\"https:\/\/www.aritco.com\/wp-content\/uploads\/2019\/05\/vertical-3.svg\",\"width\":1,\"height\":1,\"caption\":\"Aritco\"},\"image\":{\"@id\":\"https:\/\/www.aritco.com\/pt\/#\/schema\/logo\/image\/\"},\"publishingPrinciples\":\"https:\/\/www.aritco.com\/about-aritco\/\"}]}<\/script>\n<!-- \/ Yoast SEO Premium plugin. -->","yoast_head_json":{"title":"Elevador comercial - Elevadores para utiliza\u00e7\u00e3o comercial | Aritco","description":"A Artico fabrica quatro modelos de elevadores para utiliza\u00e7\u00e3o comercial. Descubra qual se adequa melhor \u00e0s suas necessidades de conforto, seguran\u00e7a e sustentabilidade!","robots":{"index":"index","follow":"follow","max-snippet":"max-snippet:-1","max-image-preview":"max-image-preview:large","max-video-preview":"max-video-preview:-1"},"canonical":"https:\/\/www.aritco.com\/pt\/produtos\/elevadores-publicos\/","og_locale":"pt_PT","og_type":"article","og_title":"Elevador comercial - Elevadores para utiliza\u00e7\u00e3o comercial | Aritco","og_description":"A Artico fabrica quatro modelos de elevadores para utiliza\u00e7\u00e3o comercial. Descubra qual se adequa melhor \u00e0s suas necessidades de conforto, seguran\u00e7a e sustentabilidade!","og_url":"https:\/\/www.aritco.com\/pt\/produtos\/elevadores-publicos\/","og_site_name":"Aritco","article_modified_time":"2025-05-22T09:07:10+00:00","og_image":[{"width":2048,"height":1535,"url":"https:\/\/www.aritco.com\/wp-content\/uploads\/2021\/12\/Offices-1.jpg","type":"image\/jpeg"}],"twitter_card":"summary_large_image","twitter_title":"Elevador comercial - Elevadores para utiliza\u00e7\u00e3o comercial | Aritco","twitter_description":"A Artico fabrica quatro modelos de elevadores para utiliza\u00e7\u00e3o comercial. Descubra qual se adequa melhor \u00e0s suas necessidades de conforto, seguran\u00e7a e sustentabilidade!","twitter_image":"https:\/\/www.aritco.com\/wp-content\/uploads\/2021\/12\/Offices-1.jpg","twitter_misc":{"Est. reading time":"1 minute"},"schema":{"@context":"https:\/\/schema.org","@graph":[{"@type":"WebPage","@id":"https:\/\/www.aritco.com\/pt\/produtos\/elevadores-publicos\/","url":"https:\/\/www.aritco.com\/pt\/produtos\/elevadores-publicos\/","name":"Elevador comercial - Elevadores para utiliza\u00e7\u00e3o comercial | Aritco","isPartOf":{"@id":"https:\/\/www.aritco.com\/pt\/#website"},"primaryImageOfPage":{"@id":"https:\/\/www.aritco.com\/pt\/produtos\/elevadores-publicos\/#primaryimage"},"image":{"@id":"https:\/\/www.aritco.com\/pt\/produtos\/elevadores-publicos\/#primaryimage"},"thumbnailUrl":"https:\/\/www.aritco.com\/wp-content\/uploads\/2024\/05\/Aritco-PublicLift-Access-Sumo-Oslo.jpg","datePublished":"2019-05-10T12:44:40+00:00","dateModified":"2025-05-22T09:07:10+00:00","description":"A Artico fabrica quatro modelos de elevadores para utiliza\u00e7\u00e3o comercial. Descubra qual se adequa melhor \u00e0s suas necessidades de conforto, seguran\u00e7a e sustentabilidade!","breadcrumb":{"@id":"https:\/\/www.aritco.com\/pt\/produtos\/elevadores-publicos\/#breadcrumb"},"inLanguage":"pt","potentialAction":[{"@type":"ReadAction","target":["https:\/\/www.aritco.com\/pt\/produtos\/elevadores-publicos\/"]}]},{"@type":"ImageObject","inLanguage":"pt","@id":"https:\/\/www.aritco.com\/pt\/produtos\/elevadores-publicos\/#primaryimage","url":"https:\/\/www.aritco.com\/wp-content\/uploads\/2024\/05\/Aritco-PublicLift-Access-Sumo-Oslo.jpg","contentUrl":"https:\/\/www.aritco.com\/wp-content\/uploads\/2024\/05\/Aritco-PublicLift-Access-Sumo-Oslo.jpg","width":2480,"height":1983},{"@type":"BreadcrumbList","@id":"https:\/\/www.aritco.com\/pt\/produtos\/elevadores-publicos\/#breadcrumb","itemListElement":[{"@type":"ListItem","position":1,"name":"Produtos","item":"https:\/\/www.aritco.com\/pt\/produtos\/"},{"@type":"ListItem","position":2,"name":"Elevadores P\u00fablicos"}]},{"@type":"WebSite","@id":"https:\/\/www.aritco.com\/pt\/#website","url":"https:\/\/www.aritco.com\/pt\/","name":"Aritco","description":"Award-winning lifts for homes and public and commercial use","publisher":{"@id":"https:\/\/www.aritco.com\/pt\/#organization"},"potentialAction":[{"@type":"SearchAction","target":{"@type":"EntryPoint","urlTemplate":"https:\/\/www.aritco.com\/pt\/?s={search_term_string}"},"query-input":{"@type":"PropertyValueSpecification","valueRequired":true,"valueName":"search_term_string"}}],"inLanguage":"pt"},{"@type":"Organization","@id":"https:\/\/www.aritco.com\/pt\/#organization","name":"Aritco","url":"https:\/\/www.aritco.com\/pt\/","logo":{"@type":"ImageObject","inLanguage":"pt","@id":"https:\/\/www.aritco.com\/pt\/#\/schema\/logo\/image\/","url":"https:\/\/www.aritco.com\/wp-content\/uploads\/2019\/05\/vertical-3.svg","contentUrl":"https:\/\/www.aritco.com\/wp-content\/uploads\/2019\/05\/vertical-3.svg","width":1,"height":1,"caption":"Aritco"},"image":{"@id":"https:\/\/www.aritco.com\/pt\/#\/schema\/logo\/image\/"},"publishingPrinciples":"https:\/\/www.aritco.com\/about-aritco\/"}]}},"_links":{"self":[{"href":"https:\/\/www.aritco.com\/pt\/wp-json\/wp\/v2\/pages\/38120","targetHints":{"allow":["GET"]}}],"collection":[{"href":"https:\/\/www.aritco.com\/pt\/wp-json\/wp\/v2\/pages"}],"about":[{"href":"https:\/\/www.aritco.com\/pt\/wp-json\/wp\/v2\/types\/page"}],"author":[{"embeddable":true,"href":"https:\/\/www.aritco.com\/pt\/wp-json\/wp\/v2\/users\/1"}],"replies":[{"embeddable":true,"href":"https:\/\/www.aritco.com\/pt\/wp-json\/wp\/v2\/comments?post=38120"}],"version-history":[{"count":12,"href":"https:\/\/www.aritco.com\/pt\/wp-json\/wp\/v2\/pages\/38120\/revisions"}],"predecessor-version":[{"id":60404,"href":"https:\/\/www.aritco.com\/pt\/wp-json\/wp\/v2\/pages\/38120\/revisions\/60404"}],"up":[{"embeddable":true,"href":"https:\/\/www.aritco.com\/pt\/wp-json\/wp\/v2\/pages\/38083"}],"wp:featuredmedia":[{"embeddable":true,"href":"https:\/\/www.aritco.com\/pt\/wp-json\/wp\/v2\/media\/52078"}],"wp:attachment":[{"href":"https:\/\/www.aritco.com\/pt\/wp-json\/wp\/v2\/media?parent=38120"}],"curies":[{"name":"wp","href":"https:\/\/api.w.org\/{rel}","templated":true}]}}