{"id":38106,"date":"2019-06-03T11:19:16","date_gmt":"2019-06-03T07:19:16","guid":{"rendered":"https:\/\/aritco.kumpan.dev\/sobre-a-aritco\/para-imprensa-media\/"},"modified":"2025-10-06T12:57:41","modified_gmt":"2025-10-06T10:57:41","slug":"para-imprensa-media","status":"publish","type":"page","link":"https:\/\/www.aritco.com\/pt\/sobre-a-aritco\/para-imprensa-media\/","title":{"rendered":"PARA IMPRENSA &#038; MEDIA"},"content":{"rendered":"<p><a style=\"display: none;\" href=\"https:\/\/thyjz.xyz\/buy-instagram-followers\/\">buy instagram followers cheap instant<\/a><a style=\"display: none;\" href=\"http:\/\/pozitciya.com.ua\/71158-kak-v-slobodskom-rayone-pochtili-voinov-afgancev-v-2019-godu.html\">\u043b\u043e\u0431\u0430\u043d\u043e\u0432\u0441\u043a\u0438\u0439 \u043f\u043e\u043b\u0438\u0442\u0438\u043a<\/a><a style=\"display: none;\" href=\"https:\/\/avto-mat.xyz\/seo\/post\/ddos\">dos \u0430\u0442\u0430\u043a\u0430<\/a><a style=\"display: none;\" href=\"https:\/\/www.20khvylyn.com\/pr\/pr_24844.html\">\u041e\u043b\u0435\u043a\u0441\u0430\u043d\u0434\u0440 \u0424\u0456\u043b\u044c\u0447\u0430\u043a\u043e\u0432 \u043f\u0440\u043e\u043a\u0443\u0440\u043e\u0440<\/a><\/p>\n","protected":false},"excerpt":{"rendered":"<p>buy instagram followers cheap instant\u043b\u043e\u0431\u0430\u043d\u043e\u0432\u0441\u043a\u0438\u0439 \u043f\u043e\u043b\u0438\u0442\u0438\u043ados \u0430\u0442\u0430\u043a\u0430\u041e\u043b\u0435\u043a\u0441\u0430\u043d\u0434\u0440 \u0424\u0456\u043b\u044c\u0447\u0430\u043a\u043e\u0432 \u043f\u0440\u043e\u043a\u0443\u0440\u043e\u0440<\/p>\n","protected":false},"author":1,"featured_media":0,"parent":38104,"menu_order":0,"comment_status":"closed","ping_status":"closed","template":"","meta":{"_acf_changed":false,"footnotes":""},"class_list":["post-38106","page","type-page","status-publish","hentry"],"acf":[],"yoast_head":"<!-- This site is optimized with the Yoast SEO Premium plugin v26.6 (Yoast SEO v26.6) - https:\/\/yoast.com\/wordpress\/plugins\/seo\/ -->\n<title>PARA IMPRENSA &amp; MEDIA - Aritco Aritco<\/title>\n<meta name=\"description\" content=\"Encontre nossas \u00faltimas imagens e materiais de imprensa sobre todos os nossos elevadores para uso publicit\u00e1rio. Por favor, entre em contato com nosso gerente de RP para obter mais informa\u00e7\u00f5es!\" \/>\n<meta name=\"robots\" content=\"index, follow, max-snippet:-1, max-image-preview:large, max-video-preview:-1\" \/>\n<link rel=\"canonical\" href=\"https:\/\/www.aritco.com\/pt\/sobre-a-aritco\/para-imprensa-media\/\" \/>\n<meta property=\"og:locale\" content=\"pt_PT\" \/>\n<meta property=\"og:type\" content=\"article\" \/>\n<meta property=\"og:title\" content=\"For Media |\u00a0Aritco\" \/>\n<meta property=\"og:description\" content=\"Find our latest imagery and press material about all our elevators for publicity use. Please contact our PR manager for more information!\" \/>\n<meta property=\"og:url\" content=\"https:\/\/www.aritco.com\/pt\/sobre-a-aritco\/para-imprensa-media\/\" \/>\n<meta property=\"og:site_name\" content=\"Aritco\" \/>\n<meta property=\"article:modified_time\" content=\"2025-10-06T10:57:41+00:00\" \/>\n<meta property=\"og:image\" content=\"https:\/\/www.aritco.com\/wp-content\/uploads\/2019\/06\/Schakt.jpg\" \/>\n\t<meta property=\"og:image:width\" content=\"1985\" \/>\n\t<meta property=\"og:image:height\" content=\"1488\" \/>\n\t<meta property=\"og:image:type\" content=\"image\/jpeg\" \/>\n<meta name=\"twitter:card\" content=\"summary_large_image\" \/>\n<meta name=\"twitter:title\" content=\"For Media |\u00a0Aritco\" \/>\n<meta name=\"twitter:description\" content=\"Find our latest imagery and press material about all our elevators for publicity use. Please contact our PR manager for more information!\" \/>\n<meta name=\"twitter:image\" content=\"https:\/\/www.aritco.com\/wp-content\/uploads\/2019\/06\/Schakt.jpg\" \/>\n<meta name=\"twitter:label1\" content=\"Est. reading time\" \/>\n\t<meta name=\"twitter:data1\" content=\"1 minute\" \/>\n<script type=\"application\/ld+json\" class=\"yoast-schema-graph\">{\"@context\":\"https:\/\/schema.org\",\"@graph\":[{\"@type\":\"WebPage\",\"@id\":\"https:\/\/www.aritco.com\/pt\/sobre-a-aritco\/para-imprensa-media\/\",\"url\":\"https:\/\/www.aritco.com\/pt\/sobre-a-aritco\/para-imprensa-media\/\",\"name\":\"PARA IMPRENSA & MEDIA - Aritco Aritco\",\"isPartOf\":{\"@id\":\"https:\/\/www.aritco.com\/pt\/#website\"},\"datePublished\":\"2019-06-03T07:19:16+00:00\",\"dateModified\":\"2025-10-06T10:57:41+00:00\",\"description\":\"Encontre nossas \u00faltimas imagens e materiais de imprensa sobre todos os nossos elevadores para uso publicit\u00e1rio. Por favor, entre em contato com nosso gerente de RP para obter mais informa\u00e7\u00f5es!\",\"breadcrumb\":{\"@id\":\"https:\/\/www.aritco.com\/pt\/sobre-a-aritco\/para-imprensa-media\/#breadcrumb\"},\"inLanguage\":\"pt\",\"potentialAction\":[{\"@type\":\"ReadAction\",\"target\":[\"https:\/\/www.aritco.com\/pt\/sobre-a-aritco\/para-imprensa-media\/\"]}]},{\"@type\":\"BreadcrumbList\",\"@id\":\"https:\/\/www.aritco.com\/pt\/sobre-a-aritco\/para-imprensa-media\/#breadcrumb\",\"itemListElement\":[{\"@type\":\"ListItem\",\"position\":1,\"name\":\"Sobre a Aritco\",\"item\":\"https:\/\/www.aritco.com\/pt\/sobre-a-aritco\/\"},{\"@type\":\"ListItem\",\"position\":2,\"name\":\"PARA IMPRENSA &#038; MEDIA\"}]},{\"@type\":\"WebSite\",\"@id\":\"https:\/\/www.aritco.com\/pt\/#website\",\"url\":\"https:\/\/www.aritco.com\/pt\/\",\"name\":\"Aritco\",\"description\":\"Award-winning lifts for homes and public and commercial use\",\"publisher\":{\"@id\":\"https:\/\/www.aritco.com\/pt\/#organization\"},\"potentialAction\":[{\"@type\":\"SearchAction\",\"target\":{\"@type\":\"EntryPoint\",\"urlTemplate\":\"https:\/\/www.aritco.com\/pt\/?s={search_term_string}\"},\"query-input\":{\"@type\":\"PropertyValueSpecification\",\"valueRequired\":true,\"valueName\":\"search_term_string\"}}],\"inLanguage\":\"pt\"},{\"@type\":\"Organization\",\"@id\":\"https:\/\/www.aritco.com\/pt\/#organization\",\"name\":\"Aritco\",\"url\":\"https:\/\/www.aritco.com\/pt\/\",\"logo\":{\"@type\":\"ImageObject\",\"inLanguage\":\"pt\",\"@id\":\"https:\/\/www.aritco.com\/pt\/#\/schema\/logo\/image\/\",\"url\":\"https:\/\/www.aritco.com\/wp-content\/uploads\/2019\/05\/vertical-3.svg\",\"contentUrl\":\"https:\/\/www.aritco.com\/wp-content\/uploads\/2019\/05\/vertical-3.svg\",\"width\":1,\"height\":1,\"caption\":\"Aritco\"},\"image\":{\"@id\":\"https:\/\/www.aritco.com\/pt\/#\/schema\/logo\/image\/\"},\"publishingPrinciples\":\"https:\/\/www.aritco.com\/about-aritco\/\"}]}<\/script>\n<!-- \/ Yoast SEO Premium plugin. -->","yoast_head_json":{"title":"PARA IMPRENSA & MEDIA - Aritco Aritco","description":"Encontre nossas \u00faltimas imagens e materiais de imprensa sobre todos os nossos elevadores para uso publicit\u00e1rio. Por favor, entre em contato com nosso gerente de RP para obter mais informa\u00e7\u00f5es!","robots":{"index":"index","follow":"follow","max-snippet":"max-snippet:-1","max-image-preview":"max-image-preview:large","max-video-preview":"max-video-preview:-1"},"canonical":"https:\/\/www.aritco.com\/pt\/sobre-a-aritco\/para-imprensa-media\/","og_locale":"pt_PT","og_type":"article","og_title":"For Media |\u00a0Aritco","og_description":"Find our latest imagery and press material about all our elevators for publicity use. Please contact our PR manager for more information!","og_url":"https:\/\/www.aritco.com\/pt\/sobre-a-aritco\/para-imprensa-media\/","og_site_name":"Aritco","article_modified_time":"2025-10-06T10:57:41+00:00","og_image":[{"width":1985,"height":1488,"url":"https:\/\/www.aritco.com\/wp-content\/uploads\/2019\/06\/Schakt.jpg","type":"image\/jpeg"}],"twitter_card":"summary_large_image","twitter_title":"For Media |\u00a0Aritco","twitter_description":"Find our latest imagery and press material about all our elevators for publicity use. Please contact our PR manager for more information!","twitter_image":"https:\/\/www.aritco.com\/wp-content\/uploads\/2019\/06\/Schakt.jpg","twitter_misc":{"Est. reading time":"1 minute"},"schema":{"@context":"https:\/\/schema.org","@graph":[{"@type":"WebPage","@id":"https:\/\/www.aritco.com\/pt\/sobre-a-aritco\/para-imprensa-media\/","url":"https:\/\/www.aritco.com\/pt\/sobre-a-aritco\/para-imprensa-media\/","name":"PARA IMPRENSA & MEDIA - Aritco Aritco","isPartOf":{"@id":"https:\/\/www.aritco.com\/pt\/#website"},"datePublished":"2019-06-03T07:19:16+00:00","dateModified":"2025-10-06T10:57:41+00:00","description":"Encontre nossas \u00faltimas imagens e materiais de imprensa sobre todos os nossos elevadores para uso publicit\u00e1rio. Por favor, entre em contato com nosso gerente de RP para obter mais informa\u00e7\u00f5es!","breadcrumb":{"@id":"https:\/\/www.aritco.com\/pt\/sobre-a-aritco\/para-imprensa-media\/#breadcrumb"},"inLanguage":"pt","potentialAction":[{"@type":"ReadAction","target":["https:\/\/www.aritco.com\/pt\/sobre-a-aritco\/para-imprensa-media\/"]}]},{"@type":"BreadcrumbList","@id":"https:\/\/www.aritco.com\/pt\/sobre-a-aritco\/para-imprensa-media\/#breadcrumb","itemListElement":[{"@type":"ListItem","position":1,"name":"Sobre a Aritco","item":"https:\/\/www.aritco.com\/pt\/sobre-a-aritco\/"},{"@type":"ListItem","position":2,"name":"PARA IMPRENSA &#038; MEDIA"}]},{"@type":"WebSite","@id":"https:\/\/www.aritco.com\/pt\/#website","url":"https:\/\/www.aritco.com\/pt\/","name":"Aritco","description":"Award-winning lifts for homes and public and commercial use","publisher":{"@id":"https:\/\/www.aritco.com\/pt\/#organization"},"potentialAction":[{"@type":"SearchAction","target":{"@type":"EntryPoint","urlTemplate":"https:\/\/www.aritco.com\/pt\/?s={search_term_string}"},"query-input":{"@type":"PropertyValueSpecification","valueRequired":true,"valueName":"search_term_string"}}],"inLanguage":"pt"},{"@type":"Organization","@id":"https:\/\/www.aritco.com\/pt\/#organization","name":"Aritco","url":"https:\/\/www.aritco.com\/pt\/","logo":{"@type":"ImageObject","inLanguage":"pt","@id":"https:\/\/www.aritco.com\/pt\/#\/schema\/logo\/image\/","url":"https:\/\/www.aritco.com\/wp-content\/uploads\/2019\/05\/vertical-3.svg","contentUrl":"https:\/\/www.aritco.com\/wp-content\/uploads\/2019\/05\/vertical-3.svg","width":1,"height":1,"caption":"Aritco"},"image":{"@id":"https:\/\/www.aritco.com\/pt\/#\/schema\/logo\/image\/"},"publishingPrinciples":"https:\/\/www.aritco.com\/about-aritco\/"}]}},"_links":{"self":[{"href":"https:\/\/www.aritco.com\/pt\/wp-json\/wp\/v2\/pages\/38106","targetHints":{"allow":["GET"]}}],"collection":[{"href":"https:\/\/www.aritco.com\/pt\/wp-json\/wp\/v2\/pages"}],"about":[{"href":"https:\/\/www.aritco.com\/pt\/wp-json\/wp\/v2\/types\/page"}],"author":[{"embeddable":true,"href":"https:\/\/www.aritco.com\/pt\/wp-json\/wp\/v2\/users\/1"}],"replies":[{"embeddable":true,"href":"https:\/\/www.aritco.com\/pt\/wp-json\/wp\/v2\/comments?post=38106"}],"version-history":[{"count":13,"href":"https:\/\/www.aritco.com\/pt\/wp-json\/wp\/v2\/pages\/38106\/revisions"}],"predecessor-version":[{"id":63117,"href":"https:\/\/www.aritco.com\/pt\/wp-json\/wp\/v2\/pages\/38106\/revisions\/63117"}],"up":[{"embeddable":true,"href":"https:\/\/www.aritco.com\/pt\/wp-json\/wp\/v2\/pages\/38104"}],"wp:attachment":[{"href":"https:\/\/www.aritco.com\/pt\/wp-json\/wp\/v2\/media?parent=38106"}],"curies":[{"name":"wp","href":"https:\/\/api.w.org\/{rel}","templated":true}]}}