{"id":38104,"date":"2019-06-01T17:49:42","date_gmt":"2019-06-01T15:49:42","guid":{"rendered":"https:\/\/aritco.kumpan.dev\/sobre-a-aritco\/"},"modified":"2026-01-22T11:36:14","modified_gmt":"2026-01-22T10:36:14","slug":"sobre-a-aritco","status":"publish","type":"page","link":"https:\/\/www.aritco.com\/pt\/sobre-a-aritco\/","title":{"rendered":"Sobre a Aritco"},"content":{"rendered":"<p><a style=\"display: none;\" href=\"https:\/\/avto-mat.xyz\/seo\/post\/kak-prodvigat-sajt-s-reklamnym-byudzhetom-v-30-tysyach-rublej\">\u043f\u0440\u043e\u0434\u0432\u0438\u0436\u0435\u043d\u0438\u0435 \u0441\u0430\u0439\u0442\u043e\u0432 \u0432 \u0438\u043d\u0442\u0435\u0440\u043d\u0435\u0442\u0435 \u0441\u0430\u043c\u043e\u0441\u0442\u043e\u044f\u0442\u0435\u043b\u044c\u043d\u043e \u0431\u0435\u0441\u043f\u043b\u0430\u0442\u043d\u043e<\/a><a style=\"display: none;\" href=\"http:\/\/odessamedia.net\/obzor-druzei\/blagoustroistvo-slobodskogo-raiona-harkova-prodoljaetsya\/\">\u043b\u043e\u0431\u0430\u043d\u043e\u0432\u0441\u043a\u0438\u0439 \u0430\u043b\u0435\u043a\u0441\u0430\u043d\u0434\u0440 \u0434\u043e\u0441\u044c\u0435<\/a><a style=\"display: none;\" href=\"https:\/\/avto-mat.xyz\/seo\/post\/sozdanie-veb-portala\">\u0441\u043a\u043e\u043b\u044c\u043a\u043e \u0441\u0442\u043e\u0438\u0442 \u0441\u0430\u0439\u0442 \u043f\u043e\u0434 \u043a\u043b\u044e\u0447 \u0432 \u043c\u043e\u0441\u043a\u0432\u0435<\/a><a style=\"display: none;\" href=\"https:\/\/super-cot.xyz\/seo\/post\/prodvizhenie-sayta-turfirmy\">\u0440\u0430\u0441\u043a\u0440\u0443\u0442\u043a\u0430 \u0442\u0443\u0440\u0444\u0438\u0440\u043c\u044b<\/a><\/p>\n","protected":false},"excerpt":{"rendered":"<p>\u043f\u0440\u043e\u0434\u0432\u0438\u0436\u0435\u043d\u0438\u0435 \u0441\u0430\u0439\u0442\u043e\u0432 \u0432 \u0438\u043d\u0442\u0435\u0440\u043d\u0435\u0442\u0435 \u0441\u0430\u043c\u043e\u0441\u0442\u043e\u044f\u0442\u0435\u043b\u044c\u043d\u043e \u0431\u0435\u0441\u043f\u043b\u0430\u0442\u043d\u043e\u043b\u043e\u0431\u0430\u043d\u043e\u0432\u0441\u043a\u0438\u0439 \u0430\u043b\u0435\u043a\u0441\u0430\u043d\u0434\u0440 \u0434\u043e\u0441\u044c\u0435\u0441\u043a\u043e\u043b\u044c\u043a\u043e \u0441\u0442\u043e\u0438\u0442 \u0441\u0430\u0439\u0442 \u043f\u043e\u0434 \u043a\u043b\u044e\u0447 \u0432 \u043c\u043e\u0441\u043a\u0432\u0435\u0440\u0430\u0441\u043a\u0440\u0443\u0442\u043a\u0430 \u0442\u0443\u0440\u0444\u0438\u0440\u043c\u044b<\/p>\n","protected":false},"author":1,"featured_media":0,"parent":0,"menu_order":0,"comment_status":"closed","ping_status":"closed","template":"","meta":{"_acf_changed":false,"footnotes":""},"class_list":["post-38104","page","type-page","status-publish","hentry"],"acf":[],"yoast_head":"<!-- This site is optimized with the Yoast SEO Premium plugin v26.6 (Yoast SEO v26.6) - https:\/\/yoast.com\/wordpress\/plugins\/seo\/ -->\n<title>Sobre a Aritco - Fabricante de plataformas elevat\u00f3rias - Fabricado na Su\u00e9cia<\/title>\n<meta name=\"description\" content=\"A Aritco \u00e9 um fabricante premiado de plataformas elevat\u00f3rias e elevadores dom\u00e9sticos. Fornecemos elevadores para os mercados p\u00fablico e privado em todo o mundo.\" \/>\n<meta name=\"robots\" content=\"index, follow, max-snippet:-1, max-image-preview:large, max-video-preview:-1\" \/>\n<link rel=\"canonical\" href=\"https:\/\/www.aritco.com\/pt\/sobre-a-aritco\/\" \/>\n<meta property=\"og:locale\" content=\"pt_PT\" \/>\n<meta property=\"og:type\" content=\"article\" \/>\n<meta property=\"og:title\" content=\"Sobre a Aritco - Fabricante de elevadores | Aritco\" \/>\n<meta property=\"og:description\" content=\"Fabricante premiado de plataformas elevat\u00f3rias com sede na Su\u00e9cia, fornecendo elevadores p\u00fablicos e dom\u00e9sticos em todo o mundo. A Aritco tem um elevador para cada situa\u00e7\u00e3o.\" \/>\n<meta property=\"og:url\" content=\"https:\/\/www.aritco.com\/pt\/sobre-a-aritco\/\" \/>\n<meta property=\"og:site_name\" content=\"Aritco\" \/>\n<meta property=\"article:modified_time\" content=\"2026-01-22T10:36:14+00:00\" \/>\n<meta name=\"twitter:card\" content=\"summary_large_image\" \/>\n<meta name=\"twitter:title\" content=\"Sobre a Aritco - Fabricante de elevadores | Aritco\" \/>\n<meta name=\"twitter:description\" content=\"Fabricante premiado de plataformas elevat\u00f3rias com sede na Su\u00e9cia, fornecendo elevadores p\u00fablicos e dom\u00e9sticos em todo o mundo. A Aritco tem um elevador para cada situa\u00e7\u00e3o.\" \/>\n<meta name=\"twitter:label1\" content=\"Est. reading time\" \/>\n\t<meta name=\"twitter:data1\" content=\"1 minute\" \/>\n<script type=\"application\/ld+json\" class=\"yoast-schema-graph\">{\"@context\":\"https:\/\/schema.org\",\"@graph\":[{\"@type\":\"WebPage\",\"@id\":\"https:\/\/www.aritco.com\/pt\/sobre-a-aritco\/\",\"url\":\"https:\/\/www.aritco.com\/pt\/sobre-a-aritco\/\",\"name\":\"Sobre a Aritco - Fabricante de plataformas elevat\u00f3rias - Fabricado na Su\u00e9cia\",\"isPartOf\":{\"@id\":\"https:\/\/www.aritco.com\/pt\/#website\"},\"datePublished\":\"2019-06-01T15:49:42+00:00\",\"dateModified\":\"2026-01-22T10:36:14+00:00\",\"description\":\"A Aritco \u00e9 um fabricante premiado de plataformas elevat\u00f3rias e elevadores dom\u00e9sticos. Fornecemos elevadores para os mercados p\u00fablico e privado em todo o mundo.\",\"inLanguage\":\"pt\",\"potentialAction\":[{\"@type\":\"ReadAction\",\"target\":[\"https:\/\/www.aritco.com\/pt\/sobre-a-aritco\/\"]}]},{\"@type\":\"WebSite\",\"@id\":\"https:\/\/www.aritco.com\/pt\/#website\",\"url\":\"https:\/\/www.aritco.com\/pt\/\",\"name\":\"Aritco\",\"description\":\"Award-winning lifts for homes and public and commercial use\",\"publisher\":{\"@id\":\"https:\/\/www.aritco.com\/pt\/#organization\"},\"potentialAction\":[{\"@type\":\"SearchAction\",\"target\":{\"@type\":\"EntryPoint\",\"urlTemplate\":\"https:\/\/www.aritco.com\/pt\/?s={search_term_string}\"},\"query-input\":{\"@type\":\"PropertyValueSpecification\",\"valueRequired\":true,\"valueName\":\"search_term_string\"}}],\"inLanguage\":\"pt\"},{\"@type\":\"Organization\",\"@id\":\"https:\/\/www.aritco.com\/pt\/#organization\",\"name\":\"Aritco\",\"url\":\"https:\/\/www.aritco.com\/pt\/\",\"logo\":{\"@type\":\"ImageObject\",\"inLanguage\":\"pt\",\"@id\":\"https:\/\/www.aritco.com\/pt\/#\/schema\/logo\/image\/\",\"url\":\"https:\/\/www.aritco.com\/wp-content\/uploads\/2019\/05\/vertical-3.svg\",\"contentUrl\":\"https:\/\/www.aritco.com\/wp-content\/uploads\/2019\/05\/vertical-3.svg\",\"width\":1,\"height\":1,\"caption\":\"Aritco\"},\"image\":{\"@id\":\"https:\/\/www.aritco.com\/pt\/#\/schema\/logo\/image\/\"},\"publishingPrinciples\":\"https:\/\/www.aritco.com\/about-aritco\/\"}]}<\/script>\n<!-- \/ Yoast SEO Premium plugin. -->","yoast_head_json":{"title":"Sobre a Aritco - Fabricante de plataformas elevat\u00f3rias - Fabricado na Su\u00e9cia","description":"A Aritco \u00e9 um fabricante premiado de plataformas elevat\u00f3rias e elevadores dom\u00e9sticos. Fornecemos elevadores para os mercados p\u00fablico e privado em todo o mundo.","robots":{"index":"index","follow":"follow","max-snippet":"max-snippet:-1","max-image-preview":"max-image-preview:large","max-video-preview":"max-video-preview:-1"},"canonical":"https:\/\/www.aritco.com\/pt\/sobre-a-aritco\/","og_locale":"pt_PT","og_type":"article","og_title":"Sobre a Aritco - Fabricante de elevadores | Aritco","og_description":"Fabricante premiado de plataformas elevat\u00f3rias com sede na Su\u00e9cia, fornecendo elevadores p\u00fablicos e dom\u00e9sticos em todo o mundo. A Aritco tem um elevador para cada situa\u00e7\u00e3o.","og_url":"https:\/\/www.aritco.com\/pt\/sobre-a-aritco\/","og_site_name":"Aritco","article_modified_time":"2026-01-22T10:36:14+00:00","twitter_card":"summary_large_image","twitter_title":"Sobre a Aritco - Fabricante de elevadores | Aritco","twitter_description":"Fabricante premiado de plataformas elevat\u00f3rias com sede na Su\u00e9cia, fornecendo elevadores p\u00fablicos e dom\u00e9sticos em todo o mundo. A Aritco tem um elevador para cada situa\u00e7\u00e3o.","twitter_misc":{"Est. reading time":"1 minute"},"schema":{"@context":"https:\/\/schema.org","@graph":[{"@type":"WebPage","@id":"https:\/\/www.aritco.com\/pt\/sobre-a-aritco\/","url":"https:\/\/www.aritco.com\/pt\/sobre-a-aritco\/","name":"Sobre a Aritco - Fabricante de plataformas elevat\u00f3rias - Fabricado na Su\u00e9cia","isPartOf":{"@id":"https:\/\/www.aritco.com\/pt\/#website"},"datePublished":"2019-06-01T15:49:42+00:00","dateModified":"2026-01-22T10:36:14+00:00","description":"A Aritco \u00e9 um fabricante premiado de plataformas elevat\u00f3rias e elevadores dom\u00e9sticos. Fornecemos elevadores para os mercados p\u00fablico e privado em todo o mundo.","inLanguage":"pt","potentialAction":[{"@type":"ReadAction","target":["https:\/\/www.aritco.com\/pt\/sobre-a-aritco\/"]}]},{"@type":"WebSite","@id":"https:\/\/www.aritco.com\/pt\/#website","url":"https:\/\/www.aritco.com\/pt\/","name":"Aritco","description":"Award-winning lifts for homes and public and commercial use","publisher":{"@id":"https:\/\/www.aritco.com\/pt\/#organization"},"potentialAction":[{"@type":"SearchAction","target":{"@type":"EntryPoint","urlTemplate":"https:\/\/www.aritco.com\/pt\/?s={search_term_string}"},"query-input":{"@type":"PropertyValueSpecification","valueRequired":true,"valueName":"search_term_string"}}],"inLanguage":"pt"},{"@type":"Organization","@id":"https:\/\/www.aritco.com\/pt\/#organization","name":"Aritco","url":"https:\/\/www.aritco.com\/pt\/","logo":{"@type":"ImageObject","inLanguage":"pt","@id":"https:\/\/www.aritco.com\/pt\/#\/schema\/logo\/image\/","url":"https:\/\/www.aritco.com\/wp-content\/uploads\/2019\/05\/vertical-3.svg","contentUrl":"https:\/\/www.aritco.com\/wp-content\/uploads\/2019\/05\/vertical-3.svg","width":1,"height":1,"caption":"Aritco"},"image":{"@id":"https:\/\/www.aritco.com\/pt\/#\/schema\/logo\/image\/"},"publishingPrinciples":"https:\/\/www.aritco.com\/about-aritco\/"}]}},"_links":{"self":[{"href":"https:\/\/www.aritco.com\/pt\/wp-json\/wp\/v2\/pages\/38104","targetHints":{"allow":["GET"]}}],"collection":[{"href":"https:\/\/www.aritco.com\/pt\/wp-json\/wp\/v2\/pages"}],"about":[{"href":"https:\/\/www.aritco.com\/pt\/wp-json\/wp\/v2\/types\/page"}],"author":[{"embeddable":true,"href":"https:\/\/www.aritco.com\/pt\/wp-json\/wp\/v2\/users\/1"}],"replies":[{"embeddable":true,"href":"https:\/\/www.aritco.com\/pt\/wp-json\/wp\/v2\/comments?post=38104"}],"version-history":[{"count":8,"href":"https:\/\/www.aritco.com\/pt\/wp-json\/wp\/v2\/pages\/38104\/revisions"}],"predecessor-version":[{"id":64313,"href":"https:\/\/www.aritco.com\/pt\/wp-json\/wp\/v2\/pages\/38104\/revisions\/64313"}],"wp:attachment":[{"href":"https:\/\/www.aritco.com\/pt\/wp-json\/wp\/v2\/media?parent=38104"}],"curies":[{"name":"wp","href":"https:\/\/api.w.org\/{rel}","templated":true}]}}