{"id":6993,"date":"2020-01-20T16:40:17","date_gmt":"2020-01-20T15:40:17","guid":{"rendered":"https:\/\/aritco.kumpan.dev\/nextlevelliving\/ciff-shanghaidesign-2020\/"},"modified":"2023-11-30T13:49:59","modified_gmt":"2023-11-30T12:49:59","slug":"rencontrez-aritco-a-shanghai-design-2023","status":"publish","type":"page","link":"https:\/\/www.aritco.com\/fr\/expositions-evenements\/rencontrez-aritco-a-shanghai-design-2023\/","title":{"rendered":"Design Shanghai 2023"},"content":{"rendered":"","protected":false},"excerpt":{"rendered":"","protected":false},"author":12,"featured_media":5761,"parent":6957,"menu_order":0,"comment_status":"closed","ping_status":"closed","template":"","meta":{"_acf_changed":false,"footnotes":""},"class_list":["post-6993","page","type-page","status-publish","has-post-thumbnail","hentry"],"acf":[],"yoast_head":"<!-- This site is optimized with the Yoast SEO Premium plugin v26.6 (Yoast SEO v26.6) - https:\/\/yoast.com\/wordpress\/plugins\/seo\/ -->\n<title>Rencontrez Aritco \u00e0 Design Shanghai 2023 - Aritco<\/title>\n<meta name=\"description\" content=\"Aritco s&#039;expose \u00e0 l&#039;\u00e9v\u00e9nement leading design d&#039;asieDesign Shanghai au Shanghai World Expo Exhibition &amp; Convention Center.\" \/>\n<meta name=\"robots\" content=\"index, follow, max-snippet:-1, max-image-preview:large, max-video-preview:-1\" \/>\n<link rel=\"canonical\" href=\"https:\/\/www.aritco.com\/fr\/expositions-evenements\/rencontrez-aritco-a-shanghai-design-2023\/\" \/>\n<meta property=\"og:locale\" content=\"fr_FR\" \/>\n<meta property=\"og:type\" content=\"article\" \/>\n<meta property=\"og:title\" content=\"Design Shanghai 2023\" \/>\n<meta property=\"og:description\" content=\"Aritco s&#039;expose \u00e0 l&#039;\u00e9v\u00e9nement leading design d&#039;asieDesign Shanghai au Shanghai World Expo Exhibition &amp; Convention Center.\" \/>\n<meta property=\"og:url\" content=\"https:\/\/www.aritco.com\/fr\/expositions-evenements\/rencontrez-aritco-a-shanghai-design-2023\/\" \/>\n<meta property=\"og:site_name\" content=\"Aritco\" \/>\n<meta property=\"article:modified_time\" content=\"2023-11-30T12:49:59+00:00\" \/>\n<meta property=\"og:image\" content=\"https:\/\/www.aritco.com\/wp-content\/uploads\/2020\/01\/Shanghai-TEXT.jpg\" \/>\n\t<meta property=\"og:image:width\" content=\"1080\" \/>\n\t<meta property=\"og:image:height\" content=\"1080\" \/>\n\t<meta property=\"og:image:type\" content=\"image\/jpeg\" \/>\n<meta name=\"twitter:card\" content=\"summary_large_image\" \/>\n<script type=\"application\/ld+json\" class=\"yoast-schema-graph\">{\"@context\":\"https:\/\/schema.org\",\"@graph\":[{\"@type\":\"WebPage\",\"@id\":\"https:\/\/www.aritco.com\/fr\/expositions-evenements\/rencontrez-aritco-a-shanghai-design-2023\/\",\"url\":\"https:\/\/www.aritco.com\/fr\/expositions-evenements\/rencontrez-aritco-a-shanghai-design-2023\/\",\"name\":\"Rencontrez Aritco \u00e0 Design Shanghai 2023 - Aritco\",\"isPartOf\":{\"@id\":\"https:\/\/www.aritco.com\/fr\/#website\"},\"primaryImageOfPage\":{\"@id\":\"https:\/\/www.aritco.com\/fr\/expositions-evenements\/rencontrez-aritco-a-shanghai-design-2023\/#primaryimage\"},\"image\":{\"@id\":\"https:\/\/www.aritco.com\/fr\/expositions-evenements\/rencontrez-aritco-a-shanghai-design-2023\/#primaryimage\"},\"thumbnailUrl\":\"https:\/\/www.aritco.com\/wp-content\/uploads\/2020\/01\/Shanghai-TEXT.jpg\",\"datePublished\":\"2020-01-20T15:40:17+00:00\",\"dateModified\":\"2023-11-30T12:49:59+00:00\",\"description\":\"Aritco s'expose \u00e0 l'\u00e9v\u00e9nement leading design d'asieDesign Shanghai au Shanghai World Expo Exhibition & Convention Center.\",\"breadcrumb\":{\"@id\":\"https:\/\/www.aritco.com\/fr\/expositions-evenements\/rencontrez-aritco-a-shanghai-design-2023\/#breadcrumb\"},\"inLanguage\":\"fr-FR\",\"potentialAction\":[{\"@type\":\"ReadAction\",\"target\":[\"https:\/\/www.aritco.com\/fr\/expositions-evenements\/rencontrez-aritco-a-shanghai-design-2023\/\"]}]},{\"@type\":\"ImageObject\",\"inLanguage\":\"fr-FR\",\"@id\":\"https:\/\/www.aritco.com\/fr\/expositions-evenements\/rencontrez-aritco-a-shanghai-design-2023\/#primaryimage\",\"url\":\"https:\/\/www.aritco.com\/wp-content\/uploads\/2020\/01\/Shanghai-TEXT.jpg\",\"contentUrl\":\"https:\/\/www.aritco.com\/wp-content\/uploads\/2020\/01\/Shanghai-TEXT.jpg\",\"width\":1080,\"height\":1080,\"caption\":\"View Shanghai with text DESIGN SHANGHAI (\"},{\"@type\":\"BreadcrumbList\",\"@id\":\"https:\/\/www.aritco.com\/fr\/expositions-evenements\/rencontrez-aritco-a-shanghai-design-2023\/#breadcrumb\",\"itemListElement\":[{\"@type\":\"ListItem\",\"position\":1,\"name\":\"Expositions et \u00e9v\u00e9nements\",\"item\":\"https:\/\/www.aritco.com\/fr\/expositions-evenements\/\"},{\"@type\":\"ListItem\",\"position\":2,\"name\":\"Design Shanghai 2023\"}]},{\"@type\":\"WebSite\",\"@id\":\"https:\/\/www.aritco.com\/fr\/#website\",\"url\":\"https:\/\/www.aritco.com\/fr\/\",\"name\":\"Aritco\",\"description\":\"Award-winning lifts for homes and public and commercial use\",\"publisher\":{\"@id\":\"https:\/\/www.aritco.com\/fr\/#organization\"},\"potentialAction\":[{\"@type\":\"SearchAction\",\"target\":{\"@type\":\"EntryPoint\",\"urlTemplate\":\"https:\/\/www.aritco.com\/fr\/?s={search_term_string}\"},\"query-input\":{\"@type\":\"PropertyValueSpecification\",\"valueRequired\":true,\"valueName\":\"search_term_string\"}}],\"inLanguage\":\"fr-FR\"},{\"@type\":\"Organization\",\"@id\":\"https:\/\/www.aritco.com\/fr\/#organization\",\"name\":\"Aritco\",\"url\":\"https:\/\/www.aritco.com\/fr\/\",\"logo\":{\"@type\":\"ImageObject\",\"inLanguage\":\"fr-FR\",\"@id\":\"https:\/\/www.aritco.com\/fr\/#\/schema\/logo\/image\/\",\"url\":\"https:\/\/www.aritco.com\/wp-content\/uploads\/2019\/05\/vertical-3.svg\",\"contentUrl\":\"https:\/\/www.aritco.com\/wp-content\/uploads\/2019\/05\/vertical-3.svg\",\"width\":1,\"height\":1,\"caption\":\"Aritco\"},\"image\":{\"@id\":\"https:\/\/www.aritco.com\/fr\/#\/schema\/logo\/image\/\"},\"publishingPrinciples\":\"https:\/\/www.aritco.com\/about-aritco\/\"}]}<\/script>\n<!-- \/ Yoast SEO Premium plugin. -->","yoast_head_json":{"title":"Rencontrez Aritco \u00e0 Design Shanghai 2023 - Aritco","description":"Aritco s'expose \u00e0 l'\u00e9v\u00e9nement leading design d'asieDesign Shanghai au Shanghai World Expo Exhibition & Convention Center.","robots":{"index":"index","follow":"follow","max-snippet":"max-snippet:-1","max-image-preview":"max-image-preview:large","max-video-preview":"max-video-preview:-1"},"canonical":"https:\/\/www.aritco.com\/fr\/expositions-evenements\/rencontrez-aritco-a-shanghai-design-2023\/","og_locale":"fr_FR","og_type":"article","og_title":"Design Shanghai 2023","og_description":"Aritco s'expose \u00e0 l'\u00e9v\u00e9nement leading design d'asieDesign Shanghai au Shanghai World Expo Exhibition & Convention Center.","og_url":"https:\/\/www.aritco.com\/fr\/expositions-evenements\/rencontrez-aritco-a-shanghai-design-2023\/","og_site_name":"Aritco","article_modified_time":"2023-11-30T12:49:59+00:00","og_image":[{"width":1080,"height":1080,"url":"https:\/\/www.aritco.com\/wp-content\/uploads\/2020\/01\/Shanghai-TEXT.jpg","type":"image\/jpeg"}],"twitter_card":"summary_large_image","schema":{"@context":"https:\/\/schema.org","@graph":[{"@type":"WebPage","@id":"https:\/\/www.aritco.com\/fr\/expositions-evenements\/rencontrez-aritco-a-shanghai-design-2023\/","url":"https:\/\/www.aritco.com\/fr\/expositions-evenements\/rencontrez-aritco-a-shanghai-design-2023\/","name":"Rencontrez Aritco \u00e0 Design Shanghai 2023 - Aritco","isPartOf":{"@id":"https:\/\/www.aritco.com\/fr\/#website"},"primaryImageOfPage":{"@id":"https:\/\/www.aritco.com\/fr\/expositions-evenements\/rencontrez-aritco-a-shanghai-design-2023\/#primaryimage"},"image":{"@id":"https:\/\/www.aritco.com\/fr\/expositions-evenements\/rencontrez-aritco-a-shanghai-design-2023\/#primaryimage"},"thumbnailUrl":"https:\/\/www.aritco.com\/wp-content\/uploads\/2020\/01\/Shanghai-TEXT.jpg","datePublished":"2020-01-20T15:40:17+00:00","dateModified":"2023-11-30T12:49:59+00:00","description":"Aritco s'expose \u00e0 l'\u00e9v\u00e9nement leading design d'asieDesign Shanghai au Shanghai World Expo Exhibition & Convention Center.","breadcrumb":{"@id":"https:\/\/www.aritco.com\/fr\/expositions-evenements\/rencontrez-aritco-a-shanghai-design-2023\/#breadcrumb"},"inLanguage":"fr-FR","potentialAction":[{"@type":"ReadAction","target":["https:\/\/www.aritco.com\/fr\/expositions-evenements\/rencontrez-aritco-a-shanghai-design-2023\/"]}]},{"@type":"ImageObject","inLanguage":"fr-FR","@id":"https:\/\/www.aritco.com\/fr\/expositions-evenements\/rencontrez-aritco-a-shanghai-design-2023\/#primaryimage","url":"https:\/\/www.aritco.com\/wp-content\/uploads\/2020\/01\/Shanghai-TEXT.jpg","contentUrl":"https:\/\/www.aritco.com\/wp-content\/uploads\/2020\/01\/Shanghai-TEXT.jpg","width":1080,"height":1080,"caption":"View Shanghai with text DESIGN SHANGHAI ("},{"@type":"BreadcrumbList","@id":"https:\/\/www.aritco.com\/fr\/expositions-evenements\/rencontrez-aritco-a-shanghai-design-2023\/#breadcrumb","itemListElement":[{"@type":"ListItem","position":1,"name":"Expositions et \u00e9v\u00e9nements","item":"https:\/\/www.aritco.com\/fr\/expositions-evenements\/"},{"@type":"ListItem","position":2,"name":"Design Shanghai 2023"}]},{"@type":"WebSite","@id":"https:\/\/www.aritco.com\/fr\/#website","url":"https:\/\/www.aritco.com\/fr\/","name":"Aritco","description":"Award-winning lifts for homes and public and commercial use","publisher":{"@id":"https:\/\/www.aritco.com\/fr\/#organization"},"potentialAction":[{"@type":"SearchAction","target":{"@type":"EntryPoint","urlTemplate":"https:\/\/www.aritco.com\/fr\/?s={search_term_string}"},"query-input":{"@type":"PropertyValueSpecification","valueRequired":true,"valueName":"search_term_string"}}],"inLanguage":"fr-FR"},{"@type":"Organization","@id":"https:\/\/www.aritco.com\/fr\/#organization","name":"Aritco","url":"https:\/\/www.aritco.com\/fr\/","logo":{"@type":"ImageObject","inLanguage":"fr-FR","@id":"https:\/\/www.aritco.com\/fr\/#\/schema\/logo\/image\/","url":"https:\/\/www.aritco.com\/wp-content\/uploads\/2019\/05\/vertical-3.svg","contentUrl":"https:\/\/www.aritco.com\/wp-content\/uploads\/2019\/05\/vertical-3.svg","width":1,"height":1,"caption":"Aritco"},"image":{"@id":"https:\/\/www.aritco.com\/fr\/#\/schema\/logo\/image\/"},"publishingPrinciples":"https:\/\/www.aritco.com\/about-aritco\/"}]}},"_links":{"self":[{"href":"https:\/\/www.aritco.com\/fr\/wp-json\/wp\/v2\/pages\/6993","targetHints":{"allow":["GET"]}}],"collection":[{"href":"https:\/\/www.aritco.com\/fr\/wp-json\/wp\/v2\/pages"}],"about":[{"href":"https:\/\/www.aritco.com\/fr\/wp-json\/wp\/v2\/types\/page"}],"author":[{"embeddable":true,"href":"https:\/\/www.aritco.com\/fr\/wp-json\/wp\/v2\/users\/12"}],"replies":[{"embeddable":true,"href":"https:\/\/www.aritco.com\/fr\/wp-json\/wp\/v2\/comments?post=6993"}],"version-history":[{"count":3,"href":"https:\/\/www.aritco.com\/fr\/wp-json\/wp\/v2\/pages\/6993\/revisions"}],"predecessor-version":[{"id":45085,"href":"https:\/\/www.aritco.com\/fr\/wp-json\/wp\/v2\/pages\/6993\/revisions\/45085"}],"up":[{"embeddable":true,"href":"https:\/\/www.aritco.com\/fr\/wp-json\/wp\/v2\/pages\/6957"}],"wp:featuredmedia":[{"embeddable":true,"href":"https:\/\/www.aritco.com\/fr\/wp-json\/wp\/v2\/media\/5761"}],"wp:attachment":[{"href":"https:\/\/www.aritco.com\/fr\/wp-json\/wp\/v2\/media?parent=6993"}],"curies":[{"name":"wp","href":"https:\/\/api.w.org\/{rel}","templated":true}]}}