{"id":6889,"date":"2019-05-21T19:18:40","date_gmt":"2019-05-21T17:18:40","guid":{"rendered":"https:\/\/aritco.kumpan.dev\/blog\/"},"modified":"2023-03-08T11:36:39","modified_gmt":"2023-03-08T10:36:39","slug":"blog","status":"publish","type":"page","link":"https:\/\/www.aritco.com\/fr\/blog\/","title":{"rendered":"Blog"},"content":{"rendered":"","protected":false},"excerpt":{"rendered":"","protected":false},"author":1,"featured_media":0,"parent":0,"menu_order":0,"comment_status":"closed","ping_status":"closed","template":"","meta":{"_acf_changed":false,"footnotes":""},"class_list":["post-6889","page","type-page","status-publish","hentry"],"acf":[],"yoast_head":"<!-- This site is optimized with the Yoast SEO Premium plugin v26.6 (Yoast SEO v26.6) - https:\/\/yoast.com\/wordpress\/plugins\/seo\/ -->\n<title>Des articles et des actualit\u00e9s sur le design scandinave et l\u2019innovation - Aritco<\/title>\n<meta name=\"description\" content=\"Lisez les tout derniers articles sur les ascenseurs pour la maison et les b\u00e2timents publics et commerciaux. Design scandinave, innovation, s\u00e9curit\u00e9 et fiabilit\u00e9.\" \/>\n<meta name=\"robots\" content=\"index, follow, max-snippet:-1, max-image-preview:large, max-video-preview:-1\" \/>\n<link rel=\"canonical\" href=\"https:\/\/www.aritco.com\/fr\/blog\/\" \/>\n<meta property=\"og:locale\" content=\"fr_FR\" \/>\n<meta property=\"og:type\" content=\"article\" \/>\n<meta property=\"og:title\" content=\"Blog\" \/>\n<meta property=\"og:description\" content=\"Lisez les tout derniers articles sur les ascenseurs pour la maison et les b\u00e2timents publics et commerciaux. Design scandinave, innovation, s\u00e9curit\u00e9 et fiabilit\u00e9.\" \/>\n<meta property=\"og:url\" content=\"https:\/\/www.aritco.com\/fr\/blog\/\" \/>\n<meta property=\"og:site_name\" content=\"Aritco\" \/>\n<meta property=\"article:modified_time\" content=\"2023-03-08T10:36:39+00:00\" \/>\n<meta name=\"twitter:card\" content=\"summary_large_image\" \/>\n<script type=\"application\/ld+json\" class=\"yoast-schema-graph\">{\"@context\":\"https:\/\/schema.org\",\"@graph\":[{\"@type\":\"WebPage\",\"@id\":\"https:\/\/www.aritco.com\/fr\/blog\/\",\"url\":\"https:\/\/www.aritco.com\/fr\/blog\/\",\"name\":\"Des articles et des actualit\u00e9s sur le design scandinave et l\u2019innovation - Aritco\",\"isPartOf\":{\"@id\":\"https:\/\/www.aritco.com\/fr\/#website\"},\"datePublished\":\"2019-05-21T17:18:40+00:00\",\"dateModified\":\"2023-03-08T10:36:39+00:00\",\"description\":\"Lisez les tout derniers articles sur les ascenseurs pour la maison et les b\u00e2timents publics et commerciaux. Design scandinave, innovation, s\u00e9curit\u00e9 et fiabilit\u00e9.\",\"inLanguage\":\"fr-FR\",\"potentialAction\":[{\"@type\":\"ReadAction\",\"target\":[\"https:\/\/www.aritco.com\/fr\/blog\/\"]}]},{\"@type\":\"WebSite\",\"@id\":\"https:\/\/www.aritco.com\/fr\/#website\",\"url\":\"https:\/\/www.aritco.com\/fr\/\",\"name\":\"Aritco\",\"description\":\"Award-winning lifts for homes and public and commercial use\",\"publisher\":{\"@id\":\"https:\/\/www.aritco.com\/fr\/#organization\"},\"potentialAction\":[{\"@type\":\"SearchAction\",\"target\":{\"@type\":\"EntryPoint\",\"urlTemplate\":\"https:\/\/www.aritco.com\/fr\/?s={search_term_string}\"},\"query-input\":{\"@type\":\"PropertyValueSpecification\",\"valueRequired\":true,\"valueName\":\"search_term_string\"}}],\"inLanguage\":\"fr-FR\"},{\"@type\":\"Organization\",\"@id\":\"https:\/\/www.aritco.com\/fr\/#organization\",\"name\":\"Aritco\",\"url\":\"https:\/\/www.aritco.com\/fr\/\",\"logo\":{\"@type\":\"ImageObject\",\"inLanguage\":\"fr-FR\",\"@id\":\"https:\/\/www.aritco.com\/fr\/#\/schema\/logo\/image\/\",\"url\":\"https:\/\/www.aritco.com\/wp-content\/uploads\/2019\/05\/vertical-3.svg\",\"contentUrl\":\"https:\/\/www.aritco.com\/wp-content\/uploads\/2019\/05\/vertical-3.svg\",\"width\":1,\"height\":1,\"caption\":\"Aritco\"},\"image\":{\"@id\":\"https:\/\/www.aritco.com\/fr\/#\/schema\/logo\/image\/\"},\"publishingPrinciples\":\"https:\/\/www.aritco.com\/about-aritco\/\"}]}<\/script>\n<!-- \/ Yoast SEO Premium plugin. -->","yoast_head_json":{"title":"Des articles et des actualit\u00e9s sur le design scandinave et l\u2019innovation - Aritco","description":"Lisez les tout derniers articles sur les ascenseurs pour la maison et les b\u00e2timents publics et commerciaux. Design scandinave, innovation, s\u00e9curit\u00e9 et fiabilit\u00e9.","robots":{"index":"index","follow":"follow","max-snippet":"max-snippet:-1","max-image-preview":"max-image-preview:large","max-video-preview":"max-video-preview:-1"},"canonical":"https:\/\/www.aritco.com\/fr\/blog\/","og_locale":"fr_FR","og_type":"article","og_title":"Blog","og_description":"Lisez les tout derniers articles sur les ascenseurs pour la maison et les b\u00e2timents publics et commerciaux. Design scandinave, innovation, s\u00e9curit\u00e9 et fiabilit\u00e9.","og_url":"https:\/\/www.aritco.com\/fr\/blog\/","og_site_name":"Aritco","article_modified_time":"2023-03-08T10:36:39+00:00","twitter_card":"summary_large_image","schema":{"@context":"https:\/\/schema.org","@graph":[{"@type":"WebPage","@id":"https:\/\/www.aritco.com\/fr\/blog\/","url":"https:\/\/www.aritco.com\/fr\/blog\/","name":"Des articles et des actualit\u00e9s sur le design scandinave et l\u2019innovation - Aritco","isPartOf":{"@id":"https:\/\/www.aritco.com\/fr\/#website"},"datePublished":"2019-05-21T17:18:40+00:00","dateModified":"2023-03-08T10:36:39+00:00","description":"Lisez les tout derniers articles sur les ascenseurs pour la maison et les b\u00e2timents publics et commerciaux. Design scandinave, innovation, s\u00e9curit\u00e9 et fiabilit\u00e9.","inLanguage":"fr-FR","potentialAction":[{"@type":"ReadAction","target":["https:\/\/www.aritco.com\/fr\/blog\/"]}]},{"@type":"WebSite","@id":"https:\/\/www.aritco.com\/fr\/#website","url":"https:\/\/www.aritco.com\/fr\/","name":"Aritco","description":"Award-winning lifts for homes and public and commercial use","publisher":{"@id":"https:\/\/www.aritco.com\/fr\/#organization"},"potentialAction":[{"@type":"SearchAction","target":{"@type":"EntryPoint","urlTemplate":"https:\/\/www.aritco.com\/fr\/?s={search_term_string}"},"query-input":{"@type":"PropertyValueSpecification","valueRequired":true,"valueName":"search_term_string"}}],"inLanguage":"fr-FR"},{"@type":"Organization","@id":"https:\/\/www.aritco.com\/fr\/#organization","name":"Aritco","url":"https:\/\/www.aritco.com\/fr\/","logo":{"@type":"ImageObject","inLanguage":"fr-FR","@id":"https:\/\/www.aritco.com\/fr\/#\/schema\/logo\/image\/","url":"https:\/\/www.aritco.com\/wp-content\/uploads\/2019\/05\/vertical-3.svg","contentUrl":"https:\/\/www.aritco.com\/wp-content\/uploads\/2019\/05\/vertical-3.svg","width":1,"height":1,"caption":"Aritco"},"image":{"@id":"https:\/\/www.aritco.com\/fr\/#\/schema\/logo\/image\/"},"publishingPrinciples":"https:\/\/www.aritco.com\/about-aritco\/"}]}},"_links":{"self":[{"href":"https:\/\/www.aritco.com\/fr\/wp-json\/wp\/v2\/pages\/6889","targetHints":{"allow":["GET"]}}],"collection":[{"href":"https:\/\/www.aritco.com\/fr\/wp-json\/wp\/v2\/pages"}],"about":[{"href":"https:\/\/www.aritco.com\/fr\/wp-json\/wp\/v2\/types\/page"}],"author":[{"embeddable":true,"href":"https:\/\/www.aritco.com\/fr\/wp-json\/wp\/v2\/users\/1"}],"replies":[{"embeddable":true,"href":"https:\/\/www.aritco.com\/fr\/wp-json\/wp\/v2\/comments?post=6889"}],"version-history":[{"count":0,"href":"https:\/\/www.aritco.com\/fr\/wp-json\/wp\/v2\/pages\/6889\/revisions"}],"wp:attachment":[{"href":"https:\/\/www.aritco.com\/fr\/wp-json\/wp\/v2\/media?parent=6889"}],"curies":[{"name":"wp","href":"https:\/\/api.w.org\/{rel}","templated":true}]}}