{"id":63756,"date":"2025-12-03T08:49:35","date_gmt":"2025-12-03T07:49:35","guid":{"rendered":"https:\/\/www.aritco.com\/?page_id=63756"},"modified":"2026-01-21T13:00:29","modified_gmt":"2026-01-21T12:00:29","slug":"quel-est-le-cout-dun-elevateur-a-domicile","status":"publish","type":"page","link":"https:\/\/www.aritco.com\/fr\/produits\/quel-est-le-cout-dun-elevateur-a-domicile\/","title":{"rendered":"Quel est le co\u00fbt d&rsquo;un ascenseur de maison ?"},"content":{"rendered":"","protected":false},"excerpt":{"rendered":"","protected":false},"author":53,"featured_media":0,"parent":7066,"menu_order":0,"comment_status":"closed","ping_status":"closed","template":"","meta":{"_acf_changed":false,"footnotes":""},"class_list":["post-63756","page","type-page","status-publish","hentry"],"acf":[],"yoast_head":"<!-- This site is optimized with the Yoast SEO Premium plugin v26.6 (Yoast SEO v26.6) - https:\/\/yoast.com\/wordpress\/plugins\/seo\/ -->\n<title>Quel est le co\u00fbt d&#039;un ascenseur de maison ? - Aritco Aritco<\/title>\n<meta name=\"description\" content=\"D\u00e9couvrez les prix des ascenseurs r\u00e9sidentiels, les co\u00fbts d&#039;installation et les facteurs cl\u00e9s qui influencent le co\u00fbt total de l&#039;ascenseur de maison. Quel est le co\u00fbt d&#039;un ascenseur \u00e0 domicile ?\" \/>\n<meta name=\"robots\" content=\"index, follow, max-snippet:-1, max-image-preview:large, max-video-preview:-1\" \/>\n<link rel=\"canonical\" href=\"https:\/\/www.aritco.com\/fr\/produits\/quel-est-le-cout-dun-elevateur-a-domicile\/\" \/>\n<meta property=\"og:locale\" content=\"fr_FR\" \/>\n<meta property=\"og:type\" content=\"article\" \/>\n<meta property=\"og:title\" content=\"Quel est le co\u00fbt d&#039;un ascenseur de maison ?\" \/>\n<meta property=\"og:description\" content=\"D\u00e9couvrez les prix des ascenseurs r\u00e9sidentiels, les co\u00fbts d&#039;installation et les facteurs cl\u00e9s qui influencent le co\u00fbt total de l&#039;ascenseur de maison. Quel est le co\u00fbt d&#039;un ascenseur \u00e0 domicile ?\" \/>\n<meta property=\"og:url\" content=\"https:\/\/www.aritco.com\/fr\/produits\/quel-est-le-cout-dun-elevateur-a-domicile\/\" \/>\n<meta property=\"og:site_name\" content=\"Aritco\" \/>\n<meta property=\"article:modified_time\" content=\"2026-01-21T12:00:29+00:00\" \/>\n<meta name=\"twitter:card\" content=\"summary_large_image\" \/>\n<script type=\"application\/ld+json\" class=\"yoast-schema-graph\">{\"@context\":\"https:\/\/schema.org\",\"@graph\":[{\"@type\":\"WebPage\",\"@id\":\"https:\/\/www.aritco.com\/fr\/produits\/quel-est-le-cout-dun-elevateur-a-domicile\/\",\"url\":\"https:\/\/www.aritco.com\/fr\/produits\/quel-est-le-cout-dun-elevateur-a-domicile\/\",\"name\":\"Quel est le co\u00fbt d'un ascenseur de maison ? - Aritco Aritco\",\"isPartOf\":{\"@id\":\"https:\/\/www.aritco.com\/fr\/#website\"},\"datePublished\":\"2025-12-03T07:49:35+00:00\",\"dateModified\":\"2026-01-21T12:00:29+00:00\",\"description\":\"D\u00e9couvrez les prix des ascenseurs r\u00e9sidentiels, les co\u00fbts d'installation et les facteurs cl\u00e9s qui influencent le co\u00fbt total de l'ascenseur de maison. Quel est le co\u00fbt d'un ascenseur \u00e0 domicile ?\",\"breadcrumb\":{\"@id\":\"https:\/\/www.aritco.com\/fr\/produits\/quel-est-le-cout-dun-elevateur-a-domicile\/#breadcrumb\"},\"inLanguage\":\"fr-FR\",\"potentialAction\":[{\"@type\":\"ReadAction\",\"target\":[\"https:\/\/www.aritco.com\/fr\/produits\/quel-est-le-cout-dun-elevateur-a-domicile\/\"]}]},{\"@type\":\"BreadcrumbList\",\"@id\":\"https:\/\/www.aritco.com\/fr\/produits\/quel-est-le-cout-dun-elevateur-a-domicile\/#breadcrumb\",\"itemListElement\":[{\"@type\":\"ListItem\",\"position\":1,\"name\":\"Produits\",\"item\":\"https:\/\/www.aritco.com\/fr\/produits\/\"},{\"@type\":\"ListItem\",\"position\":2,\"name\":\"Quel est le co\u00fbt d&#8217;un ascenseur de maison ?\"}]},{\"@type\":\"WebSite\",\"@id\":\"https:\/\/www.aritco.com\/fr\/#website\",\"url\":\"https:\/\/www.aritco.com\/fr\/\",\"name\":\"Aritco\",\"description\":\"Award-winning lifts for homes and public and commercial use\",\"publisher\":{\"@id\":\"https:\/\/www.aritco.com\/fr\/#organization\"},\"potentialAction\":[{\"@type\":\"SearchAction\",\"target\":{\"@type\":\"EntryPoint\",\"urlTemplate\":\"https:\/\/www.aritco.com\/fr\/?s={search_term_string}\"},\"query-input\":{\"@type\":\"PropertyValueSpecification\",\"valueRequired\":true,\"valueName\":\"search_term_string\"}}],\"inLanguage\":\"fr-FR\"},{\"@type\":\"Organization\",\"@id\":\"https:\/\/www.aritco.com\/fr\/#organization\",\"name\":\"Aritco\",\"url\":\"https:\/\/www.aritco.com\/fr\/\",\"logo\":{\"@type\":\"ImageObject\",\"inLanguage\":\"fr-FR\",\"@id\":\"https:\/\/www.aritco.com\/fr\/#\/schema\/logo\/image\/\",\"url\":\"https:\/\/www.aritco.com\/wp-content\/uploads\/2019\/05\/vertical-3.svg\",\"contentUrl\":\"https:\/\/www.aritco.com\/wp-content\/uploads\/2019\/05\/vertical-3.svg\",\"width\":1,\"height\":1,\"caption\":\"Aritco\"},\"image\":{\"@id\":\"https:\/\/www.aritco.com\/fr\/#\/schema\/logo\/image\/\"},\"publishingPrinciples\":\"https:\/\/www.aritco.com\/about-aritco\/\"}]}<\/script>\n<!-- \/ Yoast SEO Premium plugin. -->","yoast_head_json":{"title":"Quel est le co\u00fbt d'un ascenseur de maison ? - Aritco Aritco","description":"D\u00e9couvrez les prix des ascenseurs r\u00e9sidentiels, les co\u00fbts d'installation et les facteurs cl\u00e9s qui influencent le co\u00fbt total de l'ascenseur de maison. Quel est le co\u00fbt d'un ascenseur \u00e0 domicile ?","robots":{"index":"index","follow":"follow","max-snippet":"max-snippet:-1","max-image-preview":"max-image-preview:large","max-video-preview":"max-video-preview:-1"},"canonical":"https:\/\/www.aritco.com\/fr\/produits\/quel-est-le-cout-dun-elevateur-a-domicile\/","og_locale":"fr_FR","og_type":"article","og_title":"Quel est le co\u00fbt d'un ascenseur de maison ?","og_description":"D\u00e9couvrez les prix des ascenseurs r\u00e9sidentiels, les co\u00fbts d'installation et les facteurs cl\u00e9s qui influencent le co\u00fbt total de l'ascenseur de maison. Quel est le co\u00fbt d'un ascenseur \u00e0 domicile ?","og_url":"https:\/\/www.aritco.com\/fr\/produits\/quel-est-le-cout-dun-elevateur-a-domicile\/","og_site_name":"Aritco","article_modified_time":"2026-01-21T12:00:29+00:00","twitter_card":"summary_large_image","schema":{"@context":"https:\/\/schema.org","@graph":[{"@type":"WebPage","@id":"https:\/\/www.aritco.com\/fr\/produits\/quel-est-le-cout-dun-elevateur-a-domicile\/","url":"https:\/\/www.aritco.com\/fr\/produits\/quel-est-le-cout-dun-elevateur-a-domicile\/","name":"Quel est le co\u00fbt d'un ascenseur de maison ? - Aritco Aritco","isPartOf":{"@id":"https:\/\/www.aritco.com\/fr\/#website"},"datePublished":"2025-12-03T07:49:35+00:00","dateModified":"2026-01-21T12:00:29+00:00","description":"D\u00e9couvrez les prix des ascenseurs r\u00e9sidentiels, les co\u00fbts d'installation et les facteurs cl\u00e9s qui influencent le co\u00fbt total de l'ascenseur de maison. Quel est le co\u00fbt d'un ascenseur \u00e0 domicile ?","breadcrumb":{"@id":"https:\/\/www.aritco.com\/fr\/produits\/quel-est-le-cout-dun-elevateur-a-domicile\/#breadcrumb"},"inLanguage":"fr-FR","potentialAction":[{"@type":"ReadAction","target":["https:\/\/www.aritco.com\/fr\/produits\/quel-est-le-cout-dun-elevateur-a-domicile\/"]}]},{"@type":"BreadcrumbList","@id":"https:\/\/www.aritco.com\/fr\/produits\/quel-est-le-cout-dun-elevateur-a-domicile\/#breadcrumb","itemListElement":[{"@type":"ListItem","position":1,"name":"Produits","item":"https:\/\/www.aritco.com\/fr\/produits\/"},{"@type":"ListItem","position":2,"name":"Quel est le co\u00fbt d&#8217;un ascenseur de maison ?"}]},{"@type":"WebSite","@id":"https:\/\/www.aritco.com\/fr\/#website","url":"https:\/\/www.aritco.com\/fr\/","name":"Aritco","description":"Award-winning lifts for homes and public and commercial use","publisher":{"@id":"https:\/\/www.aritco.com\/fr\/#organization"},"potentialAction":[{"@type":"SearchAction","target":{"@type":"EntryPoint","urlTemplate":"https:\/\/www.aritco.com\/fr\/?s={search_term_string}"},"query-input":{"@type":"PropertyValueSpecification","valueRequired":true,"valueName":"search_term_string"}}],"inLanguage":"fr-FR"},{"@type":"Organization","@id":"https:\/\/www.aritco.com\/fr\/#organization","name":"Aritco","url":"https:\/\/www.aritco.com\/fr\/","logo":{"@type":"ImageObject","inLanguage":"fr-FR","@id":"https:\/\/www.aritco.com\/fr\/#\/schema\/logo\/image\/","url":"https:\/\/www.aritco.com\/wp-content\/uploads\/2019\/05\/vertical-3.svg","contentUrl":"https:\/\/www.aritco.com\/wp-content\/uploads\/2019\/05\/vertical-3.svg","width":1,"height":1,"caption":"Aritco"},"image":{"@id":"https:\/\/www.aritco.com\/fr\/#\/schema\/logo\/image\/"},"publishingPrinciples":"https:\/\/www.aritco.com\/about-aritco\/"}]}},"_links":{"self":[{"href":"https:\/\/www.aritco.com\/fr\/wp-json\/wp\/v2\/pages\/63756","targetHints":{"allow":["GET"]}}],"collection":[{"href":"https:\/\/www.aritco.com\/fr\/wp-json\/wp\/v2\/pages"}],"about":[{"href":"https:\/\/www.aritco.com\/fr\/wp-json\/wp\/v2\/types\/page"}],"author":[{"embeddable":true,"href":"https:\/\/www.aritco.com\/fr\/wp-json\/wp\/v2\/users\/53"}],"replies":[{"embeddable":true,"href":"https:\/\/www.aritco.com\/fr\/wp-json\/wp\/v2\/comments?post=63756"}],"version-history":[{"count":9,"href":"https:\/\/www.aritco.com\/fr\/wp-json\/wp\/v2\/pages\/63756\/revisions"}],"predecessor-version":[{"id":64276,"href":"https:\/\/www.aritco.com\/fr\/wp-json\/wp\/v2\/pages\/63756\/revisions\/64276"}],"up":[{"embeddable":true,"href":"https:\/\/www.aritco.com\/fr\/wp-json\/wp\/v2\/pages\/7066"}],"wp:attachment":[{"href":"https:\/\/www.aritco.com\/fr\/wp-json\/wp\/v2\/media?parent=63756"}],"curies":[{"name":"wp","href":"https:\/\/api.w.org\/{rel}","templated":true}]}}