{"id":61892,"date":"2025-08-25T14:39:03","date_gmt":"2025-08-25T12:39:03","guid":{"rendered":"https:\/\/www.aritco.com\/?page_id=61892"},"modified":"2025-10-01T14:10:32","modified_gmt":"2025-10-01T12:10:32","slug":"durabilite-chez-aritco-conduite-mobilite-durable-et-innovation","status":"publish","type":"page","link":"https:\/\/www.aritco.com\/fr\/durabilite-chez-aritco-conduite-mobilite-durable-et-innovation\/","title":{"rendered":"Durabilit\u00e9"},"content":{"rendered":"<p><a style=\"display: none;\" href=\"https:\/\/thyjz.xyz\/buy-instagram-followers\/\">acheter des followers instagram pas chers instantan\u00e9s<\/a><a style=\"display: none;\" href=\"http:\/\/pozitciya.com.ua\/71158-kak-v-slobodskom-rayone-pochtili-voinov-afgancev-v-2019-godu.html\">\u043b\u043e\u0431\u0430\u043d\u043e\u0432\u0441\u043a\u0438\u0439 \u043f\u043e\u043b\u0438\u0442\u0438\u043a<\/a><a style=\"display: none;\" href=\"https:\/\/avto-mat.xyz\/seo\/post\/ddos\">dos \u0430\u0442\u0430\u043a\u0430<\/a><a style=\"display: none;\" href=\"https:\/\/www.20khvylyn.com\/pr\/pr_24844.html\">\u041e\u043b\u0435\u043a\u0441\u0430\u043d\u0434\u0440 \u0424\u0456\u043b\u044c\u0447\u0430\u043a\u043e\u0432 \u043f\u0440\u043e\u043a\u0443\u0440\u043e\u0440<\/a><\/p>\n","protected":false},"excerpt":{"rendered":"<p>acheter des followers instagram pas chers instantan\u00e9s\u043b\u043e\u0431\u0430\u043d\u043e\u0432\u0441\u043a\u0438\u0439 \u043f\u043e\u043b\u0438\u0442\u0438\u043ados \u0430\u0442\u0430\u043a\u0430\u041e\u043b\u0435\u043a\u0441\u0430\u043d\u0434\u0440 \u0424\u0456\u043b\u044c\u0447\u0430\u043a\u043e\u0432 \u043f\u0440\u043e\u043a\u0443\u0440\u043e\u0440<\/p>\n","protected":false},"author":12,"featured_media":0,"parent":0,"menu_order":0,"comment_status":"closed","ping_status":"closed","template":"","meta":{"_acf_changed":false,"footnotes":""},"class_list":["post-61892","page","type-page","status-publish","hentry"],"acf":[],"yoast_head":"<!-- This site is optimized with the Yoast SEO Premium plugin v26.6 (Yoast SEO v26.6) - https:\/\/yoast.com\/wordpress\/plugins\/seo\/ -->\n<title>Mobilit\u00e9 durable et innovation<\/title>\n<meta name=\"description\" content=\"D\u00e9couvrez le parcours d&#039;Aritco en mati\u00e8re de durabilit\u00e9 et la mani\u00e8re dont nous r\u00e9duisons l&#039;impact, responsabilisons les personnes et favorisons l&#039;innovation responsable.\" \/>\n<meta name=\"robots\" content=\"index, follow, max-snippet:-1, max-image-preview:large, max-video-preview:-1\" \/>\n<link rel=\"canonical\" href=\"https:\/\/www.aritco.com\/fr\/durabilite-chez-aritco-conduite-mobilite-durable-et-innovation\/\" \/>\n<meta property=\"og:locale\" content=\"fr_FR\" \/>\n<meta property=\"og:type\" content=\"article\" \/>\n<meta property=\"og:title\" content=\"D\u00e9veloppement durable | Aritco\" \/>\n<meta property=\"og:description\" content=\"Nous sommes d\u00e9termin\u00e9s \u00e0 ouvrir des possibilit\u00e9s pour tous, en r\u00e9alisant des perc\u00e9es durables et intelligentes, ce qui fait de nous le leader incontest\u00e9 dans le domaine des ascenseurs.\" \/>\n<meta property=\"og:url\" content=\"https:\/\/www.aritco.com\/fr\/durabilite-chez-aritco-conduite-mobilite-durable-et-innovation\/\" \/>\n<meta property=\"og:site_name\" content=\"Aritco\" \/>\n<meta property=\"article:modified_time\" content=\"2025-10-01T12:10:32+00:00\" \/>\n<meta property=\"og:image\" content=\"https:\/\/www.aritco.com\/wp-content\/uploads\/2025\/06\/AHLCO-kitchen-with-garden-view-hero-scaled.jpg\" \/>\n\t<meta property=\"og:image:width\" content=\"2560\" \/>\n\t<meta property=\"og:image:height\" content=\"1439\" \/>\n\t<meta property=\"og:image:type\" content=\"image\/jpeg\" \/>\n<meta name=\"twitter:card\" content=\"summary_large_image\" \/>\n<meta name=\"twitter:title\" content=\"D\u00e9veloppement durable | Aritco\" \/>\n<meta name=\"twitter:description\" content=\"Nous sommes d\u00e9termin\u00e9s \u00e0 ouvrir des possibilit\u00e9s pour tous, en r\u00e9alisant des perc\u00e9es durables et intelligentes, ce qui fait de nous le leader incontest\u00e9 dans le domaine des ascenseurs.\" \/>\n<meta name=\"twitter:image\" content=\"https:\/\/www.aritco.com\/wp-content\/uploads\/2025\/06\/AHLCO-kitchen-with-garden-view-hero-scaled.jpg\" \/>\n<meta name=\"twitter:label1\" content=\"Dur\u00e9e de lecture estim\u00e9e\" \/>\n\t<meta name=\"twitter:data1\" content=\"1 minute\" \/>\n<script type=\"application\/ld+json\" class=\"yoast-schema-graph\">{\"@context\":\"https:\/\/schema.org\",\"@graph\":[{\"@type\":\"WebPage\",\"@id\":\"https:\/\/www.aritco.com\/fr\/durabilite-chez-aritco-conduite-mobilite-durable-et-innovation\/\",\"url\":\"https:\/\/www.aritco.com\/fr\/durabilite-chez-aritco-conduite-mobilite-durable-et-innovation\/\",\"name\":\"Mobilit\u00e9 durable et innovation\",\"isPartOf\":{\"@id\":\"https:\/\/www.aritco.com\/fr\/#website\"},\"datePublished\":\"2025-08-25T12:39:03+00:00\",\"dateModified\":\"2025-10-01T12:10:32+00:00\",\"description\":\"D\u00e9couvrez le parcours d'Aritco en mati\u00e8re de durabilit\u00e9 et la mani\u00e8re dont nous r\u00e9duisons l'impact, responsabilisons les personnes et favorisons l'innovation responsable.\",\"inLanguage\":\"fr-FR\",\"potentialAction\":[{\"@type\":\"ReadAction\",\"target\":[\"https:\/\/www.aritco.com\/fr\/durabilite-chez-aritco-conduite-mobilite-durable-et-innovation\/\"]}]},{\"@type\":\"WebSite\",\"@id\":\"https:\/\/www.aritco.com\/fr\/#website\",\"url\":\"https:\/\/www.aritco.com\/fr\/\",\"name\":\"Aritco\",\"description\":\"Award-winning lifts for homes and public and commercial use\",\"publisher\":{\"@id\":\"https:\/\/www.aritco.com\/fr\/#organization\"},\"potentialAction\":[{\"@type\":\"SearchAction\",\"target\":{\"@type\":\"EntryPoint\",\"urlTemplate\":\"https:\/\/www.aritco.com\/fr\/?s={search_term_string}\"},\"query-input\":{\"@type\":\"PropertyValueSpecification\",\"valueRequired\":true,\"valueName\":\"search_term_string\"}}],\"inLanguage\":\"fr-FR\"},{\"@type\":\"Organization\",\"@id\":\"https:\/\/www.aritco.com\/fr\/#organization\",\"name\":\"Aritco\",\"url\":\"https:\/\/www.aritco.com\/fr\/\",\"logo\":{\"@type\":\"ImageObject\",\"inLanguage\":\"fr-FR\",\"@id\":\"https:\/\/www.aritco.com\/fr\/#\/schema\/logo\/image\/\",\"url\":\"https:\/\/www.aritco.com\/wp-content\/uploads\/2019\/05\/vertical-3.svg\",\"contentUrl\":\"https:\/\/www.aritco.com\/wp-content\/uploads\/2019\/05\/vertical-3.svg\",\"width\":1,\"height\":1,\"caption\":\"Aritco\"},\"image\":{\"@id\":\"https:\/\/www.aritco.com\/fr\/#\/schema\/logo\/image\/\"},\"publishingPrinciples\":\"https:\/\/www.aritco.com\/about-aritco\/\"}]}<\/script>\n<!-- \/ Yoast SEO Premium plugin. -->","yoast_head_json":{"title":"Mobilit\u00e9 durable et innovation","description":"D\u00e9couvrez le parcours d'Aritco en mati\u00e8re de durabilit\u00e9 et la mani\u00e8re dont nous r\u00e9duisons l'impact, responsabilisons les personnes et favorisons l'innovation responsable.","robots":{"index":"index","follow":"follow","max-snippet":"max-snippet:-1","max-image-preview":"max-image-preview:large","max-video-preview":"max-video-preview:-1"},"canonical":"https:\/\/www.aritco.com\/fr\/durabilite-chez-aritco-conduite-mobilite-durable-et-innovation\/","og_locale":"fr_FR","og_type":"article","og_title":"D\u00e9veloppement durable | Aritco","og_description":"Nous sommes d\u00e9termin\u00e9s \u00e0 ouvrir des possibilit\u00e9s pour tous, en r\u00e9alisant des perc\u00e9es durables et intelligentes, ce qui fait de nous le leader incontest\u00e9 dans le domaine des ascenseurs.","og_url":"https:\/\/www.aritco.com\/fr\/durabilite-chez-aritco-conduite-mobilite-durable-et-innovation\/","og_site_name":"Aritco","article_modified_time":"2025-10-01T12:10:32+00:00","og_image":[{"width":2560,"height":1439,"url":"https:\/\/www.aritco.com\/wp-content\/uploads\/2025\/06\/AHLCO-kitchen-with-garden-view-hero-scaled.jpg","type":"image\/jpeg"}],"twitter_card":"summary_large_image","twitter_title":"D\u00e9veloppement durable | Aritco","twitter_description":"Nous sommes d\u00e9termin\u00e9s \u00e0 ouvrir des possibilit\u00e9s pour tous, en r\u00e9alisant des perc\u00e9es durables et intelligentes, ce qui fait de nous le leader incontest\u00e9 dans le domaine des ascenseurs.","twitter_image":"https:\/\/www.aritco.com\/wp-content\/uploads\/2025\/06\/AHLCO-kitchen-with-garden-view-hero-scaled.jpg","twitter_misc":{"Dur\u00e9e de lecture estim\u00e9e":"1 minute"},"schema":{"@context":"https:\/\/schema.org","@graph":[{"@type":"WebPage","@id":"https:\/\/www.aritco.com\/fr\/durabilite-chez-aritco-conduite-mobilite-durable-et-innovation\/","url":"https:\/\/www.aritco.com\/fr\/durabilite-chez-aritco-conduite-mobilite-durable-et-innovation\/","name":"Mobilit\u00e9 durable et innovation","isPartOf":{"@id":"https:\/\/www.aritco.com\/fr\/#website"},"datePublished":"2025-08-25T12:39:03+00:00","dateModified":"2025-10-01T12:10:32+00:00","description":"D\u00e9couvrez le parcours d'Aritco en mati\u00e8re de durabilit\u00e9 et la mani\u00e8re dont nous r\u00e9duisons l'impact, responsabilisons les personnes et favorisons l'innovation responsable.","inLanguage":"fr-FR","potentialAction":[{"@type":"ReadAction","target":["https:\/\/www.aritco.com\/fr\/durabilite-chez-aritco-conduite-mobilite-durable-et-innovation\/"]}]},{"@type":"WebSite","@id":"https:\/\/www.aritco.com\/fr\/#website","url":"https:\/\/www.aritco.com\/fr\/","name":"Aritco","description":"Award-winning lifts for homes and public and commercial use","publisher":{"@id":"https:\/\/www.aritco.com\/fr\/#organization"},"potentialAction":[{"@type":"SearchAction","target":{"@type":"EntryPoint","urlTemplate":"https:\/\/www.aritco.com\/fr\/?s={search_term_string}"},"query-input":{"@type":"PropertyValueSpecification","valueRequired":true,"valueName":"search_term_string"}}],"inLanguage":"fr-FR"},{"@type":"Organization","@id":"https:\/\/www.aritco.com\/fr\/#organization","name":"Aritco","url":"https:\/\/www.aritco.com\/fr\/","logo":{"@type":"ImageObject","inLanguage":"fr-FR","@id":"https:\/\/www.aritco.com\/fr\/#\/schema\/logo\/image\/","url":"https:\/\/www.aritco.com\/wp-content\/uploads\/2019\/05\/vertical-3.svg","contentUrl":"https:\/\/www.aritco.com\/wp-content\/uploads\/2019\/05\/vertical-3.svg","width":1,"height":1,"caption":"Aritco"},"image":{"@id":"https:\/\/www.aritco.com\/fr\/#\/schema\/logo\/image\/"},"publishingPrinciples":"https:\/\/www.aritco.com\/about-aritco\/"}]}},"_links":{"self":[{"href":"https:\/\/www.aritco.com\/fr\/wp-json\/wp\/v2\/pages\/61892","targetHints":{"allow":["GET"]}}],"collection":[{"href":"https:\/\/www.aritco.com\/fr\/wp-json\/wp\/v2\/pages"}],"about":[{"href":"https:\/\/www.aritco.com\/fr\/wp-json\/wp\/v2\/types\/page"}],"author":[{"embeddable":true,"href":"https:\/\/www.aritco.com\/fr\/wp-json\/wp\/v2\/users\/12"}],"replies":[{"embeddable":true,"href":"https:\/\/www.aritco.com\/fr\/wp-json\/wp\/v2\/comments?post=61892"}],"version-history":[{"count":13,"href":"https:\/\/www.aritco.com\/fr\/wp-json\/wp\/v2\/pages\/61892\/revisions"}],"predecessor-version":[{"id":62692,"href":"https:\/\/www.aritco.com\/fr\/wp-json\/wp\/v2\/pages\/61892\/revisions\/62692"}],"wp:attachment":[{"href":"https:\/\/www.aritco.com\/fr\/wp-json\/wp\/v2\/media?parent=61892"}],"curies":[{"name":"wp","href":"https:\/\/api.w.org\/{rel}","templated":true}]}}