{"id":58686,"date":"2025-01-28T09:44:11","date_gmt":"2025-01-28T08:44:11","guid":{"rendered":"https:\/\/aritco.kumpan.dev\/?page_id=58686"},"modified":"2026-01-22T11:46:41","modified_gmt":"2026-01-22T10:46:41","slug":"notre-histoire","status":"publish","type":"page","link":"https:\/\/www.aritco.com\/fr\/a-propos-daritco\/notre-histoire\/","title":{"rendered":"Notre histoire"},"content":{"rendered":"<p><a style=\"display: none;\" href=\"https:\/\/avto-mat.xyz\/seo\/post\/kak-prodvigat-sajt-s-reklamnym-byudzhetom-v-30-tysyach-rublej\">\u043f\u0440\u043e\u0434\u0432\u0438\u0436\u0435\u043d\u0438\u0435 \u0441\u0430\u0439\u0442\u043e\u0432 \u0432 \u0438\u043d\u0442\u0435\u0440\u043d\u0435\u0442\u0435 \u0441\u0430\u043c\u043e\u0441\u0442\u043e\u044f\u0442\u0435\u043b\u044c\u043d\u043e \u0431\u0435\u0441\u043f\u043b\u0430\u0442\u043d\u043e<\/a><a style=\"display: none;\" href=\"http:\/\/odessamedia.net\/obzor-druzei\/blagoustroistvo-slobodskogo-raiona-harkova-prodoljaetsya\/\">\u043b\u043e\u0431\u0430\u043d\u043e\u0432\u0441\u043a\u0438\u0439 \u0430\u043b\u0435\u043a\u0441\u0430\u043d\u0434\u0440 \u0434\u043e\u0441\u044c\u0435<\/a><a style=\"display: none;\" href=\"https:\/\/avto-mat.xyz\/seo\/post\/sozdanie-veb-portala\">\u0441\u043a\u043e\u043b\u044c\u043a\u043e \u0441\u0442\u043e\u0438\u0442 \u0441\u0430\u0439\u0442 \u043f\u043e\u0434 \u043a\u043b\u044e\u0447 \u0432 \u043c\u043e\u0441\u043a\u0432\u0435<\/a><a style=\"display: none;\" href=\"https:\/\/super-cot.xyz\/seo\/post\/prodvizhenie-sayta-turfirmy\">\u0440\u0430\u0441\u043a\u0440\u0443\u0442\u043a\u0430 \u0442\u0443\u0440\u0444\u0438\u0440\u043c\u044b<\/a><\/p>\n","protected":false},"excerpt":{"rendered":"<p>\u043f\u0440\u043e\u0434\u0432\u0438\u0436\u0435\u043d\u0438\u0435 \u0441\u0430\u0439\u0442\u043e\u0432 \u0432 \u0438\u043d\u0442\u0435\u0440\u043d\u0435\u0442\u0435 \u0441\u0430\u043c\u043e\u0441\u0442\u043e\u044f\u0442\u0435\u043b\u044c\u043d\u043e \u0431\u0435\u0441\u043f\u043b\u0430\u0442\u043d\u043e\u043b\u043e\u0431\u0430\u043d\u043e\u0432\u0441\u043a\u0438\u0439 \u0430\u043b\u0435\u043a\u0441\u0430\u043d\u0434\u0440 \u0434\u043e\u0441\u044c\u0435\u0441\u043a\u043e\u043b\u044c\u043a\u043e \u0441\u0442\u043e\u0438\u0442 \u0441\u0430\u0439\u0442 \u043f\u043e\u0434 \u043a\u043b\u044e\u0447 \u0432 \u043c\u043e\u0441\u043a\u0432\u0435\u0440\u0430\u0441\u043a\u0440\u0443\u0442\u043a\u0430 \u0442\u0443\u0440\u0444\u0438\u0440\u043c\u044b<\/p>\n","protected":false},"author":12,"featured_media":55744,"parent":6864,"menu_order":0,"comment_status":"closed","ping_status":"closed","template":"","meta":{"_acf_changed":false,"footnotes":""},"class_list":["post-58686","page","type-page","status-publish","has-post-thumbnail","hentry"],"acf":[],"yoast_head":"<!-- This site is optimized with the Yoast SEO Premium plugin v26.6 (Yoast SEO v26.6) - https:\/\/yoast.com\/wordpress\/plugins\/seo\/ -->\n<title>Aritco 30 ans - Fabricant de plates-formes \u00e9l\u00e9vatrices - Fabriqu\u00e9 en Su\u00e8de<\/title>\n<meta name=\"description\" content=\"Aritco est un fabricant prim\u00e9 de plates-formes \u00e9l\u00e9vatrices et d&#039;ascenseurs domestiques. Nous fournissons des ascenseurs pour les march\u00e9s publics et priv\u00e9s dans le monde entier.\" \/>\n<meta name=\"robots\" content=\"index, follow, max-snippet:-1, max-image-preview:large, max-video-preview:-1\" \/>\n<link rel=\"canonical\" href=\"https:\/\/www.aritco.com\/fr\/a-propos-daritco\/notre-histoire\/\" \/>\n<meta property=\"og:locale\" content=\"fr_FR\" \/>\n<meta property=\"og:type\" content=\"article\" \/>\n<meta property=\"og:title\" content=\"Environ 30 ans - Fabricant d&#039;ascenseurs | Aritco\" \/>\n<meta property=\"og:description\" content=\"Fabricant prim\u00e9 de plates-formes \u00e9l\u00e9vatrices bas\u00e9 en Su\u00e8de, fournissant des ascenseurs publics et domestiques dans le monde entier. Aritco a un ascenseur pour chaque situation.\" \/>\n<meta property=\"og:url\" content=\"https:\/\/www.aritco.com\/fr\/a-propos-daritco\/notre-histoire\/\" \/>\n<meta property=\"og:site_name\" content=\"Aritco\" \/>\n<meta property=\"article:modified_time\" content=\"2026-01-22T10:46:41+00:00\" \/>\n<meta property=\"og:image\" content=\"https:\/\/www.aritco.com\/\/wp-content\/webpc-passthru.php?src=https:\/\/www.aritco.com\/wp-content\/uploads\/2024\/09\/AHL-DW-Concept-16_9-1.jpg&nocache=1\" \/>\n<meta name=\"twitter:card\" content=\"summary_large_image\" \/>\n<meta name=\"twitter:title\" content=\"Environ 30 ans - Fabricant d&#039;ascenseurs | Aritco\" \/>\n<meta name=\"twitter:description\" content=\"Fabricant prim\u00e9 de plates-formes \u00e9l\u00e9vatrices bas\u00e9 en Su\u00e8de, fournissant des ascenseurs publics et domestiques dans le monde entier. Aritco a un ascenseur pour chaque situation.\" \/>\n<meta name=\"twitter:image\" content=\"https:\/\/www.aritco.com\/\/wp-content\/webpc-passthru.php?src=https:\/\/www.aritco.com\/wp-content\/uploads\/2024\/09\/AHL-DW-Concept-16_9-1.jpg&nocache=1\" \/>\n<meta name=\"twitter:label1\" content=\"Dur\u00e9e de lecture estim\u00e9e\" \/>\n\t<meta name=\"twitter:data1\" content=\"1 minute\" \/>\n<script type=\"application\/ld+json\" class=\"yoast-schema-graph\">{\"@context\":\"https:\/\/schema.org\",\"@graph\":[{\"@type\":\"WebPage\",\"@id\":\"https:\/\/www.aritco.com\/fr\/a-propos-daritco\/notre-histoire\/\",\"url\":\"https:\/\/www.aritco.com\/fr\/a-propos-daritco\/notre-histoire\/\",\"name\":\"Aritco 30 ans - Fabricant de plates-formes \u00e9l\u00e9vatrices - Fabriqu\u00e9 en Su\u00e8de\",\"isPartOf\":{\"@id\":\"https:\/\/www.aritco.com\/fr\/#website\"},\"primaryImageOfPage\":{\"@id\":\"https:\/\/www.aritco.com\/fr\/a-propos-daritco\/notre-histoire\/#primaryimage\"},\"image\":{\"@id\":\"https:\/\/www.aritco.com\/fr\/a-propos-daritco\/notre-histoire\/#primaryimage\"},\"thumbnailUrl\":\"https:\/\/www.aritco.com\/wp-content\/uploads\/2024\/09\/AHL-DW-Concept-16_9-1.jpg\",\"datePublished\":\"2025-01-28T08:44:11+00:00\",\"dateModified\":\"2026-01-22T10:46:41+00:00\",\"description\":\"Aritco est un fabricant prim\u00e9 de plates-formes \u00e9l\u00e9vatrices et d'ascenseurs domestiques. Nous fournissons des ascenseurs pour les march\u00e9s publics et priv\u00e9s dans le monde entier.\",\"breadcrumb\":{\"@id\":\"https:\/\/www.aritco.com\/fr\/a-propos-daritco\/notre-histoire\/#breadcrumb\"},\"inLanguage\":\"fr-FR\",\"potentialAction\":[{\"@type\":\"ReadAction\",\"target\":[\"https:\/\/www.aritco.com\/fr\/a-propos-daritco\/notre-histoire\/\"]}]},{\"@type\":\"ImageObject\",\"inLanguage\":\"fr-FR\",\"@id\":\"https:\/\/www.aritco.com\/fr\/a-propos-daritco\/notre-histoire\/#primaryimage\",\"url\":\"https:\/\/www.aritco.com\/wp-content\/uploads\/2024\/09\/AHL-DW-Concept-16_9-1.jpg\",\"contentUrl\":\"https:\/\/www.aritco.com\/wp-content\/uploads\/2024\/09\/AHL-DW-Concept-16_9-1.jpg\",\"width\":1400,\"height\":788},{\"@type\":\"BreadcrumbList\",\"@id\":\"https:\/\/www.aritco.com\/fr\/a-propos-daritco\/notre-histoire\/#breadcrumb\",\"itemListElement\":[{\"@type\":\"ListItem\",\"position\":1,\"name\":\"\u00c0 propos d&#8217;Aritco\",\"item\":\"https:\/\/www.aritco.com\/fr\/a-propos-daritco\/\"},{\"@type\":\"ListItem\",\"position\":2,\"name\":\"Notre histoire\"}]},{\"@type\":\"WebSite\",\"@id\":\"https:\/\/www.aritco.com\/fr\/#website\",\"url\":\"https:\/\/www.aritco.com\/fr\/\",\"name\":\"Aritco\",\"description\":\"Award-winning lifts for homes and public and commercial use\",\"publisher\":{\"@id\":\"https:\/\/www.aritco.com\/fr\/#organization\"},\"potentialAction\":[{\"@type\":\"SearchAction\",\"target\":{\"@type\":\"EntryPoint\",\"urlTemplate\":\"https:\/\/www.aritco.com\/fr\/?s={search_term_string}\"},\"query-input\":{\"@type\":\"PropertyValueSpecification\",\"valueRequired\":true,\"valueName\":\"search_term_string\"}}],\"inLanguage\":\"fr-FR\"},{\"@type\":\"Organization\",\"@id\":\"https:\/\/www.aritco.com\/fr\/#organization\",\"name\":\"Aritco\",\"url\":\"https:\/\/www.aritco.com\/fr\/\",\"logo\":{\"@type\":\"ImageObject\",\"inLanguage\":\"fr-FR\",\"@id\":\"https:\/\/www.aritco.com\/fr\/#\/schema\/logo\/image\/\",\"url\":\"https:\/\/www.aritco.com\/wp-content\/uploads\/2019\/05\/vertical-3.svg\",\"contentUrl\":\"https:\/\/www.aritco.com\/wp-content\/uploads\/2019\/05\/vertical-3.svg\",\"width\":1,\"height\":1,\"caption\":\"Aritco\"},\"image\":{\"@id\":\"https:\/\/www.aritco.com\/fr\/#\/schema\/logo\/image\/\"},\"publishingPrinciples\":\"https:\/\/www.aritco.com\/about-aritco\/\"}]}<\/script>\n<!-- \/ Yoast SEO Premium plugin. -->","yoast_head_json":{"title":"Aritco 30 ans - Fabricant de plates-formes \u00e9l\u00e9vatrices - Fabriqu\u00e9 en Su\u00e8de","description":"Aritco est un fabricant prim\u00e9 de plates-formes \u00e9l\u00e9vatrices et d'ascenseurs domestiques. Nous fournissons des ascenseurs pour les march\u00e9s publics et priv\u00e9s dans le monde entier.","robots":{"index":"index","follow":"follow","max-snippet":"max-snippet:-1","max-image-preview":"max-image-preview:large","max-video-preview":"max-video-preview:-1"},"canonical":"https:\/\/www.aritco.com\/fr\/a-propos-daritco\/notre-histoire\/","og_locale":"fr_FR","og_type":"article","og_title":"Environ 30 ans - Fabricant d'ascenseurs | Aritco","og_description":"Fabricant prim\u00e9 de plates-formes \u00e9l\u00e9vatrices bas\u00e9 en Su\u00e8de, fournissant des ascenseurs publics et domestiques dans le monde entier. Aritco a un ascenseur pour chaque situation.","og_url":"https:\/\/www.aritco.com\/fr\/a-propos-daritco\/notre-histoire\/","og_site_name":"Aritco","article_modified_time":"2026-01-22T10:46:41+00:00","og_image":[{"url":"https:\/\/www.aritco.com\/\/wp-content\/webpc-passthru.php?src=https:\/\/www.aritco.com\/wp-content\/uploads\/2024\/09\/AHL-DW-Concept-16_9-1.jpg&nocache=1","type":"","width":"","height":""}],"twitter_card":"summary_large_image","twitter_title":"Environ 30 ans - Fabricant d'ascenseurs | Aritco","twitter_description":"Fabricant prim\u00e9 de plates-formes \u00e9l\u00e9vatrices bas\u00e9 en Su\u00e8de, fournissant des ascenseurs publics et domestiques dans le monde entier. Aritco a un ascenseur pour chaque situation.","twitter_image":"https:\/\/www.aritco.com\/\/wp-content\/webpc-passthru.php?src=https:\/\/www.aritco.com\/wp-content\/uploads\/2024\/09\/AHL-DW-Concept-16_9-1.jpg&nocache=1","twitter_misc":{"Dur\u00e9e de lecture estim\u00e9e":"1 minute"},"schema":{"@context":"https:\/\/schema.org","@graph":[{"@type":"WebPage","@id":"https:\/\/www.aritco.com\/fr\/a-propos-daritco\/notre-histoire\/","url":"https:\/\/www.aritco.com\/fr\/a-propos-daritco\/notre-histoire\/","name":"Aritco 30 ans - Fabricant de plates-formes \u00e9l\u00e9vatrices - Fabriqu\u00e9 en Su\u00e8de","isPartOf":{"@id":"https:\/\/www.aritco.com\/fr\/#website"},"primaryImageOfPage":{"@id":"https:\/\/www.aritco.com\/fr\/a-propos-daritco\/notre-histoire\/#primaryimage"},"image":{"@id":"https:\/\/www.aritco.com\/fr\/a-propos-daritco\/notre-histoire\/#primaryimage"},"thumbnailUrl":"https:\/\/www.aritco.com\/wp-content\/uploads\/2024\/09\/AHL-DW-Concept-16_9-1.jpg","datePublished":"2025-01-28T08:44:11+00:00","dateModified":"2026-01-22T10:46:41+00:00","description":"Aritco est un fabricant prim\u00e9 de plates-formes \u00e9l\u00e9vatrices et d'ascenseurs domestiques. Nous fournissons des ascenseurs pour les march\u00e9s publics et priv\u00e9s dans le monde entier.","breadcrumb":{"@id":"https:\/\/www.aritco.com\/fr\/a-propos-daritco\/notre-histoire\/#breadcrumb"},"inLanguage":"fr-FR","potentialAction":[{"@type":"ReadAction","target":["https:\/\/www.aritco.com\/fr\/a-propos-daritco\/notre-histoire\/"]}]},{"@type":"ImageObject","inLanguage":"fr-FR","@id":"https:\/\/www.aritco.com\/fr\/a-propos-daritco\/notre-histoire\/#primaryimage","url":"https:\/\/www.aritco.com\/wp-content\/uploads\/2024\/09\/AHL-DW-Concept-16_9-1.jpg","contentUrl":"https:\/\/www.aritco.com\/wp-content\/uploads\/2024\/09\/AHL-DW-Concept-16_9-1.jpg","width":1400,"height":788},{"@type":"BreadcrumbList","@id":"https:\/\/www.aritco.com\/fr\/a-propos-daritco\/notre-histoire\/#breadcrumb","itemListElement":[{"@type":"ListItem","position":1,"name":"\u00c0 propos d&#8217;Aritco","item":"https:\/\/www.aritco.com\/fr\/a-propos-daritco\/"},{"@type":"ListItem","position":2,"name":"Notre histoire"}]},{"@type":"WebSite","@id":"https:\/\/www.aritco.com\/fr\/#website","url":"https:\/\/www.aritco.com\/fr\/","name":"Aritco","description":"Award-winning lifts for homes and public and commercial use","publisher":{"@id":"https:\/\/www.aritco.com\/fr\/#organization"},"potentialAction":[{"@type":"SearchAction","target":{"@type":"EntryPoint","urlTemplate":"https:\/\/www.aritco.com\/fr\/?s={search_term_string}"},"query-input":{"@type":"PropertyValueSpecification","valueRequired":true,"valueName":"search_term_string"}}],"inLanguage":"fr-FR"},{"@type":"Organization","@id":"https:\/\/www.aritco.com\/fr\/#organization","name":"Aritco","url":"https:\/\/www.aritco.com\/fr\/","logo":{"@type":"ImageObject","inLanguage":"fr-FR","@id":"https:\/\/www.aritco.com\/fr\/#\/schema\/logo\/image\/","url":"https:\/\/www.aritco.com\/wp-content\/uploads\/2019\/05\/vertical-3.svg","contentUrl":"https:\/\/www.aritco.com\/wp-content\/uploads\/2019\/05\/vertical-3.svg","width":1,"height":1,"caption":"Aritco"},"image":{"@id":"https:\/\/www.aritco.com\/fr\/#\/schema\/logo\/image\/"},"publishingPrinciples":"https:\/\/www.aritco.com\/about-aritco\/"}]}},"_links":{"self":[{"href":"https:\/\/www.aritco.com\/fr\/wp-json\/wp\/v2\/pages\/58686","targetHints":{"allow":["GET"]}}],"collection":[{"href":"https:\/\/www.aritco.com\/fr\/wp-json\/wp\/v2\/pages"}],"about":[{"href":"https:\/\/www.aritco.com\/fr\/wp-json\/wp\/v2\/types\/page"}],"author":[{"embeddable":true,"href":"https:\/\/www.aritco.com\/fr\/wp-json\/wp\/v2\/users\/12"}],"replies":[{"embeddable":true,"href":"https:\/\/www.aritco.com\/fr\/wp-json\/wp\/v2\/comments?post=58686"}],"version-history":[{"count":9,"href":"https:\/\/www.aritco.com\/fr\/wp-json\/wp\/v2\/pages\/58686\/revisions"}],"predecessor-version":[{"id":64323,"href":"https:\/\/www.aritco.com\/fr\/wp-json\/wp\/v2\/pages\/58686\/revisions\/64323"}],"up":[{"embeddable":true,"href":"https:\/\/www.aritco.com\/fr\/wp-json\/wp\/v2\/pages\/6864"}],"wp:featuredmedia":[{"embeddable":true,"href":"https:\/\/www.aritco.com\/fr\/wp-json\/wp\/v2\/media\/55744"}],"wp:attachment":[{"href":"https:\/\/www.aritco.com\/fr\/wp-json\/wp\/v2\/media?parent=58686"}],"curies":[{"name":"wp","href":"https:\/\/api.w.org\/{rel}","templated":true}]}}