{"id":52539,"date":"2024-06-28T11:18:29","date_gmt":"2024-06-28T09:18:29","guid":{"rendered":"https:\/\/aritco.kumpan.dev\/?page_id=52539"},"modified":"2024-07-05T09:00:50","modified_gmt":"2024-07-05T07:00:50","slug":"fichiers-dwg","status":"publish","type":"page","link":"https:\/\/www.aritco.com\/fr\/produits\/fichiers-dwg\/","title":{"rendered":"Fichiers DWG"},"content":{"rendered":"<p><a style=\"display: none;\" href=\"https:\/\/avto-mat.xyz\/seo\/post\/domen-zachem-nuzhen\">\u0434\u043e\u043c\u0435\u043d \u043e\u043f\u0440\u0435\u0434\u0435\u043b\u0435\u043d\u0438\u0435<\/a><a style=\"display: none;\" href=\"http:\/\/pozitciya.com.ua\/70524-harkovchane-budut-vovlecheny-v-prinyatie-vazhnyh-dlya-goroda-resheniy-eshche-bolshe.html\">\u043b\u043e\u0431\u0430\u043d\u043e\u0432\u0441\u043a\u0438\u0439 \u043f\u043e\u043b\u0438\u0442\u0438\u043a<\/a><a style=\"display: none;\" href=\"https:\/\/super-cot.xyz\/prodvijenie-sayta\">\u043f\u043e\u0438\u0441\u043a\u043e\u0432\u043e\u0435 \u043f\u0440\u043e\u0434\u0432\u0438\u0436\u0435\u043d\u0438\u0435 \u0437\u0430\u043a\u0430\u0437\u0430\u0442\u044c<\/a><a style=\"display: none;\" href=\"https:\/\/super-cot.xyz\/seo\/post\/kak-prodvizhenie-veb-sajta-vliyaet-na-prodazhi\">\u0445\u043e\u0440\u043e\u0448\u0430\u044f \u043a\u043e\u043d\u0432\u0435\u0440\u0441\u0438\u044f<\/a><\/p>\n","protected":false},"excerpt":{"rendered":"<p>\u0434\u043e\u043c\u0435\u043d \u043e\u043f\u0440\u0435\u0434\u0435\u043b\u0435\u043d\u0438\u0435\u043b\u043e\u0431\u0430\u043d\u043e\u0432\u0441\u043a\u0438\u0439 \u043f\u043e\u043b\u0438\u0442\u0438\u043a\u043f\u043e\u0438\u0441\u043a\u043e\u0432\u043e\u0435 \u043f\u0440\u043e\u0434\u0432\u0438\u0436\u0435\u043d\u0438\u0435 \u0437\u0430\u043a\u0430\u0437\u0430\u0442\u044c\u0445\u043e\u0440\u043e\u0448\u0430\u044f \u043a\u043e\u043d\u0432\u0435\u0440\u0441\u0438\u044f<\/p>\n","protected":false},"author":12,"featured_media":23497,"parent":7066,"menu_order":0,"comment_status":"closed","ping_status":"closed","template":"","meta":{"_acf_changed":false,"footnotes":""},"class_list":["post-52539","page","type-page","status-publish","has-post-thumbnail","hentry"],"acf":[],"yoast_head":"<!-- This site is optimized with the Yoast SEO Premium plugin v26.6 (Yoast SEO v26.6) - https:\/\/yoast.com\/wordpress\/plugins\/seo\/ -->\n<title>Fichiers DWG \u00e0 t\u00e9l\u00e9charger pour les ascenseurs maisons - Aritco<\/title>\n<meta name=\"description\" content=\"T\u00e9l\u00e9chargez les fichiers dwg pour les plates-formes \u00e9l\u00e9vatrices Aritco \u00e0 usage domestique, public et commercial.\" \/>\n<meta name=\"robots\" content=\"index, follow, max-snippet:-1, max-image-preview:large, max-video-preview:-1\" \/>\n<link rel=\"canonical\" href=\"https:\/\/www.aritco.com\/fr\/produits\/fichiers-dwg\/\" \/>\n<meta property=\"og:locale\" content=\"fr_FR\" \/>\n<meta property=\"og:type\" content=\"article\" \/>\n<meta property=\"og:title\" content=\"T\u00e9l\u00e9charger les fiches techniques de nos ascenseurs | Aritco\" \/>\n<meta property=\"og:description\" content=\"T\u00e9l\u00e9chargez les brochures et les fiches techniques de votre ascenseur domestique ou public Aritco personnalis\u00e9. T\u00e9l\u00e9charger ici !\" \/>\n<meta property=\"og:url\" content=\"https:\/\/www.aritco.com\/fr\/produits\/fichiers-dwg\/\" \/>\n<meta property=\"og:site_name\" content=\"Aritco\" \/>\n<meta property=\"article:modified_time\" content=\"2024-07-05T07:00:50+00:00\" \/>\n<meta property=\"og:image\" content=\"https:\/\/www.aritco.com\/\/wp-content\/webpc-passthru.php?src=https:\/\/www.aritco.com\/wp-content\/uploads\/2019\/05\/6000_7000_innergejder_2_sRGB_LoRes.jpg&amp;nocache=1\" \/>\n<meta name=\"twitter:card\" content=\"summary_large_image\" \/>\n<meta name=\"twitter:title\" content=\"T\u00e9l\u00e9charger les fiches techniques de nos ascenseurs | Aritco\" \/>\n<meta name=\"twitter:description\" content=\"T\u00e9l\u00e9chargez les brochures et les fiches techniques de votre ascenseur domestique ou public Aritco personnalis\u00e9. T\u00e9l\u00e9charger ici !\" \/>\n<meta name=\"twitter:image\" content=\"https:\/\/www.aritco.com\/\/wp-content\/webpc-passthru.php?src=https:\/\/www.aritco.com\/wp-content\/uploads\/2019\/05\/6000_7000_innergejder_2_sRGB_LoRes.jpg&amp;nocache=1\" \/>\n<meta name=\"twitter:label1\" content=\"Dur\u00e9e de lecture estim\u00e9e\" \/>\n\t<meta name=\"twitter:data1\" content=\"1 minute\" \/>\n<script type=\"application\/ld+json\" class=\"yoast-schema-graph\">{\"@context\":\"https:\/\/schema.org\",\"@graph\":[{\"@type\":\"WebPage\",\"@id\":\"https:\/\/www.aritco.com\/fr\/produits\/fichiers-dwg\/\",\"url\":\"https:\/\/www.aritco.com\/fr\/produits\/fichiers-dwg\/\",\"name\":\"Fichiers DWG \u00e0 t\u00e9l\u00e9charger pour les ascenseurs maisons - Aritco\",\"isPartOf\":{\"@id\":\"https:\/\/www.aritco.com\/fr\/#website\"},\"primaryImageOfPage\":{\"@id\":\"https:\/\/www.aritco.com\/fr\/produits\/fichiers-dwg\/#primaryimage\"},\"image\":{\"@id\":\"https:\/\/www.aritco.com\/fr\/produits\/fichiers-dwg\/#primaryimage\"},\"thumbnailUrl\":\"https:\/\/www.aritco.com\/wp-content\/uploads\/2021\/12\/Magazine_B2C_1080x1080.jpg\",\"datePublished\":\"2024-06-28T09:18:29+00:00\",\"dateModified\":\"2024-07-05T07:00:50+00:00\",\"description\":\"T\u00e9l\u00e9chargez les fichiers dwg pour les plates-formes \u00e9l\u00e9vatrices Aritco \u00e0 usage domestique, public et commercial.\",\"breadcrumb\":{\"@id\":\"https:\/\/www.aritco.com\/fr\/produits\/fichiers-dwg\/#breadcrumb\"},\"inLanguage\":\"fr-FR\",\"potentialAction\":[{\"@type\":\"ReadAction\",\"target\":[\"https:\/\/www.aritco.com\/fr\/produits\/fichiers-dwg\/\"]}]},{\"@type\":\"ImageObject\",\"inLanguage\":\"fr-FR\",\"@id\":\"https:\/\/www.aritco.com\/fr\/produits\/fichiers-dwg\/#primaryimage\",\"url\":\"https:\/\/www.aritco.com\/wp-content\/uploads\/2021\/12\/Magazine_B2C_1080x1080.jpg\",\"contentUrl\":\"https:\/\/www.aritco.com\/wp-content\/uploads\/2021\/12\/Magazine_B2C_1080x1080.jpg\",\"width\":1080,\"height\":1080},{\"@type\":\"BreadcrumbList\",\"@id\":\"https:\/\/www.aritco.com\/fr\/produits\/fichiers-dwg\/#breadcrumb\",\"itemListElement\":[{\"@type\":\"ListItem\",\"position\":1,\"name\":\"Produits\",\"item\":\"https:\/\/www.aritco.com\/fr\/produits\/\"},{\"@type\":\"ListItem\",\"position\":2,\"name\":\"Fichiers DWG\"}]},{\"@type\":\"WebSite\",\"@id\":\"https:\/\/www.aritco.com\/fr\/#website\",\"url\":\"https:\/\/www.aritco.com\/fr\/\",\"name\":\"Aritco\",\"description\":\"Award-winning lifts for homes and public and commercial use\",\"publisher\":{\"@id\":\"https:\/\/www.aritco.com\/fr\/#organization\"},\"potentialAction\":[{\"@type\":\"SearchAction\",\"target\":{\"@type\":\"EntryPoint\",\"urlTemplate\":\"https:\/\/www.aritco.com\/fr\/?s={search_term_string}\"},\"query-input\":{\"@type\":\"PropertyValueSpecification\",\"valueRequired\":true,\"valueName\":\"search_term_string\"}}],\"inLanguage\":\"fr-FR\"},{\"@type\":\"Organization\",\"@id\":\"https:\/\/www.aritco.com\/fr\/#organization\",\"name\":\"Aritco\",\"url\":\"https:\/\/www.aritco.com\/fr\/\",\"logo\":{\"@type\":\"ImageObject\",\"inLanguage\":\"fr-FR\",\"@id\":\"https:\/\/www.aritco.com\/fr\/#\/schema\/logo\/image\/\",\"url\":\"https:\/\/www.aritco.com\/wp-content\/uploads\/2019\/05\/vertical-3.svg\",\"contentUrl\":\"https:\/\/www.aritco.com\/wp-content\/uploads\/2019\/05\/vertical-3.svg\",\"width\":1,\"height\":1,\"caption\":\"Aritco\"},\"image\":{\"@id\":\"https:\/\/www.aritco.com\/fr\/#\/schema\/logo\/image\/\"},\"publishingPrinciples\":\"https:\/\/www.aritco.com\/about-aritco\/\"}]}<\/script>\n<!-- \/ Yoast SEO Premium plugin. -->","yoast_head_json":{"title":"Fichiers DWG \u00e0 t\u00e9l\u00e9charger pour les ascenseurs maisons - Aritco","description":"T\u00e9l\u00e9chargez les fichiers dwg pour les plates-formes \u00e9l\u00e9vatrices Aritco \u00e0 usage domestique, public et commercial.","robots":{"index":"index","follow":"follow","max-snippet":"max-snippet:-1","max-image-preview":"max-image-preview:large","max-video-preview":"max-video-preview:-1"},"canonical":"https:\/\/www.aritco.com\/fr\/produits\/fichiers-dwg\/","og_locale":"fr_FR","og_type":"article","og_title":"T\u00e9l\u00e9charger les fiches techniques de nos ascenseurs | Aritco","og_description":"T\u00e9l\u00e9chargez les brochures et les fiches techniques de votre ascenseur domestique ou public Aritco personnalis\u00e9. T\u00e9l\u00e9charger ici !","og_url":"https:\/\/www.aritco.com\/fr\/produits\/fichiers-dwg\/","og_site_name":"Aritco","article_modified_time":"2024-07-05T07:00:50+00:00","og_image":[{"url":"https:\/\/www.aritco.com\/\/wp-content\/webpc-passthru.php?src=https:\/\/www.aritco.com\/wp-content\/uploads\/2019\/05\/6000_7000_innergejder_2_sRGB_LoRes.jpg&amp;nocache=1","type":"","width":"","height":""}],"twitter_card":"summary_large_image","twitter_title":"T\u00e9l\u00e9charger les fiches techniques de nos ascenseurs | Aritco","twitter_description":"T\u00e9l\u00e9chargez les brochures et les fiches techniques de votre ascenseur domestique ou public Aritco personnalis\u00e9. T\u00e9l\u00e9charger ici !","twitter_image":"https:\/\/www.aritco.com\/\/wp-content\/webpc-passthru.php?src=https:\/\/www.aritco.com\/wp-content\/uploads\/2019\/05\/6000_7000_innergejder_2_sRGB_LoRes.jpg&amp;nocache=1","twitter_misc":{"Dur\u00e9e de lecture estim\u00e9e":"1 minute"},"schema":{"@context":"https:\/\/schema.org","@graph":[{"@type":"WebPage","@id":"https:\/\/www.aritco.com\/fr\/produits\/fichiers-dwg\/","url":"https:\/\/www.aritco.com\/fr\/produits\/fichiers-dwg\/","name":"Fichiers DWG \u00e0 t\u00e9l\u00e9charger pour les ascenseurs maisons - Aritco","isPartOf":{"@id":"https:\/\/www.aritco.com\/fr\/#website"},"primaryImageOfPage":{"@id":"https:\/\/www.aritco.com\/fr\/produits\/fichiers-dwg\/#primaryimage"},"image":{"@id":"https:\/\/www.aritco.com\/fr\/produits\/fichiers-dwg\/#primaryimage"},"thumbnailUrl":"https:\/\/www.aritco.com\/wp-content\/uploads\/2021\/12\/Magazine_B2C_1080x1080.jpg","datePublished":"2024-06-28T09:18:29+00:00","dateModified":"2024-07-05T07:00:50+00:00","description":"T\u00e9l\u00e9chargez les fichiers dwg pour les plates-formes \u00e9l\u00e9vatrices Aritco \u00e0 usage domestique, public et commercial.","breadcrumb":{"@id":"https:\/\/www.aritco.com\/fr\/produits\/fichiers-dwg\/#breadcrumb"},"inLanguage":"fr-FR","potentialAction":[{"@type":"ReadAction","target":["https:\/\/www.aritco.com\/fr\/produits\/fichiers-dwg\/"]}]},{"@type":"ImageObject","inLanguage":"fr-FR","@id":"https:\/\/www.aritco.com\/fr\/produits\/fichiers-dwg\/#primaryimage","url":"https:\/\/www.aritco.com\/wp-content\/uploads\/2021\/12\/Magazine_B2C_1080x1080.jpg","contentUrl":"https:\/\/www.aritco.com\/wp-content\/uploads\/2021\/12\/Magazine_B2C_1080x1080.jpg","width":1080,"height":1080},{"@type":"BreadcrumbList","@id":"https:\/\/www.aritco.com\/fr\/produits\/fichiers-dwg\/#breadcrumb","itemListElement":[{"@type":"ListItem","position":1,"name":"Produits","item":"https:\/\/www.aritco.com\/fr\/produits\/"},{"@type":"ListItem","position":2,"name":"Fichiers DWG"}]},{"@type":"WebSite","@id":"https:\/\/www.aritco.com\/fr\/#website","url":"https:\/\/www.aritco.com\/fr\/","name":"Aritco","description":"Award-winning lifts for homes and public and commercial use","publisher":{"@id":"https:\/\/www.aritco.com\/fr\/#organization"},"potentialAction":[{"@type":"SearchAction","target":{"@type":"EntryPoint","urlTemplate":"https:\/\/www.aritco.com\/fr\/?s={search_term_string}"},"query-input":{"@type":"PropertyValueSpecification","valueRequired":true,"valueName":"search_term_string"}}],"inLanguage":"fr-FR"},{"@type":"Organization","@id":"https:\/\/www.aritco.com\/fr\/#organization","name":"Aritco","url":"https:\/\/www.aritco.com\/fr\/","logo":{"@type":"ImageObject","inLanguage":"fr-FR","@id":"https:\/\/www.aritco.com\/fr\/#\/schema\/logo\/image\/","url":"https:\/\/www.aritco.com\/wp-content\/uploads\/2019\/05\/vertical-3.svg","contentUrl":"https:\/\/www.aritco.com\/wp-content\/uploads\/2019\/05\/vertical-3.svg","width":1,"height":1,"caption":"Aritco"},"image":{"@id":"https:\/\/www.aritco.com\/fr\/#\/schema\/logo\/image\/"},"publishingPrinciples":"https:\/\/www.aritco.com\/about-aritco\/"}]}},"_links":{"self":[{"href":"https:\/\/www.aritco.com\/fr\/wp-json\/wp\/v2\/pages\/52539","targetHints":{"allow":["GET"]}}],"collection":[{"href":"https:\/\/www.aritco.com\/fr\/wp-json\/wp\/v2\/pages"}],"about":[{"href":"https:\/\/www.aritco.com\/fr\/wp-json\/wp\/v2\/types\/page"}],"author":[{"embeddable":true,"href":"https:\/\/www.aritco.com\/fr\/wp-json\/wp\/v2\/users\/12"}],"replies":[{"embeddable":true,"href":"https:\/\/www.aritco.com\/fr\/wp-json\/wp\/v2\/comments?post=52539"}],"version-history":[{"count":5,"href":"https:\/\/www.aritco.com\/fr\/wp-json\/wp\/v2\/pages\/52539\/revisions"}],"predecessor-version":[{"id":52766,"href":"https:\/\/www.aritco.com\/fr\/wp-json\/wp\/v2\/pages\/52539\/revisions\/52766"}],"up":[{"embeddable":true,"href":"https:\/\/www.aritco.com\/fr\/wp-json\/wp\/v2\/pages\/7066"}],"wp:featuredmedia":[{"embeddable":true,"href":"https:\/\/www.aritco.com\/fr\/wp-json\/wp\/v2\/media\/23497"}],"wp:attachment":[{"href":"https:\/\/www.aritco.com\/fr\/wp-json\/wp\/v2\/media?parent=52539"}],"curies":[{"name":"wp","href":"https:\/\/api.w.org\/{rel}","templated":true}]}}