{"id":49187,"date":"2024-03-26T13:51:44","date_gmt":"2024-03-26T12:51:44","guid":{"rendered":"https:\/\/aritco.kumpan.dev\/?page_id=49187"},"modified":"2024-03-26T13:51:44","modified_gmt":"2024-03-26T12:51:44","slug":"ascenseurs-exterieurs","status":"publish","type":"page","link":"https:\/\/www.aritco.com\/fr\/produits\/ascenseurs-exterieurs\/","title":{"rendered":"Ascenseurs ext\u00e9rieurs"},"content":{"rendered":"","protected":false},"excerpt":{"rendered":"","protected":false},"author":10,"featured_media":0,"parent":7066,"menu_order":0,"comment_status":"closed","ping_status":"closed","template":"","meta":{"_acf_changed":false,"footnotes":""},"class_list":["post-49187","page","type-page","status-publish","hentry"],"acf":[],"yoast_head":"<!-- This site is optimized with the Yoast SEO Premium plugin v26.6 (Yoast SEO v26.6) - https:\/\/yoast.com\/wordpress\/plugins\/seo\/ -->\n<title>Ascenseurs ext\u00e9rieurs - Ascenseurs r\u00e9sistants aux intemp\u00e9ries - Aritco<\/title>\n<meta name=\"description\" content=\"Nos ascenseurs ext\u00e9rieurs sont sp\u00e9cialement con\u00e7us pour r\u00e9sister aux variations de temp\u00e9rature et aux intemp\u00e9ries.\" \/>\n<meta name=\"robots\" content=\"index, follow, max-snippet:-1, max-image-preview:large, max-video-preview:-1\" \/>\n<link rel=\"canonical\" href=\"https:\/\/www.aritco.com\/fr\/produits\/ascenseurs-exterieurs\/\" \/>\n<meta property=\"og:locale\" content=\"fr_FR\" \/>\n<meta property=\"og:type\" content=\"article\" \/>\n<meta property=\"og:title\" content=\"Ascenseurs ext\u00e9rieurs\" \/>\n<meta property=\"og:description\" content=\"Nos ascenseurs ext\u00e9rieurs sont sp\u00e9cialement con\u00e7us pour r\u00e9sister aux variations de temp\u00e9rature et aux intemp\u00e9ries.\" \/>\n<meta property=\"og:url\" content=\"https:\/\/www.aritco.com\/fr\/produits\/ascenseurs-exterieurs\/\" \/>\n<meta property=\"og:site_name\" content=\"Aritco\" \/>\n<meta name=\"twitter:card\" content=\"summary_large_image\" \/>\n<script type=\"application\/ld+json\" class=\"yoast-schema-graph\">{\"@context\":\"https:\/\/schema.org\",\"@graph\":[{\"@type\":\"WebPage\",\"@id\":\"https:\/\/www.aritco.com\/fr\/produits\/ascenseurs-exterieurs\/\",\"url\":\"https:\/\/www.aritco.com\/fr\/produits\/ascenseurs-exterieurs\/\",\"name\":\"Ascenseurs ext\u00e9rieurs - Ascenseurs r\u00e9sistants aux intemp\u00e9ries - Aritco\",\"isPartOf\":{\"@id\":\"https:\/\/www.aritco.com\/fr\/#website\"},\"datePublished\":\"2024-03-26T12:51:44+00:00\",\"description\":\"Nos ascenseurs ext\u00e9rieurs sont sp\u00e9cialement con\u00e7us pour r\u00e9sister aux variations de temp\u00e9rature et aux intemp\u00e9ries.\",\"breadcrumb\":{\"@id\":\"https:\/\/www.aritco.com\/fr\/produits\/ascenseurs-exterieurs\/#breadcrumb\"},\"inLanguage\":\"fr-FR\",\"potentialAction\":[{\"@type\":\"ReadAction\",\"target\":[\"https:\/\/www.aritco.com\/fr\/produits\/ascenseurs-exterieurs\/\"]}]},{\"@type\":\"BreadcrumbList\",\"@id\":\"https:\/\/www.aritco.com\/fr\/produits\/ascenseurs-exterieurs\/#breadcrumb\",\"itemListElement\":[{\"@type\":\"ListItem\",\"position\":1,\"name\":\"Produits\",\"item\":\"https:\/\/www.aritco.com\/fr\/produits\/\"},{\"@type\":\"ListItem\",\"position\":2,\"name\":\"Ascenseurs ext\u00e9rieurs\"}]},{\"@type\":\"WebSite\",\"@id\":\"https:\/\/www.aritco.com\/fr\/#website\",\"url\":\"https:\/\/www.aritco.com\/fr\/\",\"name\":\"Aritco\",\"description\":\"Award-winning lifts for homes and public and commercial use\",\"publisher\":{\"@id\":\"https:\/\/www.aritco.com\/fr\/#organization\"},\"potentialAction\":[{\"@type\":\"SearchAction\",\"target\":{\"@type\":\"EntryPoint\",\"urlTemplate\":\"https:\/\/www.aritco.com\/fr\/?s={search_term_string}\"},\"query-input\":{\"@type\":\"PropertyValueSpecification\",\"valueRequired\":true,\"valueName\":\"search_term_string\"}}],\"inLanguage\":\"fr-FR\"},{\"@type\":\"Organization\",\"@id\":\"https:\/\/www.aritco.com\/fr\/#organization\",\"name\":\"Aritco\",\"url\":\"https:\/\/www.aritco.com\/fr\/\",\"logo\":{\"@type\":\"ImageObject\",\"inLanguage\":\"fr-FR\",\"@id\":\"https:\/\/www.aritco.com\/fr\/#\/schema\/logo\/image\/\",\"url\":\"https:\/\/www.aritco.com\/wp-content\/uploads\/2019\/05\/vertical-3.svg\",\"contentUrl\":\"https:\/\/www.aritco.com\/wp-content\/uploads\/2019\/05\/vertical-3.svg\",\"width\":1,\"height\":1,\"caption\":\"Aritco\"},\"image\":{\"@id\":\"https:\/\/www.aritco.com\/fr\/#\/schema\/logo\/image\/\"},\"publishingPrinciples\":\"https:\/\/www.aritco.com\/about-aritco\/\"}]}<\/script>\n<!-- \/ Yoast SEO Premium plugin. -->","yoast_head_json":{"title":"Ascenseurs ext\u00e9rieurs - Ascenseurs r\u00e9sistants aux intemp\u00e9ries - Aritco","description":"Nos ascenseurs ext\u00e9rieurs sont sp\u00e9cialement con\u00e7us pour r\u00e9sister aux variations de temp\u00e9rature et aux intemp\u00e9ries.","robots":{"index":"index","follow":"follow","max-snippet":"max-snippet:-1","max-image-preview":"max-image-preview:large","max-video-preview":"max-video-preview:-1"},"canonical":"https:\/\/www.aritco.com\/fr\/produits\/ascenseurs-exterieurs\/","og_locale":"fr_FR","og_type":"article","og_title":"Ascenseurs ext\u00e9rieurs","og_description":"Nos ascenseurs ext\u00e9rieurs sont sp\u00e9cialement con\u00e7us pour r\u00e9sister aux variations de temp\u00e9rature et aux intemp\u00e9ries.","og_url":"https:\/\/www.aritco.com\/fr\/produits\/ascenseurs-exterieurs\/","og_site_name":"Aritco","twitter_card":"summary_large_image","schema":{"@context":"https:\/\/schema.org","@graph":[{"@type":"WebPage","@id":"https:\/\/www.aritco.com\/fr\/produits\/ascenseurs-exterieurs\/","url":"https:\/\/www.aritco.com\/fr\/produits\/ascenseurs-exterieurs\/","name":"Ascenseurs ext\u00e9rieurs - Ascenseurs r\u00e9sistants aux intemp\u00e9ries - Aritco","isPartOf":{"@id":"https:\/\/www.aritco.com\/fr\/#website"},"datePublished":"2024-03-26T12:51:44+00:00","description":"Nos ascenseurs ext\u00e9rieurs sont sp\u00e9cialement con\u00e7us pour r\u00e9sister aux variations de temp\u00e9rature et aux intemp\u00e9ries.","breadcrumb":{"@id":"https:\/\/www.aritco.com\/fr\/produits\/ascenseurs-exterieurs\/#breadcrumb"},"inLanguage":"fr-FR","potentialAction":[{"@type":"ReadAction","target":["https:\/\/www.aritco.com\/fr\/produits\/ascenseurs-exterieurs\/"]}]},{"@type":"BreadcrumbList","@id":"https:\/\/www.aritco.com\/fr\/produits\/ascenseurs-exterieurs\/#breadcrumb","itemListElement":[{"@type":"ListItem","position":1,"name":"Produits","item":"https:\/\/www.aritco.com\/fr\/produits\/"},{"@type":"ListItem","position":2,"name":"Ascenseurs ext\u00e9rieurs"}]},{"@type":"WebSite","@id":"https:\/\/www.aritco.com\/fr\/#website","url":"https:\/\/www.aritco.com\/fr\/","name":"Aritco","description":"Award-winning lifts for homes and public and commercial use","publisher":{"@id":"https:\/\/www.aritco.com\/fr\/#organization"},"potentialAction":[{"@type":"SearchAction","target":{"@type":"EntryPoint","urlTemplate":"https:\/\/www.aritco.com\/fr\/?s={search_term_string}"},"query-input":{"@type":"PropertyValueSpecification","valueRequired":true,"valueName":"search_term_string"}}],"inLanguage":"fr-FR"},{"@type":"Organization","@id":"https:\/\/www.aritco.com\/fr\/#organization","name":"Aritco","url":"https:\/\/www.aritco.com\/fr\/","logo":{"@type":"ImageObject","inLanguage":"fr-FR","@id":"https:\/\/www.aritco.com\/fr\/#\/schema\/logo\/image\/","url":"https:\/\/www.aritco.com\/wp-content\/uploads\/2019\/05\/vertical-3.svg","contentUrl":"https:\/\/www.aritco.com\/wp-content\/uploads\/2019\/05\/vertical-3.svg","width":1,"height":1,"caption":"Aritco"},"image":{"@id":"https:\/\/www.aritco.com\/fr\/#\/schema\/logo\/image\/"},"publishingPrinciples":"https:\/\/www.aritco.com\/about-aritco\/"}]}},"_links":{"self":[{"href":"https:\/\/www.aritco.com\/fr\/wp-json\/wp\/v2\/pages\/49187","targetHints":{"allow":["GET"]}}],"collection":[{"href":"https:\/\/www.aritco.com\/fr\/wp-json\/wp\/v2\/pages"}],"about":[{"href":"https:\/\/www.aritco.com\/fr\/wp-json\/wp\/v2\/types\/page"}],"author":[{"embeddable":true,"href":"https:\/\/www.aritco.com\/fr\/wp-json\/wp\/v2\/users\/10"}],"replies":[{"embeddable":true,"href":"https:\/\/www.aritco.com\/fr\/wp-json\/wp\/v2\/comments?post=49187"}],"version-history":[{"count":2,"href":"https:\/\/www.aritco.com\/fr\/wp-json\/wp\/v2\/pages\/49187\/revisions"}],"predecessor-version":[{"id":49194,"href":"https:\/\/www.aritco.com\/fr\/wp-json\/wp\/v2\/pages\/49187\/revisions\/49194"}],"up":[{"embeddable":true,"href":"https:\/\/www.aritco.com\/fr\/wp-json\/wp\/v2\/pages\/7066"}],"wp:attachment":[{"href":"https:\/\/www.aritco.com\/fr\/wp-json\/wp\/v2\/media?parent=49187"}],"curies":[{"name":"wp","href":"https:\/\/api.w.org\/{rel}","templated":true}]}}