{"id":49136,"date":"2024-03-22T15:02:02","date_gmt":"2024-03-22T14:02:02","guid":{"rendered":"https:\/\/aritco.kumpan.dev\/?page_id=49136"},"modified":"2024-03-22T15:02:02","modified_gmt":"2024-03-22T14:02:02","slug":"systeme-de-securite-intelligent","status":"publish","type":"page","link":"https:\/\/www.aritco.com\/fr\/produits\/technologie-et-securite\/systeme-de-securite-intelligent\/","title":{"rendered":"Syst\u00e8me de s\u00e9curit\u00e9 intelligent"},"content":{"rendered":"","protected":false},"excerpt":{"rendered":"","protected":false},"author":10,"featured_media":46717,"parent":18616,"menu_order":0,"comment_status":"closed","ping_status":"closed","template":"","meta":{"_acf_changed":false,"footnotes":""},"class_list":["post-49136","page","type-page","status-publish","has-post-thumbnail","hentry"],"acf":[],"yoast_head":"<!-- This site is optimized with the Yoast SEO Premium plugin v26.6 (Yoast SEO v26.6) - https:\/\/yoast.com\/wordpress\/plugins\/seo\/ -->\n<title>Les ascenseurs domestiques s\u00e9curis\u00e9s avec le syst\u00e8me Aritco Smart Safety<\/title>\n<meta name=\"description\" content=\"La s\u00e9curit\u00e9 a \u00e9t\u00e9 une priorit\u00e9 cl\u00e9 lors du d\u00e9veloppement de nos ascenseurs. C&#039;est pourquoi nous avons d\u00e9velopp\u00e9 le syst\u00e8me Aritco SmartSafety.\" \/>\n<meta name=\"robots\" content=\"index, follow, max-snippet:-1, max-image-preview:large, max-video-preview:-1\" \/>\n<link rel=\"canonical\" href=\"https:\/\/www.aritco.com\/fr\/produits\/technologie-et-securite\/systeme-de-securite-intelligent\/\" \/>\n<meta property=\"og:locale\" content=\"fr_FR\" \/>\n<meta property=\"og:type\" content=\"article\" \/>\n<meta property=\"og:title\" content=\"Syst\u00e8me de s\u00e9curit\u00e9 intelligent\" \/>\n<meta property=\"og:description\" content=\"La s\u00e9curit\u00e9 a \u00e9t\u00e9 une priorit\u00e9 cl\u00e9 lors du d\u00e9veloppement de nos ascenseurs. C&#039;est pourquoi nous avons d\u00e9velopp\u00e9 le syst\u00e8me Aritco SmartSafety.\" \/>\n<meta property=\"og:url\" content=\"https:\/\/www.aritco.com\/fr\/produits\/technologie-et-securite\/systeme-de-securite-intelligent\/\" \/>\n<meta property=\"og:site_name\" content=\"Aritco\" \/>\n<meta property=\"og:image\" content=\"https:\/\/www.aritco.com\/wp-content\/uploads\/2024\/01\/SmartLift-App-Status-Check-1200x900-1.jpg\" \/>\n\t<meta property=\"og:image:width\" content=\"1200\" \/>\n\t<meta property=\"og:image:height\" content=\"902\" \/>\n\t<meta property=\"og:image:type\" content=\"image\/jpeg\" \/>\n<meta name=\"twitter:card\" content=\"summary_large_image\" \/>\n<meta name=\"twitter:label1\" content=\"Dur\u00e9e de lecture estim\u00e9e\" \/>\n\t<meta name=\"twitter:data1\" content=\"1 minute\" \/>\n<script type=\"application\/ld+json\" class=\"yoast-schema-graph\">{\"@context\":\"https:\/\/schema.org\",\"@graph\":[{\"@type\":\"WebPage\",\"@id\":\"https:\/\/www.aritco.com\/fr\/produits\/technologie-et-securite\/systeme-de-securite-intelligent\/\",\"url\":\"https:\/\/www.aritco.com\/fr\/produits\/technologie-et-securite\/systeme-de-securite-intelligent\/\",\"name\":\"Les ascenseurs domestiques s\u00e9curis\u00e9s avec le syst\u00e8me Aritco Smart Safety\",\"isPartOf\":{\"@id\":\"https:\/\/www.aritco.com\/fr\/#website\"},\"primaryImageOfPage\":{\"@id\":\"https:\/\/www.aritco.com\/fr\/produits\/technologie-et-securite\/systeme-de-securite-intelligent\/#primaryimage\"},\"image\":{\"@id\":\"https:\/\/www.aritco.com\/fr\/produits\/technologie-et-securite\/systeme-de-securite-intelligent\/#primaryimage\"},\"thumbnailUrl\":\"https:\/\/www.aritco.com\/wp-content\/uploads\/2024\/01\/SmartLift-App-Status-Check-1200x900-1.jpg\",\"datePublished\":\"2024-03-22T14:02:02+00:00\",\"description\":\"La s\u00e9curit\u00e9 a \u00e9t\u00e9 une priorit\u00e9 cl\u00e9 lors du d\u00e9veloppement de nos ascenseurs. C'est pourquoi nous avons d\u00e9velopp\u00e9 le syst\u00e8me Aritco SmartSafety.\",\"breadcrumb\":{\"@id\":\"https:\/\/www.aritco.com\/fr\/produits\/technologie-et-securite\/systeme-de-securite-intelligent\/#breadcrumb\"},\"inLanguage\":\"fr-FR\",\"potentialAction\":[{\"@type\":\"ReadAction\",\"target\":[\"https:\/\/www.aritco.com\/fr\/produits\/technologie-et-securite\/systeme-de-securite-intelligent\/\"]}]},{\"@type\":\"ImageObject\",\"inLanguage\":\"fr-FR\",\"@id\":\"https:\/\/www.aritco.com\/fr\/produits\/technologie-et-securite\/systeme-de-securite-intelligent\/#primaryimage\",\"url\":\"https:\/\/www.aritco.com\/wp-content\/uploads\/2024\/01\/SmartLift-App-Status-Check-1200x900-1.jpg\",\"contentUrl\":\"https:\/\/www.aritco.com\/wp-content\/uploads\/2024\/01\/SmartLift-App-Status-Check-1200x900-1.jpg\",\"width\":1200,\"height\":902,\"caption\":\"Hand holding smartphone with Aritco SmartLift App showing lift status ok.\"},{\"@type\":\"BreadcrumbList\",\"@id\":\"https:\/\/www.aritco.com\/fr\/produits\/technologie-et-securite\/systeme-de-securite-intelligent\/#breadcrumb\",\"itemListElement\":[{\"@type\":\"ListItem\",\"position\":1,\"name\":\"Produits\",\"item\":\"https:\/\/www.aritco.com\/fr\/produits\/\"},{\"@type\":\"ListItem\",\"position\":2,\"name\":\"Technologie et S\u00e9curit\u00e9\",\"item\":\"https:\/\/www.aritco.com\/fr\/produits\/technologie-et-securite\/\"},{\"@type\":\"ListItem\",\"position\":3,\"name\":\"Syst\u00e8me de s\u00e9curit\u00e9 intelligent\"}]},{\"@type\":\"WebSite\",\"@id\":\"https:\/\/www.aritco.com\/fr\/#website\",\"url\":\"https:\/\/www.aritco.com\/fr\/\",\"name\":\"Aritco\",\"description\":\"Award-winning lifts for homes and public and commercial use\",\"publisher\":{\"@id\":\"https:\/\/www.aritco.com\/fr\/#organization\"},\"potentialAction\":[{\"@type\":\"SearchAction\",\"target\":{\"@type\":\"EntryPoint\",\"urlTemplate\":\"https:\/\/www.aritco.com\/fr\/?s={search_term_string}\"},\"query-input\":{\"@type\":\"PropertyValueSpecification\",\"valueRequired\":true,\"valueName\":\"search_term_string\"}}],\"inLanguage\":\"fr-FR\"},{\"@type\":\"Organization\",\"@id\":\"https:\/\/www.aritco.com\/fr\/#organization\",\"name\":\"Aritco\",\"url\":\"https:\/\/www.aritco.com\/fr\/\",\"logo\":{\"@type\":\"ImageObject\",\"inLanguage\":\"fr-FR\",\"@id\":\"https:\/\/www.aritco.com\/fr\/#\/schema\/logo\/image\/\",\"url\":\"https:\/\/www.aritco.com\/wp-content\/uploads\/2019\/05\/vertical-3.svg\",\"contentUrl\":\"https:\/\/www.aritco.com\/wp-content\/uploads\/2019\/05\/vertical-3.svg\",\"width\":1,\"height\":1,\"caption\":\"Aritco\"},\"image\":{\"@id\":\"https:\/\/www.aritco.com\/fr\/#\/schema\/logo\/image\/\"},\"publishingPrinciples\":\"https:\/\/www.aritco.com\/about-aritco\/\"}]}<\/script>\n<!-- \/ Yoast SEO Premium plugin. -->","yoast_head_json":{"title":"Les ascenseurs domestiques s\u00e9curis\u00e9s avec le syst\u00e8me Aritco Smart Safety","description":"La s\u00e9curit\u00e9 a \u00e9t\u00e9 une priorit\u00e9 cl\u00e9 lors du d\u00e9veloppement de nos ascenseurs. C'est pourquoi nous avons d\u00e9velopp\u00e9 le syst\u00e8me Aritco SmartSafety.","robots":{"index":"index","follow":"follow","max-snippet":"max-snippet:-1","max-image-preview":"max-image-preview:large","max-video-preview":"max-video-preview:-1"},"canonical":"https:\/\/www.aritco.com\/fr\/produits\/technologie-et-securite\/systeme-de-securite-intelligent\/","og_locale":"fr_FR","og_type":"article","og_title":"Syst\u00e8me de s\u00e9curit\u00e9 intelligent","og_description":"La s\u00e9curit\u00e9 a \u00e9t\u00e9 une priorit\u00e9 cl\u00e9 lors du d\u00e9veloppement de nos ascenseurs. C'est pourquoi nous avons d\u00e9velopp\u00e9 le syst\u00e8me Aritco SmartSafety.","og_url":"https:\/\/www.aritco.com\/fr\/produits\/technologie-et-securite\/systeme-de-securite-intelligent\/","og_site_name":"Aritco","og_image":[{"width":1200,"height":902,"url":"https:\/\/www.aritco.com\/wp-content\/uploads\/2024\/01\/SmartLift-App-Status-Check-1200x900-1.jpg","type":"image\/jpeg"}],"twitter_card":"summary_large_image","twitter_misc":{"Dur\u00e9e de lecture estim\u00e9e":"1 minute"},"schema":{"@context":"https:\/\/schema.org","@graph":[{"@type":"WebPage","@id":"https:\/\/www.aritco.com\/fr\/produits\/technologie-et-securite\/systeme-de-securite-intelligent\/","url":"https:\/\/www.aritco.com\/fr\/produits\/technologie-et-securite\/systeme-de-securite-intelligent\/","name":"Les ascenseurs domestiques s\u00e9curis\u00e9s avec le syst\u00e8me Aritco Smart Safety","isPartOf":{"@id":"https:\/\/www.aritco.com\/fr\/#website"},"primaryImageOfPage":{"@id":"https:\/\/www.aritco.com\/fr\/produits\/technologie-et-securite\/systeme-de-securite-intelligent\/#primaryimage"},"image":{"@id":"https:\/\/www.aritco.com\/fr\/produits\/technologie-et-securite\/systeme-de-securite-intelligent\/#primaryimage"},"thumbnailUrl":"https:\/\/www.aritco.com\/wp-content\/uploads\/2024\/01\/SmartLift-App-Status-Check-1200x900-1.jpg","datePublished":"2024-03-22T14:02:02+00:00","description":"La s\u00e9curit\u00e9 a \u00e9t\u00e9 une priorit\u00e9 cl\u00e9 lors du d\u00e9veloppement de nos ascenseurs. C'est pourquoi nous avons d\u00e9velopp\u00e9 le syst\u00e8me Aritco SmartSafety.","breadcrumb":{"@id":"https:\/\/www.aritco.com\/fr\/produits\/technologie-et-securite\/systeme-de-securite-intelligent\/#breadcrumb"},"inLanguage":"fr-FR","potentialAction":[{"@type":"ReadAction","target":["https:\/\/www.aritco.com\/fr\/produits\/technologie-et-securite\/systeme-de-securite-intelligent\/"]}]},{"@type":"ImageObject","inLanguage":"fr-FR","@id":"https:\/\/www.aritco.com\/fr\/produits\/technologie-et-securite\/systeme-de-securite-intelligent\/#primaryimage","url":"https:\/\/www.aritco.com\/wp-content\/uploads\/2024\/01\/SmartLift-App-Status-Check-1200x900-1.jpg","contentUrl":"https:\/\/www.aritco.com\/wp-content\/uploads\/2024\/01\/SmartLift-App-Status-Check-1200x900-1.jpg","width":1200,"height":902,"caption":"Hand holding smartphone with Aritco SmartLift App showing lift status ok."},{"@type":"BreadcrumbList","@id":"https:\/\/www.aritco.com\/fr\/produits\/technologie-et-securite\/systeme-de-securite-intelligent\/#breadcrumb","itemListElement":[{"@type":"ListItem","position":1,"name":"Produits","item":"https:\/\/www.aritco.com\/fr\/produits\/"},{"@type":"ListItem","position":2,"name":"Technologie et S\u00e9curit\u00e9","item":"https:\/\/www.aritco.com\/fr\/produits\/technologie-et-securite\/"},{"@type":"ListItem","position":3,"name":"Syst\u00e8me de s\u00e9curit\u00e9 intelligent"}]},{"@type":"WebSite","@id":"https:\/\/www.aritco.com\/fr\/#website","url":"https:\/\/www.aritco.com\/fr\/","name":"Aritco","description":"Award-winning lifts for homes and public and commercial use","publisher":{"@id":"https:\/\/www.aritco.com\/fr\/#organization"},"potentialAction":[{"@type":"SearchAction","target":{"@type":"EntryPoint","urlTemplate":"https:\/\/www.aritco.com\/fr\/?s={search_term_string}"},"query-input":{"@type":"PropertyValueSpecification","valueRequired":true,"valueName":"search_term_string"}}],"inLanguage":"fr-FR"},{"@type":"Organization","@id":"https:\/\/www.aritco.com\/fr\/#organization","name":"Aritco","url":"https:\/\/www.aritco.com\/fr\/","logo":{"@type":"ImageObject","inLanguage":"fr-FR","@id":"https:\/\/www.aritco.com\/fr\/#\/schema\/logo\/image\/","url":"https:\/\/www.aritco.com\/wp-content\/uploads\/2019\/05\/vertical-3.svg","contentUrl":"https:\/\/www.aritco.com\/wp-content\/uploads\/2019\/05\/vertical-3.svg","width":1,"height":1,"caption":"Aritco"},"image":{"@id":"https:\/\/www.aritco.com\/fr\/#\/schema\/logo\/image\/"},"publishingPrinciples":"https:\/\/www.aritco.com\/about-aritco\/"}]}},"_links":{"self":[{"href":"https:\/\/www.aritco.com\/fr\/wp-json\/wp\/v2\/pages\/49136","targetHints":{"allow":["GET"]}}],"collection":[{"href":"https:\/\/www.aritco.com\/fr\/wp-json\/wp\/v2\/pages"}],"about":[{"href":"https:\/\/www.aritco.com\/fr\/wp-json\/wp\/v2\/types\/page"}],"author":[{"embeddable":true,"href":"https:\/\/www.aritco.com\/fr\/wp-json\/wp\/v2\/users\/10"}],"replies":[{"embeddable":true,"href":"https:\/\/www.aritco.com\/fr\/wp-json\/wp\/v2\/comments?post=49136"}],"version-history":[{"count":2,"href":"https:\/\/www.aritco.com\/fr\/wp-json\/wp\/v2\/pages\/49136\/revisions"}],"predecessor-version":[{"id":49138,"href":"https:\/\/www.aritco.com\/fr\/wp-json\/wp\/v2\/pages\/49136\/revisions\/49138"}],"up":[{"embeddable":true,"href":"https:\/\/www.aritco.com\/fr\/wp-json\/wp\/v2\/pages\/18616"}],"wp:featuredmedia":[{"embeddable":true,"href":"https:\/\/www.aritco.com\/fr\/wp-json\/wp\/v2\/media\/46717"}],"wp:attachment":[{"href":"https:\/\/www.aritco.com\/fr\/wp-json\/wp\/v2\/media?parent=49136"}],"curies":[{"name":"wp","href":"https:\/\/api.w.org\/{rel}","templated":true}]}}