{"id":49133,"date":"2024-03-22T14:25:16","date_gmt":"2024-03-22T13:25:16","guid":{"rendered":"https:\/\/aritco.kumpan.dev\/?page_id=49133"},"modified":"2025-08-27T14:13:14","modified_gmt":"2025-08-27T12:13:14","slug":"revetements-de-sol","status":"publish","type":"page","link":"https:\/\/www.aritco.com\/fr\/produits\/ascenseur-maison\/conception-et-options\/revetements-de-sol\/","title":{"rendered":"Rev\u00eatements de sol"},"content":{"rendered":"","protected":false},"excerpt":{"rendered":"","protected":false},"author":10,"featured_media":46567,"parent":48341,"menu_order":0,"comment_status":"closed","ping_status":"closed","template":"","meta":{"_acf_changed":false,"footnotes":""},"class_list":["post-49133","page","type-page","status-publish","has-post-thumbnail","hentry"],"acf":[],"yoast_head":"<!-- This site is optimized with the Yoast SEO Premium plugin v26.6 (Yoast SEO v26.6) - https:\/\/yoast.com\/wordpress\/plugins\/seo\/ -->\n<title>Rev\u00eatements de sol pour ascenseurs domestiques Aritco<\/title>\n<meta name=\"description\" content=\"Le sol est un \u00e9l\u00e9ment important de la conception de votre ascenseur Aritco. Vous pouvez choisir jusqu&#039;\u00e0 huit rev\u00eatements de sol diff\u00e9rents.\" \/>\n<meta name=\"robots\" content=\"index, follow, max-snippet:-1, max-image-preview:large, max-video-preview:-1\" \/>\n<link rel=\"canonical\" href=\"https:\/\/www.aritco.com\/fr\/produits\/ascenseur-maison\/conception-et-options\/revetements-de-sol\/\" \/>\n<meta property=\"og:locale\" content=\"fr_FR\" \/>\n<meta property=\"og:type\" content=\"article\" \/>\n<meta property=\"og:title\" content=\"Rev\u00eatements de sol\" \/>\n<meta property=\"og:description\" content=\"Le sol est un \u00e9l\u00e9ment important de la conception de votre ascenseur Aritco. Vous pouvez choisir jusqu&#039;\u00e0 huit rev\u00eatements de sol diff\u00e9rents.\" \/>\n<meta property=\"og:url\" content=\"https:\/\/www.aritco.com\/fr\/produits\/ascenseur-maison\/conception-et-options\/revetements-de-sol\/\" \/>\n<meta property=\"og:site_name\" content=\"Aritco\" \/>\n<meta property=\"article:modified_time\" content=\"2025-08-27T12:13:14+00:00\" \/>\n<meta property=\"og:image\" content=\"https:\/\/www.aritco.com\/wp-content\/uploads\/2024\/01\/Flooring_Collage_800x600.jpg\" \/>\n\t<meta property=\"og:image:width\" content=\"800\" \/>\n\t<meta property=\"og:image:height\" content=\"600\" \/>\n\t<meta property=\"og:image:type\" content=\"image\/jpeg\" \/>\n<meta name=\"twitter:card\" content=\"summary_large_image\" \/>\n<meta name=\"twitter:label1\" content=\"Dur\u00e9e de lecture estim\u00e9e\" \/>\n\t<meta name=\"twitter:data1\" content=\"1 minute\" \/>\n<script type=\"application\/ld+json\" class=\"yoast-schema-graph\">{\"@context\":\"https:\/\/schema.org\",\"@graph\":[{\"@type\":\"WebPage\",\"@id\":\"https:\/\/www.aritco.com\/fr\/produits\/ascenseur-maison\/conception-et-options\/revetements-de-sol\/\",\"url\":\"https:\/\/www.aritco.com\/fr\/produits\/ascenseur-maison\/conception-et-options\/revetements-de-sol\/\",\"name\":\"Rev\u00eatements de sol pour ascenseurs domestiques Aritco\",\"isPartOf\":{\"@id\":\"https:\/\/www.aritco.com\/fr\/#website\"},\"primaryImageOfPage\":{\"@id\":\"https:\/\/www.aritco.com\/fr\/produits\/ascenseur-maison\/conception-et-options\/revetements-de-sol\/#primaryimage\"},\"image\":{\"@id\":\"https:\/\/www.aritco.com\/fr\/produits\/ascenseur-maison\/conception-et-options\/revetements-de-sol\/#primaryimage\"},\"thumbnailUrl\":\"https:\/\/www.aritco.com\/wp-content\/uploads\/2024\/01\/Flooring_Collage_800x600.jpg\",\"datePublished\":\"2024-03-22T13:25:16+00:00\",\"dateModified\":\"2025-08-27T12:13:14+00:00\",\"description\":\"Le sol est un \u00e9l\u00e9ment important de la conception de votre ascenseur Aritco. Vous pouvez choisir jusqu'\u00e0 huit rev\u00eatements de sol diff\u00e9rents.\",\"breadcrumb\":{\"@id\":\"https:\/\/www.aritco.com\/fr\/produits\/ascenseur-maison\/conception-et-options\/revetements-de-sol\/#breadcrumb\"},\"inLanguage\":\"fr-FR\",\"potentialAction\":[{\"@type\":\"ReadAction\",\"target\":[\"https:\/\/www.aritco.com\/fr\/produits\/ascenseur-maison\/conception-et-options\/revetements-de-sol\/\"]}]},{\"@type\":\"ImageObject\",\"inLanguage\":\"fr-FR\",\"@id\":\"https:\/\/www.aritco.com\/fr\/produits\/ascenseur-maison\/conception-et-options\/revetements-de-sol\/#primaryimage\",\"url\":\"https:\/\/www.aritco.com\/wp-content\/uploads\/2024\/01\/Flooring_Collage_800x600.jpg\",\"contentUrl\":\"https:\/\/www.aritco.com\/wp-content\/uploads\/2024\/01\/Flooring_Collage_800x600.jpg\",\"width\":800,\"height\":600,\"caption\":\"Flooring for Aritco home lifts.\"},{\"@type\":\"BreadcrumbList\",\"@id\":\"https:\/\/www.aritco.com\/fr\/produits\/ascenseur-maison\/conception-et-options\/revetements-de-sol\/#breadcrumb\",\"itemListElement\":[{\"@type\":\"ListItem\",\"position\":1,\"name\":\"Produits\",\"item\":\"https:\/\/www.aritco.com\/fr\/produits\/\"},{\"@type\":\"ListItem\",\"position\":2,\"name\":\"Ascenseurs maison\",\"item\":\"https:\/\/www.aritco.com\/fr\/produits\/ascenseur-maison\/\"},{\"@type\":\"ListItem\",\"position\":3,\"name\":\"Conception et options\",\"item\":\"https:\/\/www.aritco.com\/fr\/produits\/ascenseur-maison\/conception-et-options\/\"},{\"@type\":\"ListItem\",\"position\":4,\"name\":\"Rev\u00eatements de sol\"}]},{\"@type\":\"WebSite\",\"@id\":\"https:\/\/www.aritco.com\/fr\/#website\",\"url\":\"https:\/\/www.aritco.com\/fr\/\",\"name\":\"Aritco\",\"description\":\"Award-winning lifts for homes and public and commercial use\",\"publisher\":{\"@id\":\"https:\/\/www.aritco.com\/fr\/#organization\"},\"potentialAction\":[{\"@type\":\"SearchAction\",\"target\":{\"@type\":\"EntryPoint\",\"urlTemplate\":\"https:\/\/www.aritco.com\/fr\/?s={search_term_string}\"},\"query-input\":{\"@type\":\"PropertyValueSpecification\",\"valueRequired\":true,\"valueName\":\"search_term_string\"}}],\"inLanguage\":\"fr-FR\"},{\"@type\":\"Organization\",\"@id\":\"https:\/\/www.aritco.com\/fr\/#organization\",\"name\":\"Aritco\",\"url\":\"https:\/\/www.aritco.com\/fr\/\",\"logo\":{\"@type\":\"ImageObject\",\"inLanguage\":\"fr-FR\",\"@id\":\"https:\/\/www.aritco.com\/fr\/#\/schema\/logo\/image\/\",\"url\":\"https:\/\/www.aritco.com\/wp-content\/uploads\/2019\/05\/vertical-3.svg\",\"contentUrl\":\"https:\/\/www.aritco.com\/wp-content\/uploads\/2019\/05\/vertical-3.svg\",\"width\":1,\"height\":1,\"caption\":\"Aritco\"},\"image\":{\"@id\":\"https:\/\/www.aritco.com\/fr\/#\/schema\/logo\/image\/\"},\"publishingPrinciples\":\"https:\/\/www.aritco.com\/about-aritco\/\"}]}<\/script>\n<!-- \/ Yoast SEO Premium plugin. -->","yoast_head_json":{"title":"Rev\u00eatements de sol pour ascenseurs domestiques Aritco","description":"Le sol est un \u00e9l\u00e9ment important de la conception de votre ascenseur Aritco. Vous pouvez choisir jusqu'\u00e0 huit rev\u00eatements de sol diff\u00e9rents.","robots":{"index":"index","follow":"follow","max-snippet":"max-snippet:-1","max-image-preview":"max-image-preview:large","max-video-preview":"max-video-preview:-1"},"canonical":"https:\/\/www.aritco.com\/fr\/produits\/ascenseur-maison\/conception-et-options\/revetements-de-sol\/","og_locale":"fr_FR","og_type":"article","og_title":"Rev\u00eatements de sol","og_description":"Le sol est un \u00e9l\u00e9ment important de la conception de votre ascenseur Aritco. Vous pouvez choisir jusqu'\u00e0 huit rev\u00eatements de sol diff\u00e9rents.","og_url":"https:\/\/www.aritco.com\/fr\/produits\/ascenseur-maison\/conception-et-options\/revetements-de-sol\/","og_site_name":"Aritco","article_modified_time":"2025-08-27T12:13:14+00:00","og_image":[{"width":800,"height":600,"url":"https:\/\/www.aritco.com\/wp-content\/uploads\/2024\/01\/Flooring_Collage_800x600.jpg","type":"image\/jpeg"}],"twitter_card":"summary_large_image","twitter_misc":{"Dur\u00e9e de lecture estim\u00e9e":"1 minute"},"schema":{"@context":"https:\/\/schema.org","@graph":[{"@type":"WebPage","@id":"https:\/\/www.aritco.com\/fr\/produits\/ascenseur-maison\/conception-et-options\/revetements-de-sol\/","url":"https:\/\/www.aritco.com\/fr\/produits\/ascenseur-maison\/conception-et-options\/revetements-de-sol\/","name":"Rev\u00eatements de sol pour ascenseurs domestiques Aritco","isPartOf":{"@id":"https:\/\/www.aritco.com\/fr\/#website"},"primaryImageOfPage":{"@id":"https:\/\/www.aritco.com\/fr\/produits\/ascenseur-maison\/conception-et-options\/revetements-de-sol\/#primaryimage"},"image":{"@id":"https:\/\/www.aritco.com\/fr\/produits\/ascenseur-maison\/conception-et-options\/revetements-de-sol\/#primaryimage"},"thumbnailUrl":"https:\/\/www.aritco.com\/wp-content\/uploads\/2024\/01\/Flooring_Collage_800x600.jpg","datePublished":"2024-03-22T13:25:16+00:00","dateModified":"2025-08-27T12:13:14+00:00","description":"Le sol est un \u00e9l\u00e9ment important de la conception de votre ascenseur Aritco. Vous pouvez choisir jusqu'\u00e0 huit rev\u00eatements de sol diff\u00e9rents.","breadcrumb":{"@id":"https:\/\/www.aritco.com\/fr\/produits\/ascenseur-maison\/conception-et-options\/revetements-de-sol\/#breadcrumb"},"inLanguage":"fr-FR","potentialAction":[{"@type":"ReadAction","target":["https:\/\/www.aritco.com\/fr\/produits\/ascenseur-maison\/conception-et-options\/revetements-de-sol\/"]}]},{"@type":"ImageObject","inLanguage":"fr-FR","@id":"https:\/\/www.aritco.com\/fr\/produits\/ascenseur-maison\/conception-et-options\/revetements-de-sol\/#primaryimage","url":"https:\/\/www.aritco.com\/wp-content\/uploads\/2024\/01\/Flooring_Collage_800x600.jpg","contentUrl":"https:\/\/www.aritco.com\/wp-content\/uploads\/2024\/01\/Flooring_Collage_800x600.jpg","width":800,"height":600,"caption":"Flooring for Aritco home lifts."},{"@type":"BreadcrumbList","@id":"https:\/\/www.aritco.com\/fr\/produits\/ascenseur-maison\/conception-et-options\/revetements-de-sol\/#breadcrumb","itemListElement":[{"@type":"ListItem","position":1,"name":"Produits","item":"https:\/\/www.aritco.com\/fr\/produits\/"},{"@type":"ListItem","position":2,"name":"Ascenseurs maison","item":"https:\/\/www.aritco.com\/fr\/produits\/ascenseur-maison\/"},{"@type":"ListItem","position":3,"name":"Conception et options","item":"https:\/\/www.aritco.com\/fr\/produits\/ascenseur-maison\/conception-et-options\/"},{"@type":"ListItem","position":4,"name":"Rev\u00eatements de sol"}]},{"@type":"WebSite","@id":"https:\/\/www.aritco.com\/fr\/#website","url":"https:\/\/www.aritco.com\/fr\/","name":"Aritco","description":"Award-winning lifts for homes and public and commercial use","publisher":{"@id":"https:\/\/www.aritco.com\/fr\/#organization"},"potentialAction":[{"@type":"SearchAction","target":{"@type":"EntryPoint","urlTemplate":"https:\/\/www.aritco.com\/fr\/?s={search_term_string}"},"query-input":{"@type":"PropertyValueSpecification","valueRequired":true,"valueName":"search_term_string"}}],"inLanguage":"fr-FR"},{"@type":"Organization","@id":"https:\/\/www.aritco.com\/fr\/#organization","name":"Aritco","url":"https:\/\/www.aritco.com\/fr\/","logo":{"@type":"ImageObject","inLanguage":"fr-FR","@id":"https:\/\/www.aritco.com\/fr\/#\/schema\/logo\/image\/","url":"https:\/\/www.aritco.com\/wp-content\/uploads\/2019\/05\/vertical-3.svg","contentUrl":"https:\/\/www.aritco.com\/wp-content\/uploads\/2019\/05\/vertical-3.svg","width":1,"height":1,"caption":"Aritco"},"image":{"@id":"https:\/\/www.aritco.com\/fr\/#\/schema\/logo\/image\/"},"publishingPrinciples":"https:\/\/www.aritco.com\/about-aritco\/"}]}},"_links":{"self":[{"href":"https:\/\/www.aritco.com\/fr\/wp-json\/wp\/v2\/pages\/49133","targetHints":{"allow":["GET"]}}],"collection":[{"href":"https:\/\/www.aritco.com\/fr\/wp-json\/wp\/v2\/pages"}],"about":[{"href":"https:\/\/www.aritco.com\/fr\/wp-json\/wp\/v2\/types\/page"}],"author":[{"embeddable":true,"href":"https:\/\/www.aritco.com\/fr\/wp-json\/wp\/v2\/users\/10"}],"replies":[{"embeddable":true,"href":"https:\/\/www.aritco.com\/fr\/wp-json\/wp\/v2\/comments?post=49133"}],"version-history":[{"count":4,"href":"https:\/\/www.aritco.com\/fr\/wp-json\/wp\/v2\/pages\/49133\/revisions"}],"predecessor-version":[{"id":61980,"href":"https:\/\/www.aritco.com\/fr\/wp-json\/wp\/v2\/pages\/49133\/revisions\/61980"}],"up":[{"embeddable":true,"href":"https:\/\/www.aritco.com\/fr\/wp-json\/wp\/v2\/pages\/48341"}],"wp:featuredmedia":[{"embeddable":true,"href":"https:\/\/www.aritco.com\/fr\/wp-json\/wp\/v2\/media\/46567"}],"wp:attachment":[{"href":"https:\/\/www.aritco.com\/fr\/wp-json\/wp\/v2\/media?parent=49133"}],"curies":[{"name":"wp","href":"https:\/\/api.w.org\/{rel}","templated":true}]}}