{"id":48660,"date":"2024-02-28T11:33:27","date_gmt":"2024-02-28T10:33:27","guid":{"rendered":"https:\/\/aritco.kumpan.dev\/?page_id=48660"},"modified":"2025-08-18T15:44:27","modified_gmt":"2025-08-18T13:44:27","slug":"salles-dexposition","status":"publish","type":"page","link":"https:\/\/www.aritco.com\/fr\/salles-dexposition\/","title":{"rendered":"Salles d&rsquo;exposition"},"content":{"rendered":"","protected":false},"excerpt":{"rendered":"","protected":false},"author":12,"featured_media":0,"parent":0,"menu_order":0,"comment_status":"closed","ping_status":"closed","template":"","meta":{"_acf_changed":false,"footnotes":""},"class_list":["post-48660","page","type-page","status-publish","hentry"],"acf":[],"yoast_head":"<!-- This site is optimized with the Yoast SEO Premium plugin v26.6 (Yoast SEO v26.6) - https:\/\/yoast.com\/wordpress\/plugins\/seo\/ -->\n<title>Showrooms pour ascenseurs domestiques - D\u00e9couvrez les ascenseurs Aritco dans la vie r\u00e9elle - Aritco<\/title>\n<meta name=\"description\" content=\"Utilisez notre carte interactive pour trouver une salle d&#039;exposition Aritco pr\u00e8s de chez vous, o\u00f9 vous pourrez voir de vos propres yeux comment nos ascenseurs peuvent rendre vos espaces plus accessibles.\" \/>\n<meta name=\"robots\" content=\"index, follow, max-snippet:-1, max-image-preview:large, max-video-preview:-1\" \/>\n<link rel=\"canonical\" href=\"https:\/\/www.aritco.com\/fr\/salles-dexposition\/\" \/>\n<meta property=\"og:locale\" content=\"fr_FR\" \/>\n<meta property=\"og:type\" content=\"article\" \/>\n<meta property=\"og:title\" content=\"Salles d&#039;exposition\" \/>\n<meta property=\"og:description\" content=\"Voici une page sur nos salles d&#039;exposition. D\u00e9couvrez ce qui vous attend lorsque vous visitez l&#039;un d&#039;entre eux et consultez notre carte ci-dessous pour trouver celui qui est le plus proche de chez vous.\" \/>\n<meta property=\"og:url\" content=\"https:\/\/www.aritco.com\/fr\/salles-dexposition\/\" \/>\n<meta property=\"og:site_name\" content=\"Aritco\" \/>\n<meta property=\"article:modified_time\" content=\"2025-08-18T13:44:27+00:00\" \/>\n<meta property=\"og:image\" content=\"https:\/\/www.aritco.com\/\/wp-content\/webpc-passthru.php?src=https:\/\/www.aritco.com\/wp-content\/uploads\/2024\/01\/Aritco_HomeLift_Geometric_DW_1200x900.jpg&nocache=1\" \/>\n<meta name=\"twitter:card\" content=\"summary_large_image\" \/>\n<script type=\"application\/ld+json\" class=\"yoast-schema-graph\">{\"@context\":\"https:\/\/schema.org\",\"@graph\":[{\"@type\":\"WebPage\",\"@id\":\"https:\/\/www.aritco.com\/fr\/salles-dexposition\/\",\"url\":\"https:\/\/www.aritco.com\/fr\/salles-dexposition\/\",\"name\":\"Showrooms pour ascenseurs domestiques - D\u00e9couvrez les ascenseurs Aritco dans la vie r\u00e9elle - Aritco\",\"isPartOf\":{\"@id\":\"https:\/\/www.aritco.com\/fr\/#website\"},\"datePublished\":\"2024-02-28T10:33:27+00:00\",\"dateModified\":\"2025-08-18T13:44:27+00:00\",\"description\":\"Utilisez notre carte interactive pour trouver une salle d'exposition Aritco pr\u00e8s de chez vous, o\u00f9 vous pourrez voir de vos propres yeux comment nos ascenseurs peuvent rendre vos espaces plus accessibles.\",\"inLanguage\":\"fr-FR\",\"potentialAction\":[{\"@type\":\"ReadAction\",\"target\":[\"https:\/\/www.aritco.com\/fr\/salles-dexposition\/\"]}]},{\"@type\":\"WebSite\",\"@id\":\"https:\/\/www.aritco.com\/fr\/#website\",\"url\":\"https:\/\/www.aritco.com\/fr\/\",\"name\":\"Aritco\",\"description\":\"Award-winning lifts for homes and public and commercial use\",\"publisher\":{\"@id\":\"https:\/\/www.aritco.com\/fr\/#organization\"},\"potentialAction\":[{\"@type\":\"SearchAction\",\"target\":{\"@type\":\"EntryPoint\",\"urlTemplate\":\"https:\/\/www.aritco.com\/fr\/?s={search_term_string}\"},\"query-input\":{\"@type\":\"PropertyValueSpecification\",\"valueRequired\":true,\"valueName\":\"search_term_string\"}}],\"inLanguage\":\"fr-FR\"},{\"@type\":\"Organization\",\"@id\":\"https:\/\/www.aritco.com\/fr\/#organization\",\"name\":\"Aritco\",\"url\":\"https:\/\/www.aritco.com\/fr\/\",\"logo\":{\"@type\":\"ImageObject\",\"inLanguage\":\"fr-FR\",\"@id\":\"https:\/\/www.aritco.com\/fr\/#\/schema\/logo\/image\/\",\"url\":\"https:\/\/www.aritco.com\/wp-content\/uploads\/2019\/05\/vertical-3.svg\",\"contentUrl\":\"https:\/\/www.aritco.com\/wp-content\/uploads\/2019\/05\/vertical-3.svg\",\"width\":1,\"height\":1,\"caption\":\"Aritco\"},\"image\":{\"@id\":\"https:\/\/www.aritco.com\/fr\/#\/schema\/logo\/image\/\"},\"publishingPrinciples\":\"https:\/\/www.aritco.com\/about-aritco\/\"}]}<\/script>\n<!-- \/ Yoast SEO Premium plugin. -->","yoast_head_json":{"title":"Showrooms pour ascenseurs domestiques - D\u00e9couvrez les ascenseurs Aritco dans la vie r\u00e9elle - Aritco","description":"Utilisez notre carte interactive pour trouver une salle d'exposition Aritco pr\u00e8s de chez vous, o\u00f9 vous pourrez voir de vos propres yeux comment nos ascenseurs peuvent rendre vos espaces plus accessibles.","robots":{"index":"index","follow":"follow","max-snippet":"max-snippet:-1","max-image-preview":"max-image-preview:large","max-video-preview":"max-video-preview:-1"},"canonical":"https:\/\/www.aritco.com\/fr\/salles-dexposition\/","og_locale":"fr_FR","og_type":"article","og_title":"Salles d'exposition","og_description":"Voici une page sur nos salles d'exposition. D\u00e9couvrez ce qui vous attend lorsque vous visitez l'un d'entre eux et consultez notre carte ci-dessous pour trouver celui qui est le plus proche de chez vous.","og_url":"https:\/\/www.aritco.com\/fr\/salles-dexposition\/","og_site_name":"Aritco","article_modified_time":"2025-08-18T13:44:27+00:00","og_image":[{"url":"https:\/\/www.aritco.com\/\/wp-content\/webpc-passthru.php?src=https:\/\/www.aritco.com\/wp-content\/uploads\/2024\/01\/Aritco_HomeLift_Geometric_DW_1200x900.jpg&nocache=1","type":"","width":"","height":""}],"twitter_card":"summary_large_image","schema":{"@context":"https:\/\/schema.org","@graph":[{"@type":"WebPage","@id":"https:\/\/www.aritco.com\/fr\/salles-dexposition\/","url":"https:\/\/www.aritco.com\/fr\/salles-dexposition\/","name":"Showrooms pour ascenseurs domestiques - D\u00e9couvrez les ascenseurs Aritco dans la vie r\u00e9elle - Aritco","isPartOf":{"@id":"https:\/\/www.aritco.com\/fr\/#website"},"datePublished":"2024-02-28T10:33:27+00:00","dateModified":"2025-08-18T13:44:27+00:00","description":"Utilisez notre carte interactive pour trouver une salle d'exposition Aritco pr\u00e8s de chez vous, o\u00f9 vous pourrez voir de vos propres yeux comment nos ascenseurs peuvent rendre vos espaces plus accessibles.","inLanguage":"fr-FR","potentialAction":[{"@type":"ReadAction","target":["https:\/\/www.aritco.com\/fr\/salles-dexposition\/"]}]},{"@type":"WebSite","@id":"https:\/\/www.aritco.com\/fr\/#website","url":"https:\/\/www.aritco.com\/fr\/","name":"Aritco","description":"Award-winning lifts for homes and public and commercial use","publisher":{"@id":"https:\/\/www.aritco.com\/fr\/#organization"},"potentialAction":[{"@type":"SearchAction","target":{"@type":"EntryPoint","urlTemplate":"https:\/\/www.aritco.com\/fr\/?s={search_term_string}"},"query-input":{"@type":"PropertyValueSpecification","valueRequired":true,"valueName":"search_term_string"}}],"inLanguage":"fr-FR"},{"@type":"Organization","@id":"https:\/\/www.aritco.com\/fr\/#organization","name":"Aritco","url":"https:\/\/www.aritco.com\/fr\/","logo":{"@type":"ImageObject","inLanguage":"fr-FR","@id":"https:\/\/www.aritco.com\/fr\/#\/schema\/logo\/image\/","url":"https:\/\/www.aritco.com\/wp-content\/uploads\/2019\/05\/vertical-3.svg","contentUrl":"https:\/\/www.aritco.com\/wp-content\/uploads\/2019\/05\/vertical-3.svg","width":1,"height":1,"caption":"Aritco"},"image":{"@id":"https:\/\/www.aritco.com\/fr\/#\/schema\/logo\/image\/"},"publishingPrinciples":"https:\/\/www.aritco.com\/about-aritco\/"}]}},"_links":{"self":[{"href":"https:\/\/www.aritco.com\/fr\/wp-json\/wp\/v2\/pages\/48660","targetHints":{"allow":["GET"]}}],"collection":[{"href":"https:\/\/www.aritco.com\/fr\/wp-json\/wp\/v2\/pages"}],"about":[{"href":"https:\/\/www.aritco.com\/fr\/wp-json\/wp\/v2\/types\/page"}],"author":[{"embeddable":true,"href":"https:\/\/www.aritco.com\/fr\/wp-json\/wp\/v2\/users\/12"}],"replies":[{"embeddable":true,"href":"https:\/\/www.aritco.com\/fr\/wp-json\/wp\/v2\/comments?post=48660"}],"version-history":[{"count":3,"href":"https:\/\/www.aritco.com\/fr\/wp-json\/wp\/v2\/pages\/48660\/revisions"}],"predecessor-version":[{"id":61754,"href":"https:\/\/www.aritco.com\/fr\/wp-json\/wp\/v2\/pages\/48660\/revisions\/61754"}],"wp:attachment":[{"href":"https:\/\/www.aritco.com\/fr\/wp-json\/wp\/v2\/media?parent=48660"}],"curies":[{"name":"wp","href":"https:\/\/api.w.org\/{rel}","templated":true}]}}