{"id":40563,"date":"2023-08-08T16:21:19","date_gmt":"2023-08-08T14:21:19","guid":{"rendered":"https:\/\/aritco.kumpan.dev\/disability-lift\/"},"modified":"2024-08-15T10:10:44","modified_gmt":"2024-08-15T08:10:44","slug":"ascenseur-pmr-elevateur-handicap","status":"publish","type":"page","link":"https:\/\/www.aritco.com\/fr\/ascenseur-pmr-elevateur-handicap\/","title":{"rendered":"ascenseur pmr elevateur handicap"},"content":{"rendered":"","protected":false},"excerpt":{"rendered":"","protected":false},"author":10,"featured_media":52113,"parent":0,"menu_order":0,"comment_status":"closed","ping_status":"closed","template":"","meta":{"_acf_changed":false,"footnotes":""},"class_list":["post-40563","page","type-page","status-publish","has-post-thumbnail","hentry"],"acf":[],"yoast_head":"<!-- This site is optimized with the Yoast SEO Premium plugin v26.6 (Yoast SEO v26.6) - https:\/\/yoast.com\/wordpress\/plugins\/seo\/ -->\n<title>Ascenseurs PMR pour une meilleure accessibilit\u00e9 dans votre maison - Aritco<\/title>\n<meta name=\"description\" content=\"Nos ascenseurs PMR assurent accessibilit\u00e9, s\u00e9curit\u00e9 et ind\u00e9pendance dans votre logement. Ils sont peu encombrants et faciles \u00e0 installer.\" \/>\n<meta name=\"robots\" content=\"index, follow, max-snippet:-1, max-image-preview:large, max-video-preview:-1\" \/>\n<link rel=\"canonical\" href=\"https:\/\/www.aritco.com\/fr\/ascenseur-pmr-elevateur-handicap\/\" \/>\n<meta property=\"og:locale\" content=\"fr_FR\" \/>\n<meta property=\"og:type\" content=\"article\" \/>\n<meta property=\"og:title\" content=\"ascenseur pmr elevateur handicap\" \/>\n<meta property=\"og:description\" content=\"Nos ascenseurs PMR assurent accessibilit\u00e9, s\u00e9curit\u00e9 et ind\u00e9pendance dans votre logement. Ils sont peu encombrants et faciles \u00e0 installer.\" \/>\n<meta property=\"og:url\" content=\"https:\/\/www.aritco.com\/fr\/ascenseur-pmr-elevateur-handicap\/\" \/>\n<meta property=\"og:site_name\" content=\"Aritco\" \/>\n<meta property=\"article:modified_time\" content=\"2024-08-15T08:10:44+00:00\" \/>\n<meta property=\"og:image\" content=\"https:\/\/www.aritco.com\/wp-content\/uploads\/2024\/05\/Aritco-HomeLift-Access-web-scaled.jpg\" \/>\n\t<meta property=\"og:image:width\" content=\"2560\" \/>\n\t<meta property=\"og:image:height\" content=\"1440\" \/>\n\t<meta property=\"og:image:type\" content=\"image\/jpeg\" \/>\n<meta name=\"twitter:card\" content=\"summary_large_image\" \/>\n<meta name=\"twitter:label1\" content=\"Dur\u00e9e de lecture estim\u00e9e\" \/>\n\t<meta name=\"twitter:data1\" content=\"1 minute\" \/>\n<script type=\"application\/ld+json\" class=\"yoast-schema-graph\">{\"@context\":\"https:\/\/schema.org\",\"@graph\":[{\"@type\":\"WebPage\",\"@id\":\"https:\/\/www.aritco.com\/fr\/ascenseur-pmr-elevateur-handicap\/\",\"url\":\"https:\/\/www.aritco.com\/fr\/ascenseur-pmr-elevateur-handicap\/\",\"name\":\"Ascenseurs PMR pour une meilleure accessibilit\u00e9 dans votre maison - Aritco\",\"isPartOf\":{\"@id\":\"https:\/\/www.aritco.com\/fr\/#website\"},\"primaryImageOfPage\":{\"@id\":\"https:\/\/www.aritco.com\/fr\/ascenseur-pmr-elevateur-handicap\/#primaryimage\"},\"image\":{\"@id\":\"https:\/\/www.aritco.com\/fr\/ascenseur-pmr-elevateur-handicap\/#primaryimage\"},\"thumbnailUrl\":\"https:\/\/www.aritco.com\/wp-content\/uploads\/2024\/05\/Aritco-HomeLift-Access-web-scaled.jpg\",\"datePublished\":\"2023-08-08T14:21:19+00:00\",\"dateModified\":\"2024-08-15T08:10:44+00:00\",\"description\":\"Nos ascenseurs PMR assurent accessibilit\u00e9, s\u00e9curit\u00e9 et ind\u00e9pendance dans votre logement. Ils sont peu encombrants et faciles \u00e0 installer.\",\"inLanguage\":\"fr-FR\",\"potentialAction\":[{\"@type\":\"ReadAction\",\"target\":[\"https:\/\/www.aritco.com\/fr\/ascenseur-pmr-elevateur-handicap\/\"]}]},{\"@type\":\"ImageObject\",\"inLanguage\":\"fr-FR\",\"@id\":\"https:\/\/www.aritco.com\/fr\/ascenseur-pmr-elevateur-handicap\/#primaryimage\",\"url\":\"https:\/\/www.aritco.com\/wp-content\/uploads\/2024\/05\/Aritco-HomeLift-Access-web-scaled.jpg\",\"contentUrl\":\"https:\/\/www.aritco.com\/wp-content\/uploads\/2024\/05\/Aritco-HomeLift-Access-web-scaled.jpg\",\"width\":2560,\"height\":1440},{\"@type\":\"WebSite\",\"@id\":\"https:\/\/www.aritco.com\/fr\/#website\",\"url\":\"https:\/\/www.aritco.com\/fr\/\",\"name\":\"Aritco\",\"description\":\"Award-winning lifts for homes and public and commercial use\",\"publisher\":{\"@id\":\"https:\/\/www.aritco.com\/fr\/#organization\"},\"potentialAction\":[{\"@type\":\"SearchAction\",\"target\":{\"@type\":\"EntryPoint\",\"urlTemplate\":\"https:\/\/www.aritco.com\/fr\/?s={search_term_string}\"},\"query-input\":{\"@type\":\"PropertyValueSpecification\",\"valueRequired\":true,\"valueName\":\"search_term_string\"}}],\"inLanguage\":\"fr-FR\"},{\"@type\":\"Organization\",\"@id\":\"https:\/\/www.aritco.com\/fr\/#organization\",\"name\":\"Aritco\",\"url\":\"https:\/\/www.aritco.com\/fr\/\",\"logo\":{\"@type\":\"ImageObject\",\"inLanguage\":\"fr-FR\",\"@id\":\"https:\/\/www.aritco.com\/fr\/#\/schema\/logo\/image\/\",\"url\":\"https:\/\/www.aritco.com\/wp-content\/uploads\/2019\/05\/vertical-3.svg\",\"contentUrl\":\"https:\/\/www.aritco.com\/wp-content\/uploads\/2019\/05\/vertical-3.svg\",\"width\":1,\"height\":1,\"caption\":\"Aritco\"},\"image\":{\"@id\":\"https:\/\/www.aritco.com\/fr\/#\/schema\/logo\/image\/\"},\"publishingPrinciples\":\"https:\/\/www.aritco.com\/about-aritco\/\"}]}<\/script>\n<!-- \/ Yoast SEO Premium plugin. -->","yoast_head_json":{"title":"Ascenseurs PMR pour une meilleure accessibilit\u00e9 dans votre maison - Aritco","description":"Nos ascenseurs PMR assurent accessibilit\u00e9, s\u00e9curit\u00e9 et ind\u00e9pendance dans votre logement. Ils sont peu encombrants et faciles \u00e0 installer.","robots":{"index":"index","follow":"follow","max-snippet":"max-snippet:-1","max-image-preview":"max-image-preview:large","max-video-preview":"max-video-preview:-1"},"canonical":"https:\/\/www.aritco.com\/fr\/ascenseur-pmr-elevateur-handicap\/","og_locale":"fr_FR","og_type":"article","og_title":"ascenseur pmr elevateur handicap","og_description":"Nos ascenseurs PMR assurent accessibilit\u00e9, s\u00e9curit\u00e9 et ind\u00e9pendance dans votre logement. Ils sont peu encombrants et faciles \u00e0 installer.","og_url":"https:\/\/www.aritco.com\/fr\/ascenseur-pmr-elevateur-handicap\/","og_site_name":"Aritco","article_modified_time":"2024-08-15T08:10:44+00:00","og_image":[{"width":2560,"height":1440,"url":"https:\/\/www.aritco.com\/wp-content\/uploads\/2024\/05\/Aritco-HomeLift-Access-web-scaled.jpg","type":"image\/jpeg"}],"twitter_card":"summary_large_image","twitter_misc":{"Dur\u00e9e de lecture estim\u00e9e":"1 minute"},"schema":{"@context":"https:\/\/schema.org","@graph":[{"@type":"WebPage","@id":"https:\/\/www.aritco.com\/fr\/ascenseur-pmr-elevateur-handicap\/","url":"https:\/\/www.aritco.com\/fr\/ascenseur-pmr-elevateur-handicap\/","name":"Ascenseurs PMR pour une meilleure accessibilit\u00e9 dans votre maison - Aritco","isPartOf":{"@id":"https:\/\/www.aritco.com\/fr\/#website"},"primaryImageOfPage":{"@id":"https:\/\/www.aritco.com\/fr\/ascenseur-pmr-elevateur-handicap\/#primaryimage"},"image":{"@id":"https:\/\/www.aritco.com\/fr\/ascenseur-pmr-elevateur-handicap\/#primaryimage"},"thumbnailUrl":"https:\/\/www.aritco.com\/wp-content\/uploads\/2024\/05\/Aritco-HomeLift-Access-web-scaled.jpg","datePublished":"2023-08-08T14:21:19+00:00","dateModified":"2024-08-15T08:10:44+00:00","description":"Nos ascenseurs PMR assurent accessibilit\u00e9, s\u00e9curit\u00e9 et ind\u00e9pendance dans votre logement. Ils sont peu encombrants et faciles \u00e0 installer.","inLanguage":"fr-FR","potentialAction":[{"@type":"ReadAction","target":["https:\/\/www.aritco.com\/fr\/ascenseur-pmr-elevateur-handicap\/"]}]},{"@type":"ImageObject","inLanguage":"fr-FR","@id":"https:\/\/www.aritco.com\/fr\/ascenseur-pmr-elevateur-handicap\/#primaryimage","url":"https:\/\/www.aritco.com\/wp-content\/uploads\/2024\/05\/Aritco-HomeLift-Access-web-scaled.jpg","contentUrl":"https:\/\/www.aritco.com\/wp-content\/uploads\/2024\/05\/Aritco-HomeLift-Access-web-scaled.jpg","width":2560,"height":1440},{"@type":"WebSite","@id":"https:\/\/www.aritco.com\/fr\/#website","url":"https:\/\/www.aritco.com\/fr\/","name":"Aritco","description":"Award-winning lifts for homes and public and commercial use","publisher":{"@id":"https:\/\/www.aritco.com\/fr\/#organization"},"potentialAction":[{"@type":"SearchAction","target":{"@type":"EntryPoint","urlTemplate":"https:\/\/www.aritco.com\/fr\/?s={search_term_string}"},"query-input":{"@type":"PropertyValueSpecification","valueRequired":true,"valueName":"search_term_string"}}],"inLanguage":"fr-FR"},{"@type":"Organization","@id":"https:\/\/www.aritco.com\/fr\/#organization","name":"Aritco","url":"https:\/\/www.aritco.com\/fr\/","logo":{"@type":"ImageObject","inLanguage":"fr-FR","@id":"https:\/\/www.aritco.com\/fr\/#\/schema\/logo\/image\/","url":"https:\/\/www.aritco.com\/wp-content\/uploads\/2019\/05\/vertical-3.svg","contentUrl":"https:\/\/www.aritco.com\/wp-content\/uploads\/2019\/05\/vertical-3.svg","width":1,"height":1,"caption":"Aritco"},"image":{"@id":"https:\/\/www.aritco.com\/fr\/#\/schema\/logo\/image\/"},"publishingPrinciples":"https:\/\/www.aritco.com\/about-aritco\/"}]}},"_links":{"self":[{"href":"https:\/\/www.aritco.com\/fr\/wp-json\/wp\/v2\/pages\/40563","targetHints":{"allow":["GET"]}}],"collection":[{"href":"https:\/\/www.aritco.com\/fr\/wp-json\/wp\/v2\/pages"}],"about":[{"href":"https:\/\/www.aritco.com\/fr\/wp-json\/wp\/v2\/types\/page"}],"author":[{"embeddable":true,"href":"https:\/\/www.aritco.com\/fr\/wp-json\/wp\/v2\/users\/10"}],"replies":[{"embeddable":true,"href":"https:\/\/www.aritco.com\/fr\/wp-json\/wp\/v2\/comments?post=40563"}],"version-history":[{"count":15,"href":"https:\/\/www.aritco.com\/fr\/wp-json\/wp\/v2\/pages\/40563\/revisions"}],"predecessor-version":[{"id":53037,"href":"https:\/\/www.aritco.com\/fr\/wp-json\/wp\/v2\/pages\/40563\/revisions\/53037"}],"wp:featuredmedia":[{"embeddable":true,"href":"https:\/\/www.aritco.com\/fr\/wp-json\/wp\/v2\/media\/52113"}],"wp:attachment":[{"href":"https:\/\/www.aritco.com\/fr\/wp-json\/wp\/v2\/media?parent=40563"}],"curies":[{"name":"wp","href":"https:\/\/api.w.org\/{rel}","templated":true}]}}