{"id":35868,"date":"2023-03-22T11:56:01","date_gmt":"2023-03-22T10:56:01","guid":{"rendered":"https:\/\/aritco.kumpan.dev\/produits\/smartlift-app\/"},"modified":"2025-08-18T15:30:46","modified_gmt":"2025-08-18T13:30:46","slug":"application-aritco-smartlift","status":"publish","type":"page","link":"https:\/\/www.aritco.com\/fr\/produits\/application-aritco-smartlift\/","title":{"rendered":"Application Aritco SmartLift"},"content":{"rendered":"","protected":false},"excerpt":{"rendered":"","protected":false},"author":12,"featured_media":35472,"parent":7066,"menu_order":0,"comment_status":"closed","ping_status":"closed","template":"","meta":{"_acf_changed":false,"footnotes":""},"class_list":["post-35868","page","type-page","status-publish","has-post-thumbnail","hentry"],"acf":[],"yoast_head":"<!-- This site is optimized with the Yoast SEO Premium plugin v26.6 (Yoast SEO v26.6) - https:\/\/yoast.com\/wordpress\/plugins\/seo\/ -->\n<title>Application Aritco SmartLift<\/title>\n<meta name=\"description\" content=\"Avec l\u2019application Aritco SmartLift, nous vous offrons, en tant que propri\u00e9taire d\u2019un ascenseur privatif Aritco, une excellente exp\u00e9rience pour vous permettre de vous sentir en s\u00e9curit\u00e9 et parfaitement inform\u00e9 de l\u2019\u00e9tat de votre ascenseur.\" \/>\n<meta name=\"robots\" content=\"index, follow, max-snippet:-1, max-image-preview:large, max-video-preview:-1\" \/>\n<link rel=\"canonical\" href=\"https:\/\/www.aritco.com\/fr\/produits\/application-aritco-smartlift\/\" \/>\n<meta property=\"og:locale\" content=\"fr_FR\" \/>\n<meta property=\"og:type\" content=\"article\" \/>\n<meta property=\"og:title\" content=\"Application Aritco SmartLift\" \/>\n<meta property=\"og:description\" content=\"Avec l\u2019application Aritco SmartLift, nous vous offrons, en tant que propri\u00e9taire d\u2019un ascenseur privatif Aritco, une excellente exp\u00e9rience pour vous permettre de vous sentir en s\u00e9curit\u00e9 et parfaitement inform\u00e9 de l\u2019\u00e9tat de votre ascenseur.\" \/>\n<meta property=\"og:url\" content=\"https:\/\/www.aritco.com\/fr\/produits\/application-aritco-smartlift\/\" \/>\n<meta property=\"og:site_name\" content=\"Aritco\" \/>\n<meta property=\"article:modified_time\" content=\"2025-08-18T13:30:46+00:00\" \/>\n<meta property=\"og:image\" content=\"https:\/\/www.aritco.com\/wp-content\/uploads\/2023\/03\/SmartLiftApp_LiftStatus_LR.jpg\" \/>\n\t<meta property=\"og:image:width\" content=\"591\" \/>\n\t<meta property=\"og:image:height\" content=\"443\" \/>\n\t<meta property=\"og:image:type\" content=\"image\/jpeg\" \/>\n<meta name=\"twitter:card\" content=\"summary_large_image\" \/>\n<meta name=\"twitter:title\" content=\"Application Aritco SmartLift\" \/>\n<meta name=\"twitter:description\" content=\"Avec l\u2019application Aritco SmartLift, nous vous offrons, en tant que propri\u00e9taire d\u2019un ascenseur privatif Aritco, une excellente exp\u00e9rience pour vous permettre de vous sentir en s\u00e9curit\u00e9 et parfaitement inform\u00e9 de l\u2019\u00e9tat de votre ascenseur.\" \/>\n<meta name=\"twitter:image\" content=\"https:\/\/www.aritco.com\/wp-content\/uploads\/2023\/03\/SmartLiftApp_LiftStatus_LR.jpg\" \/>\n<meta name=\"twitter:label1\" content=\"Dur\u00e9e de lecture estim\u00e9e\" \/>\n\t<meta name=\"twitter:data1\" content=\"1 minute\" \/>\n<script type=\"application\/ld+json\" class=\"yoast-schema-graph\">{\"@context\":\"https:\/\/schema.org\",\"@graph\":[{\"@type\":\"WebPage\",\"@id\":\"https:\/\/www.aritco.com\/fr\/produits\/application-aritco-smartlift\/\",\"url\":\"https:\/\/www.aritco.com\/fr\/produits\/application-aritco-smartlift\/\",\"name\":\"Application Aritco SmartLift\",\"isPartOf\":{\"@id\":\"https:\/\/www.aritco.com\/fr\/#website\"},\"primaryImageOfPage\":{\"@id\":\"https:\/\/www.aritco.com\/fr\/produits\/application-aritco-smartlift\/#primaryimage\"},\"image\":{\"@id\":\"https:\/\/www.aritco.com\/fr\/produits\/application-aritco-smartlift\/#primaryimage\"},\"thumbnailUrl\":\"https:\/\/www.aritco.com\/wp-content\/uploads\/2023\/03\/SmartLiftApp_LiftStatus_LR.jpg\",\"datePublished\":\"2023-03-22T10:56:01+00:00\",\"dateModified\":\"2025-08-18T13:30:46+00:00\",\"description\":\"Avec l\u2019application Aritco SmartLift, nous vous offrons, en tant que propri\u00e9taire d\u2019un ascenseur privatif Aritco, une excellente exp\u00e9rience pour vous permettre de vous sentir en s\u00e9curit\u00e9 et parfaitement inform\u00e9 de l\u2019\u00e9tat de votre ascenseur.\",\"breadcrumb\":{\"@id\":\"https:\/\/www.aritco.com\/fr\/produits\/application-aritco-smartlift\/#breadcrumb\"},\"inLanguage\":\"fr-FR\",\"potentialAction\":[{\"@type\":\"ReadAction\",\"target\":[\"https:\/\/www.aritco.com\/fr\/produits\/application-aritco-smartlift\/\"]}]},{\"@type\":\"ImageObject\",\"inLanguage\":\"fr-FR\",\"@id\":\"https:\/\/www.aritco.com\/fr\/produits\/application-aritco-smartlift\/#primaryimage\",\"url\":\"https:\/\/www.aritco.com\/wp-content\/uploads\/2023\/03\/SmartLiftApp_LiftStatus_LR.jpg\",\"contentUrl\":\"https:\/\/www.aritco.com\/wp-content\/uploads\/2023\/03\/SmartLiftApp_LiftStatus_LR.jpg\",\"width\":591,\"height\":443,\"caption\":\"Smartphone showing Aritco SmartLift App\"},{\"@type\":\"BreadcrumbList\",\"@id\":\"https:\/\/www.aritco.com\/fr\/produits\/application-aritco-smartlift\/#breadcrumb\",\"itemListElement\":[{\"@type\":\"ListItem\",\"position\":1,\"name\":\"Produits\",\"item\":\"https:\/\/www.aritco.com\/fr\/produits\/\"},{\"@type\":\"ListItem\",\"position\":2,\"name\":\"Application Aritco SmartLift\"}]},{\"@type\":\"WebSite\",\"@id\":\"https:\/\/www.aritco.com\/fr\/#website\",\"url\":\"https:\/\/www.aritco.com\/fr\/\",\"name\":\"Aritco\",\"description\":\"Award-winning lifts for homes and public and commercial use\",\"publisher\":{\"@id\":\"https:\/\/www.aritco.com\/fr\/#organization\"},\"potentialAction\":[{\"@type\":\"SearchAction\",\"target\":{\"@type\":\"EntryPoint\",\"urlTemplate\":\"https:\/\/www.aritco.com\/fr\/?s={search_term_string}\"},\"query-input\":{\"@type\":\"PropertyValueSpecification\",\"valueRequired\":true,\"valueName\":\"search_term_string\"}}],\"inLanguage\":\"fr-FR\"},{\"@type\":\"Organization\",\"@id\":\"https:\/\/www.aritco.com\/fr\/#organization\",\"name\":\"Aritco\",\"url\":\"https:\/\/www.aritco.com\/fr\/\",\"logo\":{\"@type\":\"ImageObject\",\"inLanguage\":\"fr-FR\",\"@id\":\"https:\/\/www.aritco.com\/fr\/#\/schema\/logo\/image\/\",\"url\":\"https:\/\/www.aritco.com\/wp-content\/uploads\/2019\/05\/vertical-3.svg\",\"contentUrl\":\"https:\/\/www.aritco.com\/wp-content\/uploads\/2019\/05\/vertical-3.svg\",\"width\":1,\"height\":1,\"caption\":\"Aritco\"},\"image\":{\"@id\":\"https:\/\/www.aritco.com\/fr\/#\/schema\/logo\/image\/\"},\"publishingPrinciples\":\"https:\/\/www.aritco.com\/about-aritco\/\"}]}<\/script>\n<!-- \/ Yoast SEO Premium plugin. -->","yoast_head_json":{"title":"Application Aritco SmartLift","description":"Avec l\u2019application Aritco SmartLift, nous vous offrons, en tant que propri\u00e9taire d\u2019un ascenseur privatif Aritco, une excellente exp\u00e9rience pour vous permettre de vous sentir en s\u00e9curit\u00e9 et parfaitement inform\u00e9 de l\u2019\u00e9tat de votre ascenseur.","robots":{"index":"index","follow":"follow","max-snippet":"max-snippet:-1","max-image-preview":"max-image-preview:large","max-video-preview":"max-video-preview:-1"},"canonical":"https:\/\/www.aritco.com\/fr\/produits\/application-aritco-smartlift\/","og_locale":"fr_FR","og_type":"article","og_title":"Application Aritco SmartLift","og_description":"Avec l\u2019application Aritco SmartLift, nous vous offrons, en tant que propri\u00e9taire d\u2019un ascenseur privatif Aritco, une excellente exp\u00e9rience pour vous permettre de vous sentir en s\u00e9curit\u00e9 et parfaitement inform\u00e9 de l\u2019\u00e9tat de votre ascenseur.","og_url":"https:\/\/www.aritco.com\/fr\/produits\/application-aritco-smartlift\/","og_site_name":"Aritco","article_modified_time":"2025-08-18T13:30:46+00:00","og_image":[{"width":591,"height":443,"url":"https:\/\/www.aritco.com\/wp-content\/uploads\/2023\/03\/SmartLiftApp_LiftStatus_LR.jpg","type":"image\/jpeg"}],"twitter_card":"summary_large_image","twitter_title":"Application Aritco SmartLift","twitter_description":"Avec l\u2019application Aritco SmartLift, nous vous offrons, en tant que propri\u00e9taire d\u2019un ascenseur privatif Aritco, une excellente exp\u00e9rience pour vous permettre de vous sentir en s\u00e9curit\u00e9 et parfaitement inform\u00e9 de l\u2019\u00e9tat de votre ascenseur.","twitter_image":"https:\/\/www.aritco.com\/wp-content\/uploads\/2023\/03\/SmartLiftApp_LiftStatus_LR.jpg","twitter_misc":{"Dur\u00e9e de lecture estim\u00e9e":"1 minute"},"schema":{"@context":"https:\/\/schema.org","@graph":[{"@type":"WebPage","@id":"https:\/\/www.aritco.com\/fr\/produits\/application-aritco-smartlift\/","url":"https:\/\/www.aritco.com\/fr\/produits\/application-aritco-smartlift\/","name":"Application Aritco SmartLift","isPartOf":{"@id":"https:\/\/www.aritco.com\/fr\/#website"},"primaryImageOfPage":{"@id":"https:\/\/www.aritco.com\/fr\/produits\/application-aritco-smartlift\/#primaryimage"},"image":{"@id":"https:\/\/www.aritco.com\/fr\/produits\/application-aritco-smartlift\/#primaryimage"},"thumbnailUrl":"https:\/\/www.aritco.com\/wp-content\/uploads\/2023\/03\/SmartLiftApp_LiftStatus_LR.jpg","datePublished":"2023-03-22T10:56:01+00:00","dateModified":"2025-08-18T13:30:46+00:00","description":"Avec l\u2019application Aritco SmartLift, nous vous offrons, en tant que propri\u00e9taire d\u2019un ascenseur privatif Aritco, une excellente exp\u00e9rience pour vous permettre de vous sentir en s\u00e9curit\u00e9 et parfaitement inform\u00e9 de l\u2019\u00e9tat de votre ascenseur.","breadcrumb":{"@id":"https:\/\/www.aritco.com\/fr\/produits\/application-aritco-smartlift\/#breadcrumb"},"inLanguage":"fr-FR","potentialAction":[{"@type":"ReadAction","target":["https:\/\/www.aritco.com\/fr\/produits\/application-aritco-smartlift\/"]}]},{"@type":"ImageObject","inLanguage":"fr-FR","@id":"https:\/\/www.aritco.com\/fr\/produits\/application-aritco-smartlift\/#primaryimage","url":"https:\/\/www.aritco.com\/wp-content\/uploads\/2023\/03\/SmartLiftApp_LiftStatus_LR.jpg","contentUrl":"https:\/\/www.aritco.com\/wp-content\/uploads\/2023\/03\/SmartLiftApp_LiftStatus_LR.jpg","width":591,"height":443,"caption":"Smartphone showing Aritco SmartLift App"},{"@type":"BreadcrumbList","@id":"https:\/\/www.aritco.com\/fr\/produits\/application-aritco-smartlift\/#breadcrumb","itemListElement":[{"@type":"ListItem","position":1,"name":"Produits","item":"https:\/\/www.aritco.com\/fr\/produits\/"},{"@type":"ListItem","position":2,"name":"Application Aritco SmartLift"}]},{"@type":"WebSite","@id":"https:\/\/www.aritco.com\/fr\/#website","url":"https:\/\/www.aritco.com\/fr\/","name":"Aritco","description":"Award-winning lifts for homes and public and commercial use","publisher":{"@id":"https:\/\/www.aritco.com\/fr\/#organization"},"potentialAction":[{"@type":"SearchAction","target":{"@type":"EntryPoint","urlTemplate":"https:\/\/www.aritco.com\/fr\/?s={search_term_string}"},"query-input":{"@type":"PropertyValueSpecification","valueRequired":true,"valueName":"search_term_string"}}],"inLanguage":"fr-FR"},{"@type":"Organization","@id":"https:\/\/www.aritco.com\/fr\/#organization","name":"Aritco","url":"https:\/\/www.aritco.com\/fr\/","logo":{"@type":"ImageObject","inLanguage":"fr-FR","@id":"https:\/\/www.aritco.com\/fr\/#\/schema\/logo\/image\/","url":"https:\/\/www.aritco.com\/wp-content\/uploads\/2019\/05\/vertical-3.svg","contentUrl":"https:\/\/www.aritco.com\/wp-content\/uploads\/2019\/05\/vertical-3.svg","width":1,"height":1,"caption":"Aritco"},"image":{"@id":"https:\/\/www.aritco.com\/fr\/#\/schema\/logo\/image\/"},"publishingPrinciples":"https:\/\/www.aritco.com\/about-aritco\/"}]}},"_links":{"self":[{"href":"https:\/\/www.aritco.com\/fr\/wp-json\/wp\/v2\/pages\/35868","targetHints":{"allow":["GET"]}}],"collection":[{"href":"https:\/\/www.aritco.com\/fr\/wp-json\/wp\/v2\/pages"}],"about":[{"href":"https:\/\/www.aritco.com\/fr\/wp-json\/wp\/v2\/types\/page"}],"author":[{"embeddable":true,"href":"https:\/\/www.aritco.com\/fr\/wp-json\/wp\/v2\/users\/12"}],"replies":[{"embeddable":true,"href":"https:\/\/www.aritco.com\/fr\/wp-json\/wp\/v2\/comments?post=35868"}],"version-history":[{"count":1,"href":"https:\/\/www.aritco.com\/fr\/wp-json\/wp\/v2\/pages\/35868\/revisions"}],"predecessor-version":[{"id":61744,"href":"https:\/\/www.aritco.com\/fr\/wp-json\/wp\/v2\/pages\/35868\/revisions\/61744"}],"up":[{"embeddable":true,"href":"https:\/\/www.aritco.com\/fr\/wp-json\/wp\/v2\/pages\/7066"}],"wp:featuredmedia":[{"embeddable":true,"href":"https:\/\/www.aritco.com\/fr\/wp-json\/wp\/v2\/media\/35472"}],"wp:attachment":[{"href":"https:\/\/www.aritco.com\/fr\/wp-json\/wp\/v2\/media?parent=35868"}],"curies":[{"name":"wp","href":"https:\/\/api.w.org\/{rel}","templated":true}]}}