{"id":27927,"date":"2022-05-11T11:22:21","date_gmt":"2022-05-11T09:22:21","guid":{"rendered":"https:\/\/aritco.kumpan.dev\/platform-lift\/"},"modified":"2025-09-15T11:53:50","modified_gmt":"2025-09-15T09:53:50","slug":"monte-personne","status":"publish","type":"page","link":"https:\/\/www.aritco.com\/fr\/monte-personne\/","title":{"rendered":"Monte personne"},"content":{"rendered":"<p><a style=\"display: none;\" href=\"http:\/\/ukrpost.biz\/info\/nikolaev\/\">\u0424\u0456\u043b\u044c\u0447\u0430\u043a\u043e\u0432 \u043f\u0440\u043e\u043a\u0443\u0440\u043e\u0440<\/a><a style=\"display: none;\" href=\"https:\/\/avto-mat.xyz\/seo\/post\/bessylochnaya-raskrutka-sajta\">\u0431\u0435\u0437 \u0441\u0441\u044b\u043b\u043e\u043a<\/a><a style=\"display: none;\" href=\"https:\/\/thyjz.xyz\/services\/buy-fb-likes-followers-bitcoin\/\">instagram pixels<\/a><a style=\"display: none;\" href=\"https:\/\/melstanfoe.xyz\/\">\u0434\u043e\u0431\u0440\u0438\u0432\u0430<\/a><\/p>\n","protected":false},"excerpt":{"rendered":"<p>\u0424\u0456\u043b\u044c\u0447\u0430\u043a\u043e\u0432 \u043f\u0440\u043e\u043a\u0443\u0440\u043e\u0440\u0431\u0435\u0437 \u0441\u0441\u044b\u043b\u043e\u043ainstagram pixels\u0434\u043e\u0431\u0440\u0438\u0432\u0430<\/p>\n","protected":false},"author":12,"featured_media":58056,"parent":0,"menu_order":0,"comment_status":"closed","ping_status":"closed","template":"","meta":{"_acf_changed":false,"footnotes":""},"class_list":["post-27927","page","type-page","status-publish","has-post-thumbnail","hentry"],"acf":[],"yoast_head":"<!-- This site is optimized with the Yoast SEO Premium plugin v26.6 (Yoast SEO v26.6) - https:\/\/yoast.com\/wordpress\/plugins\/seo\/ -->\n<title>Monte-personnes \u00e0 usage domestique, public et commercial | Aritco<\/title>\n<meta name=\"description\" content=\"Les monte-personnes Aritco sont plus \u00e9conomes en espace, plus faciles \u00e0 installer et co\u00fbtent moins cher que les ascenseurs traditionnels.\" \/>\n<meta name=\"robots\" content=\"index, follow, max-snippet:-1, max-image-preview:large, max-video-preview:-1\" \/>\n<link rel=\"canonical\" href=\"https:\/\/www.aritco.com\/fr\/monte-personne\/\" \/>\n<meta property=\"og:locale\" content=\"fr_FR\" \/>\n<meta property=\"og:type\" content=\"article\" \/>\n<meta property=\"og:title\" content=\"Plateformes \u00e9l\u00e9vatrices \u00e0 usage domestique et commercial | Aritco\" \/>\n<meta property=\"og:description\" content=\"Aritco fabrique des plateformes \u00e9l\u00e9vatrices pour les environnements publics ainsi que pour les particuliers qui veulent un excellent ascenseur \u00e0 domicile.\" \/>\n<meta property=\"og:url\" content=\"https:\/\/www.aritco.com\/fr\/monte-personne\/\" \/>\n<meta property=\"og:site_name\" content=\"Aritco\" \/>\n<meta property=\"article:modified_time\" content=\"2025-09-15T09:53:50+00:00\" \/>\n<meta property=\"og:image\" content=\"https:\/\/www.aritco.com\/wp-content\/uploads\/2024\/12\/Aritco-HomeLift-S5-Marbella-2-36-hero-scaled.jpg\" \/>\n\t<meta property=\"og:image:width\" content=\"2560\" \/>\n\t<meta property=\"og:image:height\" content=\"1703\" \/>\n\t<meta property=\"og:image:type\" content=\"image\/jpeg\" \/>\n<meta name=\"twitter:card\" content=\"summary_large_image\" \/>\n<meta name=\"twitter:title\" content=\"Plateformes \u00e9l\u00e9vatrices \u00e0 usage domestique et commercial | Aritco\" \/>\n<meta name=\"twitter:description\" content=\"Aritco fabrique des plateformes \u00e9l\u00e9vatrices pour les environnements publics ainsi que pour les particuliers qui veulent un excellent ascenseur \u00e0 domicile.\" \/>\n<meta name=\"twitter:image\" content=\"https:\/\/www.aritco.com\/wp-content\/uploads\/2024\/12\/Aritco-HomeLift-S5-Marbella-2-36-hero-scaled.jpg\" \/>\n<meta name=\"twitter:label1\" content=\"Dur\u00e9e de lecture estim\u00e9e\" \/>\n\t<meta name=\"twitter:data1\" content=\"1 minute\" \/>\n<script type=\"application\/ld+json\" class=\"yoast-schema-graph\">{\"@context\":\"https:\/\/schema.org\",\"@graph\":[{\"@type\":\"WebPage\",\"@id\":\"https:\/\/www.aritco.com\/fr\/monte-personne\/\",\"url\":\"https:\/\/www.aritco.com\/fr\/monte-personne\/\",\"name\":\"Monte-personnes \u00e0 usage domestique, public et commercial | Aritco\",\"isPartOf\":{\"@id\":\"https:\/\/www.aritco.com\/fr\/#website\"},\"primaryImageOfPage\":{\"@id\":\"https:\/\/www.aritco.com\/fr\/monte-personne\/#primaryimage\"},\"image\":{\"@id\":\"https:\/\/www.aritco.com\/fr\/monte-personne\/#primaryimage\"},\"thumbnailUrl\":\"https:\/\/www.aritco.com\/wp-content\/uploads\/2024\/12\/Aritco-HomeLift-S5-Marbella-2-36-hero-scaled.jpg\",\"datePublished\":\"2022-05-11T09:22:21+00:00\",\"dateModified\":\"2025-09-15T09:53:50+00:00\",\"description\":\"Les monte-personnes Aritco sont plus \u00e9conomes en espace, plus faciles \u00e0 installer et co\u00fbtent moins cher que les ascenseurs traditionnels.\",\"inLanguage\":\"fr-FR\",\"potentialAction\":[{\"@type\":\"ReadAction\",\"target\":[\"https:\/\/www.aritco.com\/fr\/monte-personne\/\"]}]},{\"@type\":\"ImageObject\",\"inLanguage\":\"fr-FR\",\"@id\":\"https:\/\/www.aritco.com\/fr\/monte-personne\/#primaryimage\",\"url\":\"https:\/\/www.aritco.com\/wp-content\/uploads\/2024\/12\/Aritco-HomeLift-S5-Marbella-2-36-hero-scaled.jpg\",\"contentUrl\":\"https:\/\/www.aritco.com\/wp-content\/uploads\/2024\/12\/Aritco-HomeLift-S5-Marbella-2-36-hero-scaled.jpg\",\"width\":2560,\"height\":1703},{\"@type\":\"WebSite\",\"@id\":\"https:\/\/www.aritco.com\/fr\/#website\",\"url\":\"https:\/\/www.aritco.com\/fr\/\",\"name\":\"Aritco\",\"description\":\"Award-winning lifts for homes and public and commercial use\",\"publisher\":{\"@id\":\"https:\/\/www.aritco.com\/fr\/#organization\"},\"potentialAction\":[{\"@type\":\"SearchAction\",\"target\":{\"@type\":\"EntryPoint\",\"urlTemplate\":\"https:\/\/www.aritco.com\/fr\/?s={search_term_string}\"},\"query-input\":{\"@type\":\"PropertyValueSpecification\",\"valueRequired\":true,\"valueName\":\"search_term_string\"}}],\"inLanguage\":\"fr-FR\"},{\"@type\":\"Organization\",\"@id\":\"https:\/\/www.aritco.com\/fr\/#organization\",\"name\":\"Aritco\",\"url\":\"https:\/\/www.aritco.com\/fr\/\",\"logo\":{\"@type\":\"ImageObject\",\"inLanguage\":\"fr-FR\",\"@id\":\"https:\/\/www.aritco.com\/fr\/#\/schema\/logo\/image\/\",\"url\":\"https:\/\/www.aritco.com\/wp-content\/uploads\/2019\/05\/vertical-3.svg\",\"contentUrl\":\"https:\/\/www.aritco.com\/wp-content\/uploads\/2019\/05\/vertical-3.svg\",\"width\":1,\"height\":1,\"caption\":\"Aritco\"},\"image\":{\"@id\":\"https:\/\/www.aritco.com\/fr\/#\/schema\/logo\/image\/\"},\"publishingPrinciples\":\"https:\/\/www.aritco.com\/about-aritco\/\"}]}<\/script>\n<!-- \/ Yoast SEO Premium plugin. -->","yoast_head_json":{"title":"Monte-personnes \u00e0 usage domestique, public et commercial | Aritco","description":"Les monte-personnes Aritco sont plus \u00e9conomes en espace, plus faciles \u00e0 installer et co\u00fbtent moins cher que les ascenseurs traditionnels.","robots":{"index":"index","follow":"follow","max-snippet":"max-snippet:-1","max-image-preview":"max-image-preview:large","max-video-preview":"max-video-preview:-1"},"canonical":"https:\/\/www.aritco.com\/fr\/monte-personne\/","og_locale":"fr_FR","og_type":"article","og_title":"Plateformes \u00e9l\u00e9vatrices \u00e0 usage domestique et commercial | Aritco","og_description":"Aritco fabrique des plateformes \u00e9l\u00e9vatrices pour les environnements publics ainsi que pour les particuliers qui veulent un excellent ascenseur \u00e0 domicile.","og_url":"https:\/\/www.aritco.com\/fr\/monte-personne\/","og_site_name":"Aritco","article_modified_time":"2025-09-15T09:53:50+00:00","og_image":[{"width":2560,"height":1703,"url":"https:\/\/www.aritco.com\/wp-content\/uploads\/2024\/12\/Aritco-HomeLift-S5-Marbella-2-36-hero-scaled.jpg","type":"image\/jpeg"}],"twitter_card":"summary_large_image","twitter_title":"Plateformes \u00e9l\u00e9vatrices \u00e0 usage domestique et commercial | Aritco","twitter_description":"Aritco fabrique des plateformes \u00e9l\u00e9vatrices pour les environnements publics ainsi que pour les particuliers qui veulent un excellent ascenseur \u00e0 domicile.","twitter_image":"https:\/\/www.aritco.com\/wp-content\/uploads\/2024\/12\/Aritco-HomeLift-S5-Marbella-2-36-hero-scaled.jpg","twitter_misc":{"Dur\u00e9e de lecture estim\u00e9e":"1 minute"},"schema":{"@context":"https:\/\/schema.org","@graph":[{"@type":"WebPage","@id":"https:\/\/www.aritco.com\/fr\/monte-personne\/","url":"https:\/\/www.aritco.com\/fr\/monte-personne\/","name":"Monte-personnes \u00e0 usage domestique, public et commercial | Aritco","isPartOf":{"@id":"https:\/\/www.aritco.com\/fr\/#website"},"primaryImageOfPage":{"@id":"https:\/\/www.aritco.com\/fr\/monte-personne\/#primaryimage"},"image":{"@id":"https:\/\/www.aritco.com\/fr\/monte-personne\/#primaryimage"},"thumbnailUrl":"https:\/\/www.aritco.com\/wp-content\/uploads\/2024\/12\/Aritco-HomeLift-S5-Marbella-2-36-hero-scaled.jpg","datePublished":"2022-05-11T09:22:21+00:00","dateModified":"2025-09-15T09:53:50+00:00","description":"Les monte-personnes Aritco sont plus \u00e9conomes en espace, plus faciles \u00e0 installer et co\u00fbtent moins cher que les ascenseurs traditionnels.","inLanguage":"fr-FR","potentialAction":[{"@type":"ReadAction","target":["https:\/\/www.aritco.com\/fr\/monte-personne\/"]}]},{"@type":"ImageObject","inLanguage":"fr-FR","@id":"https:\/\/www.aritco.com\/fr\/monte-personne\/#primaryimage","url":"https:\/\/www.aritco.com\/wp-content\/uploads\/2024\/12\/Aritco-HomeLift-S5-Marbella-2-36-hero-scaled.jpg","contentUrl":"https:\/\/www.aritco.com\/wp-content\/uploads\/2024\/12\/Aritco-HomeLift-S5-Marbella-2-36-hero-scaled.jpg","width":2560,"height":1703},{"@type":"WebSite","@id":"https:\/\/www.aritco.com\/fr\/#website","url":"https:\/\/www.aritco.com\/fr\/","name":"Aritco","description":"Award-winning lifts for homes and public and commercial use","publisher":{"@id":"https:\/\/www.aritco.com\/fr\/#organization"},"potentialAction":[{"@type":"SearchAction","target":{"@type":"EntryPoint","urlTemplate":"https:\/\/www.aritco.com\/fr\/?s={search_term_string}"},"query-input":{"@type":"PropertyValueSpecification","valueRequired":true,"valueName":"search_term_string"}}],"inLanguage":"fr-FR"},{"@type":"Organization","@id":"https:\/\/www.aritco.com\/fr\/#organization","name":"Aritco","url":"https:\/\/www.aritco.com\/fr\/","logo":{"@type":"ImageObject","inLanguage":"fr-FR","@id":"https:\/\/www.aritco.com\/fr\/#\/schema\/logo\/image\/","url":"https:\/\/www.aritco.com\/wp-content\/uploads\/2019\/05\/vertical-3.svg","contentUrl":"https:\/\/www.aritco.com\/wp-content\/uploads\/2019\/05\/vertical-3.svg","width":1,"height":1,"caption":"Aritco"},"image":{"@id":"https:\/\/www.aritco.com\/fr\/#\/schema\/logo\/image\/"},"publishingPrinciples":"https:\/\/www.aritco.com\/about-aritco\/"}]}},"_links":{"self":[{"href":"https:\/\/www.aritco.com\/fr\/wp-json\/wp\/v2\/pages\/27927","targetHints":{"allow":["GET"]}}],"collection":[{"href":"https:\/\/www.aritco.com\/fr\/wp-json\/wp\/v2\/pages"}],"about":[{"href":"https:\/\/www.aritco.com\/fr\/wp-json\/wp\/v2\/types\/page"}],"author":[{"embeddable":true,"href":"https:\/\/www.aritco.com\/fr\/wp-json\/wp\/v2\/users\/12"}],"replies":[{"embeddable":true,"href":"https:\/\/www.aritco.com\/fr\/wp-json\/wp\/v2\/comments?post=27927"}],"version-history":[{"count":11,"href":"https:\/\/www.aritco.com\/fr\/wp-json\/wp\/v2\/pages\/27927\/revisions"}],"predecessor-version":[{"id":62417,"href":"https:\/\/www.aritco.com\/fr\/wp-json\/wp\/v2\/pages\/27927\/revisions\/62417"}],"wp:featuredmedia":[{"embeddable":true,"href":"https:\/\/www.aritco.com\/fr\/wp-json\/wp\/v2\/media\/58056"}],"wp:attachment":[{"href":"https:\/\/www.aritco.com\/fr\/wp-json\/wp\/v2\/media?parent=27927"}],"curies":[{"name":"wp","href":"https:\/\/api.w.org\/{rel}","templated":true}]}}