{"id":27381,"date":"2020-12-23T10:24:03","date_gmt":"2020-12-23T09:24:03","guid":{"rendered":"https:\/\/aritco.kumpan.dev\/trendreports\/"},"modified":"2025-08-18T15:23:55","modified_gmt":"2025-08-18T13:23:55","slug":"rapports-de-tendances","status":"publish","type":"page","link":"https:\/\/www.aritco.com\/fr\/rapports-de-tendances\/","title":{"rendered":"Rapports de tendances"},"content":{"rendered":"","protected":false},"excerpt":{"rendered":"","protected":false},"author":12,"featured_media":57968,"parent":0,"menu_order":0,"comment_status":"closed","ping_status":"closed","template":"","meta":{"_acf_changed":false,"footnotes":""},"class_list":["post-27381","page","type-page","status-publish","has-post-thumbnail","hentry"],"acf":[],"yoast_head":"<!-- This site is optimized with the Yoast SEO Premium plugin v26.6 (Yoast SEO v26.6) - https:\/\/yoast.com\/wordpress\/plugins\/seo\/ -->\n<title>Rapport sur les tendances\u00a0\u2013 Construire la maison centenaire - Aritco &amp; Springwise<\/title>\n<meta name=\"description\" content=\"De nouvelles innovations en mati\u00e8re de technologie et de design pour la maison et le bureau ax\u00e9es sur le d\u00e9veloppement durable aujourd&#039;hui et \u00e0 l&#039;avenir. Avec l\u2019augmentation des factures d\u2019\u00e9nergie et les conditions m\u00e9t\u00e9orologiques extr\u00eames caus\u00e9es par le changement climatique, comment pouvons-nous r\u00e9nover nos maisons, appartements et bureaux pour \u00e9conomiser et g\u00e9n\u00e9rer de l\u2019\u00e9lectricit\u00e9 et devenir plus r\u00e9silients\u00a0? Lire le dernier rapport\" \/>\n<meta name=\"robots\" content=\"index, follow, max-snippet:-1, max-image-preview:large, max-video-preview:-1\" \/>\n<link rel=\"canonical\" href=\"https:\/\/www.aritco.com\/fr\/rapports-de-tendances\/\" \/>\n<meta property=\"og:locale\" content=\"fr_FR\" \/>\n<meta property=\"og:type\" content=\"article\" \/>\n<meta property=\"og:title\" content=\"Construire la maison centenaire\" \/>\n<meta property=\"og:description\" content=\"Avec l\u2019augmentation des factures d\u2019\u00e9nergie et les conditions m\u00e9t\u00e9orologiques extr\u00eames caus\u00e9es par le changement climatique, comment pouvons-nous r\u00e9nover nos maisons, appartements et bureaux pour \u00e9conomiser et g\u00e9n\u00e9rer de l\u2019\u00e9lectricit\u00e9 et devenir plus r\u00e9silients\u00a0? Lire le dernier rapport\" \/>\n<meta property=\"og:url\" content=\"https:\/\/www.aritco.com\/fr\/rapports-de-tendances\/\" \/>\n<meta property=\"og:site_name\" content=\"Aritco\" \/>\n<meta property=\"article:modified_time\" content=\"2025-08-18T13:23:55+00:00\" \/>\n<meta property=\"og:image\" content=\"https:\/\/www.aritco.com\/wp-content\/uploads\/2023\/01\/100-year-home-cover-4x3-1.jpg\" \/>\n\t<meta property=\"og:image:width\" content=\"1671\" \/>\n\t<meta property=\"og:image:height\" content=\"1254\" \/>\n\t<meta property=\"og:image:type\" content=\"image\/jpeg\" \/>\n<meta name=\"twitter:card\" content=\"summary_large_image\" \/>\n<meta name=\"twitter:title\" content=\"Construire la maison centenaire\" \/>\n<meta name=\"twitter:description\" content=\"Avec l\u2019augmentation des factures d\u2019\u00e9nergie et les conditions m\u00e9t\u00e9orologiques extr\u00eames caus\u00e9es par le changement climatique, comment pouvons-nous r\u00e9nover nos maisons, appartements et bureaux pour \u00e9conomiser et g\u00e9n\u00e9rer de l\u2019\u00e9lectricit\u00e9 et devenir plus r\u00e9silients\u00a0? Lire le dernier rapport\" \/>\n<meta name=\"twitter:image\" content=\"https:\/\/www.aritco.com\/wp-content\/uploads\/2023\/01\/100-year-home-cover-4x3-1.jpg\" \/>\n<meta name=\"twitter:label1\" content=\"Dur\u00e9e de lecture estim\u00e9e\" \/>\n\t<meta name=\"twitter:data1\" content=\"1 minute\" \/>\n<script type=\"application\/ld+json\" class=\"yoast-schema-graph\">{\"@context\":\"https:\/\/schema.org\",\"@graph\":[{\"@type\":\"WebPage\",\"@id\":\"https:\/\/www.aritco.com\/fr\/rapports-de-tendances\/\",\"url\":\"https:\/\/www.aritco.com\/fr\/rapports-de-tendances\/\",\"name\":\"Rapport sur les tendances\u00a0\u2013 Construire la maison centenaire - Aritco & Springwise\",\"isPartOf\":{\"@id\":\"https:\/\/www.aritco.com\/fr\/#website\"},\"primaryImageOfPage\":{\"@id\":\"https:\/\/www.aritco.com\/fr\/rapports-de-tendances\/#primaryimage\"},\"image\":{\"@id\":\"https:\/\/www.aritco.com\/fr\/rapports-de-tendances\/#primaryimage\"},\"thumbnailUrl\":\"https:\/\/www.aritco.com\/wp-content\/uploads\/2024\/12\/Trend-report-2025.jpg\",\"datePublished\":\"2020-12-23T09:24:03+00:00\",\"dateModified\":\"2025-08-18T13:23:55+00:00\",\"description\":\"De nouvelles innovations en mati\u00e8re de technologie et de design pour la maison et le bureau ax\u00e9es sur le d\u00e9veloppement durable aujourd'hui et \u00e0 l'avenir. Avec l\u2019augmentation des factures d\u2019\u00e9nergie et les conditions m\u00e9t\u00e9orologiques extr\u00eames caus\u00e9es par le changement climatique, comment pouvons-nous r\u00e9nover nos maisons, appartements et bureaux pour \u00e9conomiser et g\u00e9n\u00e9rer de l\u2019\u00e9lectricit\u00e9 et devenir plus r\u00e9silients\u00a0? Lire le dernier rapport\",\"inLanguage\":\"fr-FR\",\"potentialAction\":[{\"@type\":\"ReadAction\",\"target\":[\"https:\/\/www.aritco.com\/fr\/rapports-de-tendances\/\"]}]},{\"@type\":\"ImageObject\",\"inLanguage\":\"fr-FR\",\"@id\":\"https:\/\/www.aritco.com\/fr\/rapports-de-tendances\/#primaryimage\",\"url\":\"https:\/\/www.aritco.com\/wp-content\/uploads\/2024\/12\/Trend-report-2025.jpg\",\"contentUrl\":\"https:\/\/www.aritco.com\/wp-content\/uploads\/2024\/12\/Trend-report-2025.jpg\",\"width\":598,\"height\":473},{\"@type\":\"WebSite\",\"@id\":\"https:\/\/www.aritco.com\/fr\/#website\",\"url\":\"https:\/\/www.aritco.com\/fr\/\",\"name\":\"Aritco\",\"description\":\"Award-winning lifts for homes and public and commercial use\",\"publisher\":{\"@id\":\"https:\/\/www.aritco.com\/fr\/#organization\"},\"potentialAction\":[{\"@type\":\"SearchAction\",\"target\":{\"@type\":\"EntryPoint\",\"urlTemplate\":\"https:\/\/www.aritco.com\/fr\/?s={search_term_string}\"},\"query-input\":{\"@type\":\"PropertyValueSpecification\",\"valueRequired\":true,\"valueName\":\"search_term_string\"}}],\"inLanguage\":\"fr-FR\"},{\"@type\":\"Organization\",\"@id\":\"https:\/\/www.aritco.com\/fr\/#organization\",\"name\":\"Aritco\",\"url\":\"https:\/\/www.aritco.com\/fr\/\",\"logo\":{\"@type\":\"ImageObject\",\"inLanguage\":\"fr-FR\",\"@id\":\"https:\/\/www.aritco.com\/fr\/#\/schema\/logo\/image\/\",\"url\":\"https:\/\/www.aritco.com\/wp-content\/uploads\/2019\/05\/vertical-3.svg\",\"contentUrl\":\"https:\/\/www.aritco.com\/wp-content\/uploads\/2019\/05\/vertical-3.svg\",\"width\":1,\"height\":1,\"caption\":\"Aritco\"},\"image\":{\"@id\":\"https:\/\/www.aritco.com\/fr\/#\/schema\/logo\/image\/\"},\"publishingPrinciples\":\"https:\/\/www.aritco.com\/about-aritco\/\"}]}<\/script>\n<!-- \/ Yoast SEO Premium plugin. -->","yoast_head_json":{"title":"Rapport sur les tendances\u00a0\u2013 Construire la maison centenaire - Aritco & Springwise","description":"De nouvelles innovations en mati\u00e8re de technologie et de design pour la maison et le bureau ax\u00e9es sur le d\u00e9veloppement durable aujourd'hui et \u00e0 l'avenir. Avec l\u2019augmentation des factures d\u2019\u00e9nergie et les conditions m\u00e9t\u00e9orologiques extr\u00eames caus\u00e9es par le changement climatique, comment pouvons-nous r\u00e9nover nos maisons, appartements et bureaux pour \u00e9conomiser et g\u00e9n\u00e9rer de l\u2019\u00e9lectricit\u00e9 et devenir plus r\u00e9silients\u00a0? Lire le dernier rapport","robots":{"index":"index","follow":"follow","max-snippet":"max-snippet:-1","max-image-preview":"max-image-preview:large","max-video-preview":"max-video-preview:-1"},"canonical":"https:\/\/www.aritco.com\/fr\/rapports-de-tendances\/","og_locale":"fr_FR","og_type":"article","og_title":"Construire la maison centenaire","og_description":"Avec l\u2019augmentation des factures d\u2019\u00e9nergie et les conditions m\u00e9t\u00e9orologiques extr\u00eames caus\u00e9es par le changement climatique, comment pouvons-nous r\u00e9nover nos maisons, appartements et bureaux pour \u00e9conomiser et g\u00e9n\u00e9rer de l\u2019\u00e9lectricit\u00e9 et devenir plus r\u00e9silients\u00a0? Lire le dernier rapport","og_url":"https:\/\/www.aritco.com\/fr\/rapports-de-tendances\/","og_site_name":"Aritco","article_modified_time":"2025-08-18T13:23:55+00:00","og_image":[{"width":1671,"height":1254,"url":"https:\/\/www.aritco.com\/wp-content\/uploads\/2023\/01\/100-year-home-cover-4x3-1.jpg","type":"image\/jpeg"}],"twitter_card":"summary_large_image","twitter_title":"Construire la maison centenaire","twitter_description":"Avec l\u2019augmentation des factures d\u2019\u00e9nergie et les conditions m\u00e9t\u00e9orologiques extr\u00eames caus\u00e9es par le changement climatique, comment pouvons-nous r\u00e9nover nos maisons, appartements et bureaux pour \u00e9conomiser et g\u00e9n\u00e9rer de l\u2019\u00e9lectricit\u00e9 et devenir plus r\u00e9silients\u00a0? Lire le dernier rapport","twitter_image":"https:\/\/www.aritco.com\/wp-content\/uploads\/2023\/01\/100-year-home-cover-4x3-1.jpg","twitter_misc":{"Dur\u00e9e de lecture estim\u00e9e":"1 minute"},"schema":{"@context":"https:\/\/schema.org","@graph":[{"@type":"WebPage","@id":"https:\/\/www.aritco.com\/fr\/rapports-de-tendances\/","url":"https:\/\/www.aritco.com\/fr\/rapports-de-tendances\/","name":"Rapport sur les tendances\u00a0\u2013 Construire la maison centenaire - Aritco & Springwise","isPartOf":{"@id":"https:\/\/www.aritco.com\/fr\/#website"},"primaryImageOfPage":{"@id":"https:\/\/www.aritco.com\/fr\/rapports-de-tendances\/#primaryimage"},"image":{"@id":"https:\/\/www.aritco.com\/fr\/rapports-de-tendances\/#primaryimage"},"thumbnailUrl":"https:\/\/www.aritco.com\/wp-content\/uploads\/2024\/12\/Trend-report-2025.jpg","datePublished":"2020-12-23T09:24:03+00:00","dateModified":"2025-08-18T13:23:55+00:00","description":"De nouvelles innovations en mati\u00e8re de technologie et de design pour la maison et le bureau ax\u00e9es sur le d\u00e9veloppement durable aujourd'hui et \u00e0 l'avenir. Avec l\u2019augmentation des factures d\u2019\u00e9nergie et les conditions m\u00e9t\u00e9orologiques extr\u00eames caus\u00e9es par le changement climatique, comment pouvons-nous r\u00e9nover nos maisons, appartements et bureaux pour \u00e9conomiser et g\u00e9n\u00e9rer de l\u2019\u00e9lectricit\u00e9 et devenir plus r\u00e9silients\u00a0? Lire le dernier rapport","inLanguage":"fr-FR","potentialAction":[{"@type":"ReadAction","target":["https:\/\/www.aritco.com\/fr\/rapports-de-tendances\/"]}]},{"@type":"ImageObject","inLanguage":"fr-FR","@id":"https:\/\/www.aritco.com\/fr\/rapports-de-tendances\/#primaryimage","url":"https:\/\/www.aritco.com\/wp-content\/uploads\/2024\/12\/Trend-report-2025.jpg","contentUrl":"https:\/\/www.aritco.com\/wp-content\/uploads\/2024\/12\/Trend-report-2025.jpg","width":598,"height":473},{"@type":"WebSite","@id":"https:\/\/www.aritco.com\/fr\/#website","url":"https:\/\/www.aritco.com\/fr\/","name":"Aritco","description":"Award-winning lifts for homes and public and commercial use","publisher":{"@id":"https:\/\/www.aritco.com\/fr\/#organization"},"potentialAction":[{"@type":"SearchAction","target":{"@type":"EntryPoint","urlTemplate":"https:\/\/www.aritco.com\/fr\/?s={search_term_string}"},"query-input":{"@type":"PropertyValueSpecification","valueRequired":true,"valueName":"search_term_string"}}],"inLanguage":"fr-FR"},{"@type":"Organization","@id":"https:\/\/www.aritco.com\/fr\/#organization","name":"Aritco","url":"https:\/\/www.aritco.com\/fr\/","logo":{"@type":"ImageObject","inLanguage":"fr-FR","@id":"https:\/\/www.aritco.com\/fr\/#\/schema\/logo\/image\/","url":"https:\/\/www.aritco.com\/wp-content\/uploads\/2019\/05\/vertical-3.svg","contentUrl":"https:\/\/www.aritco.com\/wp-content\/uploads\/2019\/05\/vertical-3.svg","width":1,"height":1,"caption":"Aritco"},"image":{"@id":"https:\/\/www.aritco.com\/fr\/#\/schema\/logo\/image\/"},"publishingPrinciples":"https:\/\/www.aritco.com\/about-aritco\/"}]}},"_links":{"self":[{"href":"https:\/\/www.aritco.com\/fr\/wp-json\/wp\/v2\/pages\/27381","targetHints":{"allow":["GET"]}}],"collection":[{"href":"https:\/\/www.aritco.com\/fr\/wp-json\/wp\/v2\/pages"}],"about":[{"href":"https:\/\/www.aritco.com\/fr\/wp-json\/wp\/v2\/types\/page"}],"author":[{"embeddable":true,"href":"https:\/\/www.aritco.com\/fr\/wp-json\/wp\/v2\/users\/12"}],"replies":[{"embeddable":true,"href":"https:\/\/www.aritco.com\/fr\/wp-json\/wp\/v2\/comments?post=27381"}],"version-history":[{"count":4,"href":"https:\/\/www.aritco.com\/fr\/wp-json\/wp\/v2\/pages\/27381\/revisions"}],"predecessor-version":[{"id":61742,"href":"https:\/\/www.aritco.com\/fr\/wp-json\/wp\/v2\/pages\/27381\/revisions\/61742"}],"wp:featuredmedia":[{"embeddable":true,"href":"https:\/\/www.aritco.com\/fr\/wp-json\/wp\/v2\/media\/57968"}],"wp:attachment":[{"href":"https:\/\/www.aritco.com\/fr\/wp-json\/wp\/v2\/media?parent=27381"}],"curies":[{"name":"wp","href":"https:\/\/api.w.org\/{rel}","templated":true}]}}