{"id":18616,"date":"2020-08-10T11:02:16","date_gmt":"2020-08-10T09:02:16","guid":{"rendered":"https:\/\/aritco.kumpan.dev\/produits\/tech-and-safety\/"},"modified":"2025-09-04T12:15:19","modified_gmt":"2025-09-04T10:15:19","slug":"technologie-et-securite","status":"publish","type":"page","link":"https:\/\/www.aritco.com\/fr\/produits\/technologie-et-securite\/","title":{"rendered":"Technologie et S\u00e9curit\u00e9"},"content":{"rendered":"","protected":false},"excerpt":{"rendered":"","protected":false},"author":12,"featured_media":0,"parent":7066,"menu_order":0,"comment_status":"closed","ping_status":"closed","template":"","meta":{"_acf_changed":false,"footnotes":""},"class_list":["post-18616","page","type-page","status-publish","hentry"],"acf":[],"yoast_head":"<!-- This site is optimized with the Yoast SEO Premium plugin v26.6 (Yoast SEO v26.6) - https:\/\/yoast.com\/wordpress\/plugins\/seo\/ -->\n<title>Technologie et S\u00e9curit\u00e9 | Aritco<\/title>\n<meta name=\"description\" content=\"D\u00e9couvrez comment le design, la s\u00e9curit\u00e9 et la technologie sont combin\u00e9s dans un ascenseur privatif avec l\u2019application Aritco SmartLift. Le premier ascenseur privatif connect\u00e9 intelligent au monde!\" \/>\n<meta name=\"robots\" content=\"index, follow, max-snippet:-1, max-image-preview:large, max-video-preview:-1\" \/>\n<link rel=\"canonical\" href=\"https:\/\/www.aritco.com\/fr\/produits\/technologie-et-securite\/\" \/>\n<meta property=\"og:locale\" content=\"fr_FR\" \/>\n<meta property=\"og:type\" content=\"article\" \/>\n<meta property=\"og:title\" content=\"Aritco elevator Tech and Safety | Aritco\" \/>\n<meta property=\"og:description\" content=\"Discover how design, safety, and technology are combined in a home elevator with the Aritco SmartLift app. The world&#039;s first smart connected home elevator!\" \/>\n<meta property=\"og:url\" content=\"https:\/\/www.aritco.com\/fr\/produits\/technologie-et-securite\/\" \/>\n<meta property=\"og:site_name\" content=\"Aritco\" \/>\n<meta property=\"article:modified_time\" content=\"2025-09-04T10:15:19+00:00\" \/>\n<meta property=\"og:image\" content=\"https:\/\/www.aritco.com\/wp-content\/uploads\/2020\/09\/SmartLift_app_DesignLight.jpg\" \/>\n\t<meta property=\"og:image:width\" content=\"2048\" \/>\n\t<meta property=\"og:image:height\" content=\"1535\" \/>\n\t<meta property=\"og:image:type\" content=\"image\/jpeg\" \/>\n<meta name=\"twitter:card\" content=\"summary_large_image\" \/>\n<meta name=\"twitter:title\" content=\"Aritco elevator Tech and Safety | Aritco\" \/>\n<meta name=\"twitter:description\" content=\"Discover how design, safety, and technology are combined in a home elevator with the Aritco SmartLift app. The world&#039;s first smart connected home elevator!\" \/>\n<meta name=\"twitter:image\" content=\"https:\/\/www.aritco.com\/wp-content\/uploads\/2020\/09\/SmartLift_app_DesignLight.jpg\" \/>\n<script type=\"application\/ld+json\" class=\"yoast-schema-graph\">{\"@context\":\"https:\/\/schema.org\",\"@graph\":[{\"@type\":\"WebPage\",\"@id\":\"https:\/\/www.aritco.com\/fr\/produits\/technologie-et-securite\/\",\"url\":\"https:\/\/www.aritco.com\/fr\/produits\/technologie-et-securite\/\",\"name\":\"Technologie et S\u00e9curit\u00e9 | Aritco\",\"isPartOf\":{\"@id\":\"https:\/\/www.aritco.com\/fr\/#website\"},\"datePublished\":\"2020-08-10T09:02:16+00:00\",\"dateModified\":\"2025-09-04T10:15:19+00:00\",\"description\":\"D\u00e9couvrez comment le design, la s\u00e9curit\u00e9 et la technologie sont combin\u00e9s dans un ascenseur privatif avec l\u2019application Aritco SmartLift. Le premier ascenseur privatif connect\u00e9 intelligent au monde!\",\"breadcrumb\":{\"@id\":\"https:\/\/www.aritco.com\/fr\/produits\/technologie-et-securite\/#breadcrumb\"},\"inLanguage\":\"fr-FR\",\"potentialAction\":[{\"@type\":\"ReadAction\",\"target\":[\"https:\/\/www.aritco.com\/fr\/produits\/technologie-et-securite\/\"]}]},{\"@type\":\"BreadcrumbList\",\"@id\":\"https:\/\/www.aritco.com\/fr\/produits\/technologie-et-securite\/#breadcrumb\",\"itemListElement\":[{\"@type\":\"ListItem\",\"position\":1,\"name\":\"Produits\",\"item\":\"https:\/\/www.aritco.com\/fr\/produits\/\"},{\"@type\":\"ListItem\",\"position\":2,\"name\":\"Technologie et S\u00e9curit\u00e9\"}]},{\"@type\":\"WebSite\",\"@id\":\"https:\/\/www.aritco.com\/fr\/#website\",\"url\":\"https:\/\/www.aritco.com\/fr\/\",\"name\":\"Aritco\",\"description\":\"Award-winning lifts for homes and public and commercial use\",\"publisher\":{\"@id\":\"https:\/\/www.aritco.com\/fr\/#organization\"},\"potentialAction\":[{\"@type\":\"SearchAction\",\"target\":{\"@type\":\"EntryPoint\",\"urlTemplate\":\"https:\/\/www.aritco.com\/fr\/?s={search_term_string}\"},\"query-input\":{\"@type\":\"PropertyValueSpecification\",\"valueRequired\":true,\"valueName\":\"search_term_string\"}}],\"inLanguage\":\"fr-FR\"},{\"@type\":\"Organization\",\"@id\":\"https:\/\/www.aritco.com\/fr\/#organization\",\"name\":\"Aritco\",\"url\":\"https:\/\/www.aritco.com\/fr\/\",\"logo\":{\"@type\":\"ImageObject\",\"inLanguage\":\"fr-FR\",\"@id\":\"https:\/\/www.aritco.com\/fr\/#\/schema\/logo\/image\/\",\"url\":\"https:\/\/www.aritco.com\/wp-content\/uploads\/2019\/05\/vertical-3.svg\",\"contentUrl\":\"https:\/\/www.aritco.com\/wp-content\/uploads\/2019\/05\/vertical-3.svg\",\"width\":1,\"height\":1,\"caption\":\"Aritco\"},\"image\":{\"@id\":\"https:\/\/www.aritco.com\/fr\/#\/schema\/logo\/image\/\"},\"publishingPrinciples\":\"https:\/\/www.aritco.com\/about-aritco\/\"}]}<\/script>\n<!-- \/ Yoast SEO Premium plugin. -->","yoast_head_json":{"title":"Technologie et S\u00e9curit\u00e9 | Aritco","description":"D\u00e9couvrez comment le design, la s\u00e9curit\u00e9 et la technologie sont combin\u00e9s dans un ascenseur privatif avec l\u2019application Aritco SmartLift. Le premier ascenseur privatif connect\u00e9 intelligent au monde!","robots":{"index":"index","follow":"follow","max-snippet":"max-snippet:-1","max-image-preview":"max-image-preview:large","max-video-preview":"max-video-preview:-1"},"canonical":"https:\/\/www.aritco.com\/fr\/produits\/technologie-et-securite\/","og_locale":"fr_FR","og_type":"article","og_title":"Aritco elevator Tech and Safety | Aritco","og_description":"Discover how design, safety, and technology are combined in a home elevator with the Aritco SmartLift app. The world's first smart connected home elevator!","og_url":"https:\/\/www.aritco.com\/fr\/produits\/technologie-et-securite\/","og_site_name":"Aritco","article_modified_time":"2025-09-04T10:15:19+00:00","og_image":[{"width":2048,"height":1535,"url":"https:\/\/www.aritco.com\/wp-content\/uploads\/2020\/09\/SmartLift_app_DesignLight.jpg","type":"image\/jpeg"}],"twitter_card":"summary_large_image","twitter_title":"Aritco elevator Tech and Safety | Aritco","twitter_description":"Discover how design, safety, and technology are combined in a home elevator with the Aritco SmartLift app. The world's first smart connected home elevator!","twitter_image":"https:\/\/www.aritco.com\/wp-content\/uploads\/2020\/09\/SmartLift_app_DesignLight.jpg","schema":{"@context":"https:\/\/schema.org","@graph":[{"@type":"WebPage","@id":"https:\/\/www.aritco.com\/fr\/produits\/technologie-et-securite\/","url":"https:\/\/www.aritco.com\/fr\/produits\/technologie-et-securite\/","name":"Technologie et S\u00e9curit\u00e9 | Aritco","isPartOf":{"@id":"https:\/\/www.aritco.com\/fr\/#website"},"datePublished":"2020-08-10T09:02:16+00:00","dateModified":"2025-09-04T10:15:19+00:00","description":"D\u00e9couvrez comment le design, la s\u00e9curit\u00e9 et la technologie sont combin\u00e9s dans un ascenseur privatif avec l\u2019application Aritco SmartLift. Le premier ascenseur privatif connect\u00e9 intelligent au monde!","breadcrumb":{"@id":"https:\/\/www.aritco.com\/fr\/produits\/technologie-et-securite\/#breadcrumb"},"inLanguage":"fr-FR","potentialAction":[{"@type":"ReadAction","target":["https:\/\/www.aritco.com\/fr\/produits\/technologie-et-securite\/"]}]},{"@type":"BreadcrumbList","@id":"https:\/\/www.aritco.com\/fr\/produits\/technologie-et-securite\/#breadcrumb","itemListElement":[{"@type":"ListItem","position":1,"name":"Produits","item":"https:\/\/www.aritco.com\/fr\/produits\/"},{"@type":"ListItem","position":2,"name":"Technologie et S\u00e9curit\u00e9"}]},{"@type":"WebSite","@id":"https:\/\/www.aritco.com\/fr\/#website","url":"https:\/\/www.aritco.com\/fr\/","name":"Aritco","description":"Award-winning lifts for homes and public and commercial use","publisher":{"@id":"https:\/\/www.aritco.com\/fr\/#organization"},"potentialAction":[{"@type":"SearchAction","target":{"@type":"EntryPoint","urlTemplate":"https:\/\/www.aritco.com\/fr\/?s={search_term_string}"},"query-input":{"@type":"PropertyValueSpecification","valueRequired":true,"valueName":"search_term_string"}}],"inLanguage":"fr-FR"},{"@type":"Organization","@id":"https:\/\/www.aritco.com\/fr\/#organization","name":"Aritco","url":"https:\/\/www.aritco.com\/fr\/","logo":{"@type":"ImageObject","inLanguage":"fr-FR","@id":"https:\/\/www.aritco.com\/fr\/#\/schema\/logo\/image\/","url":"https:\/\/www.aritco.com\/wp-content\/uploads\/2019\/05\/vertical-3.svg","contentUrl":"https:\/\/www.aritco.com\/wp-content\/uploads\/2019\/05\/vertical-3.svg","width":1,"height":1,"caption":"Aritco"},"image":{"@id":"https:\/\/www.aritco.com\/fr\/#\/schema\/logo\/image\/"},"publishingPrinciples":"https:\/\/www.aritco.com\/about-aritco\/"}]}},"_links":{"self":[{"href":"https:\/\/www.aritco.com\/fr\/wp-json\/wp\/v2\/pages\/18616","targetHints":{"allow":["GET"]}}],"collection":[{"href":"https:\/\/www.aritco.com\/fr\/wp-json\/wp\/v2\/pages"}],"about":[{"href":"https:\/\/www.aritco.com\/fr\/wp-json\/wp\/v2\/types\/page"}],"author":[{"embeddable":true,"href":"https:\/\/www.aritco.com\/fr\/wp-json\/wp\/v2\/users\/12"}],"replies":[{"embeddable":true,"href":"https:\/\/www.aritco.com\/fr\/wp-json\/wp\/v2\/comments?post=18616"}],"version-history":[{"count":8,"href":"https:\/\/www.aritco.com\/fr\/wp-json\/wp\/v2\/pages\/18616\/revisions"}],"predecessor-version":[{"id":62211,"href":"https:\/\/www.aritco.com\/fr\/wp-json\/wp\/v2\/pages\/18616\/revisions\/62211"}],"up":[{"embeddable":true,"href":"https:\/\/www.aritco.com\/fr\/wp-json\/wp\/v2\/pages\/7066"}],"wp:attachment":[{"href":"https:\/\/www.aritco.com\/fr\/wp-json\/wp\/v2\/media?parent=18616"}],"curies":[{"name":"wp","href":"https:\/\/api.w.org\/{rel}","templated":true}]}}