{"id":11830,"date":"2020-09-07T14:30:33","date_gmt":"2020-09-07T12:30:33","guid":{"rendered":"https:\/\/aritco.kumpan.dev\/produits\/liftguide\/"},"modified":"2025-08-18T15:38:21","modified_gmt":"2025-08-18T13:38:21","slug":"notre-liftguide","status":"publish","type":"page","link":"https:\/\/www.aritco.com\/fr\/produits\/notre-liftguide\/","title":{"rendered":"Notre Liftguide"},"content":{"rendered":"","protected":false},"excerpt":{"rendered":"","protected":false},"author":12,"featured_media":58905,"parent":7066,"menu_order":0,"comment_status":"closed","ping_status":"closed","template":"","meta":{"_acf_changed":false,"footnotes":""},"class_list":["post-11830","page","type-page","status-publish","has-post-thumbnail","hentry"],"acf":[],"yoast_head":"<!-- This site is optimized with the Yoast SEO Premium plugin v26.6 (Yoast SEO v26.6) - https:\/\/yoast.com\/wordpress\/plugins\/seo\/ -->\n<title>Notre Liftguide - Aritco Aritco<\/title>\n<meta name=\"description\" content=\"Depuis notre LiftGuide, vous pouvez concevoir votre propre ascenseur privatif. Testez diff\u00e9rentes tailles et couleurs, diff\u00e9rents verres et rev\u00eatements de sol, choisissez l\u2019\u00e9clairage id\u00e9al, etc. pour trouver votre propre solution individuelle. Vous pouvez \u00e9galement demander un devis pour le design que vous aurez choisi.\" \/>\n<meta name=\"robots\" content=\"index, follow, max-snippet:-1, max-image-preview:large, max-video-preview:-1\" \/>\n<link rel=\"canonical\" href=\"https:\/\/www.aritco.com\/fr\/produits\/notre-liftguide\/\" \/>\n<meta property=\"og:locale\" content=\"fr_FR\" \/>\n<meta property=\"og:type\" content=\"article\" \/>\n<meta property=\"og:title\" content=\"Notre Liftguide\" \/>\n<meta property=\"og:description\" content=\"Depuis notre LiftGuide, vous pouvez concevoir votre propre ascenseur privatif. Testez diff\u00e9rentes tailles et couleurs, diff\u00e9rents verres et rev\u00eatements de sol, choisissez l\u2019\u00e9clairage id\u00e9al, etc. pour trouver votre propre solution individuelle. Vous pouvez \u00e9galement demander un devis pour le design que vous aurez choisi.\" \/>\n<meta property=\"og:url\" content=\"https:\/\/www.aritco.com\/fr\/produits\/notre-liftguide\/\" \/>\n<meta property=\"og:site_name\" content=\"Aritco\" \/>\n<meta property=\"article:modified_time\" content=\"2025-08-18T13:38:21+00:00\" \/>\n<meta property=\"og:image\" content=\"https:\/\/www.aritco.com\/wp-content\/uploads\/2025\/02\/LiftGuide-configurator.jpg\" \/>\n\t<meta property=\"og:image:width\" content=\"1400\" \/>\n\t<meta property=\"og:image:height\" content=\"933\" \/>\n\t<meta property=\"og:image:type\" content=\"image\/jpeg\" \/>\n<meta name=\"twitter:card\" content=\"summary_large_image\" \/>\n<meta name=\"twitter:label1\" content=\"Dur\u00e9e de lecture estim\u00e9e\" \/>\n\t<meta name=\"twitter:data1\" content=\"1 minute\" \/>\n<script type=\"application\/ld+json\" class=\"yoast-schema-graph\">{\"@context\":\"https:\/\/schema.org\",\"@graph\":[{\"@type\":\"WebPage\",\"@id\":\"https:\/\/www.aritco.com\/fr\/produits\/notre-liftguide\/\",\"url\":\"https:\/\/www.aritco.com\/fr\/produits\/notre-liftguide\/\",\"name\":\"Notre Liftguide - Aritco Aritco\",\"isPartOf\":{\"@id\":\"https:\/\/www.aritco.com\/fr\/#website\"},\"primaryImageOfPage\":{\"@id\":\"https:\/\/www.aritco.com\/fr\/produits\/notre-liftguide\/#primaryimage\"},\"image\":{\"@id\":\"https:\/\/www.aritco.com\/fr\/produits\/notre-liftguide\/#primaryimage\"},\"thumbnailUrl\":\"https:\/\/www.aritco.com\/wp-content\/uploads\/2025\/02\/LiftGuide-configurator.jpg\",\"datePublished\":\"2020-09-07T12:30:33+00:00\",\"dateModified\":\"2025-08-18T13:38:21+00:00\",\"description\":\"Depuis notre LiftGuide, vous pouvez concevoir votre propre ascenseur privatif. Testez diff\u00e9rentes tailles et couleurs, diff\u00e9rents verres et rev\u00eatements de sol, choisissez l\u2019\u00e9clairage id\u00e9al, etc. pour trouver votre propre solution individuelle. Vous pouvez \u00e9galement demander un devis pour le design que vous aurez choisi.\",\"breadcrumb\":{\"@id\":\"https:\/\/www.aritco.com\/fr\/produits\/notre-liftguide\/#breadcrumb\"},\"inLanguage\":\"fr-FR\",\"potentialAction\":[{\"@type\":\"ReadAction\",\"target\":[\"https:\/\/www.aritco.com\/fr\/produits\/notre-liftguide\/\"]}]},{\"@type\":\"ImageObject\",\"inLanguage\":\"fr-FR\",\"@id\":\"https:\/\/www.aritco.com\/fr\/produits\/notre-liftguide\/#primaryimage\",\"url\":\"https:\/\/www.aritco.com\/wp-content\/uploads\/2025\/02\/LiftGuide-configurator.jpg\",\"contentUrl\":\"https:\/\/www.aritco.com\/wp-content\/uploads\/2025\/02\/LiftGuide-configurator.jpg\",\"width\":1400,\"height\":933},{\"@type\":\"BreadcrumbList\",\"@id\":\"https:\/\/www.aritco.com\/fr\/produits\/notre-liftguide\/#breadcrumb\",\"itemListElement\":[{\"@type\":\"ListItem\",\"position\":1,\"name\":\"Produits\",\"item\":\"https:\/\/www.aritco.com\/fr\/produits\/\"},{\"@type\":\"ListItem\",\"position\":2,\"name\":\"Notre Liftguide\"}]},{\"@type\":\"WebSite\",\"@id\":\"https:\/\/www.aritco.com\/fr\/#website\",\"url\":\"https:\/\/www.aritco.com\/fr\/\",\"name\":\"Aritco\",\"description\":\"Award-winning lifts for homes and public and commercial use\",\"publisher\":{\"@id\":\"https:\/\/www.aritco.com\/fr\/#organization\"},\"potentialAction\":[{\"@type\":\"SearchAction\",\"target\":{\"@type\":\"EntryPoint\",\"urlTemplate\":\"https:\/\/www.aritco.com\/fr\/?s={search_term_string}\"},\"query-input\":{\"@type\":\"PropertyValueSpecification\",\"valueRequired\":true,\"valueName\":\"search_term_string\"}}],\"inLanguage\":\"fr-FR\"},{\"@type\":\"Organization\",\"@id\":\"https:\/\/www.aritco.com\/fr\/#organization\",\"name\":\"Aritco\",\"url\":\"https:\/\/www.aritco.com\/fr\/\",\"logo\":{\"@type\":\"ImageObject\",\"inLanguage\":\"fr-FR\",\"@id\":\"https:\/\/www.aritco.com\/fr\/#\/schema\/logo\/image\/\",\"url\":\"https:\/\/www.aritco.com\/wp-content\/uploads\/2019\/05\/vertical-3.svg\",\"contentUrl\":\"https:\/\/www.aritco.com\/wp-content\/uploads\/2019\/05\/vertical-3.svg\",\"width\":1,\"height\":1,\"caption\":\"Aritco\"},\"image\":{\"@id\":\"https:\/\/www.aritco.com\/fr\/#\/schema\/logo\/image\/\"},\"publishingPrinciples\":\"https:\/\/www.aritco.com\/about-aritco\/\"}]}<\/script>\n<!-- \/ Yoast SEO Premium plugin. -->","yoast_head_json":{"title":"Notre Liftguide - Aritco Aritco","description":"Depuis notre LiftGuide, vous pouvez concevoir votre propre ascenseur privatif. Testez diff\u00e9rentes tailles et couleurs, diff\u00e9rents verres et rev\u00eatements de sol, choisissez l\u2019\u00e9clairage id\u00e9al, etc. pour trouver votre propre solution individuelle. Vous pouvez \u00e9galement demander un devis pour le design que vous aurez choisi.","robots":{"index":"index","follow":"follow","max-snippet":"max-snippet:-1","max-image-preview":"max-image-preview:large","max-video-preview":"max-video-preview:-1"},"canonical":"https:\/\/www.aritco.com\/fr\/produits\/notre-liftguide\/","og_locale":"fr_FR","og_type":"article","og_title":"Notre Liftguide","og_description":"Depuis notre LiftGuide, vous pouvez concevoir votre propre ascenseur privatif. Testez diff\u00e9rentes tailles et couleurs, diff\u00e9rents verres et rev\u00eatements de sol, choisissez l\u2019\u00e9clairage id\u00e9al, etc. pour trouver votre propre solution individuelle. Vous pouvez \u00e9galement demander un devis pour le design que vous aurez choisi.","og_url":"https:\/\/www.aritco.com\/fr\/produits\/notre-liftguide\/","og_site_name":"Aritco","article_modified_time":"2025-08-18T13:38:21+00:00","og_image":[{"width":1400,"height":933,"url":"https:\/\/www.aritco.com\/wp-content\/uploads\/2025\/02\/LiftGuide-configurator.jpg","type":"image\/jpeg"}],"twitter_card":"summary_large_image","twitter_misc":{"Dur\u00e9e de lecture estim\u00e9e":"1 minute"},"schema":{"@context":"https:\/\/schema.org","@graph":[{"@type":"WebPage","@id":"https:\/\/www.aritco.com\/fr\/produits\/notre-liftguide\/","url":"https:\/\/www.aritco.com\/fr\/produits\/notre-liftguide\/","name":"Notre Liftguide - Aritco Aritco","isPartOf":{"@id":"https:\/\/www.aritco.com\/fr\/#website"},"primaryImageOfPage":{"@id":"https:\/\/www.aritco.com\/fr\/produits\/notre-liftguide\/#primaryimage"},"image":{"@id":"https:\/\/www.aritco.com\/fr\/produits\/notre-liftguide\/#primaryimage"},"thumbnailUrl":"https:\/\/www.aritco.com\/wp-content\/uploads\/2025\/02\/LiftGuide-configurator.jpg","datePublished":"2020-09-07T12:30:33+00:00","dateModified":"2025-08-18T13:38:21+00:00","description":"Depuis notre LiftGuide, vous pouvez concevoir votre propre ascenseur privatif. Testez diff\u00e9rentes tailles et couleurs, diff\u00e9rents verres et rev\u00eatements de sol, choisissez l\u2019\u00e9clairage id\u00e9al, etc. pour trouver votre propre solution individuelle. Vous pouvez \u00e9galement demander un devis pour le design que vous aurez choisi.","breadcrumb":{"@id":"https:\/\/www.aritco.com\/fr\/produits\/notre-liftguide\/#breadcrumb"},"inLanguage":"fr-FR","potentialAction":[{"@type":"ReadAction","target":["https:\/\/www.aritco.com\/fr\/produits\/notre-liftguide\/"]}]},{"@type":"ImageObject","inLanguage":"fr-FR","@id":"https:\/\/www.aritco.com\/fr\/produits\/notre-liftguide\/#primaryimage","url":"https:\/\/www.aritco.com\/wp-content\/uploads\/2025\/02\/LiftGuide-configurator.jpg","contentUrl":"https:\/\/www.aritco.com\/wp-content\/uploads\/2025\/02\/LiftGuide-configurator.jpg","width":1400,"height":933},{"@type":"BreadcrumbList","@id":"https:\/\/www.aritco.com\/fr\/produits\/notre-liftguide\/#breadcrumb","itemListElement":[{"@type":"ListItem","position":1,"name":"Produits","item":"https:\/\/www.aritco.com\/fr\/produits\/"},{"@type":"ListItem","position":2,"name":"Notre Liftguide"}]},{"@type":"WebSite","@id":"https:\/\/www.aritco.com\/fr\/#website","url":"https:\/\/www.aritco.com\/fr\/","name":"Aritco","description":"Award-winning lifts for homes and public and commercial use","publisher":{"@id":"https:\/\/www.aritco.com\/fr\/#organization"},"potentialAction":[{"@type":"SearchAction","target":{"@type":"EntryPoint","urlTemplate":"https:\/\/www.aritco.com\/fr\/?s={search_term_string}"},"query-input":{"@type":"PropertyValueSpecification","valueRequired":true,"valueName":"search_term_string"}}],"inLanguage":"fr-FR"},{"@type":"Organization","@id":"https:\/\/www.aritco.com\/fr\/#organization","name":"Aritco","url":"https:\/\/www.aritco.com\/fr\/","logo":{"@type":"ImageObject","inLanguage":"fr-FR","@id":"https:\/\/www.aritco.com\/fr\/#\/schema\/logo\/image\/","url":"https:\/\/www.aritco.com\/wp-content\/uploads\/2019\/05\/vertical-3.svg","contentUrl":"https:\/\/www.aritco.com\/wp-content\/uploads\/2019\/05\/vertical-3.svg","width":1,"height":1,"caption":"Aritco"},"image":{"@id":"https:\/\/www.aritco.com\/fr\/#\/schema\/logo\/image\/"},"publishingPrinciples":"https:\/\/www.aritco.com\/about-aritco\/"}]}},"_links":{"self":[{"href":"https:\/\/www.aritco.com\/fr\/wp-json\/wp\/v2\/pages\/11830","targetHints":{"allow":["GET"]}}],"collection":[{"href":"https:\/\/www.aritco.com\/fr\/wp-json\/wp\/v2\/pages"}],"about":[{"href":"https:\/\/www.aritco.com\/fr\/wp-json\/wp\/v2\/types\/page"}],"author":[{"embeddable":true,"href":"https:\/\/www.aritco.com\/fr\/wp-json\/wp\/v2\/users\/12"}],"replies":[{"embeddable":true,"href":"https:\/\/www.aritco.com\/fr\/wp-json\/wp\/v2\/comments?post=11830"}],"version-history":[{"count":7,"href":"https:\/\/www.aritco.com\/fr\/wp-json\/wp\/v2\/pages\/11830\/revisions"}],"predecessor-version":[{"id":61749,"href":"https:\/\/www.aritco.com\/fr\/wp-json\/wp\/v2\/pages\/11830\/revisions\/61749"}],"up":[{"embeddable":true,"href":"https:\/\/www.aritco.com\/fr\/wp-json\/wp\/v2\/pages\/7066"}],"wp:featuredmedia":[{"embeddable":true,"href":"https:\/\/www.aritco.com\/fr\/wp-json\/wp\/v2\/media\/58905"}],"wp:attachment":[{"href":"https:\/\/www.aritco.com\/fr\/wp-json\/wp\/v2\/media?parent=11830"}],"curies":[{"name":"wp","href":"https:\/\/api.w.org\/{rel}","templated":true}]}}