{"id":10242,"date":"2020-09-21T09:31:28","date_gmt":"2020-09-21T07:31:28","guid":{"rendered":"https:\/\/aritco.kumpan.dev\/produits\/ascenseurs-publics\/aritco-publiclift-access\/"},"modified":"2026-02-06T13:31:42","modified_gmt":"2026-02-06T12:31:42","slug":"laritco-publiclift-access","status":"publish","type":"page","link":"https:\/\/www.aritco.com\/fr\/produits\/ascenseurs-publics\/laritco-publiclift-access\/","title":{"rendered":"L&rsquo;Aritco PublicLift Access"},"content":{"rendered":"","protected":false},"excerpt":{"rendered":"","protected":false},"author":12,"featured_media":0,"parent":7156,"menu_order":0,"comment_status":"closed","ping_status":"closed","template":"","meta":{"_acf_changed":false,"footnotes":""},"class_list":["post-10242","page","type-page","status-publish","hentry"],"acf":[],"yoast_head":"<!-- This site is optimized with the Yoast SEO Premium plugin v26.6 (Yoast SEO v26.6) - https:\/\/yoast.com\/wordpress\/plugins\/seo\/ -->\n<title>L&#039;Aritco PublicLift Access - Aritco Aritco<\/title>\n<meta name=\"description\" content=\"L\u2019Aritco PublicLift Access est con\u00e7u pour rendre les b\u00e2timents publics et commerciaux accessibles \u00e0 tous. Cet ascenseur est un mod\u00e8le de design scandinave, qui associe une paroi r\u00e9tro\u00e9clair\u00e9e \u00e0 des poign\u00e9es \u00e9clair\u00e9es.\" \/>\n<meta name=\"robots\" content=\"index, follow, max-snippet:-1, max-image-preview:large, max-video-preview:-1\" \/>\n<link rel=\"canonical\" href=\"https:\/\/www.aritco.com\/fr\/produits\/ascenseurs-publics\/laritco-publiclift-access\/\" \/>\n<meta property=\"og:locale\" content=\"fr_FR\" \/>\n<meta property=\"og:type\" content=\"article\" \/>\n<meta property=\"og:title\" content=\"L&#039;Aritco PublicLift Access\" \/>\n<meta property=\"og:description\" content=\"L\u2019Aritco PublicLift Access est con\u00e7u pour rendre les b\u00e2timents publics et commerciaux accessibles \u00e0 tous. Cet ascenseur est un mod\u00e8le de design scandinave, qui associe une paroi r\u00e9tro\u00e9clair\u00e9e \u00e0 des poign\u00e9es \u00e9clair\u00e9es.\" \/>\n<meta property=\"og:url\" content=\"https:\/\/www.aritco.com\/fr\/produits\/ascenseurs-publics\/laritco-publiclift-access\/\" \/>\n<meta property=\"og:site_name\" content=\"Aritco\" \/>\n<meta property=\"article:modified_time\" content=\"2026-02-06T12:31:42+00:00\" \/>\n<meta name=\"twitter:card\" content=\"summary_large_image\" \/>\n<script type=\"application\/ld+json\" class=\"yoast-schema-graph\">{\"@context\":\"https:\/\/schema.org\",\"@graph\":[{\"@type\":\"WebPage\",\"@id\":\"https:\/\/www.aritco.com\/fr\/produits\/ascenseurs-publics\/laritco-publiclift-access\/\",\"url\":\"https:\/\/www.aritco.com\/fr\/produits\/ascenseurs-publics\/laritco-publiclift-access\/\",\"name\":\"L'Aritco PublicLift Access - Aritco Aritco\",\"isPartOf\":{\"@id\":\"https:\/\/www.aritco.com\/fr\/#website\"},\"datePublished\":\"2020-09-21T07:31:28+00:00\",\"dateModified\":\"2026-02-06T12:31:42+00:00\",\"description\":\"L\u2019Aritco PublicLift Access est con\u00e7u pour rendre les b\u00e2timents publics et commerciaux accessibles \u00e0 tous. Cet ascenseur est un mod\u00e8le de design scandinave, qui associe une paroi r\u00e9tro\u00e9clair\u00e9e \u00e0 des poign\u00e9es \u00e9clair\u00e9es.\",\"breadcrumb\":{\"@id\":\"https:\/\/www.aritco.com\/fr\/produits\/ascenseurs-publics\/laritco-publiclift-access\/#breadcrumb\"},\"inLanguage\":\"fr-FR\",\"potentialAction\":[{\"@type\":\"ReadAction\",\"target\":[\"https:\/\/www.aritco.com\/fr\/produits\/ascenseurs-publics\/laritco-publiclift-access\/\"]}]},{\"@type\":\"BreadcrumbList\",\"@id\":\"https:\/\/www.aritco.com\/fr\/produits\/ascenseurs-publics\/laritco-publiclift-access\/#breadcrumb\",\"itemListElement\":[{\"@type\":\"ListItem\",\"position\":1,\"name\":\"Produits\",\"item\":\"https:\/\/www.aritco.com\/fr\/produits\/\"},{\"@type\":\"ListItem\",\"position\":2,\"name\":\"ASCENSEURS PUBLICS\",\"item\":\"https:\/\/www.aritco.com\/fr\/produits\/ascenseurs-publics\/\"},{\"@type\":\"ListItem\",\"position\":3,\"name\":\"L&#8217;Aritco PublicLift Access\"}]},{\"@type\":\"WebSite\",\"@id\":\"https:\/\/www.aritco.com\/fr\/#website\",\"url\":\"https:\/\/www.aritco.com\/fr\/\",\"name\":\"Aritco\",\"description\":\"Award-winning lifts for homes and public and commercial use\",\"publisher\":{\"@id\":\"https:\/\/www.aritco.com\/fr\/#organization\"},\"potentialAction\":[{\"@type\":\"SearchAction\",\"target\":{\"@type\":\"EntryPoint\",\"urlTemplate\":\"https:\/\/www.aritco.com\/fr\/?s={search_term_string}\"},\"query-input\":{\"@type\":\"PropertyValueSpecification\",\"valueRequired\":true,\"valueName\":\"search_term_string\"}}],\"inLanguage\":\"fr-FR\"},{\"@type\":\"Organization\",\"@id\":\"https:\/\/www.aritco.com\/fr\/#organization\",\"name\":\"Aritco\",\"url\":\"https:\/\/www.aritco.com\/fr\/\",\"logo\":{\"@type\":\"ImageObject\",\"inLanguage\":\"fr-FR\",\"@id\":\"https:\/\/www.aritco.com\/fr\/#\/schema\/logo\/image\/\",\"url\":\"https:\/\/www.aritco.com\/wp-content\/uploads\/2019\/05\/vertical-3.svg\",\"contentUrl\":\"https:\/\/www.aritco.com\/wp-content\/uploads\/2019\/05\/vertical-3.svg\",\"width\":1,\"height\":1,\"caption\":\"Aritco\"},\"image\":{\"@id\":\"https:\/\/www.aritco.com\/fr\/#\/schema\/logo\/image\/\"},\"publishingPrinciples\":\"https:\/\/www.aritco.com\/about-aritco\/\"}]}<\/script>\n<!-- \/ Yoast SEO Premium plugin. -->","yoast_head_json":{"title":"L'Aritco PublicLift Access - Aritco Aritco","description":"L\u2019Aritco PublicLift Access est con\u00e7u pour rendre les b\u00e2timents publics et commerciaux accessibles \u00e0 tous. Cet ascenseur est un mod\u00e8le de design scandinave, qui associe une paroi r\u00e9tro\u00e9clair\u00e9e \u00e0 des poign\u00e9es \u00e9clair\u00e9es.","robots":{"index":"index","follow":"follow","max-snippet":"max-snippet:-1","max-image-preview":"max-image-preview:large","max-video-preview":"max-video-preview:-1"},"canonical":"https:\/\/www.aritco.com\/fr\/produits\/ascenseurs-publics\/laritco-publiclift-access\/","og_locale":"fr_FR","og_type":"article","og_title":"L'Aritco PublicLift Access","og_description":"L\u2019Aritco PublicLift Access est con\u00e7u pour rendre les b\u00e2timents publics et commerciaux accessibles \u00e0 tous. Cet ascenseur est un mod\u00e8le de design scandinave, qui associe une paroi r\u00e9tro\u00e9clair\u00e9e \u00e0 des poign\u00e9es \u00e9clair\u00e9es.","og_url":"https:\/\/www.aritco.com\/fr\/produits\/ascenseurs-publics\/laritco-publiclift-access\/","og_site_name":"Aritco","article_modified_time":"2026-02-06T12:31:42+00:00","twitter_card":"summary_large_image","schema":{"@context":"https:\/\/schema.org","@graph":[{"@type":"WebPage","@id":"https:\/\/www.aritco.com\/fr\/produits\/ascenseurs-publics\/laritco-publiclift-access\/","url":"https:\/\/www.aritco.com\/fr\/produits\/ascenseurs-publics\/laritco-publiclift-access\/","name":"L'Aritco PublicLift Access - Aritco Aritco","isPartOf":{"@id":"https:\/\/www.aritco.com\/fr\/#website"},"datePublished":"2020-09-21T07:31:28+00:00","dateModified":"2026-02-06T12:31:42+00:00","description":"L\u2019Aritco PublicLift Access est con\u00e7u pour rendre les b\u00e2timents publics et commerciaux accessibles \u00e0 tous. Cet ascenseur est un mod\u00e8le de design scandinave, qui associe une paroi r\u00e9tro\u00e9clair\u00e9e \u00e0 des poign\u00e9es \u00e9clair\u00e9es.","breadcrumb":{"@id":"https:\/\/www.aritco.com\/fr\/produits\/ascenseurs-publics\/laritco-publiclift-access\/#breadcrumb"},"inLanguage":"fr-FR","potentialAction":[{"@type":"ReadAction","target":["https:\/\/www.aritco.com\/fr\/produits\/ascenseurs-publics\/laritco-publiclift-access\/"]}]},{"@type":"BreadcrumbList","@id":"https:\/\/www.aritco.com\/fr\/produits\/ascenseurs-publics\/laritco-publiclift-access\/#breadcrumb","itemListElement":[{"@type":"ListItem","position":1,"name":"Produits","item":"https:\/\/www.aritco.com\/fr\/produits\/"},{"@type":"ListItem","position":2,"name":"ASCENSEURS PUBLICS","item":"https:\/\/www.aritco.com\/fr\/produits\/ascenseurs-publics\/"},{"@type":"ListItem","position":3,"name":"L&#8217;Aritco PublicLift Access"}]},{"@type":"WebSite","@id":"https:\/\/www.aritco.com\/fr\/#website","url":"https:\/\/www.aritco.com\/fr\/","name":"Aritco","description":"Award-winning lifts for homes and public and commercial use","publisher":{"@id":"https:\/\/www.aritco.com\/fr\/#organization"},"potentialAction":[{"@type":"SearchAction","target":{"@type":"EntryPoint","urlTemplate":"https:\/\/www.aritco.com\/fr\/?s={search_term_string}"},"query-input":{"@type":"PropertyValueSpecification","valueRequired":true,"valueName":"search_term_string"}}],"inLanguage":"fr-FR"},{"@type":"Organization","@id":"https:\/\/www.aritco.com\/fr\/#organization","name":"Aritco","url":"https:\/\/www.aritco.com\/fr\/","logo":{"@type":"ImageObject","inLanguage":"fr-FR","@id":"https:\/\/www.aritco.com\/fr\/#\/schema\/logo\/image\/","url":"https:\/\/www.aritco.com\/wp-content\/uploads\/2019\/05\/vertical-3.svg","contentUrl":"https:\/\/www.aritco.com\/wp-content\/uploads\/2019\/05\/vertical-3.svg","width":1,"height":1,"caption":"Aritco"},"image":{"@id":"https:\/\/www.aritco.com\/fr\/#\/schema\/logo\/image\/"},"publishingPrinciples":"https:\/\/www.aritco.com\/about-aritco\/"}]}},"_links":{"self":[{"href":"https:\/\/www.aritco.com\/fr\/wp-json\/wp\/v2\/pages\/10242","targetHints":{"allow":["GET"]}}],"collection":[{"href":"https:\/\/www.aritco.com\/fr\/wp-json\/wp\/v2\/pages"}],"about":[{"href":"https:\/\/www.aritco.com\/fr\/wp-json\/wp\/v2\/types\/page"}],"author":[{"embeddable":true,"href":"https:\/\/www.aritco.com\/fr\/wp-json\/wp\/v2\/users\/12"}],"replies":[{"embeddable":true,"href":"https:\/\/www.aritco.com\/fr\/wp-json\/wp\/v2\/comments?post=10242"}],"version-history":[{"count":11,"href":"https:\/\/www.aritco.com\/fr\/wp-json\/wp\/v2\/pages\/10242\/revisions"}],"predecessor-version":[{"id":65844,"href":"https:\/\/www.aritco.com\/fr\/wp-json\/wp\/v2\/pages\/10242\/revisions\/65844"}],"up":[{"embeddable":true,"href":"https:\/\/www.aritco.com\/fr\/wp-json\/wp\/v2\/pages\/7156"}],"wp:attachment":[{"href":"https:\/\/www.aritco.com\/fr\/wp-json\/wp\/v2\/media?parent=10242"}],"curies":[{"name":"wp","href":"https:\/\/api.w.org\/{rel}","templated":true}]}}