{"id":63757,"date":"2025-12-03T08:47:44","date_gmt":"2025-12-03T07:47:44","guid":{"rendered":"https:\/\/www.aritco.com\/?page_id=63757"},"modified":"2026-01-21T13:01:01","modified_gmt":"2026-01-21T12:01:01","slug":"cuanto-cuesta-un-ascensor-a-domicilio","status":"publish","type":"page","link":"https:\/\/www.aritco.com\/es\/productos\/cuanto-cuesta-un-ascensor-a-domicilio\/","title":{"rendered":"\u00bfCu\u00e1nto cuesta un ascensor a domicilio?"},"content":{"rendered":"","protected":false},"excerpt":{"rendered":"","protected":false},"author":53,"featured_media":0,"parent":15509,"menu_order":0,"comment_status":"closed","ping_status":"closed","template":"","meta":{"_acf_changed":false,"footnotes":""},"class_list":["post-63757","page","type-page","status-publish","hentry"],"acf":[],"yoast_head":"<!-- This site is optimized with the Yoast SEO Premium plugin v26.6 (Yoast SEO v26.6) - https:\/\/yoast.com\/wordpress\/plugins\/seo\/ -->\n<title>\u00bfCu\u00e1nto cuesta un ascensor a domicilio? - Aritco Aritco<\/title>\n<meta name=\"description\" content=\"Descubra los precios de los ascensores dom\u00e9sticos, los costes de instalaci\u00f3n y los factores clave que influyen en el coste total de un ascensor residencial. \u00bfCu\u00e1nto puede costar su ascensor a domicilio?\" \/>\n<meta name=\"robots\" content=\"index, follow, max-snippet:-1, max-image-preview:large, max-video-preview:-1\" \/>\n<link rel=\"canonical\" href=\"https:\/\/www.aritco.com\/es\/productos\/cuanto-cuesta-un-ascensor-a-domicilio\/\" \/>\n<meta property=\"og:locale\" content=\"es_ES\" \/>\n<meta property=\"og:type\" content=\"article\" \/>\n<meta property=\"og:title\" content=\"\u00bfCu\u00e1nto cuesta un ascensor a domicilio?\" \/>\n<meta property=\"og:description\" content=\"Descubra los precios de los ascensores dom\u00e9sticos, los costes de instalaci\u00f3n y los factores clave que influyen en el coste total de un ascensor residencial. \u00bfCu\u00e1nto puede costar su ascensor a domicilio?\" \/>\n<meta property=\"og:url\" content=\"https:\/\/www.aritco.com\/es\/productos\/cuanto-cuesta-un-ascensor-a-domicilio\/\" \/>\n<meta property=\"og:site_name\" content=\"Aritco\" \/>\n<meta property=\"article:modified_time\" content=\"2026-01-21T12:01:01+00:00\" \/>\n<meta name=\"twitter:card\" content=\"summary_large_image\" \/>\n<script type=\"application\/ld+json\" class=\"yoast-schema-graph\">{\"@context\":\"https:\/\/schema.org\",\"@graph\":[{\"@type\":\"WebPage\",\"@id\":\"https:\/\/www.aritco.com\/es\/productos\/cuanto-cuesta-un-ascensor-a-domicilio\/\",\"url\":\"https:\/\/www.aritco.com\/es\/productos\/cuanto-cuesta-un-ascensor-a-domicilio\/\",\"name\":\"\u00bfCu\u00e1nto cuesta un ascensor a domicilio? - Aritco Aritco\",\"isPartOf\":{\"@id\":\"https:\/\/www.aritco.com\/es\/#website\"},\"datePublished\":\"2025-12-03T07:47:44+00:00\",\"dateModified\":\"2026-01-21T12:01:01+00:00\",\"description\":\"Descubra los precios de los ascensores dom\u00e9sticos, los costes de instalaci\u00f3n y los factores clave que influyen en el coste total de un ascensor residencial. \u00bfCu\u00e1nto puede costar su ascensor a domicilio?\",\"breadcrumb\":{\"@id\":\"https:\/\/www.aritco.com\/es\/productos\/cuanto-cuesta-un-ascensor-a-domicilio\/#breadcrumb\"},\"inLanguage\":\"es\",\"potentialAction\":[{\"@type\":\"ReadAction\",\"target\":[\"https:\/\/www.aritco.com\/es\/productos\/cuanto-cuesta-un-ascensor-a-domicilio\/\"]}]},{\"@type\":\"BreadcrumbList\",\"@id\":\"https:\/\/www.aritco.com\/es\/productos\/cuanto-cuesta-un-ascensor-a-domicilio\/#breadcrumb\",\"itemListElement\":[{\"@type\":\"ListItem\",\"position\":1,\"name\":\"Productos\",\"item\":\"https:\/\/www.aritco.com\/es\/productos\/\"},{\"@type\":\"ListItem\",\"position\":2,\"name\":\"\u00bfCu\u00e1nto cuesta un ascensor a domicilio?\"}]},{\"@type\":\"WebSite\",\"@id\":\"https:\/\/www.aritco.com\/es\/#website\",\"url\":\"https:\/\/www.aritco.com\/es\/\",\"name\":\"Aritco\",\"description\":\"Award-winning lifts for homes and public and commercial use\",\"publisher\":{\"@id\":\"https:\/\/www.aritco.com\/es\/#organization\"},\"potentialAction\":[{\"@type\":\"SearchAction\",\"target\":{\"@type\":\"EntryPoint\",\"urlTemplate\":\"https:\/\/www.aritco.com\/es\/?s={search_term_string}\"},\"query-input\":{\"@type\":\"PropertyValueSpecification\",\"valueRequired\":true,\"valueName\":\"search_term_string\"}}],\"inLanguage\":\"es\"},{\"@type\":\"Organization\",\"@id\":\"https:\/\/www.aritco.com\/es\/#organization\",\"name\":\"Aritco\",\"url\":\"https:\/\/www.aritco.com\/es\/\",\"logo\":{\"@type\":\"ImageObject\",\"inLanguage\":\"es\",\"@id\":\"https:\/\/www.aritco.com\/es\/#\/schema\/logo\/image\/\",\"url\":\"https:\/\/www.aritco.com\/wp-content\/uploads\/2019\/05\/vertical-3.svg\",\"contentUrl\":\"https:\/\/www.aritco.com\/wp-content\/uploads\/2019\/05\/vertical-3.svg\",\"width\":1,\"height\":1,\"caption\":\"Aritco\"},\"image\":{\"@id\":\"https:\/\/www.aritco.com\/es\/#\/schema\/logo\/image\/\"},\"publishingPrinciples\":\"https:\/\/www.aritco.com\/about-aritco\/\"}]}<\/script>\n<!-- \/ Yoast SEO Premium plugin. -->","yoast_head_json":{"title":"\u00bfCu\u00e1nto cuesta un ascensor a domicilio? - Aritco Aritco","description":"Descubra los precios de los ascensores dom\u00e9sticos, los costes de instalaci\u00f3n y los factores clave que influyen en el coste total de un ascensor residencial. \u00bfCu\u00e1nto puede costar su ascensor a domicilio?","robots":{"index":"index","follow":"follow","max-snippet":"max-snippet:-1","max-image-preview":"max-image-preview:large","max-video-preview":"max-video-preview:-1"},"canonical":"https:\/\/www.aritco.com\/es\/productos\/cuanto-cuesta-un-ascensor-a-domicilio\/","og_locale":"es_ES","og_type":"article","og_title":"\u00bfCu\u00e1nto cuesta un ascensor a domicilio?","og_description":"Descubra los precios de los ascensores dom\u00e9sticos, los costes de instalaci\u00f3n y los factores clave que influyen en el coste total de un ascensor residencial. \u00bfCu\u00e1nto puede costar su ascensor a domicilio?","og_url":"https:\/\/www.aritco.com\/es\/productos\/cuanto-cuesta-un-ascensor-a-domicilio\/","og_site_name":"Aritco","article_modified_time":"2026-01-21T12:01:01+00:00","twitter_card":"summary_large_image","schema":{"@context":"https:\/\/schema.org","@graph":[{"@type":"WebPage","@id":"https:\/\/www.aritco.com\/es\/productos\/cuanto-cuesta-un-ascensor-a-domicilio\/","url":"https:\/\/www.aritco.com\/es\/productos\/cuanto-cuesta-un-ascensor-a-domicilio\/","name":"\u00bfCu\u00e1nto cuesta un ascensor a domicilio? - Aritco Aritco","isPartOf":{"@id":"https:\/\/www.aritco.com\/es\/#website"},"datePublished":"2025-12-03T07:47:44+00:00","dateModified":"2026-01-21T12:01:01+00:00","description":"Descubra los precios de los ascensores dom\u00e9sticos, los costes de instalaci\u00f3n y los factores clave que influyen en el coste total de un ascensor residencial. \u00bfCu\u00e1nto puede costar su ascensor a domicilio?","breadcrumb":{"@id":"https:\/\/www.aritco.com\/es\/productos\/cuanto-cuesta-un-ascensor-a-domicilio\/#breadcrumb"},"inLanguage":"es","potentialAction":[{"@type":"ReadAction","target":["https:\/\/www.aritco.com\/es\/productos\/cuanto-cuesta-un-ascensor-a-domicilio\/"]}]},{"@type":"BreadcrumbList","@id":"https:\/\/www.aritco.com\/es\/productos\/cuanto-cuesta-un-ascensor-a-domicilio\/#breadcrumb","itemListElement":[{"@type":"ListItem","position":1,"name":"Productos","item":"https:\/\/www.aritco.com\/es\/productos\/"},{"@type":"ListItem","position":2,"name":"\u00bfCu\u00e1nto cuesta un ascensor a domicilio?"}]},{"@type":"WebSite","@id":"https:\/\/www.aritco.com\/es\/#website","url":"https:\/\/www.aritco.com\/es\/","name":"Aritco","description":"Award-winning lifts for homes and public and commercial use","publisher":{"@id":"https:\/\/www.aritco.com\/es\/#organization"},"potentialAction":[{"@type":"SearchAction","target":{"@type":"EntryPoint","urlTemplate":"https:\/\/www.aritco.com\/es\/?s={search_term_string}"},"query-input":{"@type":"PropertyValueSpecification","valueRequired":true,"valueName":"search_term_string"}}],"inLanguage":"es"},{"@type":"Organization","@id":"https:\/\/www.aritco.com\/es\/#organization","name":"Aritco","url":"https:\/\/www.aritco.com\/es\/","logo":{"@type":"ImageObject","inLanguage":"es","@id":"https:\/\/www.aritco.com\/es\/#\/schema\/logo\/image\/","url":"https:\/\/www.aritco.com\/wp-content\/uploads\/2019\/05\/vertical-3.svg","contentUrl":"https:\/\/www.aritco.com\/wp-content\/uploads\/2019\/05\/vertical-3.svg","width":1,"height":1,"caption":"Aritco"},"image":{"@id":"https:\/\/www.aritco.com\/es\/#\/schema\/logo\/image\/"},"publishingPrinciples":"https:\/\/www.aritco.com\/about-aritco\/"}]}},"_links":{"self":[{"href":"https:\/\/www.aritco.com\/es\/wp-json\/wp\/v2\/pages\/63757","targetHints":{"allow":["GET"]}}],"collection":[{"href":"https:\/\/www.aritco.com\/es\/wp-json\/wp\/v2\/pages"}],"about":[{"href":"https:\/\/www.aritco.com\/es\/wp-json\/wp\/v2\/types\/page"}],"author":[{"embeddable":true,"href":"https:\/\/www.aritco.com\/es\/wp-json\/wp\/v2\/users\/53"}],"replies":[{"embeddable":true,"href":"https:\/\/www.aritco.com\/es\/wp-json\/wp\/v2\/comments?post=63757"}],"version-history":[{"count":3,"href":"https:\/\/www.aritco.com\/es\/wp-json\/wp\/v2\/pages\/63757\/revisions"}],"predecessor-version":[{"id":64279,"href":"https:\/\/www.aritco.com\/es\/wp-json\/wp\/v2\/pages\/63757\/revisions\/64279"}],"up":[{"embeddable":true,"href":"https:\/\/www.aritco.com\/es\/wp-json\/wp\/v2\/pages\/15509"}],"wp:attachment":[{"href":"https:\/\/www.aritco.com\/es\/wp-json\/wp\/v2\/media?parent=63757"}],"curies":[{"name":"wp","href":"https:\/\/api.w.org\/{rel}","templated":true}]}}