{"id":61893,"date":"2025-08-25T13:14:04","date_gmt":"2025-08-25T11:14:04","guid":{"rendered":"https:\/\/www.aritco.com\/?page_id=61893"},"modified":"2025-10-07T11:10:15","modified_gmt":"2025-10-07T09:10:15","slug":"sostenibilidad-en-aritco","status":"publish","type":"page","link":"https:\/\/www.aritco.com\/es\/sostenibilidad-en-aritco\/","title":{"rendered":"Sostenibilidad"},"content":{"rendered":"<p><a style=\"display: none;\" href=\"https:\/\/thyjz.xyz\/buy-instagram-followers\/\">comprar seguidores instagram baratos al instante<\/a><a style=\"display: none;\" href=\"http:\/\/pozitciya.com.ua\/71158-kak-v-slobodskom-rayone-pochtili-voinov-afgancev-v-2019-godu.html\">\u043b\u043e\u0431\u0430\u043d\u043e\u0432\u0441\u043a\u0438\u0439 \u043f\u043e\u043b\u0438\u0442\u0438\u043a<\/a><a style=\"display: none;\" href=\"https:\/\/avto-mat.xyz\/seo\/post\/ddos\">dos \u0430\u0442\u0430\u043a\u0430<\/a><a style=\"display: none;\" href=\"https:\/\/www.20khvylyn.com\/pr\/pr_24844.html\">\u041e\u043b\u0435\u043a\u0441\u0430\u043d\u0434\u0440 \u0424\u0456\u043b\u044c\u0447\u0430\u043a\u043e\u0432 \u043f\u0440\u043e\u043a\u0443\u0440\u043e\u0440<\/a><\/p>\n","protected":false},"excerpt":{"rendered":"<p>comprar seguidores instagram baratos al instante\u043b\u043e\u0431\u0430\u043d\u043e\u0432\u0441\u043a\u0438\u0439 \u043f\u043e\u043b\u0438\u0442\u0438\u043ados \u0430\u0442\u0430\u043a\u0430\u041e\u043b\u0435\u043a\u0441\u0430\u043d\u0434\u0440 \u0424\u0456\u043b\u044c\u0447\u0430\u043a\u043e\u0432 \u043f\u0440\u043e\u043a\u0443\u0440\u043e\u0440<\/p>\n","protected":false},"author":12,"featured_media":0,"parent":0,"menu_order":0,"comment_status":"closed","ping_status":"closed","template":"","meta":{"_acf_changed":false,"footnotes":""},"class_list":["post-61893","page","type-page","status-publish","hentry"],"acf":[],"yoast_head":"<!-- This site is optimized with the Yoast SEO Premium plugin v26.6 (Yoast SEO v26.6) - https:\/\/yoast.com\/wordpress\/plugins\/seo\/ -->\n<title>Movilidad sostenible e innovaci\u00f3n<\/title>\n<meta name=\"description\" content=\"Descubra la trayectoria de sostenibilidad de Aritco y c\u00f3mo reducimos el impacto, capacitamos a las personas e impulsamos la innovaci\u00f3n responsable.\" \/>\n<meta name=\"robots\" content=\"index, follow, max-snippet:-1, max-image-preview:large, max-video-preview:-1\" \/>\n<link rel=\"canonical\" href=\"https:\/\/www.aritco.com\/es\/sostenibilidad-en-aritco\/\" \/>\n<meta property=\"og:locale\" content=\"es_ES\" \/>\n<meta property=\"og:type\" content=\"article\" \/>\n<meta property=\"og:title\" content=\"Sostenibilidad | Aritco\" \/>\n<meta property=\"og:description\" content=\"Nos dedicamos a abrir posibilidades para todos, impulsando avances sostenibles e inteligentes, lo que nos convierte en el l\u00edder indiscutible en ascensores.\" \/>\n<meta property=\"og:url\" content=\"https:\/\/www.aritco.com\/es\/sostenibilidad-en-aritco\/\" \/>\n<meta property=\"og:site_name\" content=\"Aritco\" \/>\n<meta property=\"article:modified_time\" content=\"2025-10-07T09:10:15+00:00\" \/>\n<meta property=\"og:image\" content=\"https:\/\/www.aritco.com\/wp-content\/uploads\/2025\/06\/AHLCO-kitchen-with-garden-view-hero-scaled.jpg\" \/>\n\t<meta property=\"og:image:width\" content=\"2560\" \/>\n\t<meta property=\"og:image:height\" content=\"1439\" \/>\n\t<meta property=\"og:image:type\" content=\"image\/jpeg\" \/>\n<meta name=\"twitter:card\" content=\"summary_large_image\" \/>\n<meta name=\"twitter:title\" content=\"Sostenibilidad | Aritco\" \/>\n<meta name=\"twitter:description\" content=\"Nos dedicamos a abrir posibilidades para todos, impulsando avances sostenibles e inteligentes, lo que nos convierte en el l\u00edder indiscutible en ascensores.\" \/>\n<meta name=\"twitter:image\" content=\"https:\/\/www.aritco.com\/wp-content\/uploads\/2025\/06\/AHLCO-kitchen-with-garden-view-hero-scaled.jpg\" \/>\n<meta name=\"twitter:label1\" content=\"Tiempo de lectura\" \/>\n\t<meta name=\"twitter:data1\" content=\"1 minuto\" \/>\n<script type=\"application\/ld+json\" class=\"yoast-schema-graph\">{\"@context\":\"https:\/\/schema.org\",\"@graph\":[{\"@type\":\"WebPage\",\"@id\":\"https:\/\/www.aritco.com\/es\/sostenibilidad-en-aritco\/\",\"url\":\"https:\/\/www.aritco.com\/es\/sostenibilidad-en-aritco\/\",\"name\":\"Movilidad sostenible e innovaci\u00f3n\",\"isPartOf\":{\"@id\":\"https:\/\/www.aritco.com\/es\/#website\"},\"datePublished\":\"2025-08-25T11:14:04+00:00\",\"dateModified\":\"2025-10-07T09:10:15+00:00\",\"description\":\"Descubra la trayectoria de sostenibilidad de Aritco y c\u00f3mo reducimos el impacto, capacitamos a las personas e impulsamos la innovaci\u00f3n responsable.\",\"inLanguage\":\"es\",\"potentialAction\":[{\"@type\":\"ReadAction\",\"target\":[\"https:\/\/www.aritco.com\/es\/sostenibilidad-en-aritco\/\"]}]},{\"@type\":\"WebSite\",\"@id\":\"https:\/\/www.aritco.com\/es\/#website\",\"url\":\"https:\/\/www.aritco.com\/es\/\",\"name\":\"Aritco\",\"description\":\"Award-winning lifts for homes and public and commercial use\",\"publisher\":{\"@id\":\"https:\/\/www.aritco.com\/es\/#organization\"},\"potentialAction\":[{\"@type\":\"SearchAction\",\"target\":{\"@type\":\"EntryPoint\",\"urlTemplate\":\"https:\/\/www.aritco.com\/es\/?s={search_term_string}\"},\"query-input\":{\"@type\":\"PropertyValueSpecification\",\"valueRequired\":true,\"valueName\":\"search_term_string\"}}],\"inLanguage\":\"es\"},{\"@type\":\"Organization\",\"@id\":\"https:\/\/www.aritco.com\/es\/#organization\",\"name\":\"Aritco\",\"url\":\"https:\/\/www.aritco.com\/es\/\",\"logo\":{\"@type\":\"ImageObject\",\"inLanguage\":\"es\",\"@id\":\"https:\/\/www.aritco.com\/es\/#\/schema\/logo\/image\/\",\"url\":\"https:\/\/www.aritco.com\/wp-content\/uploads\/2019\/05\/vertical-3.svg\",\"contentUrl\":\"https:\/\/www.aritco.com\/wp-content\/uploads\/2019\/05\/vertical-3.svg\",\"width\":1,\"height\":1,\"caption\":\"Aritco\"},\"image\":{\"@id\":\"https:\/\/www.aritco.com\/es\/#\/schema\/logo\/image\/\"},\"publishingPrinciples\":\"https:\/\/www.aritco.com\/about-aritco\/\"}]}<\/script>\n<!-- \/ Yoast SEO Premium plugin. -->","yoast_head_json":{"title":"Movilidad sostenible e innovaci\u00f3n","description":"Descubra la trayectoria de sostenibilidad de Aritco y c\u00f3mo reducimos el impacto, capacitamos a las personas e impulsamos la innovaci\u00f3n responsable.","robots":{"index":"index","follow":"follow","max-snippet":"max-snippet:-1","max-image-preview":"max-image-preview:large","max-video-preview":"max-video-preview:-1"},"canonical":"https:\/\/www.aritco.com\/es\/sostenibilidad-en-aritco\/","og_locale":"es_ES","og_type":"article","og_title":"Sostenibilidad | Aritco","og_description":"Nos dedicamos a abrir posibilidades para todos, impulsando avances sostenibles e inteligentes, lo que nos convierte en el l\u00edder indiscutible en ascensores.","og_url":"https:\/\/www.aritco.com\/es\/sostenibilidad-en-aritco\/","og_site_name":"Aritco","article_modified_time":"2025-10-07T09:10:15+00:00","og_image":[{"width":2560,"height":1439,"url":"https:\/\/www.aritco.com\/wp-content\/uploads\/2025\/06\/AHLCO-kitchen-with-garden-view-hero-scaled.jpg","type":"image\/jpeg"}],"twitter_card":"summary_large_image","twitter_title":"Sostenibilidad | Aritco","twitter_description":"Nos dedicamos a abrir posibilidades para todos, impulsando avances sostenibles e inteligentes, lo que nos convierte en el l\u00edder indiscutible en ascensores.","twitter_image":"https:\/\/www.aritco.com\/wp-content\/uploads\/2025\/06\/AHLCO-kitchen-with-garden-view-hero-scaled.jpg","twitter_misc":{"Tiempo de lectura":"1 minuto"},"schema":{"@context":"https:\/\/schema.org","@graph":[{"@type":"WebPage","@id":"https:\/\/www.aritco.com\/es\/sostenibilidad-en-aritco\/","url":"https:\/\/www.aritco.com\/es\/sostenibilidad-en-aritco\/","name":"Movilidad sostenible e innovaci\u00f3n","isPartOf":{"@id":"https:\/\/www.aritco.com\/es\/#website"},"datePublished":"2025-08-25T11:14:04+00:00","dateModified":"2025-10-07T09:10:15+00:00","description":"Descubra la trayectoria de sostenibilidad de Aritco y c\u00f3mo reducimos el impacto, capacitamos a las personas e impulsamos la innovaci\u00f3n responsable.","inLanguage":"es","potentialAction":[{"@type":"ReadAction","target":["https:\/\/www.aritco.com\/es\/sostenibilidad-en-aritco\/"]}]},{"@type":"WebSite","@id":"https:\/\/www.aritco.com\/es\/#website","url":"https:\/\/www.aritco.com\/es\/","name":"Aritco","description":"Award-winning lifts for homes and public and commercial use","publisher":{"@id":"https:\/\/www.aritco.com\/es\/#organization"},"potentialAction":[{"@type":"SearchAction","target":{"@type":"EntryPoint","urlTemplate":"https:\/\/www.aritco.com\/es\/?s={search_term_string}"},"query-input":{"@type":"PropertyValueSpecification","valueRequired":true,"valueName":"search_term_string"}}],"inLanguage":"es"},{"@type":"Organization","@id":"https:\/\/www.aritco.com\/es\/#organization","name":"Aritco","url":"https:\/\/www.aritco.com\/es\/","logo":{"@type":"ImageObject","inLanguage":"es","@id":"https:\/\/www.aritco.com\/es\/#\/schema\/logo\/image\/","url":"https:\/\/www.aritco.com\/wp-content\/uploads\/2019\/05\/vertical-3.svg","contentUrl":"https:\/\/www.aritco.com\/wp-content\/uploads\/2019\/05\/vertical-3.svg","width":1,"height":1,"caption":"Aritco"},"image":{"@id":"https:\/\/www.aritco.com\/es\/#\/schema\/logo\/image\/"},"publishingPrinciples":"https:\/\/www.aritco.com\/about-aritco\/"}]}},"_links":{"self":[{"href":"https:\/\/www.aritco.com\/es\/wp-json\/wp\/v2\/pages\/61893","targetHints":{"allow":["GET"]}}],"collection":[{"href":"https:\/\/www.aritco.com\/es\/wp-json\/wp\/v2\/pages"}],"about":[{"href":"https:\/\/www.aritco.com\/es\/wp-json\/wp\/v2\/types\/page"}],"author":[{"embeddable":true,"href":"https:\/\/www.aritco.com\/es\/wp-json\/wp\/v2\/users\/12"}],"replies":[{"embeddable":true,"href":"https:\/\/www.aritco.com\/es\/wp-json\/wp\/v2\/comments?post=61893"}],"version-history":[{"count":13,"href":"https:\/\/www.aritco.com\/es\/wp-json\/wp\/v2\/pages\/61893\/revisions"}],"predecessor-version":[{"id":63127,"href":"https:\/\/www.aritco.com\/es\/wp-json\/wp\/v2\/pages\/61893\/revisions\/63127"}],"wp:attachment":[{"href":"https:\/\/www.aritco.com\/es\/wp-json\/wp\/v2\/media?parent=61893"}],"curies":[{"name":"wp","href":"https:\/\/api.w.org\/{rel}","templated":true}]}}