{"id":59486,"date":"2025-01-23T14:44:18","date_gmt":"2025-01-23T13:44:18","guid":{"rendered":"https:\/\/www.aritco.com\/partners\/"},"modified":"2025-08-18T14:40:56","modified_gmt":"2025-08-18T12:40:56","slug":"distribuidores","status":"publish","type":"page","link":"https:\/\/www.aritco.com\/es\/distribuidores\/","title":{"rendered":"Distribuidores de Aritco en Espa\u00f1a"},"content":{"rendered":"","protected":false},"excerpt":{"rendered":"","protected":false},"author":12,"featured_media":59439,"parent":0,"menu_order":0,"comment_status":"closed","ping_status":"closed","template":"","meta":{"_acf_changed":false,"footnotes":""},"class_list":["post-59486","page","type-page","status-publish","has-post-thumbnail","hentry"],"acf":[],"yoast_head":"<!-- This site is optimized with the Yoast SEO Premium plugin v26.6 (Yoast SEO v26.6) - https:\/\/yoast.com\/wordpress\/plugins\/seo\/ -->\n<title>Distribuidores de Aritco en Espa\u00f1a - Aritco<\/title>\n<meta name=\"description\" content=\"\u00a1Bienvenido a nuestra pr\u00e1ctica lista de distribuidores de Aritco en Espa\u00f1a! Aqu\u00ed encontrar\u00e1s todos los datos de contacto y direcciones que necesitas para ponerte en contacto con nuestros distribuidores de confianza.\" \/>\n<meta name=\"robots\" content=\"index, follow, max-snippet:-1, max-image-preview:large, max-video-preview:-1\" \/>\n<link rel=\"canonical\" href=\"https:\/\/www.aritco.com\/es\/distribuidores\/\" \/>\n<meta property=\"og:locale\" content=\"es_ES\" \/>\n<meta property=\"og:type\" content=\"article\" \/>\n<meta property=\"og:title\" content=\"Aritco Partners in UK\" \/>\n<meta property=\"og:description\" content=\"Welcome to our handy list of Aritco partners in the UK! Here, you\u2019ll find all the contact details and addresses you need to get in touch with our trusted partners.\" \/>\n<meta property=\"og:url\" content=\"https:\/\/www.aritco.com\/es\/distribuidores\/\" \/>\n<meta property=\"og:site_name\" content=\"Aritco\" \/>\n<meta property=\"article:modified_time\" content=\"2025-08-18T12:40:56+00:00\" \/>\n<meta property=\"og:image\" content=\"https:\/\/www.aritco.com\/wp-content\/uploads\/2021\/08\/Design-London-2021-overview-of-the-city.jpg\" \/>\n\t<meta property=\"og:image:width\" content=\"1024\" \/>\n\t<meta property=\"og:image:height\" content=\"584\" \/>\n\t<meta property=\"og:image:type\" content=\"image\/jpeg\" \/>\n<meta name=\"twitter:card\" content=\"summary_large_image\" \/>\n<meta name=\"twitter:title\" content=\"Aritco Partners in UK\" \/>\n<meta name=\"twitter:description\" content=\"Welcome to our handy list of Aritco partners in the UK! Here, you\u2019ll find all the contact details and addresses you need to get in touch with our trusted partners.\" \/>\n<meta name=\"twitter:image\" content=\"https:\/\/www.aritco.com\/wp-content\/uploads\/2021\/08\/Design-London-2021-overview-of-the-city.jpg\" \/>\n<meta name=\"twitter:label1\" content=\"Tiempo de lectura\" \/>\n\t<meta name=\"twitter:data1\" content=\"1 minuto\" \/>\n<script type=\"application\/ld+json\" class=\"yoast-schema-graph\">{\"@context\":\"https:\/\/schema.org\",\"@graph\":[{\"@type\":\"WebPage\",\"@id\":\"https:\/\/www.aritco.com\/es\/distribuidores\/\",\"url\":\"https:\/\/www.aritco.com\/es\/distribuidores\/\",\"name\":\"Distribuidores de Aritco en Espa\u00f1a - Aritco\",\"isPartOf\":{\"@id\":\"https:\/\/www.aritco.com\/es\/#website\"},\"primaryImageOfPage\":{\"@id\":\"https:\/\/www.aritco.com\/es\/distribuidores\/#primaryimage\"},\"image\":{\"@id\":\"https:\/\/www.aritco.com\/es\/distribuidores\/#primaryimage\"},\"thumbnailUrl\":\"https:\/\/www.aritco.com\/wp-content\/uploads\/2025\/04\/Spainmadrid.jpg\",\"datePublished\":\"2025-01-23T13:44:18+00:00\",\"dateModified\":\"2025-08-18T12:40:56+00:00\",\"description\":\"\u00a1Bienvenido a nuestra pr\u00e1ctica lista de distribuidores de Aritco en Espa\u00f1a! Aqu\u00ed encontrar\u00e1s todos los datos de contacto y direcciones que necesitas para ponerte en contacto con nuestros distribuidores de confianza.\",\"inLanguage\":\"es\",\"potentialAction\":[{\"@type\":\"ReadAction\",\"target\":[\"https:\/\/www.aritco.com\/es\/distribuidores\/\"]}]},{\"@type\":\"ImageObject\",\"inLanguage\":\"es\",\"@id\":\"https:\/\/www.aritco.com\/es\/distribuidores\/#primaryimage\",\"url\":\"https:\/\/www.aritco.com\/wp-content\/uploads\/2025\/04\/Spainmadrid.jpg\",\"contentUrl\":\"https:\/\/www.aritco.com\/wp-content\/uploads\/2025\/04\/Spainmadrid.jpg\",\"width\":1024,\"height\":584,\"caption\":\"Madrid Spain\"},{\"@type\":\"WebSite\",\"@id\":\"https:\/\/www.aritco.com\/es\/#website\",\"url\":\"https:\/\/www.aritco.com\/es\/\",\"name\":\"Aritco\",\"description\":\"Award-winning lifts for homes and public and commercial use\",\"publisher\":{\"@id\":\"https:\/\/www.aritco.com\/es\/#organization\"},\"potentialAction\":[{\"@type\":\"SearchAction\",\"target\":{\"@type\":\"EntryPoint\",\"urlTemplate\":\"https:\/\/www.aritco.com\/es\/?s={search_term_string}\"},\"query-input\":{\"@type\":\"PropertyValueSpecification\",\"valueRequired\":true,\"valueName\":\"search_term_string\"}}],\"inLanguage\":\"es\"},{\"@type\":\"Organization\",\"@id\":\"https:\/\/www.aritco.com\/es\/#organization\",\"name\":\"Aritco\",\"url\":\"https:\/\/www.aritco.com\/es\/\",\"logo\":{\"@type\":\"ImageObject\",\"inLanguage\":\"es\",\"@id\":\"https:\/\/www.aritco.com\/es\/#\/schema\/logo\/image\/\",\"url\":\"https:\/\/www.aritco.com\/wp-content\/uploads\/2019\/05\/vertical-3.svg\",\"contentUrl\":\"https:\/\/www.aritco.com\/wp-content\/uploads\/2019\/05\/vertical-3.svg\",\"width\":1,\"height\":1,\"caption\":\"Aritco\"},\"image\":{\"@id\":\"https:\/\/www.aritco.com\/es\/#\/schema\/logo\/image\/\"},\"publishingPrinciples\":\"https:\/\/www.aritco.com\/about-aritco\/\"}]}<\/script>\n<!-- \/ Yoast SEO Premium plugin. -->","yoast_head_json":{"title":"Distribuidores de Aritco en Espa\u00f1a - Aritco","description":"\u00a1Bienvenido a nuestra pr\u00e1ctica lista de distribuidores de Aritco en Espa\u00f1a! Aqu\u00ed encontrar\u00e1s todos los datos de contacto y direcciones que necesitas para ponerte en contacto con nuestros distribuidores de confianza.","robots":{"index":"index","follow":"follow","max-snippet":"max-snippet:-1","max-image-preview":"max-image-preview:large","max-video-preview":"max-video-preview:-1"},"canonical":"https:\/\/www.aritco.com\/es\/distribuidores\/","og_locale":"es_ES","og_type":"article","og_title":"Aritco Partners in UK","og_description":"Welcome to our handy list of Aritco partners in the UK! Here, you\u2019ll find all the contact details and addresses you need to get in touch with our trusted partners.","og_url":"https:\/\/www.aritco.com\/es\/distribuidores\/","og_site_name":"Aritco","article_modified_time":"2025-08-18T12:40:56+00:00","og_image":[{"width":1024,"height":584,"url":"https:\/\/www.aritco.com\/wp-content\/uploads\/2021\/08\/Design-London-2021-overview-of-the-city.jpg","type":"image\/jpeg"}],"twitter_card":"summary_large_image","twitter_title":"Aritco Partners in UK","twitter_description":"Welcome to our handy list of Aritco partners in the UK! Here, you\u2019ll find all the contact details and addresses you need to get in touch with our trusted partners.","twitter_image":"https:\/\/www.aritco.com\/wp-content\/uploads\/2021\/08\/Design-London-2021-overview-of-the-city.jpg","twitter_misc":{"Tiempo de lectura":"1 minuto"},"schema":{"@context":"https:\/\/schema.org","@graph":[{"@type":"WebPage","@id":"https:\/\/www.aritco.com\/es\/distribuidores\/","url":"https:\/\/www.aritco.com\/es\/distribuidores\/","name":"Distribuidores de Aritco en Espa\u00f1a - Aritco","isPartOf":{"@id":"https:\/\/www.aritco.com\/es\/#website"},"primaryImageOfPage":{"@id":"https:\/\/www.aritco.com\/es\/distribuidores\/#primaryimage"},"image":{"@id":"https:\/\/www.aritco.com\/es\/distribuidores\/#primaryimage"},"thumbnailUrl":"https:\/\/www.aritco.com\/wp-content\/uploads\/2025\/04\/Spainmadrid.jpg","datePublished":"2025-01-23T13:44:18+00:00","dateModified":"2025-08-18T12:40:56+00:00","description":"\u00a1Bienvenido a nuestra pr\u00e1ctica lista de distribuidores de Aritco en Espa\u00f1a! Aqu\u00ed encontrar\u00e1s todos los datos de contacto y direcciones que necesitas para ponerte en contacto con nuestros distribuidores de confianza.","inLanguage":"es","potentialAction":[{"@type":"ReadAction","target":["https:\/\/www.aritco.com\/es\/distribuidores\/"]}]},{"@type":"ImageObject","inLanguage":"es","@id":"https:\/\/www.aritco.com\/es\/distribuidores\/#primaryimage","url":"https:\/\/www.aritco.com\/wp-content\/uploads\/2025\/04\/Spainmadrid.jpg","contentUrl":"https:\/\/www.aritco.com\/wp-content\/uploads\/2025\/04\/Spainmadrid.jpg","width":1024,"height":584,"caption":"Madrid Spain"},{"@type":"WebSite","@id":"https:\/\/www.aritco.com\/es\/#website","url":"https:\/\/www.aritco.com\/es\/","name":"Aritco","description":"Award-winning lifts for homes and public and commercial use","publisher":{"@id":"https:\/\/www.aritco.com\/es\/#organization"},"potentialAction":[{"@type":"SearchAction","target":{"@type":"EntryPoint","urlTemplate":"https:\/\/www.aritco.com\/es\/?s={search_term_string}"},"query-input":{"@type":"PropertyValueSpecification","valueRequired":true,"valueName":"search_term_string"}}],"inLanguage":"es"},{"@type":"Organization","@id":"https:\/\/www.aritco.com\/es\/#organization","name":"Aritco","url":"https:\/\/www.aritco.com\/es\/","logo":{"@type":"ImageObject","inLanguage":"es","@id":"https:\/\/www.aritco.com\/es\/#\/schema\/logo\/image\/","url":"https:\/\/www.aritco.com\/wp-content\/uploads\/2019\/05\/vertical-3.svg","contentUrl":"https:\/\/www.aritco.com\/wp-content\/uploads\/2019\/05\/vertical-3.svg","width":1,"height":1,"caption":"Aritco"},"image":{"@id":"https:\/\/www.aritco.com\/es\/#\/schema\/logo\/image\/"},"publishingPrinciples":"https:\/\/www.aritco.com\/about-aritco\/"}]}},"_links":{"self":[{"href":"https:\/\/www.aritco.com\/es\/wp-json\/wp\/v2\/pages\/59486","targetHints":{"allow":["GET"]}}],"collection":[{"href":"https:\/\/www.aritco.com\/es\/wp-json\/wp\/v2\/pages"}],"about":[{"href":"https:\/\/www.aritco.com\/es\/wp-json\/wp\/v2\/types\/page"}],"author":[{"embeddable":true,"href":"https:\/\/www.aritco.com\/es\/wp-json\/wp\/v2\/users\/12"}],"replies":[{"embeddable":true,"href":"https:\/\/www.aritco.com\/es\/wp-json\/wp\/v2\/comments?post=59486"}],"version-history":[{"count":8,"href":"https:\/\/www.aritco.com\/es\/wp-json\/wp\/v2\/pages\/59486\/revisions"}],"predecessor-version":[{"id":61730,"href":"https:\/\/www.aritco.com\/es\/wp-json\/wp\/v2\/pages\/59486\/revisions\/61730"}],"wp:featuredmedia":[{"embeddable":true,"href":"https:\/\/www.aritco.com\/es\/wp-json\/wp\/v2\/media\/59439"}],"wp:attachment":[{"href":"https:\/\/www.aritco.com\/es\/wp-json\/wp\/v2\/media?parent=59486"}],"curies":[{"name":"wp","href":"https:\/\/api.w.org\/{rel}","templated":true}]}}