{"id":49188,"date":"2024-03-26T13:58:21","date_gmt":"2024-03-26T12:58:21","guid":{"rendered":"https:\/\/aritco.kumpan.dev\/?page_id=49188"},"modified":"2024-03-26T13:58:21","modified_gmt":"2024-03-26T12:58:21","slug":"ascensores-para-exterior","status":"publish","type":"page","link":"https:\/\/www.aritco.com\/es\/productos\/ascensores-para-exterior\/","title":{"rendered":"Ascensores para exterior"},"content":{"rendered":"","protected":false},"excerpt":{"rendered":"","protected":false},"author":10,"featured_media":0,"parent":15509,"menu_order":0,"comment_status":"closed","ping_status":"closed","template":"","meta":{"_acf_changed":false,"footnotes":""},"class_list":["post-49188","page","type-page","status-publish","hentry"],"acf":[],"yoast_head":"<!-- This site is optimized with the Yoast SEO Premium plugin v26.6 (Yoast SEO v26.6) - https:\/\/yoast.com\/wordpress\/plugins\/seo\/ -->\n<title>Ascensores de exterior - Ascensores resistentes a la intemperie - Aritco<\/title>\n<meta name=\"description\" content=\"Nuestras plataformas elevadoras para exteriores est\u00e1n construidas espec\u00edficamente para soportar las variaciones clim\u00e1ticas y de temperatura.\" \/>\n<meta name=\"robots\" content=\"index, follow, max-snippet:-1, max-image-preview:large, max-video-preview:-1\" \/>\n<link rel=\"canonical\" href=\"https:\/\/www.aritco.com\/es\/productos\/ascensores-para-exterior\/\" \/>\n<meta property=\"og:locale\" content=\"es_ES\" \/>\n<meta property=\"og:type\" content=\"article\" \/>\n<meta property=\"og:title\" content=\"Ascensores para exterior\" \/>\n<meta property=\"og:description\" content=\"Nuestras plataformas elevadoras para exteriores est\u00e1n construidas espec\u00edficamente para soportar las variaciones clim\u00e1ticas y de temperatura.\" \/>\n<meta property=\"og:url\" content=\"https:\/\/www.aritco.com\/es\/productos\/ascensores-para-exterior\/\" \/>\n<meta property=\"og:site_name\" content=\"Aritco\" \/>\n<meta name=\"twitter:card\" content=\"summary_large_image\" \/>\n<script type=\"application\/ld+json\" class=\"yoast-schema-graph\">{\"@context\":\"https:\/\/schema.org\",\"@graph\":[{\"@type\":\"WebPage\",\"@id\":\"https:\/\/www.aritco.com\/es\/productos\/ascensores-para-exterior\/\",\"url\":\"https:\/\/www.aritco.com\/es\/productos\/ascensores-para-exterior\/\",\"name\":\"Ascensores de exterior - Ascensores resistentes a la intemperie - Aritco\",\"isPartOf\":{\"@id\":\"https:\/\/www.aritco.com\/es\/#website\"},\"datePublished\":\"2024-03-26T12:58:21+00:00\",\"description\":\"Nuestras plataformas elevadoras para exteriores est\u00e1n construidas espec\u00edficamente para soportar las variaciones clim\u00e1ticas y de temperatura.\",\"breadcrumb\":{\"@id\":\"https:\/\/www.aritco.com\/es\/productos\/ascensores-para-exterior\/#breadcrumb\"},\"inLanguage\":\"es\",\"potentialAction\":[{\"@type\":\"ReadAction\",\"target\":[\"https:\/\/www.aritco.com\/es\/productos\/ascensores-para-exterior\/\"]}]},{\"@type\":\"BreadcrumbList\",\"@id\":\"https:\/\/www.aritco.com\/es\/productos\/ascensores-para-exterior\/#breadcrumb\",\"itemListElement\":[{\"@type\":\"ListItem\",\"position\":1,\"name\":\"Productos\",\"item\":\"https:\/\/www.aritco.com\/es\/productos\/\"},{\"@type\":\"ListItem\",\"position\":2,\"name\":\"Ascensores para exterior\"}]},{\"@type\":\"WebSite\",\"@id\":\"https:\/\/www.aritco.com\/es\/#website\",\"url\":\"https:\/\/www.aritco.com\/es\/\",\"name\":\"Aritco\",\"description\":\"Award-winning lifts for homes and public and commercial use\",\"publisher\":{\"@id\":\"https:\/\/www.aritco.com\/es\/#organization\"},\"potentialAction\":[{\"@type\":\"SearchAction\",\"target\":{\"@type\":\"EntryPoint\",\"urlTemplate\":\"https:\/\/www.aritco.com\/es\/?s={search_term_string}\"},\"query-input\":{\"@type\":\"PropertyValueSpecification\",\"valueRequired\":true,\"valueName\":\"search_term_string\"}}],\"inLanguage\":\"es\"},{\"@type\":\"Organization\",\"@id\":\"https:\/\/www.aritco.com\/es\/#organization\",\"name\":\"Aritco\",\"url\":\"https:\/\/www.aritco.com\/es\/\",\"logo\":{\"@type\":\"ImageObject\",\"inLanguage\":\"es\",\"@id\":\"https:\/\/www.aritco.com\/es\/#\/schema\/logo\/image\/\",\"url\":\"https:\/\/www.aritco.com\/wp-content\/uploads\/2019\/05\/vertical-3.svg\",\"contentUrl\":\"https:\/\/www.aritco.com\/wp-content\/uploads\/2019\/05\/vertical-3.svg\",\"width\":1,\"height\":1,\"caption\":\"Aritco\"},\"image\":{\"@id\":\"https:\/\/www.aritco.com\/es\/#\/schema\/logo\/image\/\"},\"publishingPrinciples\":\"https:\/\/www.aritco.com\/about-aritco\/\"}]}<\/script>\n<!-- \/ Yoast SEO Premium plugin. -->","yoast_head_json":{"title":"Ascensores de exterior - Ascensores resistentes a la intemperie - Aritco","description":"Nuestras plataformas elevadoras para exteriores est\u00e1n construidas espec\u00edficamente para soportar las variaciones clim\u00e1ticas y de temperatura.","robots":{"index":"index","follow":"follow","max-snippet":"max-snippet:-1","max-image-preview":"max-image-preview:large","max-video-preview":"max-video-preview:-1"},"canonical":"https:\/\/www.aritco.com\/es\/productos\/ascensores-para-exterior\/","og_locale":"es_ES","og_type":"article","og_title":"Ascensores para exterior","og_description":"Nuestras plataformas elevadoras para exteriores est\u00e1n construidas espec\u00edficamente para soportar las variaciones clim\u00e1ticas y de temperatura.","og_url":"https:\/\/www.aritco.com\/es\/productos\/ascensores-para-exterior\/","og_site_name":"Aritco","twitter_card":"summary_large_image","schema":{"@context":"https:\/\/schema.org","@graph":[{"@type":"WebPage","@id":"https:\/\/www.aritco.com\/es\/productos\/ascensores-para-exterior\/","url":"https:\/\/www.aritco.com\/es\/productos\/ascensores-para-exterior\/","name":"Ascensores de exterior - Ascensores resistentes a la intemperie - Aritco","isPartOf":{"@id":"https:\/\/www.aritco.com\/es\/#website"},"datePublished":"2024-03-26T12:58:21+00:00","description":"Nuestras plataformas elevadoras para exteriores est\u00e1n construidas espec\u00edficamente para soportar las variaciones clim\u00e1ticas y de temperatura.","breadcrumb":{"@id":"https:\/\/www.aritco.com\/es\/productos\/ascensores-para-exterior\/#breadcrumb"},"inLanguage":"es","potentialAction":[{"@type":"ReadAction","target":["https:\/\/www.aritco.com\/es\/productos\/ascensores-para-exterior\/"]}]},{"@type":"BreadcrumbList","@id":"https:\/\/www.aritco.com\/es\/productos\/ascensores-para-exterior\/#breadcrumb","itemListElement":[{"@type":"ListItem","position":1,"name":"Productos","item":"https:\/\/www.aritco.com\/es\/productos\/"},{"@type":"ListItem","position":2,"name":"Ascensores para exterior"}]},{"@type":"WebSite","@id":"https:\/\/www.aritco.com\/es\/#website","url":"https:\/\/www.aritco.com\/es\/","name":"Aritco","description":"Award-winning lifts for homes and public and commercial use","publisher":{"@id":"https:\/\/www.aritco.com\/es\/#organization"},"potentialAction":[{"@type":"SearchAction","target":{"@type":"EntryPoint","urlTemplate":"https:\/\/www.aritco.com\/es\/?s={search_term_string}"},"query-input":{"@type":"PropertyValueSpecification","valueRequired":true,"valueName":"search_term_string"}}],"inLanguage":"es"},{"@type":"Organization","@id":"https:\/\/www.aritco.com\/es\/#organization","name":"Aritco","url":"https:\/\/www.aritco.com\/es\/","logo":{"@type":"ImageObject","inLanguage":"es","@id":"https:\/\/www.aritco.com\/es\/#\/schema\/logo\/image\/","url":"https:\/\/www.aritco.com\/wp-content\/uploads\/2019\/05\/vertical-3.svg","contentUrl":"https:\/\/www.aritco.com\/wp-content\/uploads\/2019\/05\/vertical-3.svg","width":1,"height":1,"caption":"Aritco"},"image":{"@id":"https:\/\/www.aritco.com\/es\/#\/schema\/logo\/image\/"},"publishingPrinciples":"https:\/\/www.aritco.com\/about-aritco\/"}]}},"_links":{"self":[{"href":"https:\/\/www.aritco.com\/es\/wp-json\/wp\/v2\/pages\/49188","targetHints":{"allow":["GET"]}}],"collection":[{"href":"https:\/\/www.aritco.com\/es\/wp-json\/wp\/v2\/pages"}],"about":[{"href":"https:\/\/www.aritco.com\/es\/wp-json\/wp\/v2\/types\/page"}],"author":[{"embeddable":true,"href":"https:\/\/www.aritco.com\/es\/wp-json\/wp\/v2\/users\/10"}],"replies":[{"embeddable":true,"href":"https:\/\/www.aritco.com\/es\/wp-json\/wp\/v2\/comments?post=49188"}],"version-history":[{"count":2,"href":"https:\/\/www.aritco.com\/es\/wp-json\/wp\/v2\/pages\/49188\/revisions"}],"predecessor-version":[{"id":49195,"href":"https:\/\/www.aritco.com\/es\/wp-json\/wp\/v2\/pages\/49188\/revisions\/49195"}],"up":[{"embeddable":true,"href":"https:\/\/www.aritco.com\/es\/wp-json\/wp\/v2\/pages\/15509"}],"wp:attachment":[{"href":"https:\/\/www.aritco.com\/es\/wp-json\/wp\/v2\/media?parent=49188"}],"curies":[{"name":"wp","href":"https:\/\/api.w.org\/{rel}","templated":true}]}}