{"id":49116,"date":"2024-03-21T13:42:19","date_gmt":"2024-03-21T12:42:19","guid":{"rendered":"https:\/\/aritco.kumpan.dev\/?page_id=49116"},"modified":"2025-08-18T15:16:29","modified_gmt":"2025-08-18T13:16:29","slug":"showrooms","status":"publish","type":"page","link":"https:\/\/www.aritco.com\/es\/showrooms\/","title":{"rendered":"Showrooms"},"content":{"rendered":"","protected":false},"excerpt":{"rendered":"","protected":false},"author":12,"featured_media":0,"parent":0,"menu_order":0,"comment_status":"closed","ping_status":"closed","template":"","meta":{"_acf_changed":false,"footnotes":""},"class_list":["post-49116","page","type-page","status-publish","hentry"],"acf":[],"yoast_head":"<!-- This site is optimized with the Yoast SEO Premium plugin v26.6 (Yoast SEO v26.6) - https:\/\/yoast.com\/wordpress\/plugins\/seo\/ -->\n<title>Descubre el futuro de la movilidad en tu hogar con los showrooms de Aritco. Vive una experiencia \u00fanica al probar en primera persona nuestros ascensores unifamiliares, dise\u00f1ados para enriquecer tu vida y transformar tu hogar. En Aritco, nos dedicamos a fusionar seguridad, innovaci\u00f3n y dise\u00f1o en cada ascensor, garantizando una soluci\u00f3n perfecta para tu hogar. Visita nuestros showrooms y siente la diferencia de Aritco en la vida real. Haz que tu casa destaque con la elegancia y la comodidad que solo nuestros ascensores pueden ofrecer. Encuentra tu showroom m\u00e1s cercano y empieza a imaginar una vida sin barreras<\/title>\n<meta name=\"description\" content=\"Utiliza nuestro mapa interactivo y encuentra el showroom de Aritco m\u00e1s cercano. Experimenta en persona la elegancia y accesibilidad que nuestros ascensores unifamiliares y p\u00fablicos pueden aportar a tus espacios.\" \/>\n<meta name=\"robots\" content=\"index, follow, max-snippet:-1, max-image-preview:large, max-video-preview:-1\" \/>\n<link rel=\"canonical\" href=\"https:\/\/www.aritco.com\/es\/showrooms\/\" \/>\n<meta property=\"og:locale\" content=\"es_ES\" \/>\n<meta property=\"og:type\" content=\"article\" \/>\n<meta property=\"og:title\" content=\"Showrooms\" \/>\n<meta property=\"og:description\" content=\"Aqu\u00ed tienes una p\u00e1gina sobre nuestros showrooms Descubre qu\u00e9 esperar al visitar una sala de exposici\u00f3n e interact\u00faa con nuestro mapa para encontrar la m\u00e1s cercana a ti.\" \/>\n<meta property=\"og:url\" content=\"https:\/\/www.aritco.com\/es\/showrooms\/\" \/>\n<meta property=\"og:site_name\" content=\"Aritco\" \/>\n<meta property=\"article:modified_time\" content=\"2025-08-18T13:16:29+00:00\" \/>\n<meta property=\"og:image\" content=\"https:\/\/www.aritco.com\/\/wp-content\/webpc-passthru.php?src=https:\/\/www.aritco.com\/wp-content\/uploads\/2024\/01\/Aritco_HomeLift_Geometric_DW_1200x900.jpg&nocache=1\" \/>\n<meta name=\"twitter:card\" content=\"summary_large_image\" \/>\n<script type=\"application\/ld+json\" class=\"yoast-schema-graph\">{\"@context\":\"https:\/\/schema.org\",\"@graph\":[{\"@type\":\"WebPage\",\"@id\":\"https:\/\/www.aritco.com\/es\/showrooms\/\",\"url\":\"https:\/\/www.aritco.com\/es\/showrooms\/\",\"name\":\"Descubre el futuro de la movilidad en tu hogar con los showrooms de Aritco. Vive una experiencia \u00fanica al probar en primera persona nuestros ascensores unifamiliares, dise\u00f1ados para enriquecer tu vida y transformar tu hogar. En Aritco, nos dedicamos a fusionar seguridad, innovaci\u00f3n y dise\u00f1o en cada ascensor, garantizando una soluci\u00f3n perfecta para tu hogar. Visita nuestros showrooms y siente la diferencia de Aritco en la vida real. Haz que tu casa destaque con la elegancia y la comodidad que solo nuestros ascensores pueden ofrecer. Encuentra tu showroom m\u00e1s cercano y empieza a imaginar una vida sin barreras\",\"isPartOf\":{\"@id\":\"https:\/\/www.aritco.com\/es\/#website\"},\"datePublished\":\"2024-03-21T12:42:19+00:00\",\"dateModified\":\"2025-08-18T13:16:29+00:00\",\"description\":\"Utiliza nuestro mapa interactivo y encuentra el showroom de Aritco m\u00e1s cercano. Experimenta en persona la elegancia y accesibilidad que nuestros ascensores unifamiliares y p\u00fablicos pueden aportar a tus espacios.\",\"inLanguage\":\"es\",\"potentialAction\":[{\"@type\":\"ReadAction\",\"target\":[\"https:\/\/www.aritco.com\/es\/showrooms\/\"]}]},{\"@type\":\"WebSite\",\"@id\":\"https:\/\/www.aritco.com\/es\/#website\",\"url\":\"https:\/\/www.aritco.com\/es\/\",\"name\":\"Aritco\",\"description\":\"Award-winning lifts for homes and public and commercial use\",\"publisher\":{\"@id\":\"https:\/\/www.aritco.com\/es\/#organization\"},\"potentialAction\":[{\"@type\":\"SearchAction\",\"target\":{\"@type\":\"EntryPoint\",\"urlTemplate\":\"https:\/\/www.aritco.com\/es\/?s={search_term_string}\"},\"query-input\":{\"@type\":\"PropertyValueSpecification\",\"valueRequired\":true,\"valueName\":\"search_term_string\"}}],\"inLanguage\":\"es\"},{\"@type\":\"Organization\",\"@id\":\"https:\/\/www.aritco.com\/es\/#organization\",\"name\":\"Aritco\",\"url\":\"https:\/\/www.aritco.com\/es\/\",\"logo\":{\"@type\":\"ImageObject\",\"inLanguage\":\"es\",\"@id\":\"https:\/\/www.aritco.com\/es\/#\/schema\/logo\/image\/\",\"url\":\"https:\/\/www.aritco.com\/wp-content\/uploads\/2019\/05\/vertical-3.svg\",\"contentUrl\":\"https:\/\/www.aritco.com\/wp-content\/uploads\/2019\/05\/vertical-3.svg\",\"width\":1,\"height\":1,\"caption\":\"Aritco\"},\"image\":{\"@id\":\"https:\/\/www.aritco.com\/es\/#\/schema\/logo\/image\/\"},\"publishingPrinciples\":\"https:\/\/www.aritco.com\/about-aritco\/\"}]}<\/script>\n<!-- \/ Yoast SEO Premium plugin. -->","yoast_head_json":{"title":"Descubre el futuro de la movilidad en tu hogar con los showrooms de Aritco. Vive una experiencia \u00fanica al probar en primera persona nuestros ascensores unifamiliares, dise\u00f1ados para enriquecer tu vida y transformar tu hogar. En Aritco, nos dedicamos a fusionar seguridad, innovaci\u00f3n y dise\u00f1o en cada ascensor, garantizando una soluci\u00f3n perfecta para tu hogar. Visita nuestros showrooms y siente la diferencia de Aritco en la vida real. Haz que tu casa destaque con la elegancia y la comodidad que solo nuestros ascensores pueden ofrecer. Encuentra tu showroom m\u00e1s cercano y empieza a imaginar una vida sin barreras","description":"Utiliza nuestro mapa interactivo y encuentra el showroom de Aritco m\u00e1s cercano. Experimenta en persona la elegancia y accesibilidad que nuestros ascensores unifamiliares y p\u00fablicos pueden aportar a tus espacios.","robots":{"index":"index","follow":"follow","max-snippet":"max-snippet:-1","max-image-preview":"max-image-preview:large","max-video-preview":"max-video-preview:-1"},"canonical":"https:\/\/www.aritco.com\/es\/showrooms\/","og_locale":"es_ES","og_type":"article","og_title":"Showrooms","og_description":"Aqu\u00ed tienes una p\u00e1gina sobre nuestros showrooms Descubre qu\u00e9 esperar al visitar una sala de exposici\u00f3n e interact\u00faa con nuestro mapa para encontrar la m\u00e1s cercana a ti.","og_url":"https:\/\/www.aritco.com\/es\/showrooms\/","og_site_name":"Aritco","article_modified_time":"2025-08-18T13:16:29+00:00","og_image":[{"url":"https:\/\/www.aritco.com\/\/wp-content\/webpc-passthru.php?src=https:\/\/www.aritco.com\/wp-content\/uploads\/2024\/01\/Aritco_HomeLift_Geometric_DW_1200x900.jpg&nocache=1","type":"","width":"","height":""}],"twitter_card":"summary_large_image","schema":{"@context":"https:\/\/schema.org","@graph":[{"@type":"WebPage","@id":"https:\/\/www.aritco.com\/es\/showrooms\/","url":"https:\/\/www.aritco.com\/es\/showrooms\/","name":"Descubre el futuro de la movilidad en tu hogar con los showrooms de Aritco. Vive una experiencia \u00fanica al probar en primera persona nuestros ascensores unifamiliares, dise\u00f1ados para enriquecer tu vida y transformar tu hogar. En Aritco, nos dedicamos a fusionar seguridad, innovaci\u00f3n y dise\u00f1o en cada ascensor, garantizando una soluci\u00f3n perfecta para tu hogar. Visita nuestros showrooms y siente la diferencia de Aritco en la vida real. Haz que tu casa destaque con la elegancia y la comodidad que solo nuestros ascensores pueden ofrecer. Encuentra tu showroom m\u00e1s cercano y empieza a imaginar una vida sin barreras","isPartOf":{"@id":"https:\/\/www.aritco.com\/es\/#website"},"datePublished":"2024-03-21T12:42:19+00:00","dateModified":"2025-08-18T13:16:29+00:00","description":"Utiliza nuestro mapa interactivo y encuentra el showroom de Aritco m\u00e1s cercano. Experimenta en persona la elegancia y accesibilidad que nuestros ascensores unifamiliares y p\u00fablicos pueden aportar a tus espacios.","inLanguage":"es","potentialAction":[{"@type":"ReadAction","target":["https:\/\/www.aritco.com\/es\/showrooms\/"]}]},{"@type":"WebSite","@id":"https:\/\/www.aritco.com\/es\/#website","url":"https:\/\/www.aritco.com\/es\/","name":"Aritco","description":"Award-winning lifts for homes and public and commercial use","publisher":{"@id":"https:\/\/www.aritco.com\/es\/#organization"},"potentialAction":[{"@type":"SearchAction","target":{"@type":"EntryPoint","urlTemplate":"https:\/\/www.aritco.com\/es\/?s={search_term_string}"},"query-input":{"@type":"PropertyValueSpecification","valueRequired":true,"valueName":"search_term_string"}}],"inLanguage":"es"},{"@type":"Organization","@id":"https:\/\/www.aritco.com\/es\/#organization","name":"Aritco","url":"https:\/\/www.aritco.com\/es\/","logo":{"@type":"ImageObject","inLanguage":"es","@id":"https:\/\/www.aritco.com\/es\/#\/schema\/logo\/image\/","url":"https:\/\/www.aritco.com\/wp-content\/uploads\/2019\/05\/vertical-3.svg","contentUrl":"https:\/\/www.aritco.com\/wp-content\/uploads\/2019\/05\/vertical-3.svg","width":1,"height":1,"caption":"Aritco"},"image":{"@id":"https:\/\/www.aritco.com\/es\/#\/schema\/logo\/image\/"},"publishingPrinciples":"https:\/\/www.aritco.com\/about-aritco\/"}]}},"_links":{"self":[{"href":"https:\/\/www.aritco.com\/es\/wp-json\/wp\/v2\/pages\/49116","targetHints":{"allow":["GET"]}}],"collection":[{"href":"https:\/\/www.aritco.com\/es\/wp-json\/wp\/v2\/pages"}],"about":[{"href":"https:\/\/www.aritco.com\/es\/wp-json\/wp\/v2\/types\/page"}],"author":[{"embeddable":true,"href":"https:\/\/www.aritco.com\/es\/wp-json\/wp\/v2\/users\/12"}],"replies":[{"embeddable":true,"href":"https:\/\/www.aritco.com\/es\/wp-json\/wp\/v2\/comments?post=49116"}],"version-history":[{"count":3,"href":"https:\/\/www.aritco.com\/es\/wp-json\/wp\/v2\/pages\/49116\/revisions"}],"predecessor-version":[{"id":61736,"href":"https:\/\/www.aritco.com\/es\/wp-json\/wp\/v2\/pages\/49116\/revisions\/61736"}],"wp:attachment":[{"href":"https:\/\/www.aritco.com\/es\/wp-json\/wp\/v2\/media?parent=49116"}],"curies":[{"name":"wp","href":"https:\/\/api.w.org\/{rel}","templated":true}]}}