{"id":48360,"date":"2024-02-20T10:21:34","date_gmt":"2024-02-20T09:21:34","guid":{"rendered":"https:\/\/aritco.kumpan.dev\/pongase-en-contacto-con-nosotros-lgl\/"},"modified":"2025-09-09T13:46:23","modified_gmt":"2025-09-09T11:46:23","slug":"contacte-con-nosotros-lgl","status":"publish","type":"page","link":"https:\/\/www.aritco.com\/es\/contacte-con-nosotros-lgl\/","title":{"rendered":"Contacte con nosotros (lgl)"},"content":{"rendered":"","protected":false},"excerpt":{"rendered":"","protected":false},"author":12,"featured_media":0,"parent":0,"menu_order":0,"comment_status":"closed","ping_status":"closed","template":"","meta":{"_acf_changed":false,"footnotes":""},"class_list":["post-48360","page","type-page","status-publish","hentry"],"acf":[],"yoast_head":"<!-- This site is optimized with the Yoast SEO Premium plugin v26.6 (Yoast SEO v26.6) - https:\/\/yoast.com\/wordpress\/plugins\/seo\/ -->\n<title>Contacto | Aritco<\/title>\n<meta name=\"description\" content=\"Si tienes alguna pregunta sobre Aritco o nuestros ascensores, puedes envi\u00e1rnosla aqu\u00ed y te responderemos lo antes posible.\" \/>\n<meta name=\"robots\" content=\"index, follow, max-snippet:-1, max-image-preview:large, max-video-preview:-1\" \/>\n<link rel=\"canonical\" href=\"https:\/\/www.aritco.com\/es\/contacte-con-nosotros-lgl\/\" \/>\n<meta property=\"og:locale\" content=\"es_ES\" \/>\n<meta property=\"og:type\" content=\"article\" \/>\n<meta property=\"og:title\" content=\"P\u00f3ngase en contacto con nosotros sobre la compra de un ascensor | Aritco\" \/>\n<meta property=\"og:description\" content=\"P\u00f3ngase en contacto con nosotros si tiene alguna pregunta o necesita ayuda con su ascensor. El equipo de Aritco responder\u00e1 r\u00e1pidamente a sus preguntas.\" \/>\n<meta property=\"og:url\" content=\"https:\/\/www.aritco.com\/es\/contacte-con-nosotros-lgl\/\" \/>\n<meta property=\"og:site_name\" content=\"Aritco\" \/>\n<meta property=\"article:modified_time\" content=\"2025-09-09T11:46:23+00:00\" \/>\n<meta property=\"og:image\" content=\"https:\/\/www.aritco.com\/\/wp-content\/webpc-passthru.php?src=https:\/\/www.aritco.com\/wp-content\/uploads\/2019\/06\/Schakt.jpg&nocache=1\" \/>\n<meta name=\"twitter:card\" content=\"summary_large_image\" \/>\n<meta name=\"twitter:title\" content=\"P\u00f3ngase en contacto con nosotros sobre la compra de un ascensor | Aritco\" \/>\n<meta name=\"twitter:description\" content=\"P\u00f3ngase en contacto con nosotros si tiene alguna pregunta o necesita ayuda con su ascensor. El equipo de Aritco responder\u00e1 r\u00e1pidamente a sus preguntas.\" \/>\n<meta name=\"twitter:image\" content=\"https:\/\/www.aritco.com\/\/wp-content\/webpc-passthru.php?src=https:\/\/www.aritco.com\/wp-content\/uploads\/2019\/06\/Schakt.jpg&nocache=1\" \/>\n<script type=\"application\/ld+json\" class=\"yoast-schema-graph\">{\"@context\":\"https:\/\/schema.org\",\"@graph\":[{\"@type\":\"WebPage\",\"@id\":\"https:\/\/www.aritco.com\/es\/contacte-con-nosotros-lgl\/\",\"url\":\"https:\/\/www.aritco.com\/es\/contacte-con-nosotros-lgl\/\",\"name\":\"Contacto | Aritco\",\"isPartOf\":{\"@id\":\"https:\/\/www.aritco.com\/es\/#website\"},\"datePublished\":\"2024-02-20T09:21:34+00:00\",\"dateModified\":\"2025-09-09T11:46:23+00:00\",\"description\":\"Si tienes alguna pregunta sobre Aritco o nuestros ascensores, puedes envi\u00e1rnosla aqu\u00ed y te responderemos lo antes posible.\",\"inLanguage\":\"es\",\"potentialAction\":[{\"@type\":\"ReadAction\",\"target\":[\"https:\/\/www.aritco.com\/es\/contacte-con-nosotros-lgl\/\"]}]},{\"@type\":\"WebSite\",\"@id\":\"https:\/\/www.aritco.com\/es\/#website\",\"url\":\"https:\/\/www.aritco.com\/es\/\",\"name\":\"Aritco\",\"description\":\"Award-winning lifts for homes and public and commercial use\",\"publisher\":{\"@id\":\"https:\/\/www.aritco.com\/es\/#organization\"},\"potentialAction\":[{\"@type\":\"SearchAction\",\"target\":{\"@type\":\"EntryPoint\",\"urlTemplate\":\"https:\/\/www.aritco.com\/es\/?s={search_term_string}\"},\"query-input\":{\"@type\":\"PropertyValueSpecification\",\"valueRequired\":true,\"valueName\":\"search_term_string\"}}],\"inLanguage\":\"es\"},{\"@type\":\"Organization\",\"@id\":\"https:\/\/www.aritco.com\/es\/#organization\",\"name\":\"Aritco\",\"url\":\"https:\/\/www.aritco.com\/es\/\",\"logo\":{\"@type\":\"ImageObject\",\"inLanguage\":\"es\",\"@id\":\"https:\/\/www.aritco.com\/es\/#\/schema\/logo\/image\/\",\"url\":\"https:\/\/www.aritco.com\/wp-content\/uploads\/2019\/05\/vertical-3.svg\",\"contentUrl\":\"https:\/\/www.aritco.com\/wp-content\/uploads\/2019\/05\/vertical-3.svg\",\"width\":1,\"height\":1,\"caption\":\"Aritco\"},\"image\":{\"@id\":\"https:\/\/www.aritco.com\/es\/#\/schema\/logo\/image\/\"},\"publishingPrinciples\":\"https:\/\/www.aritco.com\/about-aritco\/\"}]}<\/script>\n<!-- \/ Yoast SEO Premium plugin. -->","yoast_head_json":{"title":"Contacto | Aritco","description":"Si tienes alguna pregunta sobre Aritco o nuestros ascensores, puedes envi\u00e1rnosla aqu\u00ed y te responderemos lo antes posible.","robots":{"index":"index","follow":"follow","max-snippet":"max-snippet:-1","max-image-preview":"max-image-preview:large","max-video-preview":"max-video-preview:-1"},"canonical":"https:\/\/www.aritco.com\/es\/contacte-con-nosotros-lgl\/","og_locale":"es_ES","og_type":"article","og_title":"P\u00f3ngase en contacto con nosotros sobre la compra de un ascensor | Aritco","og_description":"P\u00f3ngase en contacto con nosotros si tiene alguna pregunta o necesita ayuda con su ascensor. El equipo de Aritco responder\u00e1 r\u00e1pidamente a sus preguntas.","og_url":"https:\/\/www.aritco.com\/es\/contacte-con-nosotros-lgl\/","og_site_name":"Aritco","article_modified_time":"2025-09-09T11:46:23+00:00","og_image":[{"url":"https:\/\/www.aritco.com\/\/wp-content\/webpc-passthru.php?src=https:\/\/www.aritco.com\/wp-content\/uploads\/2019\/06\/Schakt.jpg&nocache=1","type":"","width":"","height":""}],"twitter_card":"summary_large_image","twitter_title":"P\u00f3ngase en contacto con nosotros sobre la compra de un ascensor | Aritco","twitter_description":"P\u00f3ngase en contacto con nosotros si tiene alguna pregunta o necesita ayuda con su ascensor. El equipo de Aritco responder\u00e1 r\u00e1pidamente a sus preguntas.","twitter_image":"https:\/\/www.aritco.com\/\/wp-content\/webpc-passthru.php?src=https:\/\/www.aritco.com\/wp-content\/uploads\/2019\/06\/Schakt.jpg&nocache=1","schema":{"@context":"https:\/\/schema.org","@graph":[{"@type":"WebPage","@id":"https:\/\/www.aritco.com\/es\/contacte-con-nosotros-lgl\/","url":"https:\/\/www.aritco.com\/es\/contacte-con-nosotros-lgl\/","name":"Contacto | Aritco","isPartOf":{"@id":"https:\/\/www.aritco.com\/es\/#website"},"datePublished":"2024-02-20T09:21:34+00:00","dateModified":"2025-09-09T11:46:23+00:00","description":"Si tienes alguna pregunta sobre Aritco o nuestros ascensores, puedes envi\u00e1rnosla aqu\u00ed y te responderemos lo antes posible.","inLanguage":"es","potentialAction":[{"@type":"ReadAction","target":["https:\/\/www.aritco.com\/es\/contacte-con-nosotros-lgl\/"]}]},{"@type":"WebSite","@id":"https:\/\/www.aritco.com\/es\/#website","url":"https:\/\/www.aritco.com\/es\/","name":"Aritco","description":"Award-winning lifts for homes and public and commercial use","publisher":{"@id":"https:\/\/www.aritco.com\/es\/#organization"},"potentialAction":[{"@type":"SearchAction","target":{"@type":"EntryPoint","urlTemplate":"https:\/\/www.aritco.com\/es\/?s={search_term_string}"},"query-input":{"@type":"PropertyValueSpecification","valueRequired":true,"valueName":"search_term_string"}}],"inLanguage":"es"},{"@type":"Organization","@id":"https:\/\/www.aritco.com\/es\/#organization","name":"Aritco","url":"https:\/\/www.aritco.com\/es\/","logo":{"@type":"ImageObject","inLanguage":"es","@id":"https:\/\/www.aritco.com\/es\/#\/schema\/logo\/image\/","url":"https:\/\/www.aritco.com\/wp-content\/uploads\/2019\/05\/vertical-3.svg","contentUrl":"https:\/\/www.aritco.com\/wp-content\/uploads\/2019\/05\/vertical-3.svg","width":1,"height":1,"caption":"Aritco"},"image":{"@id":"https:\/\/www.aritco.com\/es\/#\/schema\/logo\/image\/"},"publishingPrinciples":"https:\/\/www.aritco.com\/about-aritco\/"}]}},"_links":{"self":[{"href":"https:\/\/www.aritco.com\/es\/wp-json\/wp\/v2\/pages\/48360","targetHints":{"allow":["GET"]}}],"collection":[{"href":"https:\/\/www.aritco.com\/es\/wp-json\/wp\/v2\/pages"}],"about":[{"href":"https:\/\/www.aritco.com\/es\/wp-json\/wp\/v2\/types\/page"}],"author":[{"embeddable":true,"href":"https:\/\/www.aritco.com\/es\/wp-json\/wp\/v2\/users\/12"}],"replies":[{"embeddable":true,"href":"https:\/\/www.aritco.com\/es\/wp-json\/wp\/v2\/comments?post=48360"}],"version-history":[{"count":5,"href":"https:\/\/www.aritco.com\/es\/wp-json\/wp\/v2\/pages\/48360\/revisions"}],"predecessor-version":[{"id":55880,"href":"https:\/\/www.aritco.com\/es\/wp-json\/wp\/v2\/pages\/48360\/revisions\/55880"}],"wp:attachment":[{"href":"https:\/\/www.aritco.com\/es\/wp-json\/wp\/v2\/media?parent=48360"}],"curies":[{"name":"wp","href":"https:\/\/api.w.org\/{rel}","templated":true}]}}