{"id":15656,"date":"2020-12-23T10:24:03","date_gmt":"2020-12-23T09:24:03","guid":{"rendered":"https:\/\/aritco.kumpan.dev\/next-level-living\/future-of-the-home\/"},"modified":"2025-04-14T18:52:57","modified_gmt":"2025-04-14T16:52:57","slug":"informes-de-tendencias","status":"publish","type":"page","link":"https:\/\/www.aritco.com\/es\/informes-de-tendencias\/","title":{"rendered":"Informes de tendencias"},"content":{"rendered":"","protected":false},"excerpt":{"rendered":"","protected":false},"author":12,"featured_media":57972,"parent":0,"menu_order":0,"comment_status":"closed","ping_status":"closed","template":"","meta":{"_acf_changed":false,"footnotes":""},"class_list":["post-15656","page","type-page","status-publish","has-post-thumbnail","hentry"],"acf":[],"yoast_head":"<!-- This site is optimized with the Yoast SEO Premium plugin v26.6 (Yoast SEO v26.6) - https:\/\/yoast.com\/wordpress\/plugins\/seo\/ -->\n<title>Informe de tendencias - Construyendo la casa de los 100 a\u00f1os - Aritco &amp; Springwise<\/title>\n<meta name=\"description\" content=\"Nuevas innovaciones en tecnolog\u00eda y dise\u00f1o para el hogar y la oficina, con un enfoque sostenible que se esCon el aumento de las facturas de energ\u00eda y el clima extremo causado por el cambio clim\u00e1tico, \u00bfc\u00f3mo podemos adaptar nuestros hogares, apartamentos y oficinas para ahorrar y generar electricidad y ser m\u00e1s resilientes? Lea el informe m\u00e1s recientepera para los pr\u00f3ximos a\u00f1os. Vea y descargue el informe de forma gratuita.\" \/>\n<meta name=\"robots\" content=\"index, follow, max-snippet:-1, max-image-preview:large, max-video-preview:-1\" \/>\n<link rel=\"canonical\" href=\"https:\/\/www.aritco.com\/es\/informes-de-tendencias\/\" \/>\n<meta property=\"og:locale\" content=\"es_ES\" \/>\n<meta property=\"og:type\" content=\"article\" \/>\n<meta property=\"og:title\" content=\"Construyendo la casa de los 100 a\u00f1os\" \/>\n<meta property=\"og:description\" content=\"Con el aumento de las facturas de energ\u00eda y el clima extremo causado por el cambio clim\u00e1tico, \u00bfc\u00f3mo podemos adaptar nuestros hogares, apartamentos y oficinas para ahorrar y generar electricidad y ser m\u00e1s resilientes? Lea el informe m\u00e1s reciente\" \/>\n<meta property=\"og:url\" content=\"https:\/\/www.aritco.com\/es\/informes-de-tendencias\/\" \/>\n<meta property=\"og:site_name\" content=\"Aritco\" \/>\n<meta property=\"article:modified_time\" content=\"2025-04-14T16:52:57+00:00\" \/>\n<meta property=\"og:image\" content=\"https:\/\/www.aritco.com\/wp-content\/uploads\/2023\/01\/100-year-home-cover-4x3-1.jpg\" \/>\n\t<meta property=\"og:image:width\" content=\"1671\" \/>\n\t<meta property=\"og:image:height\" content=\"1254\" \/>\n\t<meta property=\"og:image:type\" content=\"image\/jpeg\" \/>\n<meta name=\"twitter:card\" content=\"summary_large_image\" \/>\n<meta name=\"twitter:title\" content=\"Construyendo la casa de los 100 a\u00f1os\" \/>\n<meta name=\"twitter:description\" content=\"Con el aumento de las facturas de energ\u00eda y el clima extremo causado por el cambio clim\u00e1tico, \u00bfc\u00f3mo podemos adaptar nuestros hogares, apartamentos y oficinas para ahorrar y generar electricidad y ser m\u00e1s resilientes? Lea el informe m\u00e1s reciente\" \/>\n<meta name=\"twitter:image\" content=\"https:\/\/www.aritco.com\/wp-content\/uploads\/2023\/01\/100-year-home-cover-4x3-1.jpg\" \/>\n<meta name=\"twitter:label1\" content=\"Tiempo de lectura\" \/>\n\t<meta name=\"twitter:data1\" content=\"1 minuto\" \/>\n<script type=\"application\/ld+json\" class=\"yoast-schema-graph\">{\"@context\":\"https:\/\/schema.org\",\"@graph\":[{\"@type\":\"WebPage\",\"@id\":\"https:\/\/www.aritco.com\/es\/informes-de-tendencias\/\",\"url\":\"https:\/\/www.aritco.com\/es\/informes-de-tendencias\/\",\"name\":\"Informe de tendencias - Construyendo la casa de los 100 a\u00f1os - Aritco & Springwise\",\"isPartOf\":{\"@id\":\"https:\/\/www.aritco.com\/es\/#website\"},\"primaryImageOfPage\":{\"@id\":\"https:\/\/www.aritco.com\/es\/informes-de-tendencias\/#primaryimage\"},\"image\":{\"@id\":\"https:\/\/www.aritco.com\/es\/informes-de-tendencias\/#primaryimage\"},\"thumbnailUrl\":\"https:\/\/www.aritco.com\/wp-content\/uploads\/2024\/12\/Trend-report-2025.jpg\",\"datePublished\":\"2020-12-23T09:24:03+00:00\",\"dateModified\":\"2025-04-14T16:52:57+00:00\",\"description\":\"Nuevas innovaciones en tecnolog\u00eda y dise\u00f1o para el hogar y la oficina, con un enfoque sostenible que se esCon el aumento de las facturas de energ\u00eda y el clima extremo causado por el cambio clim\u00e1tico, \u00bfc\u00f3mo podemos adaptar nuestros hogares, apartamentos y oficinas para ahorrar y generar electricidad y ser m\u00e1s resilientes? Lea el informe m\u00e1s recientepera para los pr\u00f3ximos a\u00f1os. Vea y descargue el informe de forma gratuita.\",\"inLanguage\":\"es\",\"potentialAction\":[{\"@type\":\"ReadAction\",\"target\":[\"https:\/\/www.aritco.com\/es\/informes-de-tendencias\/\"]}]},{\"@type\":\"ImageObject\",\"inLanguage\":\"es\",\"@id\":\"https:\/\/www.aritco.com\/es\/informes-de-tendencias\/#primaryimage\",\"url\":\"https:\/\/www.aritco.com\/wp-content\/uploads\/2024\/12\/Trend-report-2025.jpg\",\"contentUrl\":\"https:\/\/www.aritco.com\/wp-content\/uploads\/2024\/12\/Trend-report-2025.jpg\",\"width\":598,\"height\":473},{\"@type\":\"WebSite\",\"@id\":\"https:\/\/www.aritco.com\/es\/#website\",\"url\":\"https:\/\/www.aritco.com\/es\/\",\"name\":\"Aritco\",\"description\":\"Award-winning lifts for homes and public and commercial use\",\"publisher\":{\"@id\":\"https:\/\/www.aritco.com\/es\/#organization\"},\"potentialAction\":[{\"@type\":\"SearchAction\",\"target\":{\"@type\":\"EntryPoint\",\"urlTemplate\":\"https:\/\/www.aritco.com\/es\/?s={search_term_string}\"},\"query-input\":{\"@type\":\"PropertyValueSpecification\",\"valueRequired\":true,\"valueName\":\"search_term_string\"}}],\"inLanguage\":\"es\"},{\"@type\":\"Organization\",\"@id\":\"https:\/\/www.aritco.com\/es\/#organization\",\"name\":\"Aritco\",\"url\":\"https:\/\/www.aritco.com\/es\/\",\"logo\":{\"@type\":\"ImageObject\",\"inLanguage\":\"es\",\"@id\":\"https:\/\/www.aritco.com\/es\/#\/schema\/logo\/image\/\",\"url\":\"https:\/\/www.aritco.com\/wp-content\/uploads\/2019\/05\/vertical-3.svg\",\"contentUrl\":\"https:\/\/www.aritco.com\/wp-content\/uploads\/2019\/05\/vertical-3.svg\",\"width\":1,\"height\":1,\"caption\":\"Aritco\"},\"image\":{\"@id\":\"https:\/\/www.aritco.com\/es\/#\/schema\/logo\/image\/\"},\"publishingPrinciples\":\"https:\/\/www.aritco.com\/about-aritco\/\"}]}<\/script>\n<!-- \/ Yoast SEO Premium plugin. -->","yoast_head_json":{"title":"Informe de tendencias - Construyendo la casa de los 100 a\u00f1os - Aritco & Springwise","description":"Nuevas innovaciones en tecnolog\u00eda y dise\u00f1o para el hogar y la oficina, con un enfoque sostenible que se esCon el aumento de las facturas de energ\u00eda y el clima extremo causado por el cambio clim\u00e1tico, \u00bfc\u00f3mo podemos adaptar nuestros hogares, apartamentos y oficinas para ahorrar y generar electricidad y ser m\u00e1s resilientes? Lea el informe m\u00e1s recientepera para los pr\u00f3ximos a\u00f1os. Vea y descargue el informe de forma gratuita.","robots":{"index":"index","follow":"follow","max-snippet":"max-snippet:-1","max-image-preview":"max-image-preview:large","max-video-preview":"max-video-preview:-1"},"canonical":"https:\/\/www.aritco.com\/es\/informes-de-tendencias\/","og_locale":"es_ES","og_type":"article","og_title":"Construyendo la casa de los 100 a\u00f1os","og_description":"Con el aumento de las facturas de energ\u00eda y el clima extremo causado por el cambio clim\u00e1tico, \u00bfc\u00f3mo podemos adaptar nuestros hogares, apartamentos y oficinas para ahorrar y generar electricidad y ser m\u00e1s resilientes? Lea el informe m\u00e1s reciente","og_url":"https:\/\/www.aritco.com\/es\/informes-de-tendencias\/","og_site_name":"Aritco","article_modified_time":"2025-04-14T16:52:57+00:00","og_image":[{"width":1671,"height":1254,"url":"https:\/\/www.aritco.com\/wp-content\/uploads\/2023\/01\/100-year-home-cover-4x3-1.jpg","type":"image\/jpeg"}],"twitter_card":"summary_large_image","twitter_title":"Construyendo la casa de los 100 a\u00f1os","twitter_description":"Con el aumento de las facturas de energ\u00eda y el clima extremo causado por el cambio clim\u00e1tico, \u00bfc\u00f3mo podemos adaptar nuestros hogares, apartamentos y oficinas para ahorrar y generar electricidad y ser m\u00e1s resilientes? Lea el informe m\u00e1s reciente","twitter_image":"https:\/\/www.aritco.com\/wp-content\/uploads\/2023\/01\/100-year-home-cover-4x3-1.jpg","twitter_misc":{"Tiempo de lectura":"1 minuto"},"schema":{"@context":"https:\/\/schema.org","@graph":[{"@type":"WebPage","@id":"https:\/\/www.aritco.com\/es\/informes-de-tendencias\/","url":"https:\/\/www.aritco.com\/es\/informes-de-tendencias\/","name":"Informe de tendencias - Construyendo la casa de los 100 a\u00f1os - Aritco & Springwise","isPartOf":{"@id":"https:\/\/www.aritco.com\/es\/#website"},"primaryImageOfPage":{"@id":"https:\/\/www.aritco.com\/es\/informes-de-tendencias\/#primaryimage"},"image":{"@id":"https:\/\/www.aritco.com\/es\/informes-de-tendencias\/#primaryimage"},"thumbnailUrl":"https:\/\/www.aritco.com\/wp-content\/uploads\/2024\/12\/Trend-report-2025.jpg","datePublished":"2020-12-23T09:24:03+00:00","dateModified":"2025-04-14T16:52:57+00:00","description":"Nuevas innovaciones en tecnolog\u00eda y dise\u00f1o para el hogar y la oficina, con un enfoque sostenible que se esCon el aumento de las facturas de energ\u00eda y el clima extremo causado por el cambio clim\u00e1tico, \u00bfc\u00f3mo podemos adaptar nuestros hogares, apartamentos y oficinas para ahorrar y generar electricidad y ser m\u00e1s resilientes? Lea el informe m\u00e1s recientepera para los pr\u00f3ximos a\u00f1os. Vea y descargue el informe de forma gratuita.","inLanguage":"es","potentialAction":[{"@type":"ReadAction","target":["https:\/\/www.aritco.com\/es\/informes-de-tendencias\/"]}]},{"@type":"ImageObject","inLanguage":"es","@id":"https:\/\/www.aritco.com\/es\/informes-de-tendencias\/#primaryimage","url":"https:\/\/www.aritco.com\/wp-content\/uploads\/2024\/12\/Trend-report-2025.jpg","contentUrl":"https:\/\/www.aritco.com\/wp-content\/uploads\/2024\/12\/Trend-report-2025.jpg","width":598,"height":473},{"@type":"WebSite","@id":"https:\/\/www.aritco.com\/es\/#website","url":"https:\/\/www.aritco.com\/es\/","name":"Aritco","description":"Award-winning lifts for homes and public and commercial use","publisher":{"@id":"https:\/\/www.aritco.com\/es\/#organization"},"potentialAction":[{"@type":"SearchAction","target":{"@type":"EntryPoint","urlTemplate":"https:\/\/www.aritco.com\/es\/?s={search_term_string}"},"query-input":{"@type":"PropertyValueSpecification","valueRequired":true,"valueName":"search_term_string"}}],"inLanguage":"es"},{"@type":"Organization","@id":"https:\/\/www.aritco.com\/es\/#organization","name":"Aritco","url":"https:\/\/www.aritco.com\/es\/","logo":{"@type":"ImageObject","inLanguage":"es","@id":"https:\/\/www.aritco.com\/es\/#\/schema\/logo\/image\/","url":"https:\/\/www.aritco.com\/wp-content\/uploads\/2019\/05\/vertical-3.svg","contentUrl":"https:\/\/www.aritco.com\/wp-content\/uploads\/2019\/05\/vertical-3.svg","width":1,"height":1,"caption":"Aritco"},"image":{"@id":"https:\/\/www.aritco.com\/es\/#\/schema\/logo\/image\/"},"publishingPrinciples":"https:\/\/www.aritco.com\/about-aritco\/"}]}},"_links":{"self":[{"href":"https:\/\/www.aritco.com\/es\/wp-json\/wp\/v2\/pages\/15656","targetHints":{"allow":["GET"]}}],"collection":[{"href":"https:\/\/www.aritco.com\/es\/wp-json\/wp\/v2\/pages"}],"about":[{"href":"https:\/\/www.aritco.com\/es\/wp-json\/wp\/v2\/types\/page"}],"author":[{"embeddable":true,"href":"https:\/\/www.aritco.com\/es\/wp-json\/wp\/v2\/users\/12"}],"replies":[{"embeddable":true,"href":"https:\/\/www.aritco.com\/es\/wp-json\/wp\/v2\/comments?post=15656"}],"version-history":[{"count":3,"href":"https:\/\/www.aritco.com\/es\/wp-json\/wp\/v2\/pages\/15656\/revisions"}],"predecessor-version":[{"id":59538,"href":"https:\/\/www.aritco.com\/es\/wp-json\/wp\/v2\/pages\/15656\/revisions\/59538"}],"wp:featuredmedia":[{"embeddable":true,"href":"https:\/\/www.aritco.com\/es\/wp-json\/wp\/v2\/media\/57972"}],"wp:attachment":[{"href":"https:\/\/www.aritco.com\/es\/wp-json\/wp\/v2\/media?parent=15656"}],"curies":[{"name":"wp","href":"https:\/\/api.w.org\/{rel}","templated":true}]}}