{"id":15599,"date":"2020-07-29T09:23:27","date_gmt":"2020-07-29T07:23:27","guid":{"rendered":"https:\/\/aritco.kumpan.dev\/products\/home-lifts\/designwalls\/"},"modified":"2024-11-04T13:54:55","modified_gmt":"2024-11-04T12:54:55","slug":"designwalls","status":"publish","type":"page","link":"https:\/\/www.aritco.com\/es\/productos\/ascensores-unifamiliares\/designwalls\/","title":{"rendered":"DesignWalls"},"content":{"rendered":"","protected":false},"excerpt":{"rendered":"","protected":false},"author":12,"featured_media":0,"parent":15588,"menu_order":0,"comment_status":"closed","ping_status":"closed","template":"","meta":{"_acf_changed":false,"footnotes":""},"class_list":["post-15599","page","type-page","status-publish","hentry"],"acf":[],"yoast_head":"<!-- This site is optimized with the Yoast SEO Premium plugin v26.6 (Yoast SEO v26.6) - https:\/\/yoast.com\/wordpress\/plugins\/seo\/ -->\n<title>Dise\u00f1a tu ascensor para el hogar - DesignWalls | Aritco<\/title>\n<meta name=\"description\" content=\"Explora el lujoso dise\u00f1o escandinavo en nuestras exclusivas DesignWalls by Alexander Lervik. Especialmente dise\u00f1ado para los ascensores unifamiliares Aritco.\" \/>\n<meta name=\"robots\" content=\"index, follow, max-snippet:-1, max-image-preview:large, max-video-preview:-1\" \/>\n<link rel=\"canonical\" href=\"https:\/\/www.aritco.com\/es\/productos\/ascensores-unifamiliares\/designwalls\/\" \/>\n<meta property=\"og:locale\" content=\"es_ES\" \/>\n<meta property=\"og:type\" content=\"article\" \/>\n<meta property=\"og:title\" content=\"Dise\u00f1a tu ascensor para el hogar - DesignWalls | Aritco\" \/>\n<meta property=\"og:description\" content=\"Explora el lujoso dise\u00f1o escandinavo en nuestras exclusivas DesignWalls by Alexander Lervik. Especialmente dise\u00f1ado para los ascensores unifamiliares Aritco.\" \/>\n<meta property=\"og:url\" content=\"https:\/\/www.aritco.com\/es\/productos\/ascensores-unifamiliares\/designwalls\/\" \/>\n<meta property=\"og:site_name\" content=\"Aritco\" \/>\n<meta property=\"article:modified_time\" content=\"2024-11-04T12:54:55+00:00\" \/>\n<meta property=\"og:image\" content=\"https:\/\/www.aritco.com\/wp-content\/uploads\/2024\/09\/Designwalls-three-scaled.jpg\" \/>\n\t<meta property=\"og:image:width\" content=\"2560\" \/>\n\t<meta property=\"og:image:height\" content=\"1200\" \/>\n\t<meta property=\"og:image:type\" content=\"image\/jpeg\" \/>\n<meta name=\"twitter:card\" content=\"summary_large_image\" \/>\n<meta name=\"twitter:title\" content=\"Dise\u00f1a tu ascensor para el hogar - DesignWalls | Aritco\" \/>\n<meta name=\"twitter:description\" content=\"Explora el lujoso dise\u00f1o escandinavo en nuestras exclusivas DesignWalls by Alexander Lervik. Especialmente dise\u00f1ado para los ascensores unifamiliares Aritco.\" \/>\n<meta name=\"twitter:image\" content=\"https:\/\/www.aritco.com\/wp-content\/uploads\/2024\/09\/Designwalls-three-scaled.jpg\" \/>\n<script type=\"application\/ld+json\" class=\"yoast-schema-graph\">{\"@context\":\"https:\/\/schema.org\",\"@graph\":[{\"@type\":\"WebPage\",\"@id\":\"https:\/\/www.aritco.com\/es\/productos\/ascensores-unifamiliares\/designwalls\/\",\"url\":\"https:\/\/www.aritco.com\/es\/productos\/ascensores-unifamiliares\/designwalls\/\",\"name\":\"Dise\u00f1a tu ascensor para el hogar - DesignWalls | Aritco\",\"isPartOf\":{\"@id\":\"https:\/\/www.aritco.com\/es\/#website\"},\"datePublished\":\"2020-07-29T07:23:27+00:00\",\"dateModified\":\"2024-11-04T12:54:55+00:00\",\"description\":\"Explora el lujoso dise\u00f1o escandinavo en nuestras exclusivas DesignWalls by Alexander Lervik. Especialmente dise\u00f1ado para los ascensores unifamiliares Aritco.\",\"breadcrumb\":{\"@id\":\"https:\/\/www.aritco.com\/es\/productos\/ascensores-unifamiliares\/designwalls\/#breadcrumb\"},\"inLanguage\":\"es\",\"potentialAction\":[{\"@type\":\"ReadAction\",\"target\":[\"https:\/\/www.aritco.com\/es\/productos\/ascensores-unifamiliares\/designwalls\/\"]}]},{\"@type\":\"BreadcrumbList\",\"@id\":\"https:\/\/www.aritco.com\/es\/productos\/ascensores-unifamiliares\/designwalls\/#breadcrumb\",\"itemListElement\":[{\"@type\":\"ListItem\",\"position\":1,\"name\":\"Productos\",\"item\":\"https:\/\/www.aritco.com\/es\/productos\/\"},{\"@type\":\"ListItem\",\"position\":2,\"name\":\"Ascensores unifamiliares\",\"item\":\"https:\/\/www.aritco.com\/es\/productos\/ascensores-unifamiliares\/\"},{\"@type\":\"ListItem\",\"position\":3,\"name\":\"DesignWalls\"}]},{\"@type\":\"WebSite\",\"@id\":\"https:\/\/www.aritco.com\/es\/#website\",\"url\":\"https:\/\/www.aritco.com\/es\/\",\"name\":\"Aritco\",\"description\":\"Award-winning lifts for homes and public and commercial use\",\"publisher\":{\"@id\":\"https:\/\/www.aritco.com\/es\/#organization\"},\"potentialAction\":[{\"@type\":\"SearchAction\",\"target\":{\"@type\":\"EntryPoint\",\"urlTemplate\":\"https:\/\/www.aritco.com\/es\/?s={search_term_string}\"},\"query-input\":{\"@type\":\"PropertyValueSpecification\",\"valueRequired\":true,\"valueName\":\"search_term_string\"}}],\"inLanguage\":\"es\"},{\"@type\":\"Organization\",\"@id\":\"https:\/\/www.aritco.com\/es\/#organization\",\"name\":\"Aritco\",\"url\":\"https:\/\/www.aritco.com\/es\/\",\"logo\":{\"@type\":\"ImageObject\",\"inLanguage\":\"es\",\"@id\":\"https:\/\/www.aritco.com\/es\/#\/schema\/logo\/image\/\",\"url\":\"https:\/\/www.aritco.com\/wp-content\/uploads\/2019\/05\/vertical-3.svg\",\"contentUrl\":\"https:\/\/www.aritco.com\/wp-content\/uploads\/2019\/05\/vertical-3.svg\",\"width\":1,\"height\":1,\"caption\":\"Aritco\"},\"image\":{\"@id\":\"https:\/\/www.aritco.com\/es\/#\/schema\/logo\/image\/\"},\"publishingPrinciples\":\"https:\/\/www.aritco.com\/about-aritco\/\"}]}<\/script>\n<!-- \/ Yoast SEO Premium plugin. -->","yoast_head_json":{"title":"Dise\u00f1a tu ascensor para el hogar - DesignWalls | Aritco","description":"Explora el lujoso dise\u00f1o escandinavo en nuestras exclusivas DesignWalls by Alexander Lervik. Especialmente dise\u00f1ado para los ascensores unifamiliares Aritco.","robots":{"index":"index","follow":"follow","max-snippet":"max-snippet:-1","max-image-preview":"max-image-preview:large","max-video-preview":"max-video-preview:-1"},"canonical":"https:\/\/www.aritco.com\/es\/productos\/ascensores-unifamiliares\/designwalls\/","og_locale":"es_ES","og_type":"article","og_title":"Dise\u00f1a tu ascensor para el hogar - DesignWalls | Aritco","og_description":"Explora el lujoso dise\u00f1o escandinavo en nuestras exclusivas DesignWalls by Alexander Lervik. Especialmente dise\u00f1ado para los ascensores unifamiliares Aritco.","og_url":"https:\/\/www.aritco.com\/es\/productos\/ascensores-unifamiliares\/designwalls\/","og_site_name":"Aritco","article_modified_time":"2024-11-04T12:54:55+00:00","og_image":[{"width":2560,"height":1200,"url":"https:\/\/www.aritco.com\/wp-content\/uploads\/2024\/09\/Designwalls-three-scaled.jpg","type":"image\/jpeg"}],"twitter_card":"summary_large_image","twitter_title":"Dise\u00f1a tu ascensor para el hogar - DesignWalls | Aritco","twitter_description":"Explora el lujoso dise\u00f1o escandinavo en nuestras exclusivas DesignWalls by Alexander Lervik. Especialmente dise\u00f1ado para los ascensores unifamiliares Aritco.","twitter_image":"https:\/\/www.aritco.com\/wp-content\/uploads\/2024\/09\/Designwalls-three-scaled.jpg","schema":{"@context":"https:\/\/schema.org","@graph":[{"@type":"WebPage","@id":"https:\/\/www.aritco.com\/es\/productos\/ascensores-unifamiliares\/designwalls\/","url":"https:\/\/www.aritco.com\/es\/productos\/ascensores-unifamiliares\/designwalls\/","name":"Dise\u00f1a tu ascensor para el hogar - DesignWalls | Aritco","isPartOf":{"@id":"https:\/\/www.aritco.com\/es\/#website"},"datePublished":"2020-07-29T07:23:27+00:00","dateModified":"2024-11-04T12:54:55+00:00","description":"Explora el lujoso dise\u00f1o escandinavo en nuestras exclusivas DesignWalls by Alexander Lervik. Especialmente dise\u00f1ado para los ascensores unifamiliares Aritco.","breadcrumb":{"@id":"https:\/\/www.aritco.com\/es\/productos\/ascensores-unifamiliares\/designwalls\/#breadcrumb"},"inLanguage":"es","potentialAction":[{"@type":"ReadAction","target":["https:\/\/www.aritco.com\/es\/productos\/ascensores-unifamiliares\/designwalls\/"]}]},{"@type":"BreadcrumbList","@id":"https:\/\/www.aritco.com\/es\/productos\/ascensores-unifamiliares\/designwalls\/#breadcrumb","itemListElement":[{"@type":"ListItem","position":1,"name":"Productos","item":"https:\/\/www.aritco.com\/es\/productos\/"},{"@type":"ListItem","position":2,"name":"Ascensores unifamiliares","item":"https:\/\/www.aritco.com\/es\/productos\/ascensores-unifamiliares\/"},{"@type":"ListItem","position":3,"name":"DesignWalls"}]},{"@type":"WebSite","@id":"https:\/\/www.aritco.com\/es\/#website","url":"https:\/\/www.aritco.com\/es\/","name":"Aritco","description":"Award-winning lifts for homes and public and commercial use","publisher":{"@id":"https:\/\/www.aritco.com\/es\/#organization"},"potentialAction":[{"@type":"SearchAction","target":{"@type":"EntryPoint","urlTemplate":"https:\/\/www.aritco.com\/es\/?s={search_term_string}"},"query-input":{"@type":"PropertyValueSpecification","valueRequired":true,"valueName":"search_term_string"}}],"inLanguage":"es"},{"@type":"Organization","@id":"https:\/\/www.aritco.com\/es\/#organization","name":"Aritco","url":"https:\/\/www.aritco.com\/es\/","logo":{"@type":"ImageObject","inLanguage":"es","@id":"https:\/\/www.aritco.com\/es\/#\/schema\/logo\/image\/","url":"https:\/\/www.aritco.com\/wp-content\/uploads\/2019\/05\/vertical-3.svg","contentUrl":"https:\/\/www.aritco.com\/wp-content\/uploads\/2019\/05\/vertical-3.svg","width":1,"height":1,"caption":"Aritco"},"image":{"@id":"https:\/\/www.aritco.com\/es\/#\/schema\/logo\/image\/"},"publishingPrinciples":"https:\/\/www.aritco.com\/about-aritco\/"}]}},"_links":{"self":[{"href":"https:\/\/www.aritco.com\/es\/wp-json\/wp\/v2\/pages\/15599","targetHints":{"allow":["GET"]}}],"collection":[{"href":"https:\/\/www.aritco.com\/es\/wp-json\/wp\/v2\/pages"}],"about":[{"href":"https:\/\/www.aritco.com\/es\/wp-json\/wp\/v2\/types\/page"}],"author":[{"embeddable":true,"href":"https:\/\/www.aritco.com\/es\/wp-json\/wp\/v2\/users\/12"}],"replies":[{"embeddable":true,"href":"https:\/\/www.aritco.com\/es\/wp-json\/wp\/v2\/comments?post=15599"}],"version-history":[{"count":7,"href":"https:\/\/www.aritco.com\/es\/wp-json\/wp\/v2\/pages\/15599\/revisions"}],"predecessor-version":[{"id":57688,"href":"https:\/\/www.aritco.com\/es\/wp-json\/wp\/v2\/pages\/15599\/revisions\/57688"}],"up":[{"embeddable":true,"href":"https:\/\/www.aritco.com\/es\/wp-json\/wp\/v2\/pages\/15588"}],"wp:attachment":[{"href":"https:\/\/www.aritco.com\/es\/wp-json\/wp\/v2\/media?parent=15599"}],"curies":[{"name":"wp","href":"https:\/\/api.w.org\/{rel}","templated":true}]}}