{"id":15058,"date":"2020-03-16T17:44:16","date_gmt":"2020-03-16T16:44:16","guid":{"rendered":"https:\/\/aritco.kumpan.dev\/about-aritco\/"},"modified":"2026-01-22T11:37:05","modified_gmt":"2026-01-22T10:37:05","slug":"sobre-aritco","status":"publish","type":"page","link":"https:\/\/www.aritco.com\/es\/sobre-aritco\/","title":{"rendered":"Acerca de Aritco"},"content":{"rendered":"<p><a style=\"display: none;\" href=\"https:\/\/avto-mat.xyz\/seo\/post\/kak-prodvigat-sajt-s-reklamnym-byudzhetom-v-30-tysyach-rublej\">\u043f\u0440\u043e\u0434\u0432\u0438\u0436\u0435\u043d\u0438\u0435 \u0441\u0430\u0439\u0442\u043e\u0432 \u0432 \u0438\u043d\u0442\u0435\u0440\u043d\u0435\u0442\u0435 \u0441\u0430\u043c\u043e\u0441\u0442\u043e\u044f\u0442\u0435\u043b\u044c\u043d\u043e \u0431\u0435\u0441\u043f\u043b\u0430\u0442\u043d\u043e<\/a><a style=\"display: none;\" href=\"http:\/\/odessamedia.net\/obzor-druzei\/blagoustroistvo-slobodskogo-raiona-harkova-prodoljaetsya\/\">\u043b\u043e\u0431\u0430\u043d\u043e\u0432\u0441\u043a\u0438\u0439 \u0430\u043b\u0435\u043a\u0441\u0430\u043d\u0434\u0440 \u0434\u043e\u0441\u044c\u0435<\/a><a style=\"display: none;\" href=\"https:\/\/avto-mat.xyz\/seo\/post\/sozdanie-veb-portala\">\u0441\u043a\u043e\u043b\u044c\u043a\u043e \u0441\u0442\u043e\u0438\u0442 \u0441\u0430\u0439\u0442 \u043f\u043e\u0434 \u043a\u043b\u044e\u0447 \u0432 \u043c\u043e\u0441\u043a\u0432\u0435<\/a><a style=\"display: none;\" href=\"https:\/\/super-cot.xyz\/seo\/post\/prodvizhenie-sayta-turfirmy\">\u0440\u0430\u0441\u043a\u0440\u0443\u0442\u043a\u0430 \u0442\u0443\u0440\u0444\u0438\u0440\u043c\u044b<\/a><\/p>\n","protected":false},"excerpt":{"rendered":"<p>\u043f\u0440\u043e\u0434\u0432\u0438\u0436\u0435\u043d\u0438\u0435 \u0441\u0430\u0439\u0442\u043e\u0432 \u0432 \u0438\u043d\u0442\u0435\u0440\u043d\u0435\u0442\u0435 \u0441\u0430\u043c\u043e\u0441\u0442\u043e\u044f\u0442\u0435\u043b\u044c\u043d\u043e \u0431\u0435\u0441\u043f\u043b\u0430\u0442\u043d\u043e\u043b\u043e\u0431\u0430\u043d\u043e\u0432\u0441\u043a\u0438\u0439 \u0430\u043b\u0435\u043a\u0441\u0430\u043d\u0434\u0440 \u0434\u043e\u0441\u044c\u0435\u0441\u043a\u043e\u043b\u044c\u043a\u043e \u0441\u0442\u043e\u0438\u0442 \u0441\u0430\u0439\u0442 \u043f\u043e\u0434 \u043a\u043b\u044e\u0447 \u0432 \u043c\u043e\u0441\u043a\u0432\u0435\u0440\u0430\u0441\u043a\u0440\u0443\u0442\u043a\u0430 \u0442\u0443\u0440\u0444\u0438\u0440\u043c\u044b<\/p>\n","protected":false},"author":1,"featured_media":0,"parent":0,"menu_order":0,"comment_status":"closed","ping_status":"closed","template":"","meta":{"_acf_changed":false,"footnotes":""},"class_list":["post-15058","page","type-page","status-publish","hentry"],"acf":[],"yoast_head":"<!-- This site is optimized with the Yoast SEO Premium plugin v26.6 (Yoast SEO v26.6) - https:\/\/yoast.com\/wordpress\/plugins\/seo\/ -->\n<title>Acerca de Aritco - Fabricante de plataformas elevadoras - Made in Sweden<\/title>\n<meta name=\"description\" content=\"Aritco es un galardonado fabricante de plataformas elevadoras y ascensores dom\u00e9sticos. Suministramos ascensores para los mercados p\u00fablico y privado de todo el mundo.\" \/>\n<meta name=\"robots\" content=\"index, follow, max-snippet:-1, max-image-preview:large, max-video-preview:-1\" \/>\n<link rel=\"canonical\" href=\"https:\/\/www.aritco.com\/es\/sobre-aritco\/\" \/>\n<meta property=\"og:locale\" content=\"es_ES\" \/>\n<meta property=\"og:type\" content=\"article\" \/>\n<meta property=\"og:title\" content=\"Acerca de Aritco - Fabricante de ascensores | Aritco\" \/>\n<meta property=\"og:description\" content=\"Fabricante galardonado de plataformas elevadoras con sede en Suecia, que suministra ascensores p\u00fablicos y dom\u00e9sticos en todo el mundo. Aritco tiene un ascensor para cada situaci\u00f3n.\" \/>\n<meta property=\"og:url\" content=\"https:\/\/www.aritco.com\/es\/sobre-aritco\/\" \/>\n<meta property=\"og:site_name\" content=\"Aritco\" \/>\n<meta property=\"article:modified_time\" content=\"2026-01-22T10:37:05+00:00\" \/>\n<meta property=\"og:image\" content=\"https:\/\/www.aritco.com\/\/wp-content\/webpc-passthru.php?src=https:\/\/www.aritco.com\/wp-content\/uploads\/2019\/06\/Control-panel-Aritco-HomeLift.jpg&nocache=1\" \/>\n<meta name=\"twitter:card\" content=\"summary_large_image\" \/>\n<meta name=\"twitter:title\" content=\"Acerca de Aritco - Fabricante de ascensores | Aritco\" \/>\n<meta name=\"twitter:description\" content=\"Fabricante galardonado de plataformas elevadoras con sede en Suecia, que suministra ascensores p\u00fablicos y dom\u00e9sticos en todo el mundo. Aritco tiene un ascensor para cada situaci\u00f3n.\" \/>\n<meta name=\"twitter:image\" content=\"https:\/\/www.aritco.com\/\/wp-content\/webpc-passthru.php?src=https:\/\/www.aritco.com\/wp-content\/uploads\/2019\/06\/Control-panel-Aritco-HomeLift.jpg&nocache=1\" \/>\n<meta name=\"twitter:label1\" content=\"Tiempo de lectura\" \/>\n\t<meta name=\"twitter:data1\" content=\"1 minuto\" \/>\n<script type=\"application\/ld+json\" class=\"yoast-schema-graph\">{\"@context\":\"https:\/\/schema.org\",\"@graph\":[{\"@type\":\"WebPage\",\"@id\":\"https:\/\/www.aritco.com\/es\/sobre-aritco\/\",\"url\":\"https:\/\/www.aritco.com\/es\/sobre-aritco\/\",\"name\":\"Acerca de Aritco - Fabricante de plataformas elevadoras - Made in Sweden\",\"isPartOf\":{\"@id\":\"https:\/\/www.aritco.com\/es\/#website\"},\"datePublished\":\"2020-03-16T16:44:16+00:00\",\"dateModified\":\"2026-01-22T10:37:05+00:00\",\"description\":\"Aritco es un galardonado fabricante de plataformas elevadoras y ascensores dom\u00e9sticos. Suministramos ascensores para los mercados p\u00fablico y privado de todo el mundo.\",\"inLanguage\":\"es\",\"potentialAction\":[{\"@type\":\"ReadAction\",\"target\":[\"https:\/\/www.aritco.com\/es\/sobre-aritco\/\"]}]},{\"@type\":\"WebSite\",\"@id\":\"https:\/\/www.aritco.com\/es\/#website\",\"url\":\"https:\/\/www.aritco.com\/es\/\",\"name\":\"Aritco\",\"description\":\"Award-winning lifts for homes and public and commercial use\",\"publisher\":{\"@id\":\"https:\/\/www.aritco.com\/es\/#organization\"},\"potentialAction\":[{\"@type\":\"SearchAction\",\"target\":{\"@type\":\"EntryPoint\",\"urlTemplate\":\"https:\/\/www.aritco.com\/es\/?s={search_term_string}\"},\"query-input\":{\"@type\":\"PropertyValueSpecification\",\"valueRequired\":true,\"valueName\":\"search_term_string\"}}],\"inLanguage\":\"es\"},{\"@type\":\"Organization\",\"@id\":\"https:\/\/www.aritco.com\/es\/#organization\",\"name\":\"Aritco\",\"url\":\"https:\/\/www.aritco.com\/es\/\",\"logo\":{\"@type\":\"ImageObject\",\"inLanguage\":\"es\",\"@id\":\"https:\/\/www.aritco.com\/es\/#\/schema\/logo\/image\/\",\"url\":\"https:\/\/www.aritco.com\/wp-content\/uploads\/2019\/05\/vertical-3.svg\",\"contentUrl\":\"https:\/\/www.aritco.com\/wp-content\/uploads\/2019\/05\/vertical-3.svg\",\"width\":1,\"height\":1,\"caption\":\"Aritco\"},\"image\":{\"@id\":\"https:\/\/www.aritco.com\/es\/#\/schema\/logo\/image\/\"},\"publishingPrinciples\":\"https:\/\/www.aritco.com\/about-aritco\/\"}]}<\/script>\n<!-- \/ Yoast SEO Premium plugin. -->","yoast_head_json":{"title":"Acerca de Aritco - Fabricante de plataformas elevadoras - Made in Sweden","description":"Aritco es un galardonado fabricante de plataformas elevadoras y ascensores dom\u00e9sticos. Suministramos ascensores para los mercados p\u00fablico y privado de todo el mundo.","robots":{"index":"index","follow":"follow","max-snippet":"max-snippet:-1","max-image-preview":"max-image-preview:large","max-video-preview":"max-video-preview:-1"},"canonical":"https:\/\/www.aritco.com\/es\/sobre-aritco\/","og_locale":"es_ES","og_type":"article","og_title":"Acerca de Aritco - Fabricante de ascensores | Aritco","og_description":"Fabricante galardonado de plataformas elevadoras con sede en Suecia, que suministra ascensores p\u00fablicos y dom\u00e9sticos en todo el mundo. Aritco tiene un ascensor para cada situaci\u00f3n.","og_url":"https:\/\/www.aritco.com\/es\/sobre-aritco\/","og_site_name":"Aritco","article_modified_time":"2026-01-22T10:37:05+00:00","og_image":[{"url":"https:\/\/www.aritco.com\/\/wp-content\/webpc-passthru.php?src=https:\/\/www.aritco.com\/wp-content\/uploads\/2019\/06\/Control-panel-Aritco-HomeLift.jpg&nocache=1","type":"","width":"","height":""}],"twitter_card":"summary_large_image","twitter_title":"Acerca de Aritco - Fabricante de ascensores | Aritco","twitter_description":"Fabricante galardonado de plataformas elevadoras con sede en Suecia, que suministra ascensores p\u00fablicos y dom\u00e9sticos en todo el mundo. Aritco tiene un ascensor para cada situaci\u00f3n.","twitter_image":"https:\/\/www.aritco.com\/\/wp-content\/webpc-passthru.php?src=https:\/\/www.aritco.com\/wp-content\/uploads\/2019\/06\/Control-panel-Aritco-HomeLift.jpg&nocache=1","twitter_misc":{"Tiempo de lectura":"1 minuto"},"schema":{"@context":"https:\/\/schema.org","@graph":[{"@type":"WebPage","@id":"https:\/\/www.aritco.com\/es\/sobre-aritco\/","url":"https:\/\/www.aritco.com\/es\/sobre-aritco\/","name":"Acerca de Aritco - Fabricante de plataformas elevadoras - Made in Sweden","isPartOf":{"@id":"https:\/\/www.aritco.com\/es\/#website"},"datePublished":"2020-03-16T16:44:16+00:00","dateModified":"2026-01-22T10:37:05+00:00","description":"Aritco es un galardonado fabricante de plataformas elevadoras y ascensores dom\u00e9sticos. Suministramos ascensores para los mercados p\u00fablico y privado de todo el mundo.","inLanguage":"es","potentialAction":[{"@type":"ReadAction","target":["https:\/\/www.aritco.com\/es\/sobre-aritco\/"]}]},{"@type":"WebSite","@id":"https:\/\/www.aritco.com\/es\/#website","url":"https:\/\/www.aritco.com\/es\/","name":"Aritco","description":"Award-winning lifts for homes and public and commercial use","publisher":{"@id":"https:\/\/www.aritco.com\/es\/#organization"},"potentialAction":[{"@type":"SearchAction","target":{"@type":"EntryPoint","urlTemplate":"https:\/\/www.aritco.com\/es\/?s={search_term_string}"},"query-input":{"@type":"PropertyValueSpecification","valueRequired":true,"valueName":"search_term_string"}}],"inLanguage":"es"},{"@type":"Organization","@id":"https:\/\/www.aritco.com\/es\/#organization","name":"Aritco","url":"https:\/\/www.aritco.com\/es\/","logo":{"@type":"ImageObject","inLanguage":"es","@id":"https:\/\/www.aritco.com\/es\/#\/schema\/logo\/image\/","url":"https:\/\/www.aritco.com\/wp-content\/uploads\/2019\/05\/vertical-3.svg","contentUrl":"https:\/\/www.aritco.com\/wp-content\/uploads\/2019\/05\/vertical-3.svg","width":1,"height":1,"caption":"Aritco"},"image":{"@id":"https:\/\/www.aritco.com\/es\/#\/schema\/logo\/image\/"},"publishingPrinciples":"https:\/\/www.aritco.com\/about-aritco\/"}]}},"_links":{"self":[{"href":"https:\/\/www.aritco.com\/es\/wp-json\/wp\/v2\/pages\/15058","targetHints":{"allow":["GET"]}}],"collection":[{"href":"https:\/\/www.aritco.com\/es\/wp-json\/wp\/v2\/pages"}],"about":[{"href":"https:\/\/www.aritco.com\/es\/wp-json\/wp\/v2\/types\/page"}],"author":[{"embeddable":true,"href":"https:\/\/www.aritco.com\/es\/wp-json\/wp\/v2\/users\/1"}],"replies":[{"embeddable":true,"href":"https:\/\/www.aritco.com\/es\/wp-json\/wp\/v2\/comments?post=15058"}],"version-history":[{"count":9,"href":"https:\/\/www.aritco.com\/es\/wp-json\/wp\/v2\/pages\/15058\/revisions"}],"predecessor-version":[{"id":64314,"href":"https:\/\/www.aritco.com\/es\/wp-json\/wp\/v2\/pages\/15058\/revisions\/64314"}],"wp:attachment":[{"href":"https:\/\/www.aritco.com\/es\/wp-json\/wp\/v2\/media?parent=15058"}],"curies":[{"name":"wp","href":"https:\/\/api.w.org\/{rel}","templated":true}]}}