{"id":15056,"date":"2019-03-13T14:26:54","date_gmt":"2019-03-13T13:26:54","guid":{"rendered":"https:\/\/aritco.kumpan.dev\/home\/"},"modified":"2026-01-22T11:56:31","modified_gmt":"2026-01-22T10:56:31","slug":"home","status":"publish","type":"page","link":"https:\/\/www.aritco.com\/es\/","title":{"rendered":"Home"},"content":{"rendered":"","protected":false},"excerpt":{"rendered":"","protected":false},"author":1,"featured_media":58060,"parent":0,"menu_order":0,"comment_status":"closed","ping_status":"closed","template":"","meta":{"_acf_changed":false,"footnotes":""},"class_list":["post-15056","page","type-page","status-publish","has-post-thumbnail","hentry"],"acf":[],"yoast_head":"<!-- This site is optimized with the Yoast SEO Premium plugin v26.6 (Yoast SEO v26.6) - https:\/\/yoast.com\/wordpress\/plugins\/seo\/ -->\n<title>Ascensores para viviendas unifamiliares - Aritco<\/title>\n<meta name=\"description\" content=\"Dise\u00f1amos y fabricamos ascensores para viviendas unifamiliares, locales comerciales y pisos d\u00faplex. Ascensores sin foso y f\u00e1ciles de instalar\" \/>\n<meta name=\"robots\" content=\"index, follow, max-snippet:-1, max-image-preview:large, max-video-preview:-1\" \/>\n<link rel=\"canonical\" href=\"https:\/\/www.aritco.com\/es\/\" \/>\n<meta property=\"og:locale\" content=\"es_ES\" \/>\n<meta property=\"og:type\" content=\"article\" \/>\n<meta property=\"og:title\" content=\"Award-winning manufacturer of platform lifts and home elevators | Aritco\" \/>\n<meta property=\"og:description\" content=\"Aritco has an elevator for every situation, whether it\u2019s a shopping mall, a home, a church, an office, or any other place. Welcome to a world of possibilities.\" \/>\n<meta property=\"og:url\" content=\"https:\/\/www.aritco.com\/es\/\" \/>\n<meta property=\"og:site_name\" content=\"Aritco\" \/>\n<meta property=\"article:modified_time\" content=\"2026-01-22T10:56:31+00:00\" \/>\n<meta property=\"og:image\" content=\"https:\/\/www.aritco.com\/wp-content\/uploads\/2024\/12\/Aritco-HomeLift-S5-Marbella-2-36-hero-scaled.jpg\" \/>\n\t<meta property=\"og:image:width\" content=\"2560\" \/>\n\t<meta property=\"og:image:height\" content=\"1703\" \/>\n\t<meta property=\"og:image:type\" content=\"image\/jpeg\" \/>\n<meta name=\"twitter:card\" content=\"summary_large_image\" \/>\n<meta name=\"twitter:title\" content=\"Award-winning manufacturer of platform lifts and home elevators | Aritco\" \/>\n<meta name=\"twitter:description\" content=\"Aritco has an elevator for every situation, whether it\u2019s a shopping mall, a home, a church, an office, or any other place. Welcome to a world of possibilities.\" \/>\n<meta name=\"twitter:image\" content=\"https:\/\/www.aritco.com\/wp-content\/uploads\/2024\/12\/Aritco-HomeLift-S5-Marbella-2-36-hero-scaled.jpg\" \/>\n<meta name=\"twitter:label1\" content=\"Tiempo de lectura\" \/>\n\t<meta name=\"twitter:data1\" content=\"1 minuto\" \/>\n<script type=\"application\/ld+json\" class=\"yoast-schema-graph\">{\"@context\":\"https:\/\/schema.org\",\"@graph\":[{\"@type\":\"WebPage\",\"@id\":\"https:\/\/www.aritco.com\/es\/\",\"url\":\"https:\/\/www.aritco.com\/es\/\",\"name\":\"Ascensores para viviendas unifamiliares - Aritco\",\"isPartOf\":{\"@id\":\"https:\/\/www.aritco.com\/es\/#website\"},\"primaryImageOfPage\":{\"@id\":\"https:\/\/www.aritco.com\/es\/#primaryimage\"},\"image\":{\"@id\":\"https:\/\/www.aritco.com\/es\/#primaryimage\"},\"thumbnailUrl\":\"https:\/\/www.aritco.com\/wp-content\/uploads\/2024\/12\/Aritco-HomeLift-S5-Marbella-2-36-hero-scaled.jpg\",\"datePublished\":\"2019-03-13T13:26:54+00:00\",\"dateModified\":\"2026-01-22T10:56:31+00:00\",\"description\":\"Dise\u00f1amos y fabricamos ascensores para viviendas unifamiliares, locales comerciales y pisos d\u00faplex. Ascensores sin foso y f\u00e1ciles de instalar\",\"inLanguage\":\"es\",\"potentialAction\":[{\"@type\":\"ReadAction\",\"target\":[\"https:\/\/www.aritco.com\/es\/\"]}]},{\"@type\":\"ImageObject\",\"inLanguage\":\"es\",\"@id\":\"https:\/\/www.aritco.com\/es\/#primaryimage\",\"url\":\"https:\/\/www.aritco.com\/wp-content\/uploads\/2024\/12\/Aritco-HomeLift-S5-Marbella-2-36-hero-scaled.jpg\",\"contentUrl\":\"https:\/\/www.aritco.com\/wp-content\/uploads\/2024\/12\/Aritco-HomeLift-S5-Marbella-2-36-hero-scaled.jpg\",\"width\":2560,\"height\":1703},{\"@type\":\"WebSite\",\"@id\":\"https:\/\/www.aritco.com\/es\/#website\",\"url\":\"https:\/\/www.aritco.com\/es\/\",\"name\":\"Aritco\",\"description\":\"Award-winning lifts for homes and public and commercial use\",\"publisher\":{\"@id\":\"https:\/\/www.aritco.com\/es\/#organization\"},\"potentialAction\":[{\"@type\":\"SearchAction\",\"target\":{\"@type\":\"EntryPoint\",\"urlTemplate\":\"https:\/\/www.aritco.com\/es\/?s={search_term_string}\"},\"query-input\":{\"@type\":\"PropertyValueSpecification\",\"valueRequired\":true,\"valueName\":\"search_term_string\"}}],\"inLanguage\":\"es\"},{\"@type\":\"Organization\",\"@id\":\"https:\/\/www.aritco.com\/es\/#organization\",\"name\":\"Aritco\",\"url\":\"https:\/\/www.aritco.com\/es\/\",\"logo\":{\"@type\":\"ImageObject\",\"inLanguage\":\"es\",\"@id\":\"https:\/\/www.aritco.com\/es\/#\/schema\/logo\/image\/\",\"url\":\"https:\/\/www.aritco.com\/wp-content\/uploads\/2019\/05\/vertical-3.svg\",\"contentUrl\":\"https:\/\/www.aritco.com\/wp-content\/uploads\/2019\/05\/vertical-3.svg\",\"width\":1,\"height\":1,\"caption\":\"Aritco\"},\"image\":{\"@id\":\"https:\/\/www.aritco.com\/es\/#\/schema\/logo\/image\/\"},\"publishingPrinciples\":\"https:\/\/www.aritco.com\/about-aritco\/\"}]}<\/script>\n<!-- \/ Yoast SEO Premium plugin. -->","yoast_head_json":{"title":"Ascensores para viviendas unifamiliares - Aritco","description":"Dise\u00f1amos y fabricamos ascensores para viviendas unifamiliares, locales comerciales y pisos d\u00faplex. Ascensores sin foso y f\u00e1ciles de instalar","robots":{"index":"index","follow":"follow","max-snippet":"max-snippet:-1","max-image-preview":"max-image-preview:large","max-video-preview":"max-video-preview:-1"},"canonical":"https:\/\/www.aritco.com\/es\/","og_locale":"es_ES","og_type":"article","og_title":"Award-winning manufacturer of platform lifts and home elevators | Aritco","og_description":"Aritco has an elevator for every situation, whether it\u2019s a shopping mall, a home, a church, an office, or any other place. Welcome to a world of possibilities.","og_url":"https:\/\/www.aritco.com\/es\/","og_site_name":"Aritco","article_modified_time":"2026-01-22T10:56:31+00:00","og_image":[{"width":2560,"height":1703,"url":"https:\/\/www.aritco.com\/wp-content\/uploads\/2024\/12\/Aritco-HomeLift-S5-Marbella-2-36-hero-scaled.jpg","type":"image\/jpeg"}],"twitter_card":"summary_large_image","twitter_title":"Award-winning manufacturer of platform lifts and home elevators | Aritco","twitter_description":"Aritco has an elevator for every situation, whether it\u2019s a shopping mall, a home, a church, an office, or any other place. Welcome to a world of possibilities.","twitter_image":"https:\/\/www.aritco.com\/wp-content\/uploads\/2024\/12\/Aritco-HomeLift-S5-Marbella-2-36-hero-scaled.jpg","twitter_misc":{"Tiempo de lectura":"1 minuto"},"schema":{"@context":"https:\/\/schema.org","@graph":[{"@type":"WebPage","@id":"https:\/\/www.aritco.com\/es\/","url":"https:\/\/www.aritco.com\/es\/","name":"Ascensores para viviendas unifamiliares - Aritco","isPartOf":{"@id":"https:\/\/www.aritco.com\/es\/#website"},"primaryImageOfPage":{"@id":"https:\/\/www.aritco.com\/es\/#primaryimage"},"image":{"@id":"https:\/\/www.aritco.com\/es\/#primaryimage"},"thumbnailUrl":"https:\/\/www.aritco.com\/wp-content\/uploads\/2024\/12\/Aritco-HomeLift-S5-Marbella-2-36-hero-scaled.jpg","datePublished":"2019-03-13T13:26:54+00:00","dateModified":"2026-01-22T10:56:31+00:00","description":"Dise\u00f1amos y fabricamos ascensores para viviendas unifamiliares, locales comerciales y pisos d\u00faplex. Ascensores sin foso y f\u00e1ciles de instalar","inLanguage":"es","potentialAction":[{"@type":"ReadAction","target":["https:\/\/www.aritco.com\/es\/"]}]},{"@type":"ImageObject","inLanguage":"es","@id":"https:\/\/www.aritco.com\/es\/#primaryimage","url":"https:\/\/www.aritco.com\/wp-content\/uploads\/2024\/12\/Aritco-HomeLift-S5-Marbella-2-36-hero-scaled.jpg","contentUrl":"https:\/\/www.aritco.com\/wp-content\/uploads\/2024\/12\/Aritco-HomeLift-S5-Marbella-2-36-hero-scaled.jpg","width":2560,"height":1703},{"@type":"WebSite","@id":"https:\/\/www.aritco.com\/es\/#website","url":"https:\/\/www.aritco.com\/es\/","name":"Aritco","description":"Award-winning lifts for homes and public and commercial use","publisher":{"@id":"https:\/\/www.aritco.com\/es\/#organization"},"potentialAction":[{"@type":"SearchAction","target":{"@type":"EntryPoint","urlTemplate":"https:\/\/www.aritco.com\/es\/?s={search_term_string}"},"query-input":{"@type":"PropertyValueSpecification","valueRequired":true,"valueName":"search_term_string"}}],"inLanguage":"es"},{"@type":"Organization","@id":"https:\/\/www.aritco.com\/es\/#organization","name":"Aritco","url":"https:\/\/www.aritco.com\/es\/","logo":{"@type":"ImageObject","inLanguage":"es","@id":"https:\/\/www.aritco.com\/es\/#\/schema\/logo\/image\/","url":"https:\/\/www.aritco.com\/wp-content\/uploads\/2019\/05\/vertical-3.svg","contentUrl":"https:\/\/www.aritco.com\/wp-content\/uploads\/2019\/05\/vertical-3.svg","width":1,"height":1,"caption":"Aritco"},"image":{"@id":"https:\/\/www.aritco.com\/es\/#\/schema\/logo\/image\/"},"publishingPrinciples":"https:\/\/www.aritco.com\/about-aritco\/"}]}},"_links":{"self":[{"href":"https:\/\/www.aritco.com\/es\/wp-json\/wp\/v2\/pages\/15056","targetHints":{"allow":["GET"]}}],"collection":[{"href":"https:\/\/www.aritco.com\/es\/wp-json\/wp\/v2\/pages"}],"about":[{"href":"https:\/\/www.aritco.com\/es\/wp-json\/wp\/v2\/types\/page"}],"author":[{"embeddable":true,"href":"https:\/\/www.aritco.com\/es\/wp-json\/wp\/v2\/users\/1"}],"replies":[{"embeddable":true,"href":"https:\/\/www.aritco.com\/es\/wp-json\/wp\/v2\/comments?post=15056"}],"version-history":[{"count":23,"href":"https:\/\/www.aritco.com\/es\/wp-json\/wp\/v2\/pages\/15056\/revisions"}],"predecessor-version":[{"id":64337,"href":"https:\/\/www.aritco.com\/es\/wp-json\/wp\/v2\/pages\/15056\/revisions\/64337"}],"wp:featuredmedia":[{"embeddable":true,"href":"https:\/\/www.aritco.com\/es\/wp-json\/wp\/v2\/media\/58060"}],"wp:attachment":[{"href":"https:\/\/www.aritco.com\/es\/wp-json\/wp\/v2\/media?parent=15056"}],"curies":[{"name":"wp","href":"https:\/\/api.w.org\/{rel}","templated":true}]}}