{"id":7159,"date":"2019-05-10T12:44:40","date_gmt":"2019-05-10T10:44:40","guid":{"rendered":"https:\/\/aritco.kumpan.dev\/products\/public-lifts\/"},"modified":"2025-05-22T10:54:02","modified_gmt":"2025-05-22T08:54:02","slug":"kommerzieller-aufzug","status":"publish","type":"page","link":"https:\/\/www.aritco.com\/de\/produkte\/kommerzieller-aufzug\/","title":{"rendered":"KOMMERZIELLER AUFZUG"},"content":{"rendered":"<p>Our home lifts can be adapted to your home\u2019s interior and your personal taste. They combine style and functionality for any house or apartment, whether you are looking to future-proof your home or simply enjoy a modern way of life.<\/p>\n","protected":false},"excerpt":{"rendered":"<p>Our home lifts can be adapted to your home\u2019s interior and your personal taste. They combine style and functionality for any house or apartment, whether you are looking to future-proof your home or simply enjoy a modern way of life.<\/p>\n","protected":false},"author":1,"featured_media":60386,"parent":7069,"menu_order":0,"comment_status":"closed","ping_status":"closed","template":"","meta":{"_acf_changed":false,"footnotes":""},"class_list":["post-7159","page","type-page","status-publish","has-post-thumbnail","hentry"],"acf":[],"yoast_head":"<!-- This site is optimized with the Yoast SEO Premium plugin v26.6 (Yoast SEO v26.6) - https:\/\/yoast.com\/wordpress\/plugins\/seo\/ -->\n<title>Zuverl\u00e4ssige Aufz\u00fcge f\u00fcr \u00f6ffentliche und gewerbliche Bereiche - Aritco<\/title>\n<meta name=\"description\" content=\"Zuverl\u00e4ssige, hochwertige Aufz\u00fcge f\u00fcr gewerbliche und \u00f6ffentliche Bereiche, z. B. f\u00fcr den Einsatz in B\u00fcros, Schulen, Einkaufszentren usw.\" \/>\n<meta name=\"robots\" content=\"index, follow, max-snippet:-1, max-image-preview:large, max-video-preview:-1\" \/>\n<link rel=\"canonical\" href=\"https:\/\/www.aritco.com\/de\/produkte\/kommerzieller-aufzug\/\" \/>\n<meta property=\"og:locale\" content=\"de_DE\" \/>\n<meta property=\"og:type\" content=\"article\" \/>\n<meta property=\"og:title\" content=\"Gewerbliche Aufz\u00fcge. Erkunden Sie unsere Aufz\u00fcge f\u00fcr \u00f6ffentliche Bereiche | Aritco\" \/>\n<meta property=\"og:description\" content=\"Gewerbliche Aufz\u00fcge von Aritco. Werfen Sie einen Blick auf unsere kommerziellen Aufzugsmodelle und finden Sie heraus, welcher Aufzug am besten f\u00fcr Ihre Bed\u00fcrfnisse geeignet ist.\" \/>\n<meta property=\"og:url\" content=\"https:\/\/www.aritco.com\/de\/produkte\/kommerzieller-aufzug\/\" \/>\n<meta property=\"og:site_name\" content=\"Aritco\" \/>\n<meta property=\"article:modified_time\" content=\"2025-05-22T08:54:02+00:00\" \/>\n<meta property=\"og:image\" content=\"https:\/\/www.aritco.com\/\/wp-content\/webpc-passthru.php?src=https:\/\/www.aritco.com\/wp-content\/uploads\/2020\/09\/Aritco_PublicLift_Cabin_Goteborg_11_L.jpg&nocache=1\" \/>\n<meta name=\"twitter:card\" content=\"summary_large_image\" \/>\n<meta name=\"twitter:title\" content=\"Gewerbliche Aufz\u00fcge. Erkunden Sie unsere Aufz\u00fcge f\u00fcr \u00f6ffentliche Bereiche | Aritco\" \/>\n<meta name=\"twitter:description\" content=\"Gewerbliche Aufz\u00fcge von Aritco. Werfen Sie einen Blick auf unsere kommerziellen Aufzugsmodelle und finden Sie heraus, welcher Aufzug am besten f\u00fcr Ihre Bed\u00fcrfnisse geeignet ist.\" \/>\n<meta name=\"twitter:image\" content=\"https:\/\/www.aritco.com\/\/wp-content\/webpc-passthru.php?src=https:\/\/www.aritco.com\/wp-content\/uploads\/2020\/09\/Aritco_PublicLift_Cabin_Goteborg_11_L.jpg&nocache=1\" \/>\n<meta name=\"twitter:label1\" content=\"Gesch\u00e4tzte Lesezeit\" \/>\n\t<meta name=\"twitter:data1\" content=\"1\u00a0Minute\" \/>\n<script type=\"application\/ld+json\" class=\"yoast-schema-graph\">{\"@context\":\"https:\/\/schema.org\",\"@graph\":[{\"@type\":\"WebPage\",\"@id\":\"https:\/\/www.aritco.com\/de\/produkte\/kommerzieller-aufzug\/\",\"url\":\"https:\/\/www.aritco.com\/de\/produkte\/kommerzieller-aufzug\/\",\"name\":\"Zuverl\u00e4ssige Aufz\u00fcge f\u00fcr \u00f6ffentliche und gewerbliche Bereiche - Aritco\",\"isPartOf\":{\"@id\":\"https:\/\/www.aritco.com\/de\/#website\"},\"primaryImageOfPage\":{\"@id\":\"https:\/\/www.aritco.com\/de\/produkte\/kommerzieller-aufzug\/#primaryimage\"},\"image\":{\"@id\":\"https:\/\/www.aritco.com\/de\/produkte\/kommerzieller-aufzug\/#primaryimage\"},\"thumbnailUrl\":\"https:\/\/www.aritco.com\/wp-content\/uploads\/2025\/05\/Aritco-PublicLift-Access-Sumo-Oslo-2.jpg\",\"datePublished\":\"2019-05-10T10:44:40+00:00\",\"dateModified\":\"2025-05-22T08:54:02+00:00\",\"description\":\"Zuverl\u00e4ssige, hochwertige Aufz\u00fcge f\u00fcr gewerbliche und \u00f6ffentliche Bereiche, z. B. f\u00fcr den Einsatz in B\u00fcros, Schulen, Einkaufszentren usw.\",\"breadcrumb\":{\"@id\":\"https:\/\/www.aritco.com\/de\/produkte\/kommerzieller-aufzug\/#breadcrumb\"},\"inLanguage\":\"de\",\"potentialAction\":[{\"@type\":\"ReadAction\",\"target\":[\"https:\/\/www.aritco.com\/de\/produkte\/kommerzieller-aufzug\/\"]}]},{\"@type\":\"ImageObject\",\"inLanguage\":\"de\",\"@id\":\"https:\/\/www.aritco.com\/de\/produkte\/kommerzieller-aufzug\/#primaryimage\",\"url\":\"https:\/\/www.aritco.com\/wp-content\/uploads\/2025\/05\/Aritco-PublicLift-Access-Sumo-Oslo-2.jpg\",\"contentUrl\":\"https:\/\/www.aritco.com\/wp-content\/uploads\/2025\/05\/Aritco-PublicLift-Access-Sumo-Oslo-2.jpg\",\"width\":1983,\"height\":2480},{\"@type\":\"BreadcrumbList\",\"@id\":\"https:\/\/www.aritco.com\/de\/produkte\/kommerzieller-aufzug\/#breadcrumb\",\"itemListElement\":[{\"@type\":\"ListItem\",\"position\":1,\"name\":\"Produkte\",\"item\":\"https:\/\/www.aritco.com\/de\/produkte\/\"},{\"@type\":\"ListItem\",\"position\":2,\"name\":\"KOMMERZIELLER AUFZUG\"}]},{\"@type\":\"WebSite\",\"@id\":\"https:\/\/www.aritco.com\/de\/#website\",\"url\":\"https:\/\/www.aritco.com\/de\/\",\"name\":\"Aritco\",\"description\":\"Award-winning lifts for homes and public and commercial use\",\"publisher\":{\"@id\":\"https:\/\/www.aritco.com\/de\/#organization\"},\"potentialAction\":[{\"@type\":\"SearchAction\",\"target\":{\"@type\":\"EntryPoint\",\"urlTemplate\":\"https:\/\/www.aritco.com\/de\/?s={search_term_string}\"},\"query-input\":{\"@type\":\"PropertyValueSpecification\",\"valueRequired\":true,\"valueName\":\"search_term_string\"}}],\"inLanguage\":\"de\"},{\"@type\":\"Organization\",\"@id\":\"https:\/\/www.aritco.com\/de\/#organization\",\"name\":\"Aritco\",\"url\":\"https:\/\/www.aritco.com\/de\/\",\"logo\":{\"@type\":\"ImageObject\",\"inLanguage\":\"de\",\"@id\":\"https:\/\/www.aritco.com\/de\/#\/schema\/logo\/image\/\",\"url\":\"https:\/\/www.aritco.com\/wp-content\/uploads\/2019\/05\/vertical-3.svg\",\"contentUrl\":\"https:\/\/www.aritco.com\/wp-content\/uploads\/2019\/05\/vertical-3.svg\",\"width\":1,\"height\":1,\"caption\":\"Aritco\"},\"image\":{\"@id\":\"https:\/\/www.aritco.com\/de\/#\/schema\/logo\/image\/\"},\"publishingPrinciples\":\"https:\/\/www.aritco.com\/about-aritco\/\"}]}<\/script>\n<!-- \/ Yoast SEO Premium plugin. -->","yoast_head_json":{"title":"Zuverl\u00e4ssige Aufz\u00fcge f\u00fcr \u00f6ffentliche und gewerbliche Bereiche - Aritco","description":"Zuverl\u00e4ssige, hochwertige Aufz\u00fcge f\u00fcr gewerbliche und \u00f6ffentliche Bereiche, z. B. f\u00fcr den Einsatz in B\u00fcros, Schulen, Einkaufszentren usw.","robots":{"index":"index","follow":"follow","max-snippet":"max-snippet:-1","max-image-preview":"max-image-preview:large","max-video-preview":"max-video-preview:-1"},"canonical":"https:\/\/www.aritco.com\/de\/produkte\/kommerzieller-aufzug\/","og_locale":"de_DE","og_type":"article","og_title":"Gewerbliche Aufz\u00fcge. Erkunden Sie unsere Aufz\u00fcge f\u00fcr \u00f6ffentliche Bereiche | Aritco","og_description":"Gewerbliche Aufz\u00fcge von Aritco. Werfen Sie einen Blick auf unsere kommerziellen Aufzugsmodelle und finden Sie heraus, welcher Aufzug am besten f\u00fcr Ihre Bed\u00fcrfnisse geeignet ist.","og_url":"https:\/\/www.aritco.com\/de\/produkte\/kommerzieller-aufzug\/","og_site_name":"Aritco","article_modified_time":"2025-05-22T08:54:02+00:00","og_image":[{"url":"https:\/\/www.aritco.com\/\/wp-content\/webpc-passthru.php?src=https:\/\/www.aritco.com\/wp-content\/uploads\/2020\/09\/Aritco_PublicLift_Cabin_Goteborg_11_L.jpg&nocache=1","type":"","width":"","height":""}],"twitter_card":"summary_large_image","twitter_title":"Gewerbliche Aufz\u00fcge. Erkunden Sie unsere Aufz\u00fcge f\u00fcr \u00f6ffentliche Bereiche | Aritco","twitter_description":"Gewerbliche Aufz\u00fcge von Aritco. Werfen Sie einen Blick auf unsere kommerziellen Aufzugsmodelle und finden Sie heraus, welcher Aufzug am besten f\u00fcr Ihre Bed\u00fcrfnisse geeignet ist.","twitter_image":"https:\/\/www.aritco.com\/\/wp-content\/webpc-passthru.php?src=https:\/\/www.aritco.com\/wp-content\/uploads\/2020\/09\/Aritco_PublicLift_Cabin_Goteborg_11_L.jpg&nocache=1","twitter_misc":{"Gesch\u00e4tzte Lesezeit":"1\u00a0Minute"},"schema":{"@context":"https:\/\/schema.org","@graph":[{"@type":"WebPage","@id":"https:\/\/www.aritco.com\/de\/produkte\/kommerzieller-aufzug\/","url":"https:\/\/www.aritco.com\/de\/produkte\/kommerzieller-aufzug\/","name":"Zuverl\u00e4ssige Aufz\u00fcge f\u00fcr \u00f6ffentliche und gewerbliche Bereiche - Aritco","isPartOf":{"@id":"https:\/\/www.aritco.com\/de\/#website"},"primaryImageOfPage":{"@id":"https:\/\/www.aritco.com\/de\/produkte\/kommerzieller-aufzug\/#primaryimage"},"image":{"@id":"https:\/\/www.aritco.com\/de\/produkte\/kommerzieller-aufzug\/#primaryimage"},"thumbnailUrl":"https:\/\/www.aritco.com\/wp-content\/uploads\/2025\/05\/Aritco-PublicLift-Access-Sumo-Oslo-2.jpg","datePublished":"2019-05-10T10:44:40+00:00","dateModified":"2025-05-22T08:54:02+00:00","description":"Zuverl\u00e4ssige, hochwertige Aufz\u00fcge f\u00fcr gewerbliche und \u00f6ffentliche Bereiche, z. B. f\u00fcr den Einsatz in B\u00fcros, Schulen, Einkaufszentren usw.","breadcrumb":{"@id":"https:\/\/www.aritco.com\/de\/produkte\/kommerzieller-aufzug\/#breadcrumb"},"inLanguage":"de","potentialAction":[{"@type":"ReadAction","target":["https:\/\/www.aritco.com\/de\/produkte\/kommerzieller-aufzug\/"]}]},{"@type":"ImageObject","inLanguage":"de","@id":"https:\/\/www.aritco.com\/de\/produkte\/kommerzieller-aufzug\/#primaryimage","url":"https:\/\/www.aritco.com\/wp-content\/uploads\/2025\/05\/Aritco-PublicLift-Access-Sumo-Oslo-2.jpg","contentUrl":"https:\/\/www.aritco.com\/wp-content\/uploads\/2025\/05\/Aritco-PublicLift-Access-Sumo-Oslo-2.jpg","width":1983,"height":2480},{"@type":"BreadcrumbList","@id":"https:\/\/www.aritco.com\/de\/produkte\/kommerzieller-aufzug\/#breadcrumb","itemListElement":[{"@type":"ListItem","position":1,"name":"Produkte","item":"https:\/\/www.aritco.com\/de\/produkte\/"},{"@type":"ListItem","position":2,"name":"KOMMERZIELLER AUFZUG"}]},{"@type":"WebSite","@id":"https:\/\/www.aritco.com\/de\/#website","url":"https:\/\/www.aritco.com\/de\/","name":"Aritco","description":"Award-winning lifts for homes and public and commercial use","publisher":{"@id":"https:\/\/www.aritco.com\/de\/#organization"},"potentialAction":[{"@type":"SearchAction","target":{"@type":"EntryPoint","urlTemplate":"https:\/\/www.aritco.com\/de\/?s={search_term_string}"},"query-input":{"@type":"PropertyValueSpecification","valueRequired":true,"valueName":"search_term_string"}}],"inLanguage":"de"},{"@type":"Organization","@id":"https:\/\/www.aritco.com\/de\/#organization","name":"Aritco","url":"https:\/\/www.aritco.com\/de\/","logo":{"@type":"ImageObject","inLanguage":"de","@id":"https:\/\/www.aritco.com\/de\/#\/schema\/logo\/image\/","url":"https:\/\/www.aritco.com\/wp-content\/uploads\/2019\/05\/vertical-3.svg","contentUrl":"https:\/\/www.aritco.com\/wp-content\/uploads\/2019\/05\/vertical-3.svg","width":1,"height":1,"caption":"Aritco"},"image":{"@id":"https:\/\/www.aritco.com\/de\/#\/schema\/logo\/image\/"},"publishingPrinciples":"https:\/\/www.aritco.com\/about-aritco\/"}]}},"_links":{"self":[{"href":"https:\/\/www.aritco.com\/de\/wp-json\/wp\/v2\/pages\/7159","targetHints":{"allow":["GET"]}}],"collection":[{"href":"https:\/\/www.aritco.com\/de\/wp-json\/wp\/v2\/pages"}],"about":[{"href":"https:\/\/www.aritco.com\/de\/wp-json\/wp\/v2\/types\/page"}],"author":[{"embeddable":true,"href":"https:\/\/www.aritco.com\/de\/wp-json\/wp\/v2\/users\/1"}],"replies":[{"embeddable":true,"href":"https:\/\/www.aritco.com\/de\/wp-json\/wp\/v2\/comments?post=7159"}],"version-history":[{"count":13,"href":"https:\/\/www.aritco.com\/de\/wp-json\/wp\/v2\/pages\/7159\/revisions"}],"predecessor-version":[{"id":60398,"href":"https:\/\/www.aritco.com\/de\/wp-json\/wp\/v2\/pages\/7159\/revisions\/60398"}],"up":[{"embeddable":true,"href":"https:\/\/www.aritco.com\/de\/wp-json\/wp\/v2\/pages\/7069"}],"wp:featuredmedia":[{"embeddable":true,"href":"https:\/\/www.aritco.com\/de\/wp-json\/wp\/v2\/media\/60386"}],"wp:attachment":[{"href":"https:\/\/www.aritco.com\/de\/wp-json\/wp\/v2\/media?parent=7159"}],"curies":[{"name":"wp","href":"https:\/\/api.w.org\/{rel}","templated":true}]}}