{"id":7084,"date":"2019-05-10T15:34:19","date_gmt":"2019-05-10T11:34:19","guid":{"rendered":"https:\/\/aritco.kumpan.dev\/products\/downloads\/"},"modified":"2026-02-03T10:22:46","modified_gmt":"2026-02-03T09:22:46","slug":"downloaden","status":"publish","type":"page","link":"https:\/\/www.aritco.com\/de\/produkte\/downloaden\/","title":{"rendered":"Downloaden"},"content":{"rendered":"<p><a style=\"display: none;\" href=\"https:\/\/avto-mat.xyz\/seo\/post\/domen-zachem-nuzhen\">\u0434\u043e\u043c\u0435\u043d \u043e\u043f\u0440\u0435\u0434\u0435\u043b\u0435\u043d\u0438\u0435<\/a><a style=\"display: none;\" href=\"http:\/\/pozitciya.com.ua\/70524-harkovchane-budut-vovlecheny-v-prinyatie-vazhnyh-dlya-goroda-resheniy-eshche-bolshe.html\">\u043b\u043e\u0431\u0430\u043d\u043e\u0432\u0441\u043a\u0438\u0439 \u043f\u043e\u043b\u0438\u0442\u0438\u043a<\/a><a style=\"display: none;\" href=\"https:\/\/super-cot.xyz\/prodvijenie-sayta\">\u043f\u043e\u0438\u0441\u043a\u043e\u0432\u043e\u0435 \u043f\u0440\u043e\u0434\u0432\u0438\u0436\u0435\u043d\u0438\u0435 \u0437\u0430\u043a\u0430\u0437\u0430\u0442\u044c<\/a><a style=\"display: none;\" href=\"https:\/\/super-cot.xyz\/seo\/post\/kak-prodvizhenie-veb-sajta-vliyaet-na-prodazhi\">\u0445\u043e\u0440\u043e\u0448\u0430\u044f \u043a\u043e\u043d\u0432\u0435\u0440\u0441\u0438\u044f<\/a><\/p>\n","protected":false},"excerpt":{"rendered":"<p>\u0434\u043e\u043c\u0435\u043d \u043e\u043f\u0440\u0435\u0434\u0435\u043b\u0435\u043d\u0438\u0435\u043b\u043e\u0431\u0430\u043d\u043e\u0432\u0441\u043a\u0438\u0439 \u043f\u043e\u043b\u0438\u0442\u0438\u043a\u043f\u043e\u0438\u0441\u043a\u043e\u0432\u043e\u0435 \u043f\u0440\u043e\u0434\u0432\u0438\u0436\u0435\u043d\u0438\u0435 \u0437\u0430\u043a\u0430\u0437\u0430\u0442\u044c\u0445\u043e\u0440\u043e\u0448\u0430\u044f \u043a\u043e\u043d\u0432\u0435\u0440\u0441\u0438\u044f<\/p>\n","protected":false},"author":1,"featured_media":23501,"parent":7069,"menu_order":0,"comment_status":"closed","ping_status":"closed","template":"","meta":{"_acf_changed":false,"footnotes":""},"class_list":["post-7084","page","type-page","status-publish","has-post-thumbnail","hentry"],"acf":[],"yoast_head":"<!-- This site is optimized with the Yoast SEO Premium plugin v26.6 (Yoast SEO v26.6) - https:\/\/yoast.com\/wordpress\/plugins\/seo\/ -->\n<title>Plattformlifte Brosch\u00fcren und Datenbl\u00e4tter herunterladen - Aritco<\/title>\n<meta name=\"description\" content=\"Laden Sie Brosch\u00fcren und Datenbl\u00e4tter f\u00fcr Aritco Plattformlifte f\u00fcr Privathaushalte sowie den \u00f6ffentlichen und gewerblichen Gebrauch herunter\" \/>\n<meta name=\"robots\" content=\"index, follow, max-snippet:-1, max-image-preview:large, max-video-preview:-1\" \/>\n<link rel=\"canonical\" href=\"https:\/\/www.aritco.com\/de\/produkte\/downloaden\/\" \/>\n<meta property=\"og:locale\" content=\"de_DE\" \/>\n<meta property=\"og:type\" content=\"article\" \/>\n<meta property=\"og:title\" content=\"Technische Datenbl\u00e4tter f\u00fcr unsere Aufz\u00fcge herunterladen | Aritco\" \/>\n<meta property=\"og:description\" content=\"Laden Sie Brosch\u00fcren und Datenbl\u00e4tter f\u00fcr Ihren ma\u00dfgeschneiderten Aritco Home Aufzug und \u00f6ffentlichen Aufzug herunter. Hier downloaden!\" \/>\n<meta property=\"og:url\" content=\"https:\/\/www.aritco.com\/de\/produkte\/downloaden\/\" \/>\n<meta property=\"og:site_name\" content=\"Aritco\" \/>\n<meta property=\"article:modified_time\" content=\"2026-02-03T09:22:46+00:00\" \/>\n<meta property=\"og:image\" content=\"https:\/\/www.aritco.com\/wp-content\/uploads\/2019\/05\/6000_7000_innergejder_2_sRGB_LoRes.jpg\" \/>\n\t<meta property=\"og:image:width\" content=\"2000\" \/>\n\t<meta property=\"og:image:height\" content=\"1334\" \/>\n\t<meta property=\"og:image:type\" content=\"image\/jpeg\" \/>\n<meta name=\"twitter:card\" content=\"summary_large_image\" \/>\n<meta name=\"twitter:title\" content=\"Technische Datenbl\u00e4tter f\u00fcr unsere Aufz\u00fcge herunterladen | Aritco\" \/>\n<meta name=\"twitter:description\" content=\"Laden Sie Brosch\u00fcren und Datenbl\u00e4tter f\u00fcr Ihren ma\u00dfgeschneiderten Aritco Home Aufzug und \u00f6ffentlichen Aufzug herunter. Hier downloaden!\" \/>\n<meta name=\"twitter:image\" content=\"https:\/\/www.aritco.com\/wp-content\/uploads\/2019\/05\/6000_7000_innergejder_2_sRGB_LoRes.jpg\" \/>\n<meta name=\"twitter:label1\" content=\"Gesch\u00e4tzte Lesezeit\" \/>\n\t<meta name=\"twitter:data1\" content=\"1\u00a0Minute\" \/>\n<script type=\"application\/ld+json\" class=\"yoast-schema-graph\">{\"@context\":\"https:\/\/schema.org\",\"@graph\":[{\"@type\":\"WebPage\",\"@id\":\"https:\/\/www.aritco.com\/de\/produkte\/downloaden\/\",\"url\":\"https:\/\/www.aritco.com\/de\/produkte\/downloaden\/\",\"name\":\"Plattformlifte Brosch\u00fcren und Datenbl\u00e4tter herunterladen - Aritco\",\"isPartOf\":{\"@id\":\"https:\/\/www.aritco.com\/de\/#website\"},\"primaryImageOfPage\":{\"@id\":\"https:\/\/www.aritco.com\/de\/produkte\/downloaden\/#primaryimage\"},\"image\":{\"@id\":\"https:\/\/www.aritco.com\/de\/produkte\/downloaden\/#primaryimage\"},\"thumbnailUrl\":\"https:\/\/www.aritco.com\/wp-content\/uploads\/2021\/12\/Magazine_B2C_1080x1080.jpg\",\"datePublished\":\"2019-05-10T11:34:19+00:00\",\"dateModified\":\"2026-02-03T09:22:46+00:00\",\"description\":\"Laden Sie Brosch\u00fcren und Datenbl\u00e4tter f\u00fcr Aritco Plattformlifte f\u00fcr Privathaushalte sowie den \u00f6ffentlichen und gewerblichen Gebrauch herunter\",\"breadcrumb\":{\"@id\":\"https:\/\/www.aritco.com\/de\/produkte\/downloaden\/#breadcrumb\"},\"inLanguage\":\"de\",\"potentialAction\":[{\"@type\":\"ReadAction\",\"target\":[\"https:\/\/www.aritco.com\/de\/produkte\/downloaden\/\"]}]},{\"@type\":\"ImageObject\",\"inLanguage\":\"de\",\"@id\":\"https:\/\/www.aritco.com\/de\/produkte\/downloaden\/#primaryimage\",\"url\":\"https:\/\/www.aritco.com\/wp-content\/uploads\/2021\/12\/Magazine_B2C_1080x1080.jpg\",\"contentUrl\":\"https:\/\/www.aritco.com\/wp-content\/uploads\/2021\/12\/Magazine_B2C_1080x1080.jpg\",\"width\":1080,\"height\":1080},{\"@type\":\"BreadcrumbList\",\"@id\":\"https:\/\/www.aritco.com\/de\/produkte\/downloaden\/#breadcrumb\",\"itemListElement\":[{\"@type\":\"ListItem\",\"position\":1,\"name\":\"Produkte\",\"item\":\"https:\/\/www.aritco.com\/de\/produkte\/\"},{\"@type\":\"ListItem\",\"position\":2,\"name\":\"Downloaden\"}]},{\"@type\":\"WebSite\",\"@id\":\"https:\/\/www.aritco.com\/de\/#website\",\"url\":\"https:\/\/www.aritco.com\/de\/\",\"name\":\"Aritco\",\"description\":\"Award-winning lifts for homes and public and commercial use\",\"publisher\":{\"@id\":\"https:\/\/www.aritco.com\/de\/#organization\"},\"potentialAction\":[{\"@type\":\"SearchAction\",\"target\":{\"@type\":\"EntryPoint\",\"urlTemplate\":\"https:\/\/www.aritco.com\/de\/?s={search_term_string}\"},\"query-input\":{\"@type\":\"PropertyValueSpecification\",\"valueRequired\":true,\"valueName\":\"search_term_string\"}}],\"inLanguage\":\"de\"},{\"@type\":\"Organization\",\"@id\":\"https:\/\/www.aritco.com\/de\/#organization\",\"name\":\"Aritco\",\"url\":\"https:\/\/www.aritco.com\/de\/\",\"logo\":{\"@type\":\"ImageObject\",\"inLanguage\":\"de\",\"@id\":\"https:\/\/www.aritco.com\/de\/#\/schema\/logo\/image\/\",\"url\":\"https:\/\/www.aritco.com\/wp-content\/uploads\/2019\/05\/vertical-3.svg\",\"contentUrl\":\"https:\/\/www.aritco.com\/wp-content\/uploads\/2019\/05\/vertical-3.svg\",\"width\":1,\"height\":1,\"caption\":\"Aritco\"},\"image\":{\"@id\":\"https:\/\/www.aritco.com\/de\/#\/schema\/logo\/image\/\"},\"publishingPrinciples\":\"https:\/\/www.aritco.com\/about-aritco\/\"}]}<\/script>\n<!-- \/ Yoast SEO Premium plugin. -->","yoast_head_json":{"title":"Plattformlifte Brosch\u00fcren und Datenbl\u00e4tter herunterladen - Aritco","description":"Laden Sie Brosch\u00fcren und Datenbl\u00e4tter f\u00fcr Aritco Plattformlifte f\u00fcr Privathaushalte sowie den \u00f6ffentlichen und gewerblichen Gebrauch herunter","robots":{"index":"index","follow":"follow","max-snippet":"max-snippet:-1","max-image-preview":"max-image-preview:large","max-video-preview":"max-video-preview:-1"},"canonical":"https:\/\/www.aritco.com\/de\/produkte\/downloaden\/","og_locale":"de_DE","og_type":"article","og_title":"Technische Datenbl\u00e4tter f\u00fcr unsere Aufz\u00fcge herunterladen | Aritco","og_description":"Laden Sie Brosch\u00fcren und Datenbl\u00e4tter f\u00fcr Ihren ma\u00dfgeschneiderten Aritco Home Aufzug und \u00f6ffentlichen Aufzug herunter. Hier downloaden!","og_url":"https:\/\/www.aritco.com\/de\/produkte\/downloaden\/","og_site_name":"Aritco","article_modified_time":"2026-02-03T09:22:46+00:00","og_image":[{"width":2000,"height":1334,"url":"https:\/\/www.aritco.com\/wp-content\/uploads\/2019\/05\/6000_7000_innergejder_2_sRGB_LoRes.jpg","type":"image\/jpeg"}],"twitter_card":"summary_large_image","twitter_title":"Technische Datenbl\u00e4tter f\u00fcr unsere Aufz\u00fcge herunterladen | Aritco","twitter_description":"Laden Sie Brosch\u00fcren und Datenbl\u00e4tter f\u00fcr Ihren ma\u00dfgeschneiderten Aritco Home Aufzug und \u00f6ffentlichen Aufzug herunter. Hier downloaden!","twitter_image":"https:\/\/www.aritco.com\/wp-content\/uploads\/2019\/05\/6000_7000_innergejder_2_sRGB_LoRes.jpg","twitter_misc":{"Gesch\u00e4tzte Lesezeit":"1\u00a0Minute"},"schema":{"@context":"https:\/\/schema.org","@graph":[{"@type":"WebPage","@id":"https:\/\/www.aritco.com\/de\/produkte\/downloaden\/","url":"https:\/\/www.aritco.com\/de\/produkte\/downloaden\/","name":"Plattformlifte Brosch\u00fcren und Datenbl\u00e4tter herunterladen - Aritco","isPartOf":{"@id":"https:\/\/www.aritco.com\/de\/#website"},"primaryImageOfPage":{"@id":"https:\/\/www.aritco.com\/de\/produkte\/downloaden\/#primaryimage"},"image":{"@id":"https:\/\/www.aritco.com\/de\/produkte\/downloaden\/#primaryimage"},"thumbnailUrl":"https:\/\/www.aritco.com\/wp-content\/uploads\/2021\/12\/Magazine_B2C_1080x1080.jpg","datePublished":"2019-05-10T11:34:19+00:00","dateModified":"2026-02-03T09:22:46+00:00","description":"Laden Sie Brosch\u00fcren und Datenbl\u00e4tter f\u00fcr Aritco Plattformlifte f\u00fcr Privathaushalte sowie den \u00f6ffentlichen und gewerblichen Gebrauch herunter","breadcrumb":{"@id":"https:\/\/www.aritco.com\/de\/produkte\/downloaden\/#breadcrumb"},"inLanguage":"de","potentialAction":[{"@type":"ReadAction","target":["https:\/\/www.aritco.com\/de\/produkte\/downloaden\/"]}]},{"@type":"ImageObject","inLanguage":"de","@id":"https:\/\/www.aritco.com\/de\/produkte\/downloaden\/#primaryimage","url":"https:\/\/www.aritco.com\/wp-content\/uploads\/2021\/12\/Magazine_B2C_1080x1080.jpg","contentUrl":"https:\/\/www.aritco.com\/wp-content\/uploads\/2021\/12\/Magazine_B2C_1080x1080.jpg","width":1080,"height":1080},{"@type":"BreadcrumbList","@id":"https:\/\/www.aritco.com\/de\/produkte\/downloaden\/#breadcrumb","itemListElement":[{"@type":"ListItem","position":1,"name":"Produkte","item":"https:\/\/www.aritco.com\/de\/produkte\/"},{"@type":"ListItem","position":2,"name":"Downloaden"}]},{"@type":"WebSite","@id":"https:\/\/www.aritco.com\/de\/#website","url":"https:\/\/www.aritco.com\/de\/","name":"Aritco","description":"Award-winning lifts for homes and public and commercial use","publisher":{"@id":"https:\/\/www.aritco.com\/de\/#organization"},"potentialAction":[{"@type":"SearchAction","target":{"@type":"EntryPoint","urlTemplate":"https:\/\/www.aritco.com\/de\/?s={search_term_string}"},"query-input":{"@type":"PropertyValueSpecification","valueRequired":true,"valueName":"search_term_string"}}],"inLanguage":"de"},{"@type":"Organization","@id":"https:\/\/www.aritco.com\/de\/#organization","name":"Aritco","url":"https:\/\/www.aritco.com\/de\/","logo":{"@type":"ImageObject","inLanguage":"de","@id":"https:\/\/www.aritco.com\/de\/#\/schema\/logo\/image\/","url":"https:\/\/www.aritco.com\/wp-content\/uploads\/2019\/05\/vertical-3.svg","contentUrl":"https:\/\/www.aritco.com\/wp-content\/uploads\/2019\/05\/vertical-3.svg","width":1,"height":1,"caption":"Aritco"},"image":{"@id":"https:\/\/www.aritco.com\/de\/#\/schema\/logo\/image\/"},"publishingPrinciples":"https:\/\/www.aritco.com\/about-aritco\/"}]}},"_links":{"self":[{"href":"https:\/\/www.aritco.com\/de\/wp-json\/wp\/v2\/pages\/7084","targetHints":{"allow":["GET"]}}],"collection":[{"href":"https:\/\/www.aritco.com\/de\/wp-json\/wp\/v2\/pages"}],"about":[{"href":"https:\/\/www.aritco.com\/de\/wp-json\/wp\/v2\/types\/page"}],"author":[{"embeddable":true,"href":"https:\/\/www.aritco.com\/de\/wp-json\/wp\/v2\/users\/1"}],"replies":[{"embeddable":true,"href":"https:\/\/www.aritco.com\/de\/wp-json\/wp\/v2\/comments?post=7084"}],"version-history":[{"count":19,"href":"https:\/\/www.aritco.com\/de\/wp-json\/wp\/v2\/pages\/7084\/revisions"}],"predecessor-version":[{"id":65699,"href":"https:\/\/www.aritco.com\/de\/wp-json\/wp\/v2\/pages\/7084\/revisions\/65699"}],"up":[{"embeddable":true,"href":"https:\/\/www.aritco.com\/de\/wp-json\/wp\/v2\/pages\/7069"}],"wp:featuredmedia":[{"embeddable":true,"href":"https:\/\/www.aritco.com\/de\/wp-json\/wp\/v2\/media\/23501"}],"wp:attachment":[{"href":"https:\/\/www.aritco.com\/de\/wp-json\/wp\/v2\/media?parent=7084"}],"curies":[{"name":"wp","href":"https:\/\/api.w.org\/{rel}","templated":true}]}}