{"id":7057,"date":"2020-01-20T15:55:03","date_gmt":"2020-01-20T14:55:03","guid":{"rendered":"https:\/\/aritco.kumpan.dev\/nextlevelliving\/stockholm-design-week-2020\/"},"modified":"2021-01-18T13:21:22","modified_gmt":"2021-01-18T12:21:22","slug":"stockholm-design-week-2020","status":"publish","type":"page","link":"https:\/\/www.aritco.com\/de\/messen-und-veranstaltungen\/stockholm-design-week-2020\/","title":{"rendered":"Stockholm Design Week 2020"},"content":{"rendered":"","protected":false},"excerpt":{"rendered":"","protected":false},"author":12,"featured_media":0,"parent":6960,"menu_order":0,"comment_status":"closed","ping_status":"closed","template":"","meta":{"_acf_changed":false,"footnotes":""},"class_list":["post-7057","page","type-page","status-publish","hentry"],"acf":[],"yoast_head":"<!-- This site is optimized with the Yoast SEO Premium plugin v26.6 (Yoast SEO v26.6) - https:\/\/yoast.com\/wordpress\/plugins\/seo\/ -->\n<title>Stockholm Design Week 2020 \u2013 Next Level Living - Aritco<\/title>\n<meta name=\"description\" content=\"Besuchen Sie uns auf der Stockholm Design Week vom 3. bis 9. Februar. Aritco stellt die preisgekr\u00f6nten Privataufz\u00fcge und \u00f6ffentlichen Aufz\u00fcge vor, die von Alexander Lervik gestaltet wurden. Abonnieren Sie unseren Newsletter!\" \/>\n<meta name=\"robots\" content=\"index, follow, max-snippet:-1, max-image-preview:large, max-video-preview:-1\" \/>\n<link rel=\"canonical\" href=\"https:\/\/www.aritco.com\/de\/messen-und-veranstaltungen\/stockholm-design-week-2020\/\" \/>\n<meta property=\"og:locale\" content=\"de_DE\" \/>\n<meta property=\"og:type\" content=\"article\" \/>\n<meta property=\"og:title\" content=\"Stockholm Design Week 2020\" \/>\n<meta property=\"og:description\" content=\"Besuchen Sie uns auf der Stockholm Design Week vom 3. bis 9. Februar. Aritco stellt die preisgekr\u00f6nten Privataufz\u00fcge und \u00f6ffentlichen Aufz\u00fcge vor, die von Alexander Lervik gestaltet wurden. Abonnieren Sie unseren Newsletter!\" \/>\n<meta property=\"og:url\" content=\"https:\/\/www.aritco.com\/de\/messen-und-veranstaltungen\/stockholm-design-week-2020\/\" \/>\n<meta property=\"og:site_name\" content=\"Aritco\" \/>\n<meta property=\"article:modified_time\" content=\"2021-01-18T12:21:22+00:00\" \/>\n<meta name=\"twitter:card\" content=\"summary_large_image\" \/>\n<script type=\"application\/ld+json\" class=\"yoast-schema-graph\">{\"@context\":\"https:\/\/schema.org\",\"@graph\":[{\"@type\":\"WebPage\",\"@id\":\"https:\/\/www.aritco.com\/de\/messen-und-veranstaltungen\/stockholm-design-week-2020\/\",\"url\":\"https:\/\/www.aritco.com\/de\/messen-und-veranstaltungen\/stockholm-design-week-2020\/\",\"name\":\"Stockholm Design Week 2020 \u2013 Next Level Living - Aritco\",\"isPartOf\":{\"@id\":\"https:\/\/www.aritco.com\/de\/#website\"},\"datePublished\":\"2020-01-20T14:55:03+00:00\",\"dateModified\":\"2021-01-18T12:21:22+00:00\",\"description\":\"Besuchen Sie uns auf der Stockholm Design Week vom 3. bis 9. Februar. Aritco stellt die preisgekr\u00f6nten Privataufz\u00fcge und \u00f6ffentlichen Aufz\u00fcge vor, die von Alexander Lervik gestaltet wurden. Abonnieren Sie unseren Newsletter!\",\"breadcrumb\":{\"@id\":\"https:\/\/www.aritco.com\/de\/messen-und-veranstaltungen\/stockholm-design-week-2020\/#breadcrumb\"},\"inLanguage\":\"de\",\"potentialAction\":[{\"@type\":\"ReadAction\",\"target\":[\"https:\/\/www.aritco.com\/de\/messen-und-veranstaltungen\/stockholm-design-week-2020\/\"]}]},{\"@type\":\"BreadcrumbList\",\"@id\":\"https:\/\/www.aritco.com\/de\/messen-und-veranstaltungen\/stockholm-design-week-2020\/#breadcrumb\",\"itemListElement\":[{\"@type\":\"ListItem\",\"position\":1,\"name\":\"Messen und Veranstaltungen\",\"item\":\"https:\/\/www.aritco.com\/de\/messen-und-veranstaltungen\/\"},{\"@type\":\"ListItem\",\"position\":2,\"name\":\"Stockholm Design Week 2020\"}]},{\"@type\":\"WebSite\",\"@id\":\"https:\/\/www.aritco.com\/de\/#website\",\"url\":\"https:\/\/www.aritco.com\/de\/\",\"name\":\"Aritco\",\"description\":\"Award-winning lifts for homes and public and commercial use\",\"publisher\":{\"@id\":\"https:\/\/www.aritco.com\/de\/#organization\"},\"potentialAction\":[{\"@type\":\"SearchAction\",\"target\":{\"@type\":\"EntryPoint\",\"urlTemplate\":\"https:\/\/www.aritco.com\/de\/?s={search_term_string}\"},\"query-input\":{\"@type\":\"PropertyValueSpecification\",\"valueRequired\":true,\"valueName\":\"search_term_string\"}}],\"inLanguage\":\"de\"},{\"@type\":\"Organization\",\"@id\":\"https:\/\/www.aritco.com\/de\/#organization\",\"name\":\"Aritco\",\"url\":\"https:\/\/www.aritco.com\/de\/\",\"logo\":{\"@type\":\"ImageObject\",\"inLanguage\":\"de\",\"@id\":\"https:\/\/www.aritco.com\/de\/#\/schema\/logo\/image\/\",\"url\":\"https:\/\/www.aritco.com\/wp-content\/uploads\/2019\/05\/vertical-3.svg\",\"contentUrl\":\"https:\/\/www.aritco.com\/wp-content\/uploads\/2019\/05\/vertical-3.svg\",\"width\":1,\"height\":1,\"caption\":\"Aritco\"},\"image\":{\"@id\":\"https:\/\/www.aritco.com\/de\/#\/schema\/logo\/image\/\"},\"publishingPrinciples\":\"https:\/\/www.aritco.com\/about-aritco\/\"}]}<\/script>\n<!-- \/ Yoast SEO Premium plugin. -->","yoast_head_json":{"title":"Stockholm Design Week 2020 \u2013 Next Level Living - Aritco","description":"Besuchen Sie uns auf der Stockholm Design Week vom 3. bis 9. Februar. Aritco stellt die preisgekr\u00f6nten Privataufz\u00fcge und \u00f6ffentlichen Aufz\u00fcge vor, die von Alexander Lervik gestaltet wurden. Abonnieren Sie unseren Newsletter!","robots":{"index":"index","follow":"follow","max-snippet":"max-snippet:-1","max-image-preview":"max-image-preview:large","max-video-preview":"max-video-preview:-1"},"canonical":"https:\/\/www.aritco.com\/de\/messen-und-veranstaltungen\/stockholm-design-week-2020\/","og_locale":"de_DE","og_type":"article","og_title":"Stockholm Design Week 2020","og_description":"Besuchen Sie uns auf der Stockholm Design Week vom 3. bis 9. Februar. Aritco stellt die preisgekr\u00f6nten Privataufz\u00fcge und \u00f6ffentlichen Aufz\u00fcge vor, die von Alexander Lervik gestaltet wurden. Abonnieren Sie unseren Newsletter!","og_url":"https:\/\/www.aritco.com\/de\/messen-und-veranstaltungen\/stockholm-design-week-2020\/","og_site_name":"Aritco","article_modified_time":"2021-01-18T12:21:22+00:00","twitter_card":"summary_large_image","schema":{"@context":"https:\/\/schema.org","@graph":[{"@type":"WebPage","@id":"https:\/\/www.aritco.com\/de\/messen-und-veranstaltungen\/stockholm-design-week-2020\/","url":"https:\/\/www.aritco.com\/de\/messen-und-veranstaltungen\/stockholm-design-week-2020\/","name":"Stockholm Design Week 2020 \u2013 Next Level Living - Aritco","isPartOf":{"@id":"https:\/\/www.aritco.com\/de\/#website"},"datePublished":"2020-01-20T14:55:03+00:00","dateModified":"2021-01-18T12:21:22+00:00","description":"Besuchen Sie uns auf der Stockholm Design Week vom 3. bis 9. Februar. Aritco stellt die preisgekr\u00f6nten Privataufz\u00fcge und \u00f6ffentlichen Aufz\u00fcge vor, die von Alexander Lervik gestaltet wurden. Abonnieren Sie unseren Newsletter!","breadcrumb":{"@id":"https:\/\/www.aritco.com\/de\/messen-und-veranstaltungen\/stockholm-design-week-2020\/#breadcrumb"},"inLanguage":"de","potentialAction":[{"@type":"ReadAction","target":["https:\/\/www.aritco.com\/de\/messen-und-veranstaltungen\/stockholm-design-week-2020\/"]}]},{"@type":"BreadcrumbList","@id":"https:\/\/www.aritco.com\/de\/messen-und-veranstaltungen\/stockholm-design-week-2020\/#breadcrumb","itemListElement":[{"@type":"ListItem","position":1,"name":"Messen und Veranstaltungen","item":"https:\/\/www.aritco.com\/de\/messen-und-veranstaltungen\/"},{"@type":"ListItem","position":2,"name":"Stockholm Design Week 2020"}]},{"@type":"WebSite","@id":"https:\/\/www.aritco.com\/de\/#website","url":"https:\/\/www.aritco.com\/de\/","name":"Aritco","description":"Award-winning lifts for homes and public and commercial use","publisher":{"@id":"https:\/\/www.aritco.com\/de\/#organization"},"potentialAction":[{"@type":"SearchAction","target":{"@type":"EntryPoint","urlTemplate":"https:\/\/www.aritco.com\/de\/?s={search_term_string}"},"query-input":{"@type":"PropertyValueSpecification","valueRequired":true,"valueName":"search_term_string"}}],"inLanguage":"de"},{"@type":"Organization","@id":"https:\/\/www.aritco.com\/de\/#organization","name":"Aritco","url":"https:\/\/www.aritco.com\/de\/","logo":{"@type":"ImageObject","inLanguage":"de","@id":"https:\/\/www.aritco.com\/de\/#\/schema\/logo\/image\/","url":"https:\/\/www.aritco.com\/wp-content\/uploads\/2019\/05\/vertical-3.svg","contentUrl":"https:\/\/www.aritco.com\/wp-content\/uploads\/2019\/05\/vertical-3.svg","width":1,"height":1,"caption":"Aritco"},"image":{"@id":"https:\/\/www.aritco.com\/de\/#\/schema\/logo\/image\/"},"publishingPrinciples":"https:\/\/www.aritco.com\/about-aritco\/"}]}},"_links":{"self":[{"href":"https:\/\/www.aritco.com\/de\/wp-json\/wp\/v2\/pages\/7057","targetHints":{"allow":["GET"]}}],"collection":[{"href":"https:\/\/www.aritco.com\/de\/wp-json\/wp\/v2\/pages"}],"about":[{"href":"https:\/\/www.aritco.com\/de\/wp-json\/wp\/v2\/types\/page"}],"author":[{"embeddable":true,"href":"https:\/\/www.aritco.com\/de\/wp-json\/wp\/v2\/users\/12"}],"replies":[{"embeddable":true,"href":"https:\/\/www.aritco.com\/de\/wp-json\/wp\/v2\/comments?post=7057"}],"version-history":[{"count":0,"href":"https:\/\/www.aritco.com\/de\/wp-json\/wp\/v2\/pages\/7057\/revisions"}],"up":[{"embeddable":true,"href":"https:\/\/www.aritco.com\/de\/wp-json\/wp\/v2\/pages\/6960"}],"wp:attachment":[{"href":"https:\/\/www.aritco.com\/de\/wp-json\/wp\/v2\/media?parent=7057"}],"curies":[{"name":"wp","href":"https:\/\/api.w.org\/{rel}","templated":true}]}}