{"id":6948,"date":"2019-03-13T14:26:54","date_gmt":"2019-03-13T13:26:54","guid":{"rendered":"https:\/\/aritco.kumpan.dev\/home\/"},"modified":"2026-01-22T11:55:51","modified_gmt":"2026-01-22T10:55:51","slug":"home","status":"publish","type":"page","link":"https:\/\/www.aritco.com\/de\/","title":{"rendered":"Home"},"content":{"rendered":"","protected":false},"excerpt":{"rendered":"","protected":false},"author":1,"featured_media":58057,"parent":0,"menu_order":0,"comment_status":"closed","ping_status":"closed","template":"","meta":{"_acf_changed":false,"footnotes":""},"class_list":["post-6948","page","type-page","status-publish","has-post-thumbnail","hentry"],"acf":[],"yoast_head":"<!-- This site is optimized with the Yoast SEO Premium plugin v26.6 (Yoast SEO v26.6) - https:\/\/yoast.com\/wordpress\/plugins\/seo\/ -->\n<title>Preisgekr\u00f6nte Homelifte und Aufz\u00fcge f\u00fcr \u00f6ffentliche R\u00e4ume - Aritco<\/title>\n<meta name=\"description\" content=\"Unser breites Angebot an Aufz\u00fcgen erf\u00fcllt hohe Anspr\u00fcche an Barrierefreiheit, Komfort und Design. Entdecken Sie hier unsere Modelle.\" \/>\n<meta name=\"robots\" content=\"index, follow, max-snippet:-1, max-image-preview:large, max-video-preview:-1\" \/>\n<link rel=\"canonical\" href=\"https:\/\/www.aritco.com\/de\/\" \/>\n<meta property=\"og:locale\" content=\"de_DE\" \/>\n<meta property=\"og:type\" content=\"article\" \/>\n<meta property=\"og:title\" content=\"Preisgekr\u00f6nter Hersteller von Plattform- und Homelift | Aritco\" \/>\n<meta property=\"og:description\" content=\"Aritco bietet Aufz\u00fcge f\u00fcr jede Situation \u2013 f\u00fcr Einkaufszentren, Wohnungen, Kirchen, B\u00fcrogeb\u00e4ude und alle anderen Orte. Willkommen in einer Welt der M\u00f6glichkeiten.\" \/>\n<meta property=\"og:url\" content=\"https:\/\/www.aritco.com\/de\/\" \/>\n<meta property=\"og:site_name\" content=\"Aritco\" \/>\n<meta property=\"article:modified_time\" content=\"2026-01-22T10:55:51+00:00\" \/>\n<meta property=\"og:image\" content=\"https:\/\/www.aritco.com\/wp-content\/uploads\/2024\/12\/Aritco-HomeLift-S5-Marbella-2-36-hero-scaled.jpg\" \/>\n\t<meta property=\"og:image:width\" content=\"2560\" \/>\n\t<meta property=\"og:image:height\" content=\"1703\" \/>\n\t<meta property=\"og:image:type\" content=\"image\/jpeg\" \/>\n<meta name=\"twitter:card\" content=\"summary_large_image\" \/>\n<meta name=\"twitter:title\" content=\"Preisgekr\u00f6nter Hersteller von Plattform- und Homelift | Aritco\" \/>\n<meta name=\"twitter:description\" content=\"Aritco bietet Aufz\u00fcge f\u00fcr jede Situation \u2013 f\u00fcr Einkaufszentren, Wohnungen, Kirchen, B\u00fcrogeb\u00e4ude und alle anderen Orte. Willkommen in einer Welt der M\u00f6glichkeiten.\" \/>\n<meta name=\"twitter:image\" content=\"https:\/\/www.aritco.com\/wp-content\/uploads\/2024\/12\/Aritco-HomeLift-S5-Marbella-2-36-hero-scaled.jpg\" \/>\n<meta name=\"twitter:label1\" content=\"Gesch\u00e4tzte Lesezeit\" \/>\n\t<meta name=\"twitter:data1\" content=\"1\u00a0Minute\" \/>\n<script type=\"application\/ld+json\" class=\"yoast-schema-graph\">{\"@context\":\"https:\/\/schema.org\",\"@graph\":[{\"@type\":\"WebPage\",\"@id\":\"https:\/\/www.aritco.com\/de\/\",\"url\":\"https:\/\/www.aritco.com\/de\/\",\"name\":\"Preisgekr\u00f6nte Homelifte und Aufz\u00fcge f\u00fcr \u00f6ffentliche R\u00e4ume - Aritco\",\"isPartOf\":{\"@id\":\"https:\/\/www.aritco.com\/de\/#website\"},\"primaryImageOfPage\":{\"@id\":\"https:\/\/www.aritco.com\/de\/#primaryimage\"},\"image\":{\"@id\":\"https:\/\/www.aritco.com\/de\/#primaryimage\"},\"thumbnailUrl\":\"https:\/\/www.aritco.com\/wp-content\/uploads\/2024\/12\/Aritco-HomeLift-S5-Marbella-2-36-hero-scaled.jpg\",\"datePublished\":\"2019-03-13T13:26:54+00:00\",\"dateModified\":\"2026-01-22T10:55:51+00:00\",\"description\":\"Unser breites Angebot an Aufz\u00fcgen erf\u00fcllt hohe Anspr\u00fcche an Barrierefreiheit, Komfort und Design. Entdecken Sie hier unsere Modelle.\",\"inLanguage\":\"de\",\"potentialAction\":[{\"@type\":\"ReadAction\",\"target\":[\"https:\/\/www.aritco.com\/de\/\"]}]},{\"@type\":\"ImageObject\",\"inLanguage\":\"de\",\"@id\":\"https:\/\/www.aritco.com\/de\/#primaryimage\",\"url\":\"https:\/\/www.aritco.com\/wp-content\/uploads\/2024\/12\/Aritco-HomeLift-S5-Marbella-2-36-hero-scaled.jpg\",\"contentUrl\":\"https:\/\/www.aritco.com\/wp-content\/uploads\/2024\/12\/Aritco-HomeLift-S5-Marbella-2-36-hero-scaled.jpg\",\"width\":2560,\"height\":1703},{\"@type\":\"WebSite\",\"@id\":\"https:\/\/www.aritco.com\/de\/#website\",\"url\":\"https:\/\/www.aritco.com\/de\/\",\"name\":\"Aritco\",\"description\":\"Award-winning lifts for homes and public and commercial use\",\"publisher\":{\"@id\":\"https:\/\/www.aritco.com\/de\/#organization\"},\"potentialAction\":[{\"@type\":\"SearchAction\",\"target\":{\"@type\":\"EntryPoint\",\"urlTemplate\":\"https:\/\/www.aritco.com\/de\/?s={search_term_string}\"},\"query-input\":{\"@type\":\"PropertyValueSpecification\",\"valueRequired\":true,\"valueName\":\"search_term_string\"}}],\"inLanguage\":\"de\"},{\"@type\":\"Organization\",\"@id\":\"https:\/\/www.aritco.com\/de\/#organization\",\"name\":\"Aritco\",\"url\":\"https:\/\/www.aritco.com\/de\/\",\"logo\":{\"@type\":\"ImageObject\",\"inLanguage\":\"de\",\"@id\":\"https:\/\/www.aritco.com\/de\/#\/schema\/logo\/image\/\",\"url\":\"https:\/\/www.aritco.com\/wp-content\/uploads\/2019\/05\/vertical-3.svg\",\"contentUrl\":\"https:\/\/www.aritco.com\/wp-content\/uploads\/2019\/05\/vertical-3.svg\",\"width\":1,\"height\":1,\"caption\":\"Aritco\"},\"image\":{\"@id\":\"https:\/\/www.aritco.com\/de\/#\/schema\/logo\/image\/\"},\"publishingPrinciples\":\"https:\/\/www.aritco.com\/about-aritco\/\"}]}<\/script>\n<!-- \/ Yoast SEO Premium plugin. -->","yoast_head_json":{"title":"Preisgekr\u00f6nte Homelifte und Aufz\u00fcge f\u00fcr \u00f6ffentliche R\u00e4ume - Aritco","description":"Unser breites Angebot an Aufz\u00fcgen erf\u00fcllt hohe Anspr\u00fcche an Barrierefreiheit, Komfort und Design. Entdecken Sie hier unsere Modelle.","robots":{"index":"index","follow":"follow","max-snippet":"max-snippet:-1","max-image-preview":"max-image-preview:large","max-video-preview":"max-video-preview:-1"},"canonical":"https:\/\/www.aritco.com\/de\/","og_locale":"de_DE","og_type":"article","og_title":"Preisgekr\u00f6nter Hersteller von Plattform- und Homelift | Aritco","og_description":"Aritco bietet Aufz\u00fcge f\u00fcr jede Situation \u2013 f\u00fcr Einkaufszentren, Wohnungen, Kirchen, B\u00fcrogeb\u00e4ude und alle anderen Orte. Willkommen in einer Welt der M\u00f6glichkeiten.","og_url":"https:\/\/www.aritco.com\/de\/","og_site_name":"Aritco","article_modified_time":"2026-01-22T10:55:51+00:00","og_image":[{"width":2560,"height":1703,"url":"https:\/\/www.aritco.com\/wp-content\/uploads\/2024\/12\/Aritco-HomeLift-S5-Marbella-2-36-hero-scaled.jpg","type":"image\/jpeg"}],"twitter_card":"summary_large_image","twitter_title":"Preisgekr\u00f6nter Hersteller von Plattform- und Homelift | Aritco","twitter_description":"Aritco bietet Aufz\u00fcge f\u00fcr jede Situation \u2013 f\u00fcr Einkaufszentren, Wohnungen, Kirchen, B\u00fcrogeb\u00e4ude und alle anderen Orte. Willkommen in einer Welt der M\u00f6glichkeiten.","twitter_image":"https:\/\/www.aritco.com\/wp-content\/uploads\/2024\/12\/Aritco-HomeLift-S5-Marbella-2-36-hero-scaled.jpg","twitter_misc":{"Gesch\u00e4tzte Lesezeit":"1\u00a0Minute"},"schema":{"@context":"https:\/\/schema.org","@graph":[{"@type":"WebPage","@id":"https:\/\/www.aritco.com\/de\/","url":"https:\/\/www.aritco.com\/de\/","name":"Preisgekr\u00f6nte Homelifte und Aufz\u00fcge f\u00fcr \u00f6ffentliche R\u00e4ume - Aritco","isPartOf":{"@id":"https:\/\/www.aritco.com\/de\/#website"},"primaryImageOfPage":{"@id":"https:\/\/www.aritco.com\/de\/#primaryimage"},"image":{"@id":"https:\/\/www.aritco.com\/de\/#primaryimage"},"thumbnailUrl":"https:\/\/www.aritco.com\/wp-content\/uploads\/2024\/12\/Aritco-HomeLift-S5-Marbella-2-36-hero-scaled.jpg","datePublished":"2019-03-13T13:26:54+00:00","dateModified":"2026-01-22T10:55:51+00:00","description":"Unser breites Angebot an Aufz\u00fcgen erf\u00fcllt hohe Anspr\u00fcche an Barrierefreiheit, Komfort und Design. Entdecken Sie hier unsere Modelle.","inLanguage":"de","potentialAction":[{"@type":"ReadAction","target":["https:\/\/www.aritco.com\/de\/"]}]},{"@type":"ImageObject","inLanguage":"de","@id":"https:\/\/www.aritco.com\/de\/#primaryimage","url":"https:\/\/www.aritco.com\/wp-content\/uploads\/2024\/12\/Aritco-HomeLift-S5-Marbella-2-36-hero-scaled.jpg","contentUrl":"https:\/\/www.aritco.com\/wp-content\/uploads\/2024\/12\/Aritco-HomeLift-S5-Marbella-2-36-hero-scaled.jpg","width":2560,"height":1703},{"@type":"WebSite","@id":"https:\/\/www.aritco.com\/de\/#website","url":"https:\/\/www.aritco.com\/de\/","name":"Aritco","description":"Award-winning lifts for homes and public and commercial use","publisher":{"@id":"https:\/\/www.aritco.com\/de\/#organization"},"potentialAction":[{"@type":"SearchAction","target":{"@type":"EntryPoint","urlTemplate":"https:\/\/www.aritco.com\/de\/?s={search_term_string}"},"query-input":{"@type":"PropertyValueSpecification","valueRequired":true,"valueName":"search_term_string"}}],"inLanguage":"de"},{"@type":"Organization","@id":"https:\/\/www.aritco.com\/de\/#organization","name":"Aritco","url":"https:\/\/www.aritco.com\/de\/","logo":{"@type":"ImageObject","inLanguage":"de","@id":"https:\/\/www.aritco.com\/de\/#\/schema\/logo\/image\/","url":"https:\/\/www.aritco.com\/wp-content\/uploads\/2019\/05\/vertical-3.svg","contentUrl":"https:\/\/www.aritco.com\/wp-content\/uploads\/2019\/05\/vertical-3.svg","width":1,"height":1,"caption":"Aritco"},"image":{"@id":"https:\/\/www.aritco.com\/de\/#\/schema\/logo\/image\/"},"publishingPrinciples":"https:\/\/www.aritco.com\/about-aritco\/"}]}},"_links":{"self":[{"href":"https:\/\/www.aritco.com\/de\/wp-json\/wp\/v2\/pages\/6948","targetHints":{"allow":["GET"]}}],"collection":[{"href":"https:\/\/www.aritco.com\/de\/wp-json\/wp\/v2\/pages"}],"about":[{"href":"https:\/\/www.aritco.com\/de\/wp-json\/wp\/v2\/types\/page"}],"author":[{"embeddable":true,"href":"https:\/\/www.aritco.com\/de\/wp-json\/wp\/v2\/users\/1"}],"replies":[{"embeddable":true,"href":"https:\/\/www.aritco.com\/de\/wp-json\/wp\/v2\/comments?post=6948"}],"version-history":[{"count":15,"href":"https:\/\/www.aritco.com\/de\/wp-json\/wp\/v2\/pages\/6948\/revisions"}],"predecessor-version":[{"id":64335,"href":"https:\/\/www.aritco.com\/de\/wp-json\/wp\/v2\/pages\/6948\/revisions\/64335"}],"wp:featuredmedia":[{"embeddable":true,"href":"https:\/\/www.aritco.com\/de\/wp-json\/wp\/v2\/media\/58057"}],"wp:attachment":[{"href":"https:\/\/www.aritco.com\/de\/wp-json\/wp\/v2\/media?parent=6948"}],"curies":[{"name":"wp","href":"https:\/\/api.w.org\/{rel}","templated":true}]}}