{"id":6904,"date":"2019-06-13T09:08:27","date_gmt":"2019-06-13T07:08:27","guid":{"rendered":"https:\/\/aritco.kumpan.dev\/find-reseller\/"},"modified":"2021-01-18T12:59:54","modified_gmt":"2021-01-18T11:59:54","slug":"handler-finden","status":"publish","type":"page","link":"https:\/\/www.aritco.com\/de\/handler-finden\/","title":{"rendered":"H\u00e4ndler finden"},"content":{"rendered":"","protected":false},"excerpt":{"rendered":"","protected":false},"author":1,"featured_media":0,"parent":0,"menu_order":0,"comment_status":"closed","ping_status":"closed","template":"","meta":{"_acf_changed":false,"footnotes":""},"class_list":["post-6904","page","type-page","status-publish","hentry"],"acf":[],"yoast_head":"<!-- This site is optimized with the Yoast SEO Premium plugin v26.6 (Yoast SEO v26.6) - https:\/\/yoast.com\/wordpress\/plugins\/seo\/ -->\n<title>Finden Sie Ihren n\u00e4chstgelegenen Aritco-H\u00e4ndler - Aritco<\/title>\n<meta name=\"description\" content=\"Wir arbeiten eng mit den H\u00e4ndlern unserer Privataufz\u00fcge und \u00f6ffentlichen Aufz\u00fcge auf der ganzen Welt zusammen. Finden Sie einen H\u00e4ndler in Ihrer N\u00e4he!\" \/>\n<meta name=\"robots\" content=\"index, follow, max-snippet:-1, max-image-preview:large, max-video-preview:-1\" \/>\n<link rel=\"canonical\" href=\"https:\/\/www.aritco.com\/de\/handler-finden\/\" \/>\n<meta property=\"og:locale\" content=\"de_DE\" \/>\n<meta property=\"og:type\" content=\"article\" \/>\n<meta property=\"og:title\" content=\"H\u00e4ndler finden\" \/>\n<meta property=\"og:description\" content=\"Wir arbeiten eng mit den H\u00e4ndlern unserer Privataufz\u00fcge und \u00f6ffentlichen Aufz\u00fcge auf der ganzen Welt zusammen. Finden Sie einen H\u00e4ndler in Ihrer N\u00e4he!\" \/>\n<meta property=\"og:url\" content=\"https:\/\/www.aritco.com\/de\/handler-finden\/\" \/>\n<meta property=\"og:site_name\" content=\"Aritco\" \/>\n<meta property=\"article:modified_time\" content=\"2021-01-18T11:59:54+00:00\" \/>\n<meta name=\"twitter:card\" content=\"summary_large_image\" \/>\n<script type=\"application\/ld+json\" class=\"yoast-schema-graph\">{\"@context\":\"https:\/\/schema.org\",\"@graph\":[{\"@type\":\"WebPage\",\"@id\":\"https:\/\/www.aritco.com\/de\/handler-finden\/\",\"url\":\"https:\/\/www.aritco.com\/de\/handler-finden\/\",\"name\":\"Finden Sie Ihren n\u00e4chstgelegenen Aritco-H\u00e4ndler - Aritco\",\"isPartOf\":{\"@id\":\"https:\/\/www.aritco.com\/de\/#website\"},\"datePublished\":\"2019-06-13T07:08:27+00:00\",\"dateModified\":\"2021-01-18T11:59:54+00:00\",\"description\":\"Wir arbeiten eng mit den H\u00e4ndlern unserer Privataufz\u00fcge und \u00f6ffentlichen Aufz\u00fcge auf der ganzen Welt zusammen. Finden Sie einen H\u00e4ndler in Ihrer N\u00e4he!\",\"inLanguage\":\"de\",\"potentialAction\":[{\"@type\":\"ReadAction\",\"target\":[\"https:\/\/www.aritco.com\/de\/handler-finden\/\"]}]},{\"@type\":\"WebSite\",\"@id\":\"https:\/\/www.aritco.com\/de\/#website\",\"url\":\"https:\/\/www.aritco.com\/de\/\",\"name\":\"Aritco\",\"description\":\"Award-winning lifts for homes and public and commercial use\",\"publisher\":{\"@id\":\"https:\/\/www.aritco.com\/de\/#organization\"},\"potentialAction\":[{\"@type\":\"SearchAction\",\"target\":{\"@type\":\"EntryPoint\",\"urlTemplate\":\"https:\/\/www.aritco.com\/de\/?s={search_term_string}\"},\"query-input\":{\"@type\":\"PropertyValueSpecification\",\"valueRequired\":true,\"valueName\":\"search_term_string\"}}],\"inLanguage\":\"de\"},{\"@type\":\"Organization\",\"@id\":\"https:\/\/www.aritco.com\/de\/#organization\",\"name\":\"Aritco\",\"url\":\"https:\/\/www.aritco.com\/de\/\",\"logo\":{\"@type\":\"ImageObject\",\"inLanguage\":\"de\",\"@id\":\"https:\/\/www.aritco.com\/de\/#\/schema\/logo\/image\/\",\"url\":\"https:\/\/www.aritco.com\/wp-content\/uploads\/2019\/05\/vertical-3.svg\",\"contentUrl\":\"https:\/\/www.aritco.com\/wp-content\/uploads\/2019\/05\/vertical-3.svg\",\"width\":1,\"height\":1,\"caption\":\"Aritco\"},\"image\":{\"@id\":\"https:\/\/www.aritco.com\/de\/#\/schema\/logo\/image\/\"},\"publishingPrinciples\":\"https:\/\/www.aritco.com\/about-aritco\/\"}]}<\/script>\n<!-- \/ Yoast SEO Premium plugin. -->","yoast_head_json":{"title":"Finden Sie Ihren n\u00e4chstgelegenen Aritco-H\u00e4ndler - Aritco","description":"Wir arbeiten eng mit den H\u00e4ndlern unserer Privataufz\u00fcge und \u00f6ffentlichen Aufz\u00fcge auf der ganzen Welt zusammen. Finden Sie einen H\u00e4ndler in Ihrer N\u00e4he!","robots":{"index":"index","follow":"follow","max-snippet":"max-snippet:-1","max-image-preview":"max-image-preview:large","max-video-preview":"max-video-preview:-1"},"canonical":"https:\/\/www.aritco.com\/de\/handler-finden\/","og_locale":"de_DE","og_type":"article","og_title":"H\u00e4ndler finden","og_description":"Wir arbeiten eng mit den H\u00e4ndlern unserer Privataufz\u00fcge und \u00f6ffentlichen Aufz\u00fcge auf der ganzen Welt zusammen. Finden Sie einen H\u00e4ndler in Ihrer N\u00e4he!","og_url":"https:\/\/www.aritco.com\/de\/handler-finden\/","og_site_name":"Aritco","article_modified_time":"2021-01-18T11:59:54+00:00","twitter_card":"summary_large_image","schema":{"@context":"https:\/\/schema.org","@graph":[{"@type":"WebPage","@id":"https:\/\/www.aritco.com\/de\/handler-finden\/","url":"https:\/\/www.aritco.com\/de\/handler-finden\/","name":"Finden Sie Ihren n\u00e4chstgelegenen Aritco-H\u00e4ndler - Aritco","isPartOf":{"@id":"https:\/\/www.aritco.com\/de\/#website"},"datePublished":"2019-06-13T07:08:27+00:00","dateModified":"2021-01-18T11:59:54+00:00","description":"Wir arbeiten eng mit den H\u00e4ndlern unserer Privataufz\u00fcge und \u00f6ffentlichen Aufz\u00fcge auf der ganzen Welt zusammen. Finden Sie einen H\u00e4ndler in Ihrer N\u00e4he!","inLanguage":"de","potentialAction":[{"@type":"ReadAction","target":["https:\/\/www.aritco.com\/de\/handler-finden\/"]}]},{"@type":"WebSite","@id":"https:\/\/www.aritco.com\/de\/#website","url":"https:\/\/www.aritco.com\/de\/","name":"Aritco","description":"Award-winning lifts for homes and public and commercial use","publisher":{"@id":"https:\/\/www.aritco.com\/de\/#organization"},"potentialAction":[{"@type":"SearchAction","target":{"@type":"EntryPoint","urlTemplate":"https:\/\/www.aritco.com\/de\/?s={search_term_string}"},"query-input":{"@type":"PropertyValueSpecification","valueRequired":true,"valueName":"search_term_string"}}],"inLanguage":"de"},{"@type":"Organization","@id":"https:\/\/www.aritco.com\/de\/#organization","name":"Aritco","url":"https:\/\/www.aritco.com\/de\/","logo":{"@type":"ImageObject","inLanguage":"de","@id":"https:\/\/www.aritco.com\/de\/#\/schema\/logo\/image\/","url":"https:\/\/www.aritco.com\/wp-content\/uploads\/2019\/05\/vertical-3.svg","contentUrl":"https:\/\/www.aritco.com\/wp-content\/uploads\/2019\/05\/vertical-3.svg","width":1,"height":1,"caption":"Aritco"},"image":{"@id":"https:\/\/www.aritco.com\/de\/#\/schema\/logo\/image\/"},"publishingPrinciples":"https:\/\/www.aritco.com\/about-aritco\/"}]}},"_links":{"self":[{"href":"https:\/\/www.aritco.com\/de\/wp-json\/wp\/v2\/pages\/6904","targetHints":{"allow":["GET"]}}],"collection":[{"href":"https:\/\/www.aritco.com\/de\/wp-json\/wp\/v2\/pages"}],"about":[{"href":"https:\/\/www.aritco.com\/de\/wp-json\/wp\/v2\/types\/page"}],"author":[{"embeddable":true,"href":"https:\/\/www.aritco.com\/de\/wp-json\/wp\/v2\/users\/1"}],"replies":[{"embeddable":true,"href":"https:\/\/www.aritco.com\/de\/wp-json\/wp\/v2\/comments?post=6904"}],"version-history":[{"count":0,"href":"https:\/\/www.aritco.com\/de\/wp-json\/wp\/v2\/pages\/6904\/revisions"}],"wp:attachment":[{"href":"https:\/\/www.aritco.com\/de\/wp-json\/wp\/v2\/media?parent=6904"}],"curies":[{"name":"wp","href":"https:\/\/api.w.org\/{rel}","templated":true}]}}