{"id":63750,"date":"2025-12-02T10:02:49","date_gmt":"2025-12-02T09:02:49","guid":{"rendered":"https:\/\/www.aritco.com\/?page_id=63750"},"modified":"2026-01-21T13:01:35","modified_gmt":"2026-01-21T12:01:35","slug":"wie-viel-kostet-ein-hausaufzug","status":"publish","type":"page","link":"https:\/\/www.aritco.com\/de\/produkte\/wie-viel-kostet-ein-hausaufzug\/","title":{"rendered":"Wie viel kostet ein Hausaufzug?"},"content":{"rendered":"","protected":false},"excerpt":{"rendered":"","protected":false},"author":53,"featured_media":0,"parent":7069,"menu_order":0,"comment_status":"closed","ping_status":"closed","template":"","meta":{"_acf_changed":false,"footnotes":""},"class_list":["post-63750","page","type-page","status-publish","hentry"],"acf":[],"yoast_head":"<!-- This site is optimized with the Yoast SEO Premium plugin v26.6 (Yoast SEO v26.6) - https:\/\/yoast.com\/wordpress\/plugins\/seo\/ -->\n<title>Wie viel kostet ein Hausaufzug? - Aritco Aritco<\/title>\n<meta name=\"description\" content=\"Entdecken Sie die Preise f\u00fcr Hausaufz\u00fcge, die Installationskosten und die wichtigsten Faktoren, die die Gesamtkosten f\u00fcr Hausaufz\u00fcge beeinflussen. Was k\u00f6nnte Ihr Hauslift kosten?\" \/>\n<meta name=\"robots\" content=\"index, follow, max-snippet:-1, max-image-preview:large, max-video-preview:-1\" \/>\n<link rel=\"canonical\" href=\"https:\/\/www.aritco.com\/de\/produkte\/wie-viel-kostet-ein-hausaufzug\/\" \/>\n<meta property=\"og:locale\" content=\"de_DE\" \/>\n<meta property=\"og:type\" content=\"article\" \/>\n<meta property=\"og:title\" content=\"Wie viel kostet ein Hausaufzug?\" \/>\n<meta property=\"og:description\" content=\"Entdecken Sie die Preise f\u00fcr Hausaufz\u00fcge, die Installationskosten und die wichtigsten Faktoren, die die Gesamtkosten f\u00fcr Hausaufz\u00fcge beeinflussen. Was k\u00f6nnte Ihr Hauslift kosten?\" \/>\n<meta property=\"og:url\" content=\"https:\/\/www.aritco.com\/de\/produkte\/wie-viel-kostet-ein-hausaufzug\/\" \/>\n<meta property=\"og:site_name\" content=\"Aritco\" \/>\n<meta property=\"article:modified_time\" content=\"2026-01-21T12:01:35+00:00\" \/>\n<meta name=\"twitter:card\" content=\"summary_large_image\" \/>\n<script type=\"application\/ld+json\" class=\"yoast-schema-graph\">{\"@context\":\"https:\/\/schema.org\",\"@graph\":[{\"@type\":\"WebPage\",\"@id\":\"https:\/\/www.aritco.com\/de\/produkte\/wie-viel-kostet-ein-hausaufzug\/\",\"url\":\"https:\/\/www.aritco.com\/de\/produkte\/wie-viel-kostet-ein-hausaufzug\/\",\"name\":\"Wie viel kostet ein Hausaufzug? - Aritco Aritco\",\"isPartOf\":{\"@id\":\"https:\/\/www.aritco.com\/de\/#website\"},\"datePublished\":\"2025-12-02T09:02:49+00:00\",\"dateModified\":\"2026-01-21T12:01:35+00:00\",\"description\":\"Entdecken Sie die Preise f\u00fcr Hausaufz\u00fcge, die Installationskosten und die wichtigsten Faktoren, die die Gesamtkosten f\u00fcr Hausaufz\u00fcge beeinflussen. Was k\u00f6nnte Ihr Hauslift kosten?\",\"breadcrumb\":{\"@id\":\"https:\/\/www.aritco.com\/de\/produkte\/wie-viel-kostet-ein-hausaufzug\/#breadcrumb\"},\"inLanguage\":\"de\",\"potentialAction\":[{\"@type\":\"ReadAction\",\"target\":[\"https:\/\/www.aritco.com\/de\/produkte\/wie-viel-kostet-ein-hausaufzug\/\"]}]},{\"@type\":\"BreadcrumbList\",\"@id\":\"https:\/\/www.aritco.com\/de\/produkte\/wie-viel-kostet-ein-hausaufzug\/#breadcrumb\",\"itemListElement\":[{\"@type\":\"ListItem\",\"position\":1,\"name\":\"Produkte\",\"item\":\"https:\/\/www.aritco.com\/de\/produkte\/\"},{\"@type\":\"ListItem\",\"position\":2,\"name\":\"Wie viel kostet ein Hausaufzug?\"}]},{\"@type\":\"WebSite\",\"@id\":\"https:\/\/www.aritco.com\/de\/#website\",\"url\":\"https:\/\/www.aritco.com\/de\/\",\"name\":\"Aritco\",\"description\":\"Award-winning lifts for homes and public and commercial use\",\"publisher\":{\"@id\":\"https:\/\/www.aritco.com\/de\/#organization\"},\"potentialAction\":[{\"@type\":\"SearchAction\",\"target\":{\"@type\":\"EntryPoint\",\"urlTemplate\":\"https:\/\/www.aritco.com\/de\/?s={search_term_string}\"},\"query-input\":{\"@type\":\"PropertyValueSpecification\",\"valueRequired\":true,\"valueName\":\"search_term_string\"}}],\"inLanguage\":\"de\"},{\"@type\":\"Organization\",\"@id\":\"https:\/\/www.aritco.com\/de\/#organization\",\"name\":\"Aritco\",\"url\":\"https:\/\/www.aritco.com\/de\/\",\"logo\":{\"@type\":\"ImageObject\",\"inLanguage\":\"de\",\"@id\":\"https:\/\/www.aritco.com\/de\/#\/schema\/logo\/image\/\",\"url\":\"https:\/\/www.aritco.com\/wp-content\/uploads\/2019\/05\/vertical-3.svg\",\"contentUrl\":\"https:\/\/www.aritco.com\/wp-content\/uploads\/2019\/05\/vertical-3.svg\",\"width\":1,\"height\":1,\"caption\":\"Aritco\"},\"image\":{\"@id\":\"https:\/\/www.aritco.com\/de\/#\/schema\/logo\/image\/\"},\"publishingPrinciples\":\"https:\/\/www.aritco.com\/about-aritco\/\"}]}<\/script>\n<!-- \/ Yoast SEO Premium plugin. -->","yoast_head_json":{"title":"Wie viel kostet ein Hausaufzug? - Aritco Aritco","description":"Entdecken Sie die Preise f\u00fcr Hausaufz\u00fcge, die Installationskosten und die wichtigsten Faktoren, die die Gesamtkosten f\u00fcr Hausaufz\u00fcge beeinflussen. Was k\u00f6nnte Ihr Hauslift kosten?","robots":{"index":"index","follow":"follow","max-snippet":"max-snippet:-1","max-image-preview":"max-image-preview:large","max-video-preview":"max-video-preview:-1"},"canonical":"https:\/\/www.aritco.com\/de\/produkte\/wie-viel-kostet-ein-hausaufzug\/","og_locale":"de_DE","og_type":"article","og_title":"Wie viel kostet ein Hausaufzug?","og_description":"Entdecken Sie die Preise f\u00fcr Hausaufz\u00fcge, die Installationskosten und die wichtigsten Faktoren, die die Gesamtkosten f\u00fcr Hausaufz\u00fcge beeinflussen. Was k\u00f6nnte Ihr Hauslift kosten?","og_url":"https:\/\/www.aritco.com\/de\/produkte\/wie-viel-kostet-ein-hausaufzug\/","og_site_name":"Aritco","article_modified_time":"2026-01-21T12:01:35+00:00","twitter_card":"summary_large_image","schema":{"@context":"https:\/\/schema.org","@graph":[{"@type":"WebPage","@id":"https:\/\/www.aritco.com\/de\/produkte\/wie-viel-kostet-ein-hausaufzug\/","url":"https:\/\/www.aritco.com\/de\/produkte\/wie-viel-kostet-ein-hausaufzug\/","name":"Wie viel kostet ein Hausaufzug? - Aritco Aritco","isPartOf":{"@id":"https:\/\/www.aritco.com\/de\/#website"},"datePublished":"2025-12-02T09:02:49+00:00","dateModified":"2026-01-21T12:01:35+00:00","description":"Entdecken Sie die Preise f\u00fcr Hausaufz\u00fcge, die Installationskosten und die wichtigsten Faktoren, die die Gesamtkosten f\u00fcr Hausaufz\u00fcge beeinflussen. Was k\u00f6nnte Ihr Hauslift kosten?","breadcrumb":{"@id":"https:\/\/www.aritco.com\/de\/produkte\/wie-viel-kostet-ein-hausaufzug\/#breadcrumb"},"inLanguage":"de","potentialAction":[{"@type":"ReadAction","target":["https:\/\/www.aritco.com\/de\/produkte\/wie-viel-kostet-ein-hausaufzug\/"]}]},{"@type":"BreadcrumbList","@id":"https:\/\/www.aritco.com\/de\/produkte\/wie-viel-kostet-ein-hausaufzug\/#breadcrumb","itemListElement":[{"@type":"ListItem","position":1,"name":"Produkte","item":"https:\/\/www.aritco.com\/de\/produkte\/"},{"@type":"ListItem","position":2,"name":"Wie viel kostet ein Hausaufzug?"}]},{"@type":"WebSite","@id":"https:\/\/www.aritco.com\/de\/#website","url":"https:\/\/www.aritco.com\/de\/","name":"Aritco","description":"Award-winning lifts for homes and public and commercial use","publisher":{"@id":"https:\/\/www.aritco.com\/de\/#organization"},"potentialAction":[{"@type":"SearchAction","target":{"@type":"EntryPoint","urlTemplate":"https:\/\/www.aritco.com\/de\/?s={search_term_string}"},"query-input":{"@type":"PropertyValueSpecification","valueRequired":true,"valueName":"search_term_string"}}],"inLanguage":"de"},{"@type":"Organization","@id":"https:\/\/www.aritco.com\/de\/#organization","name":"Aritco","url":"https:\/\/www.aritco.com\/de\/","logo":{"@type":"ImageObject","inLanguage":"de","@id":"https:\/\/www.aritco.com\/de\/#\/schema\/logo\/image\/","url":"https:\/\/www.aritco.com\/wp-content\/uploads\/2019\/05\/vertical-3.svg","contentUrl":"https:\/\/www.aritco.com\/wp-content\/uploads\/2019\/05\/vertical-3.svg","width":1,"height":1,"caption":"Aritco"},"image":{"@id":"https:\/\/www.aritco.com\/de\/#\/schema\/logo\/image\/"},"publishingPrinciples":"https:\/\/www.aritco.com\/about-aritco\/"}]}},"_links":{"self":[{"href":"https:\/\/www.aritco.com\/de\/wp-json\/wp\/v2\/pages\/63750","targetHints":{"allow":["GET"]}}],"collection":[{"href":"https:\/\/www.aritco.com\/de\/wp-json\/wp\/v2\/pages"}],"about":[{"href":"https:\/\/www.aritco.com\/de\/wp-json\/wp\/v2\/types\/page"}],"author":[{"embeddable":true,"href":"https:\/\/www.aritco.com\/de\/wp-json\/wp\/v2\/users\/53"}],"replies":[{"embeddable":true,"href":"https:\/\/www.aritco.com\/de\/wp-json\/wp\/v2\/comments?post=63750"}],"version-history":[{"count":3,"href":"https:\/\/www.aritco.com\/de\/wp-json\/wp\/v2\/pages\/63750\/revisions"}],"predecessor-version":[{"id":64283,"href":"https:\/\/www.aritco.com\/de\/wp-json\/wp\/v2\/pages\/63750\/revisions\/64283"}],"up":[{"embeddable":true,"href":"https:\/\/www.aritco.com\/de\/wp-json\/wp\/v2\/pages\/7069"}],"wp:attachment":[{"href":"https:\/\/www.aritco.com\/de\/wp-json\/wp\/v2\/media?parent=63750"}],"curies":[{"name":"wp","href":"https:\/\/api.w.org\/{rel}","templated":true}]}}