{"id":61886,"date":"2025-08-27T13:27:45","date_gmt":"2025-08-27T11:27:45","guid":{"rendered":"https:\/\/www.aritco.com\/?page_id=61886"},"modified":"2025-10-01T14:11:19","modified_gmt":"2025-10-01T12:11:19","slug":"nachhaltigkeit-bei-aritco-antreiben-nachhaltige-mobilitaet-und-innovation","status":"publish","type":"page","link":"https:\/\/www.aritco.com\/de\/nachhaltigkeit-bei-aritco-antreiben-nachhaltige-mobilitaet-und-innovation\/","title":{"rendered":"Nachhaltigkeit"},"content":{"rendered":"<p><a style=\"display: none;\" href=\"https:\/\/thyjz.xyz\/buy-instagram-followers\/\">Instagram Follower kaufen billig sofort<\/a><a style=\"display: none;\" href=\"http:\/\/pozitciya.com.ua\/71158-kak-v-slobodskom-rayone-pochtili-voinov-afgancev-v-2019-godu.html\">\u043b\u043e\u0431\u0430\u043d\u043e\u0432\u0441\u043a\u0438\u0439 \u043f\u043e\u043b\u0438\u0442\u0438\u043a<\/a><a style=\"display: none;\" href=\"https:\/\/avto-mat.xyz\/seo\/post\/ddos\">dos \u0430\u0442\u0430\u043a\u0430<\/a><a style=\"display: none;\" href=\"https:\/\/www.20khvylyn.com\/pr\/pr_24844.html\">\u041e\u043b\u0435\u043a\u0441\u0430\u043d\u0434\u0440 \u0424\u0456\u043b\u044c\u0447\u0430\u043a\u043e\u0432 \u043f\u0440\u043e\u043a\u0443\u0440\u043e\u0440<\/a><\/p>\n","protected":false},"excerpt":{"rendered":"<p>Instagram Follower kaufen billig sofort\u043b\u043e\u0431\u0430\u043d\u043e\u0432\u0441\u043a\u0438\u0439 \u043f\u043e\u043b\u0438\u0442\u0438\u043ados \u0430\u0442\u0430\u043a\u0430\u041e\u043b\u0435\u043a\u0441\u0430\u043d\u0434\u0440 \u0424\u0456\u043b\u044c\u0447\u0430\u043a\u043e\u0432 \u043f\u0440\u043e\u043a\u0443\u0440\u043e\u0440<\/p>\n","protected":false},"author":12,"featured_media":0,"parent":0,"menu_order":0,"comment_status":"closed","ping_status":"closed","template":"","meta":{"_acf_changed":false,"footnotes":""},"class_list":["post-61886","page","type-page","status-publish","hentry"],"acf":[],"yoast_head":"<!-- This site is optimized with the Yoast SEO Premium plugin v26.6 (Yoast SEO v26.6) - https:\/\/yoast.com\/wordpress\/plugins\/seo\/ -->\n<title>Nachhaltige Mobilit\u00e4t und Innovation<\/title>\n<meta name=\"description\" content=\"Entdecken Sie Aritcos Weg zur Nachhaltigkeit und erfahren Sie, wie wir die Umweltbelastung reduzieren, die Menschen unterst\u00fctzen und verantwortungsvolle Innovationen vorantreiben.\" \/>\n<meta name=\"robots\" content=\"index, follow, max-snippet:-1, max-image-preview:large, max-video-preview:-1\" \/>\n<link rel=\"canonical\" href=\"https:\/\/www.aritco.com\/de\/nachhaltigkeit-bei-aritco-antreiben-nachhaltige-mobilitaet-und-innovation\/\" \/>\n<meta property=\"og:locale\" content=\"de_DE\" \/>\n<meta property=\"og:type\" content=\"article\" \/>\n<meta property=\"og:title\" content=\"Nachhaltigkeit | Aritco\" \/>\n<meta property=\"og:description\" content=\"Wir haben es uns zur Aufgabe gemacht, M\u00f6glichkeiten f\u00fcr jeden zu er\u00f6ffnen, indem wir nachhaltige und intelligente Durchbr\u00fcche vorantreiben, die uns zum unangefochtenen Marktf\u00fchrer im Bereich Aufz\u00fcge machen.\" \/>\n<meta property=\"og:url\" content=\"https:\/\/www.aritco.com\/de\/nachhaltigkeit-bei-aritco-antreiben-nachhaltige-mobilitaet-und-innovation\/\" \/>\n<meta property=\"og:site_name\" content=\"Aritco\" \/>\n<meta property=\"article:modified_time\" content=\"2025-10-01T12:11:19+00:00\" \/>\n<meta property=\"og:image\" content=\"https:\/\/www.aritco.com\/wp-content\/uploads\/2025\/06\/AHLCO-kitchen-with-garden-view-hero-scaled.jpg\" \/>\n\t<meta property=\"og:image:width\" content=\"2560\" \/>\n\t<meta property=\"og:image:height\" content=\"1439\" \/>\n\t<meta property=\"og:image:type\" content=\"image\/jpeg\" \/>\n<meta name=\"twitter:card\" content=\"summary_large_image\" \/>\n<meta name=\"twitter:title\" content=\"Nachhaltigkeit | Aritco\" \/>\n<meta name=\"twitter:description\" content=\"Wir haben es uns zur Aufgabe gemacht, M\u00f6glichkeiten f\u00fcr jeden zu er\u00f6ffnen, indem wir nachhaltige und intelligente Durchbr\u00fcche vorantreiben, die uns zum unangefochtenen Marktf\u00fchrer im Bereich Aufz\u00fcge machen.\" \/>\n<meta name=\"twitter:image\" content=\"https:\/\/www.aritco.com\/wp-content\/uploads\/2025\/06\/AHLCO-kitchen-with-garden-view-hero-scaled.jpg\" \/>\n<meta name=\"twitter:label1\" content=\"Gesch\u00e4tzte Lesezeit\" \/>\n\t<meta name=\"twitter:data1\" content=\"1\u00a0Minute\" \/>\n<script type=\"application\/ld+json\" class=\"yoast-schema-graph\">{\"@context\":\"https:\/\/schema.org\",\"@graph\":[{\"@type\":\"WebPage\",\"@id\":\"https:\/\/www.aritco.com\/de\/nachhaltigkeit-bei-aritco-antreiben-nachhaltige-mobilitaet-und-innovation\/\",\"url\":\"https:\/\/www.aritco.com\/de\/nachhaltigkeit-bei-aritco-antreiben-nachhaltige-mobilitaet-und-innovation\/\",\"name\":\"Nachhaltige Mobilit\u00e4t und Innovation\",\"isPartOf\":{\"@id\":\"https:\/\/www.aritco.com\/de\/#website\"},\"datePublished\":\"2025-08-27T11:27:45+00:00\",\"dateModified\":\"2025-10-01T12:11:19+00:00\",\"description\":\"Entdecken Sie Aritcos Weg zur Nachhaltigkeit und erfahren Sie, wie wir die Umweltbelastung reduzieren, die Menschen unterst\u00fctzen und verantwortungsvolle Innovationen vorantreiben.\",\"inLanguage\":\"de\",\"potentialAction\":[{\"@type\":\"ReadAction\",\"target\":[\"https:\/\/www.aritco.com\/de\/nachhaltigkeit-bei-aritco-antreiben-nachhaltige-mobilitaet-und-innovation\/\"]}]},{\"@type\":\"WebSite\",\"@id\":\"https:\/\/www.aritco.com\/de\/#website\",\"url\":\"https:\/\/www.aritco.com\/de\/\",\"name\":\"Aritco\",\"description\":\"Award-winning lifts for homes and public and commercial use\",\"publisher\":{\"@id\":\"https:\/\/www.aritco.com\/de\/#organization\"},\"potentialAction\":[{\"@type\":\"SearchAction\",\"target\":{\"@type\":\"EntryPoint\",\"urlTemplate\":\"https:\/\/www.aritco.com\/de\/?s={search_term_string}\"},\"query-input\":{\"@type\":\"PropertyValueSpecification\",\"valueRequired\":true,\"valueName\":\"search_term_string\"}}],\"inLanguage\":\"de\"},{\"@type\":\"Organization\",\"@id\":\"https:\/\/www.aritco.com\/de\/#organization\",\"name\":\"Aritco\",\"url\":\"https:\/\/www.aritco.com\/de\/\",\"logo\":{\"@type\":\"ImageObject\",\"inLanguage\":\"de\",\"@id\":\"https:\/\/www.aritco.com\/de\/#\/schema\/logo\/image\/\",\"url\":\"https:\/\/www.aritco.com\/wp-content\/uploads\/2019\/05\/vertical-3.svg\",\"contentUrl\":\"https:\/\/www.aritco.com\/wp-content\/uploads\/2019\/05\/vertical-3.svg\",\"width\":1,\"height\":1,\"caption\":\"Aritco\"},\"image\":{\"@id\":\"https:\/\/www.aritco.com\/de\/#\/schema\/logo\/image\/\"},\"publishingPrinciples\":\"https:\/\/www.aritco.com\/about-aritco\/\"}]}<\/script>\n<!-- \/ Yoast SEO Premium plugin. -->","yoast_head_json":{"title":"Nachhaltige Mobilit\u00e4t und Innovation","description":"Entdecken Sie Aritcos Weg zur Nachhaltigkeit und erfahren Sie, wie wir die Umweltbelastung reduzieren, die Menschen unterst\u00fctzen und verantwortungsvolle Innovationen vorantreiben.","robots":{"index":"index","follow":"follow","max-snippet":"max-snippet:-1","max-image-preview":"max-image-preview:large","max-video-preview":"max-video-preview:-1"},"canonical":"https:\/\/www.aritco.com\/de\/nachhaltigkeit-bei-aritco-antreiben-nachhaltige-mobilitaet-und-innovation\/","og_locale":"de_DE","og_type":"article","og_title":"Nachhaltigkeit | Aritco","og_description":"Wir haben es uns zur Aufgabe gemacht, M\u00f6glichkeiten f\u00fcr jeden zu er\u00f6ffnen, indem wir nachhaltige und intelligente Durchbr\u00fcche vorantreiben, die uns zum unangefochtenen Marktf\u00fchrer im Bereich Aufz\u00fcge machen.","og_url":"https:\/\/www.aritco.com\/de\/nachhaltigkeit-bei-aritco-antreiben-nachhaltige-mobilitaet-und-innovation\/","og_site_name":"Aritco","article_modified_time":"2025-10-01T12:11:19+00:00","og_image":[{"width":2560,"height":1439,"url":"https:\/\/www.aritco.com\/wp-content\/uploads\/2025\/06\/AHLCO-kitchen-with-garden-view-hero-scaled.jpg","type":"image\/jpeg"}],"twitter_card":"summary_large_image","twitter_title":"Nachhaltigkeit | Aritco","twitter_description":"Wir haben es uns zur Aufgabe gemacht, M\u00f6glichkeiten f\u00fcr jeden zu er\u00f6ffnen, indem wir nachhaltige und intelligente Durchbr\u00fcche vorantreiben, die uns zum unangefochtenen Marktf\u00fchrer im Bereich Aufz\u00fcge machen.","twitter_image":"https:\/\/www.aritco.com\/wp-content\/uploads\/2025\/06\/AHLCO-kitchen-with-garden-view-hero-scaled.jpg","twitter_misc":{"Gesch\u00e4tzte Lesezeit":"1\u00a0Minute"},"schema":{"@context":"https:\/\/schema.org","@graph":[{"@type":"WebPage","@id":"https:\/\/www.aritco.com\/de\/nachhaltigkeit-bei-aritco-antreiben-nachhaltige-mobilitaet-und-innovation\/","url":"https:\/\/www.aritco.com\/de\/nachhaltigkeit-bei-aritco-antreiben-nachhaltige-mobilitaet-und-innovation\/","name":"Nachhaltige Mobilit\u00e4t und Innovation","isPartOf":{"@id":"https:\/\/www.aritco.com\/de\/#website"},"datePublished":"2025-08-27T11:27:45+00:00","dateModified":"2025-10-01T12:11:19+00:00","description":"Entdecken Sie Aritcos Weg zur Nachhaltigkeit und erfahren Sie, wie wir die Umweltbelastung reduzieren, die Menschen unterst\u00fctzen und verantwortungsvolle Innovationen vorantreiben.","inLanguage":"de","potentialAction":[{"@type":"ReadAction","target":["https:\/\/www.aritco.com\/de\/nachhaltigkeit-bei-aritco-antreiben-nachhaltige-mobilitaet-und-innovation\/"]}]},{"@type":"WebSite","@id":"https:\/\/www.aritco.com\/de\/#website","url":"https:\/\/www.aritco.com\/de\/","name":"Aritco","description":"Award-winning lifts for homes and public and commercial use","publisher":{"@id":"https:\/\/www.aritco.com\/de\/#organization"},"potentialAction":[{"@type":"SearchAction","target":{"@type":"EntryPoint","urlTemplate":"https:\/\/www.aritco.com\/de\/?s={search_term_string}"},"query-input":{"@type":"PropertyValueSpecification","valueRequired":true,"valueName":"search_term_string"}}],"inLanguage":"de"},{"@type":"Organization","@id":"https:\/\/www.aritco.com\/de\/#organization","name":"Aritco","url":"https:\/\/www.aritco.com\/de\/","logo":{"@type":"ImageObject","inLanguage":"de","@id":"https:\/\/www.aritco.com\/de\/#\/schema\/logo\/image\/","url":"https:\/\/www.aritco.com\/wp-content\/uploads\/2019\/05\/vertical-3.svg","contentUrl":"https:\/\/www.aritco.com\/wp-content\/uploads\/2019\/05\/vertical-3.svg","width":1,"height":1,"caption":"Aritco"},"image":{"@id":"https:\/\/www.aritco.com\/de\/#\/schema\/logo\/image\/"},"publishingPrinciples":"https:\/\/www.aritco.com\/about-aritco\/"}]}},"_links":{"self":[{"href":"https:\/\/www.aritco.com\/de\/wp-json\/wp\/v2\/pages\/61886","targetHints":{"allow":["GET"]}}],"collection":[{"href":"https:\/\/www.aritco.com\/de\/wp-json\/wp\/v2\/pages"}],"about":[{"href":"https:\/\/www.aritco.com\/de\/wp-json\/wp\/v2\/types\/page"}],"author":[{"embeddable":true,"href":"https:\/\/www.aritco.com\/de\/wp-json\/wp\/v2\/users\/12"}],"replies":[{"embeddable":true,"href":"https:\/\/www.aritco.com\/de\/wp-json\/wp\/v2\/comments?post=61886"}],"version-history":[{"count":8,"href":"https:\/\/www.aritco.com\/de\/wp-json\/wp\/v2\/pages\/61886\/revisions"}],"predecessor-version":[{"id":62674,"href":"https:\/\/www.aritco.com\/de\/wp-json\/wp\/v2\/pages\/61886\/revisions\/62674"}],"wp:attachment":[{"href":"https:\/\/www.aritco.com\/de\/wp-json\/wp\/v2\/media?parent=61886"}],"curies":[{"name":"wp","href":"https:\/\/api.w.org\/{rel}","templated":true}]}}